{"id":15926,"date":"2023-11-15T17:48:25","date_gmt":"2023-11-15T09:48:25","guid":{"rendered":"https:\/\/reto.cn\/php\/hanyu\/lernado-de-esperanto\/900frazoj\/900frazoj1-15\/"},"modified":"2023-12-02T09:50:18","modified_gmt":"2023-12-02T01:50:18","slug":"900frazoj22","status":"publish","type":"page","link":"https:\/\/reto.cn\/php\/hanyu\/lernado-de-esperanto\/900frazoj\/900frazoj22\/","title":{"rendered":"\u4e16\u754c\u8bed\u4e5d\u767e\u53e5 316-330"},"content":{"rendered":"<h4 style=\"text-align: center;\">\u4e16\u754c\u8bed\u4e5d\u767e\u53e5<br \/>\n22<\/h4>\n<p><strong>\uff0822\uff09A\u0108ETADO \u8d2d\u7269<\/strong><br \/>\n316.Mi vizitos magazenon por a\u0109eti dona(ca\u0135)on por mia filino, \u0109ar morga\u016d estos \u015dia naski\u011dtago.<br \/>\n\u6211\u8981\u53bb\u5546\u5e97\u4e70\u4ef6\u793c\u7269\u7ed9\u6211\u5973\u513f\u3002\u56e0\u4e3a\u660e\u5929\u662f\u5979\u7684\u751f\u65e5\u3002<br \/>\n317.Kiom kostas tiu plumo?<br \/>\n\u8fd9\u652f\u94a2\u7b14\u8981\u591a\u5c11\u94b1\uff1f<br \/>\n318.Tiu \u0109i palto ests tre bela, sed tro kara\/multekosta.<br \/>\n\u8fd9\u4ef6\u5916\u5957\u5f88\u6f02\u4eae\uff0c\u4f46\u662f\u592a\u8d35\u4e86\u3002<br \/>\n319.\u0108u mi povas resendi al vi a\u016d \u015dan\u011di se tiu \u0109i \u0109emizo ne bone sidas sur mi?<br \/>\n\u5982\u679c\u8fd9\u4ef6\u886c\u8863\u4e0d\u5408\u8eab\uff0c\u8fd8\u53ef\u4ee5\u9000\u6362\u5417\uff01<br \/>\n320.Kiom kostas resume?<br \/>\n\u4e00\u5171\u591a\u5c11\u94b1\uff1f<br \/>\n321.27 (Dudek sep) juanoj kaj 75 (sepdek kvin) fenoj.<br \/>\n\u4e8c\u5341\u4e03\u5143\u4e03\u89d2\u4e94\u5206\u3002<br \/>\n322.\u0108u vi ne havas monerojn?<br \/>\n\u4f60\u6ca1\u6709\u96f6\u94b1\u5417\uff1f<br \/>\n323.Mi havas nur unu bankbileton de 10 juanoj.<br \/>\n\u6211\u53ea\u6709\u4e00\u5f20\u5341\u5143\u7684\u949e\u7968\u3002<br \/>\n324.Jen la restanta mono por vi. \u0108u vi bezonas fakturon?<br \/>\n\u8fd9\u662f\u627e\u4f60\u7684\u94b1\uff0c\u8981\u5f00\u53d1\u7968\u5417\uff1f<br \/>\n325.Kiom oni devas pagi por unu kilogramo da \u0109i frukto?<br \/>\n\u8bf7\u95ee\uff0c\u8fd9\u6c34\u679c\u591a\u5c11\u94b1\u4e00\u65a4\uff1f<br \/>\n326.Hodia\u016d mi devas a\u0109eti legomojn. \u0108u trovi\u011das foiro proksime?<br \/>\n\u4eca\u5929\u6211\u8981\u4e0a\u8857\u53bb\u4e70\u83dc\uff0c\u8fd9\u9644\u8fd1\u6709\u5e02\u573a\u5417\uff1f<br \/>\n327.\u0108u tio estas degrada varo? Kial oni vendas je malpliigita prezo?<br \/>\n\u8fd9\u662f\u5904\u7406\u54c1\u5417\uff1f\u4e3a\u4ec0\u4e48\u51cf\u4ef7\u51fa\u552e\uff1f<br \/>\n328.Difekti\u011das tiu \u0109i skatolo, bonvole \u015dan\u011du por mi?<br \/>\n\u8fd9\u76d2\u5305\u88c5\u7834\u4e86\uff0c\u8bf7\u5e2e\u6211\u6362\u4e00\u4ef6\u597d\u5417\uff1f<br \/>\n329.K-do, pagu \u0109e tiu servotablo.<br \/>\n\u540c\u5fd7\uff0c\u4ed8\u94b1\u5728\u90a3\u4e2a\u67dc\u53f0\u3002<br \/>\n330.Dankon al k-do komizo, ke li trovis konfekcion ta\u016dgan por mi.<br \/>\n\u611f\u8c22\u670d\u52a1\u5458\uff0c\u5e2e\u6211\u627e\u5230\u4e86\u5408\u9002\u7684\u8863\u670d\uff08\u6210\u8863\uff09\u3002<br \/>\n\u5907\u7528\u5355\u8bcd<br \/>\nvendejo.\u5546\u5e97<br \/>\nvivbezona\u0135o.\u751f\u6d3b\u5fc5\u9700\u54c1<br \/>\ngrenvendejo.\u7cae\u5e97<br \/>\nvendejo por alman\u011da\u0135o.\u526f\u98df\u5e97<br \/>\nlegomo.\u852c\u83dc<br \/>\nlegomovendejo.\u83dc\u573a<br \/>\nbutiko.\u5e97\u94fa<br \/>\nvendisto.\u552e\u8d27\u5458<br \/>\nmendi.\u5b9a\u8d2d<br \/>\ngreno.\u7cae\uff0c\u8c37\u7269<br \/>\na\u0109eti je kredito.\u8d4a\u8d2d<br \/>\nfaruno.\u9762\u7c89<br \/>\nvendi je kredito.\u8d4a\u5356<br \/>\nman\u011debla oleo.\u98df\u6cb9<br \/>\nbombono.\u7cd6\u679c<br \/>\nkosti.\u503c\u2026\u2026\u4ef7<br \/>\nkuko.\u70b9\u5fc3<br \/>\nvendi podetale.\u96f6\u552e<br \/>\nfrukto.\u6c34\u679c<br \/>\naltigi prezo.\u6da8\u4ef7<br \/>\ncigaredo.\u9999\u70df<br \/>\nmalmultekosta.\u4fbf\u5b9c\u7684<br \/>\nvino.\u9152<br \/>\nmalkara.\u4fbf\u5b9c\u7684<br \/>\nfoiro.\u96c6\u5e02<br \/>\ngrandpreza.\u9ad8\u4ef7\u7684\uff0c\u8d35\u7684<br \/>\nbazaro.\u96c6\u5e02<br \/>\napunto.\u96f6\u94b1<br \/>\nmerkato.\u5e02\u573a<br \/>\nkvitanco.\u6536\u636e<br \/>\nkomercejo.\u5546\u573a<br \/>\nfakturo.\u53d1\u7968<br \/>\nvaro.\u5546\u54c1<br \/>\nel\u0109erpi\u011di.\u7f3a\u552e<br \/>\nnegoco.\u4ea4\u6613\uff0c\u4e70\u5356<br \/>\nelvendi\u011di.\u552e\u5b8c<br \/>\nstaplejo.\u8d27\u6808<br \/>\nstoko.\u5b58\u8d27<br \/>\nvarbreto.\u8d27\u67b6<br \/>\nskribila vendejo.\u5546\u5e97\u6587\u5177<br \/>\nperdo.\u4e8f\u635f<br \/>\nprofito.\u76c8\u5229<br \/>\nmebla vendejo.\u5bb6\u5177\u5546\u5e97<br \/>\nlimito.\u9650\u5b9a\u4ef7\u683c<br \/>\nvendejo por metala\u0135oj.\u4e94\u91d1\u5546\u5e97<br \/>\nplusvaluto.\u589e\u4ef7<br \/>\nrabati.\u51cf\u4ef7\uff0c\u6253\u6298\u6263<br \/>\nvestvendejo.\u670d\u88c5\u5e97<br \/>\nkompensi.\u8d54\u507f<br \/>\nkurzo.\u5e02\u4ef7\u884c\u60c5<\/p>\n<p>&nbsp;<\/p>\n<p>\u8fd4\u56de<a href=\"https:\/\/reto.cn\/php\/hanyu\/lernado-de-esperanto\/900frazoj\/\">\u4e16\u754c\u8bed\u4e5d\u767e\u53e5<\/a>\u76ee\u5f55<\/p>\n","protected":false},"excerpt":{"rendered":"<p>\u4e16\u754c\u8bed\u4e5d\u767e\u53e5 22 \uff0822\uff09A\u0108ETADO \u8d2d\u7269 316.Mi vizitos magazenon por a\u2026 <span class=\"read-more\"><a href=\"https:\/\/reto.cn\/php\/hanyu\/lernado-de-esperanto\/900frazoj\/900frazoj22\/\">\u7ee7\u7eed\u9605\u8bfb Legi pli &raquo;<\/a><\/span><\/p>\n","protected":false},"author":1,"featured_media":0,"parent":15904,"menu_order":0,"comment_status":"open","ping_status":"closed","template":"","meta":{"footnotes":""},"_links":{"self":[{"href":"https:\/\/reto.cn\/php\/hanyu\/wp-json\/wp\/v2\/pages\/15926"}],"collection":[{"href":"https:\/\/reto.cn\/php\/hanyu\/wp-json\/wp\/v2\/pages"}],"about":[{"href":"https:\/\/reto.cn\/php\/hanyu\/wp-json\/wp\/v2\/types\/page"}],"author":[{"embeddable":true,"href":"https:\/\/reto.cn\/php\/hanyu\/wp-json\/wp\/v2\/users\/1"}],"replies":[{"embeddable":true,"href":"https:\/\/reto.cn\/php\/hanyu\/wp-json\/wp\/v2\/comments?post=15926"}],"version-history":[{"count":0,"href":"https:\/\/reto.cn\/php\/hanyu\/wp-json\/wp\/v2\/pages\/15926\/revisions"}],"up":[{"embeddable":true,"href":"https:\/\/reto.cn\/php\/hanyu\/wp-json\/wp\/v2\/pages\/15904"}],"wp:attachment":[{"href":"https:\/\/reto.cn\/php\/hanyu\/wp-json\/wp\/v2\/media?parent=15926"}],"curies":[{"name":"wp","href":"https:\/\/api.w.org\/{rel}","templated":true}]}}