{"id":15927,"date":"2023-11-15T17:48:25","date_gmt":"2023-11-15T09:48:25","guid":{"rendered":"https:\/\/reto.cn\/php\/hanyu\/lernado-de-esperanto\/900frazoj\/900frazoj1-16\/"},"modified":"2023-12-02T09:50:41","modified_gmt":"2023-12-02T01:50:41","slug":"900frazoj21","status":"publish","type":"page","link":"https:\/\/reto.cn\/php\/hanyu\/lernado-de-esperanto\/900frazoj\/900frazoj21\/","title":{"rendered":"\u4e16\u754c\u8bed\u4e5d\u767e\u53e5 301-315"},"content":{"rendered":"<h4 style=\"text-align: center;\">\u4e16\u754c\u8bed\u4e5d\u767e\u53e5<br \/>\n21<\/h4>\n<p><strong>\uff0821\uff09VIZITO AL AMIKO \u8bbf\u53cb<\/strong><br \/>\n301.\u0108u vi vidis k-don Zhang Hong hiera\u016d?<br \/>\n\u6628\u5929\u4f60\u770b\u5230\u5f20\u6d2a\u540c\u5fd7\u4e86\u5417\uff1f<br \/>\n302.Mi venis al lia \u0109ambro (lo\u011dejo), sed li ne estis tie.<br \/>\n\u6211\u5230\u4e86\u4ed6\u4f4f\u7684\u623f\u95f4\uff0c\u4f46\u4ed6\u4e0d\u5728\u3002<br \/>\n303.\u0108u vi kaj Li Ming interkoni\u011dis jam delonge?<br \/>\n\u4f60\u548c\u674e\u660e\u8ba4\u8bc6\u5f88\u4e45\u4e86\u5417\uff1f<br \/>\n304.Ni estis leter-amikoj, sed ankora\u016d neniam inter vidi\u011dis!<br \/>\n\u6211\u4eec\u662f\u4e66\u4fe1\u670b\u53cb\uff0c\u8fd8\u6ca1\u6709\u89c1\u8fc7\u9762\u5462\uff1f<br \/>\n305.Chen Min estas mia malnova amiko, sed ni disi\u011dis (ne vidis nin) jam pli ol dek jarojn.<br \/>\n\u9648\u654f\u662f\u6211\u7684\u8001\u670b\u53cb\u4e86\uff0c\u4f46\u6211\u4eec\u6709\u5341\u591a\u5e74\u4e0d\u89c1\u3002<br \/>\n306.En Esp-o ni interbabilis multe pri pasinteco, estonteco, afero, familio\u2026\u2026unuvorte pri cio.<br \/>\n\u6211\u4eec\u7528\u4e16\u754c\u8bed\u8c08\u4e86\u8bb8\u591a\u4e8b\u60c5\uff0c\u8fc7\u53bb\u3001\u672a\u6765\u3001\u4e8b\u4e1a\u3001\u5bb6\u5ead\u65e0\u6240\u4e0d\u5305\u3002<br \/>\n307.Kion vi demandis al li?<br \/>\n\u4f60\u95ee\u4ed6\u4ec0\u4e48\u4e86\uff1f<br \/>\n308.Li respondis preska\u016d \u0109iujn miajn demandojn.<br \/>\n\u4ed6\u51e0\u4e4e\u56de\u7b54\u4e86\u6211\u6240\u6709\u7684\u95ee\u9898\u3002<br \/>\n309.Mi petis de li multajn instruojn pri tradukarto per Esp-o.<br \/>\n\u6211\u5411\u4ed6\u8bf7\u6559\u4e86\u8bb8\u591a\u5173\u4e8e\u4e16\u754c\u8bed\u7ffb\u8bd1\u6280\u5de7\u65b9\u9762\u7684\u95ee\u9898\u3002<br \/>\n310.Li diris, ke multaj homoj lernas Esp-on anka\u016d en lia hejmloko.<br \/>\n\u4ed6\u8bf4\uff0c\u5728\u4ed6\u7684\u5bb6\u4e61\u4e5f\u6709\u8bb8\u591a\u4eba\u5728\u5b66\u4e16\u754c\u8bed\u3002<br \/>\n311.Li sciigis al mi multajn Esperanto-nova\u0135ojn.<br \/>\n\u4ed6\u544a\u8bc9\u4e86\u6211\u8bb8\u591a\u4e16\u754c\u8bed\u65b0\u95fb\u3002<br \/>\n312.Unu vido ta\u016dgas pli ol cent a\u016ddoj. Ni interbabilis tre harmonie.<br \/>\n\u767e\u95fb\u4e0d\u5982\u4e00\u89c1\uff0c\u6211\u4eec\u4ea4\u8c08\u5f97\u5341\u5206\u6295\u673a\u3002<br \/>\n313.Interbabili kun amikoj estas granda \u011duo.<br \/>\n\u548c\u670b\u53cb\u4ea4\u8c08\uff0c\u662f\u4e00\u79cd\u83ab\u5927\u7684\u4eab\u53d7\u3002<br \/>\n314.Mi transdonis al li salutojn de gelernantoj.<br \/>\n\u6211\u5411\u5979\u8f6c\u8fbe\u4e86\u540c\u5b66\u4eec\u7684\u95ee\u5019\u3002<br \/>\n315.Dankon pro via vizito, Dankon pro la bonaj, nova\u0135oj, kiujn vi sciigis al mi.<br \/>\n\u611f\u8c22\u4f60\u7684\u6765\u8bbf\uff0c\u611f\u8c22\u4f60\u7ed9\u6211\u5e26\u6765\u7684\u597d\u6d88\u606f\u3002<br \/>\n\u5907\u7528\u5355\u8bcd<br \/>\nkorespondanta amiko.\u4fe1\u53cb<br \/>\nnajbaro.\u90bb\u5c45<br \/>\ninterkompreno.\u76f8\u4e92\u4e86\u89e3<br \/>\npluma amiko.\u7b14\u53cb<br \/>\nfilatel-amiko.\u90ae\u53cb<br \/>\nsamfabrikano.\u540c\u4e8b<br \/>\n\u015daklud-amiko.\u68cb\u53cb<br \/>\nkunlernanto.\u540c\u5b66<br \/>\nintimulo.\u5bc6\u53cb<br \/>\nakorde.\u548c\u8c10\u5730<br \/>\n\u0109irka\u016dbraki.\u62e5\u62b1<br \/>\nekscite.\u5174\u594b\u5730<br \/>\nkapjese saluti.\u70b9\u5934\u81f4\u610f<br \/>\nsamaspira amiko.\u540c\u5fd7\u95f4\u7684\u670b\u53cb<br \/>\nriverenci.\u97a0\u8eac<br \/>\nkorpokline saluti.\u5c48\u8eab\u81f4\u610f<br \/>\nsamideano.\u540c\u5fd7<br \/>\nsama\u011dulo.\u540c\u5e74\u4eba<br \/>\nperrigarde saluti.\u884c\u6ce8\u76ee\u793c<br \/>\ntempoforgese.\u5fd8\u65f6\u5730<br \/>\nviza\u011de unu kaj alian.\u9762\u5bf9\u9762\u5730<br \/>\nperride saluti.\u7b11\u7740\u81f4\u610f<br \/>\nfrapi je la pordo.\u6572\u95e8<br \/>\n\u015dultre \u0109e \u015dultre.\u80a9\u5e76\u80a9\u5730<br \/>\ngasti.\u4f5c\u5ba2<br \/>\ngasto\u0109ambro.\u5ba2\u5385<br \/>\nbrake \u0109e brake.\u624b\u633d\u624b\u5730<br \/>\namikoj kunligitaj de vivo kaj morto.\u751f\u6b7b\u4e4b\u4ea4<br \/>\nmanpremi.\u63e1\u624b<br \/>\nsalono.\u5ba2\u5385<br \/>\nfrateco.\u5144\u5f1f\u4e4b\u60c5<br \/>\nsincere.\u8bda\u631a\u5730<br \/>\namikeco.\u53cb\u8c0a<br \/>\nsensekreta.\u65e0\u79d8\u5bc6\u7684\uff0c\u4eb2\u5bc6\u65e0\u95f4\u7684<br \/>\nparolotemo.\u8bdd\u9898<br \/>\nkonato.\u719f\u4eba<br \/>\nhobio.\u55dc\u597d<br \/>\nkolego.\u540c\u4e8b<br \/>\n\u015datokupo, maroto.\u7231\u597d<br \/>\nkorklini.\u503e\u5fc3<br \/>\npasio.\u55dc\u597d\uff0c\u70ed\u671b<\/p>\n<p>&nbsp;<\/p>\n<p>\u8fd4\u56de<a href=\"https:\/\/reto.cn\/php\/hanyu\/lernado-de-esperanto\/900frazoj\/\">\u4e16\u754c\u8bed\u4e5d\u767e\u53e5<\/a>\u76ee\u5f55<\/p>\n","protected":false},"excerpt":{"rendered":"<p>\u4e16\u754c\u8bed\u4e5d\u767e\u53e5 21 \uff0821\uff09VIZITO AL AMIKO \u8bbf\u53cb 301.\u0108u vi vidis k-don \u2026 <span class=\"read-more\"><a href=\"https:\/\/reto.cn\/php\/hanyu\/lernado-de-esperanto\/900frazoj\/900frazoj21\/\">\u7ee7\u7eed\u9605\u8bfb Legi pli &raquo;<\/a><\/span><\/p>\n","protected":false},"author":1,"featured_media":0,"parent":15904,"menu_order":0,"comment_status":"open","ping_status":"closed","template":"","meta":{"footnotes":""},"_links":{"self":[{"href":"https:\/\/reto.cn\/php\/hanyu\/wp-json\/wp\/v2\/pages\/15927"}],"collection":[{"href":"https:\/\/reto.cn\/php\/hanyu\/wp-json\/wp\/v2\/pages"}],"about":[{"href":"https:\/\/reto.cn\/php\/hanyu\/wp-json\/wp\/v2\/types\/page"}],"author":[{"embeddable":true,"href":"https:\/\/reto.cn\/php\/hanyu\/wp-json\/wp\/v2\/users\/1"}],"replies":[{"embeddable":true,"href":"https:\/\/reto.cn\/php\/hanyu\/wp-json\/wp\/v2\/comments?post=15927"}],"version-history":[{"count":0,"href":"https:\/\/reto.cn\/php\/hanyu\/wp-json\/wp\/v2\/pages\/15927\/revisions"}],"up":[{"embeddable":true,"href":"https:\/\/reto.cn\/php\/hanyu\/wp-json\/wp\/v2\/pages\/15904"}],"wp:attachment":[{"href":"https:\/\/reto.cn\/php\/hanyu\/wp-json\/wp\/v2\/media?parent=15927"}],"curies":[{"name":"wp","href":"https:\/\/api.w.org\/{rel}","templated":true}]}}