{"id":15928,"date":"2023-11-15T17:48:25","date_gmt":"2023-11-15T09:48:25","guid":{"rendered":"https:\/\/reto.cn\/php\/hanyu\/lernado-de-esperanto\/900frazoj\/900frazoj1-17\/"},"modified":"2023-11-30T09:24:08","modified_gmt":"2023-11-30T01:24:08","slug":"900frazoj20","status":"publish","type":"page","link":"https:\/\/reto.cn\/php\/hanyu\/lernado-de-esperanto\/900frazoj\/900frazoj20\/","title":{"rendered":"\u4e16\u754c\u8bed\u4e5d\u767e\u53e5 286-300"},"content":{"rendered":"<h4 style=\"text-align: center;\">\u4e16\u754c\u8bed\u4e5d\u767e\u53e5<br \/>\n20<\/h4>\n<p><strong>\uff0820\uff09KORESPONDI \u901a\u4fe1<\/strong><br \/>\n286.Li Ming iris al po\u015dtejo por sendi leteron.<br \/>\n\u674e\u660e\u4e0a\u90ae\u5c40\u5bc4\u4fe1\u53bb\u4e86\u3002<br \/>\n287.Ne forgesu alglui po\u015dtmarkon kaj Esp-an markon.<br \/>\n\u53d1\u4fe1\u65f6\u522b\u5fd8\u4e86\u8d34\u90ae\u7968\u548c\u4e16\u754c\u8bed\u90ae\u8d34\u3002<br \/>\n288.Kiom longe depost kiam vi ricevis leteron de usona amiko?<br \/>\n\u4ece\u4f60\u63a5\u5230\u7f8e\u56fd\u670b\u53cb\u7684\u4fe1\u4ee5\u6765\uff0c\u6709\u591a\u957f\u65f6\u95f4\u4e86\uff1f<br \/>\n289.Kiam li skribis la lastan leteron al vi?<br \/>\n\u4ed6\u6700\u540e\u4e00\u6b21\u5199\u4fe1\u7ed9\u4f60\u662f\u4ec0\u4e48\u65f6\u5019\uff1f<br \/>\n290.Mi sentas min kulpa, \u0109ar jam longan tempon mi ne sendis leteron al li.<br \/>\n\u6211\u611f\u5230\u5185\u759a\uff0c\u56e0\u4e3a\u6211\u5df2\u7ecf\u5f88\u4e45\u6ca1\u6709\u7ed9\u4ed6\u5bc4\u4fe1\u3002<br \/>\n291.Hodia\u016d mi ricevis leteron de japana amiko kaj tuj respondis al li.<br \/>\n\u4eca\u5929\u6211\u6536\u5230\u4e86\u65e5\u672c\u670b\u53cb\u7684\u6765\u4fe1\uff0c\u5e76\u4e14\u7acb\u5373\u7ed9\u4ed6\u56de\u4fe1\u3002<br \/>\n292.Mi sentas min beda\u016dre, kiam neniu po\u015dta\u0135o venas al mi.<br \/>\n\u5f53\u6211\u63a5\u4e0d\u5230\u4efb\u4f55\u90ae\u4ef6\u65f6\uff0c\u6211\u603b\u662f\u611f\u5230\u5931\u671b\u3002<br \/>\n293.Hiera\u016d vespere mi skribis leteron al fratino, mi ne devas plu prokrasti.<br \/>\n\u6628\u665a\u6211\u7ed9\u59d0\u59d0\u56de\u4fe1\uff0c\u6211\u4e0d\u80fd\u518d\u62d6\u4e86\u3002<br \/>\n294.Mi enmetis en koverto kelkajn fotojn kaj bildkartojn.<br \/>\n\u6211\u5728\u4fe1\u91cc\u9644\u4e86\u51e0\u5f20\u7167\u7247\u548c\u7f8e\u672f\u660e\u4fe1\u7247\u3002<br \/>\n295.Kiam vi skribas al Zhang Hong, transdonu al \u015di mian saluton.<br \/>\n\u4f60\u7ed9\u5f20\u7ea2\u5199\u4fe1\u65f6\uff0c\u8bf7\u4ee3\u6211\u5411\u5979\u95ee\u597d\u3002<br \/>\n296.Mi ne scias \u0109u mi sendu la leteron per aera po\u015dto.<br \/>\n\u6211\u4e0d\u77e5\u9053\u8fd9\u5c01\u4fe1\u662f\u5426\u8981\u7528\u822a\u7a7a\u53d1\u51fa\u3002<br \/>\n297.Kiam atingos la letero al Japanio?<br \/>\n\u5f80\u65e5\u672c\u5bc4\u4fe1\u8981\u591a\u957f\u65f6\u95f4\uff1f<br \/>\n298.La ordinara letero atingos post duonmonato kaj la aerapo\u015dta letero post pli ol unu semajno.<br \/>\n\u5982\u679c\u53d1\u5e73\u4fe1\u8981\u534a\u4e2a\u6708\uff0c\u53d1\u822a\u7a7a\u4fe1\u53ea\u8981\u4e00\u4e2a\u591a\u661f\u671f\u3002<br \/>\n299.Li demandas en sia letero pri mia laboro, lerno kaj farto.<br \/>\n\u4ed6\u6765\u4fe1\u8be2\u95ee\u6211\u4eec\u73b0\u5728\u7684\u5de5\u4f5c\u3001\u5b66\u4e60\u548c\u751f\u6d3b\u60c5\u51b5\u3002<br \/>\n300.Reveninte hejmen, skribu ofte al mi!<br \/>\n\u5e0c\u671b\u4f60\u56de\u53bb\u540e\u5e38\u7ed9\u6211\u6765\u4fe1\uff01<br \/>\n\u5907\u7528\u5355\u8bcd<br \/>\nleterkesto.\u4fe1\u7bb1<br \/>\nsuperpezi super la regula pezo.\u8d85\u91cd<br \/>\nrekomendita letero.\u6302\u53f7\u4fe1<br \/>\nn-ro.\u7f16\u53f7<br \/>\npresa\u0135o.\u5370\u5237\u54c1<br \/>\npaka\u0135o.\u5305\u88f9<br \/>\npo\u015dto.\u90ae\u653f<br \/>\npo\u015dta stampo.\u90ae\u6233<br \/>\nilustrita po\u015dtkarto.\u56fe\u753b\u660e\u4fe1\u7247<br \/>\nsendinto.\u53d1\u4fe1\u4eba<br \/>\nsendito.\u6536\u4fe1\u4eba<br \/>\nadreso.\u5730\u5740<br \/>\npo\u015dtkosto.\u90ae\u8d44<br \/>\nfilatelo.\u96c6\u90ae<br \/>\nleterportisto.\u90ae\u9012\u5458<br \/>\nkoverto.\u4fe1\u5c01<br \/>\nleterpapero.\u4fe1\u7eb8<br \/>\ngluo.\u80f6\u6c34\uff08\u6d46\u7cca\uff09<br \/>\nnovjara karto.\u8d3a\u5e74\u7247<br \/>\nkalendaro.\u5e74\u5386<br \/>\nlegomarkilo.\u4e66\u7b7e<br \/>\nmemoriga po\u015dtmarko.\u7eaa\u5ff5\u90ae\u7968<br \/>\nspeciala po\u015dtmarko.\u7279\u79cd\u90ae\u7968<\/p>\n<p>&nbsp;<\/p>\n<p>\u8fd4\u56de<a href=\"https:\/\/reto.cn\/php\/hanyu\/lernado-de-esperanto\/900frazoj\/\">\u4e16\u754c\u8bed\u4e5d\u767e\u53e5<\/a>\u76ee\u5f55<\/p>\n","protected":false},"excerpt":{"rendered":"<p>\u4e16\u754c\u8bed\u4e5d\u767e\u53e5 20 \uff0820\uff09KORESPONDI \u901a\u4fe1 286.Li Ming iris al po\u015dtejo\u2026 <span class=\"read-more\"><a href=\"https:\/\/reto.cn\/php\/hanyu\/lernado-de-esperanto\/900frazoj\/900frazoj20\/\">\u7ee7\u7eed\u9605\u8bfb Legi pli &raquo;<\/a><\/span><\/p>\n","protected":false},"author":1,"featured_media":0,"parent":15904,"menu_order":0,"comment_status":"open","ping_status":"closed","template":"","meta":{"footnotes":""},"_links":{"self":[{"href":"https:\/\/reto.cn\/php\/hanyu\/wp-json\/wp\/v2\/pages\/15928"}],"collection":[{"href":"https:\/\/reto.cn\/php\/hanyu\/wp-json\/wp\/v2\/pages"}],"about":[{"href":"https:\/\/reto.cn\/php\/hanyu\/wp-json\/wp\/v2\/types\/page"}],"author":[{"embeddable":true,"href":"https:\/\/reto.cn\/php\/hanyu\/wp-json\/wp\/v2\/users\/1"}],"replies":[{"embeddable":true,"href":"https:\/\/reto.cn\/php\/hanyu\/wp-json\/wp\/v2\/comments?post=15928"}],"version-history":[{"count":0,"href":"https:\/\/reto.cn\/php\/hanyu\/wp-json\/wp\/v2\/pages\/15928\/revisions"}],"up":[{"embeddable":true,"href":"https:\/\/reto.cn\/php\/hanyu\/wp-json\/wp\/v2\/pages\/15904"}],"wp:attachment":[{"href":"https:\/\/reto.cn\/php\/hanyu\/wp-json\/wp\/v2\/media?parent=15928"}],"curies":[{"name":"wp","href":"https:\/\/api.w.org\/{rel}","templated":true}]}}