{"id":15929,"date":"2023-11-15T17:48:25","date_gmt":"2023-11-15T09:48:25","guid":{"rendered":"https:\/\/reto.cn\/php\/hanyu\/lernado-de-esperanto\/900frazoj\/900frazoj1-18\/"},"modified":"2023-11-30T09:23:21","modified_gmt":"2023-11-30T01:23:21","slug":"900frazoj19","status":"publish","type":"page","link":"https:\/\/reto.cn\/php\/hanyu\/lernado-de-esperanto\/900frazoj\/900frazoj19\/","title":{"rendered":"\u4e16\u754c\u8bed\u4e5d\u767e\u53e5 271-285"},"content":{"rendered":"<h4 style=\"text-align: center;\">\u4e16\u754c\u8bed\u4e5d\u767e\u53e5<br \/>\n19<\/h4>\n<p><strong>\uff0819\uff09TELEFONI \u6253\u7535\u8bdd<\/strong><br \/>\n271.Xiao Li, telefone vokas vin.<br \/>\n\u5c0f\u674e\uff0c\u6709\u7535\u8bdd\u627e\u4f60\u3002<br \/>\n272.Kie estas la publika telefonejo, \u0109u en po\u015dtejo?<br \/>\n\u516c\u7528\u7535\u8bdd\u5728\u54ea\u513f\u6253\uff1f\u5728\u90ae\u5c40\u5417\uff1f<br \/>\n273. \u0108u vi estas telefonisto? \u0109u vi povus sciigi al mi la telefon-numeron de la Esperanto- Asocio?<br \/>\n\u4f60\u662f\u7535\u8bdd\u5458\u5417\uff1f\u8bf7\u95ee\u4e16\u754c\u8bed\u534f\u4f1a\u7684\u7535\u8bdd\u53f7\u7801\u662f\u591a\u5c11\uff1f<br \/>\n274.Vi malfrui\u011dis. oni \u0135us interrompis la komunikon.<br \/>\n\u4f60\u6765\u665a\u4e86\uff0c\u7535\u8bdd\u521a\u6302\u4e0a\u3002<br \/>\n275.Mi volas mendi longdistancan telefonon, sed la linio \u0109iam estas okupata.<br \/>\n\u6211\u60f3\u6253\u4e2a\u957f\u9014\u7535\u8bdd\uff0c\u4f46\u4e00\u76f4\u5360\u7ebf\u3002<br \/>\n276.Certe vi misturnis la telefon-numeron.<br \/>\n\u4f60\u4e00\u5b9a\u662f\u62d4\u9519\u53f7\u7801\u4e86\u3002<br \/>\n277.Mi \u011duste turnis, sed neniu ekparolas.<br \/>\n\u6211\u62d4\u7684\u53f7\u662f\u5bf9\u7684\uff0c\u4f46\u6ca1\u6709\u4eba\u63a5\u7535\u8bdd\u3002<br \/>\n278.Eksonoras la telefono, bonvole vi parolu!<br \/>\n\u7535\u8bdd\u94c3\u54cd\u4e86\uff0c\u8bf7\u4f60\u63a5\u4e00\u4e0b\u5427\uff01<br \/>\n279.Haloo, kiun vi volas? A\u0125 jes, \u0109itie estas Esperanto-Asocio.<br \/>\n\u5582\uff0c\u4f60\u627e\u8c01\uff1f\u662f\u554a\uff01\u6211\u8fd9\u513f\u662f\u4e16\u754c\u8bed\u534f\u4f1a\u3002<br \/>\n280. \u0108u vi bonvolus voki por mi k-dinon Zhang Hong?<br \/>\n\u8bf7\u5e2e\u6211\u627e\u627e\u5f20\u7ea2\u540c\u5fd7\u6765\u63a5\u7535\u8bdd\u5427\uff1f<br \/>\n281.Kiu parolas? Mi ne konas vian vo\u0109on.<br \/>\n\u8c01\u5440\uff0c\u6211\u542c\u4e0d\u51fa\u4f60\u7684\u58f0\u97f3\u3002<br \/>\n282.Parolu pli la\u016dte! Mi tute ne klare a\u016dskultas.<br \/>\n\u8bf7\u58f0\u97f3\u5927\u4e00\u70b9\uff0c\u6211\u4e00\u70b9\u4e5f\u542c\u4e0d\u7740\u3002<br \/>\n283.Haloo, \u0109u Li Ming? \u0108i tie parolas Zhang Hong, Saluton! Bonvole \u0109eestu kunvenon morga\u016d en lernejo, je la 1-a posttagmeze.<br \/>\n\u5582\uff0c\u674e\u660e\u5417\uff1f\u6211\u662f\u5f20\u7ea2\u3002\u4f60\u597d\uff01\u660e\u5929\u4e0b\u5348\u4e00\u65f6\u6574\uff0c\u8bf7\u5230\u5b66\u6821\u6765\u5f00\u4f1a\u3002<br \/>\n284.Morga\u016d? Kiam? Respondu al mi telefone, \u0109u bone?<br \/>\n\u660e\u5929\uff1f\u4ec0\u4e48\u65f6\u5019\uff1f\u8bf7\u56de\u6211\u4e00\u4e2a\u7535\u8bdd\u597d\u5417\uff1f<br \/>\n285.Je la 3-a posttagmeze, mi telefonos al vi \u011dustatempe.<br \/>\n\u4e0b\u5348\u4e09\u70b9\u949f\uff0c\u6211\u51c6\u65f6\u6253\u7535\u8bdd\u7ed9\u4f60\u3002<br \/>\n\u5907\u7528\u5355\u8bcd<br \/>\ntelefona registro.\u7535\u8bdd\u8bb0\u5f55<br \/>\ntelefona voko.\u7535\u8bdd\u4f20\u547c<br \/>\ninternacia longdistanca telefono.\u56fd\u9645\u957f\u9014\uff08\u7535\u8bdd\uff09<br \/>\nkomuna telefono.\u516c\u7528\u7535\u8bdd<br \/>\ntelefon-libro.\u7535\u8bdd\u53f7\u7801\u7c3f<br \/>\nlinio okupata.\u5360\u7ebf<br \/>\ntelefonaparato.\u7535\u8bdd\u673a<br \/>\ntelefon-oficejo.\u7535\u8bdd\u5c40<br \/>\ntelefona budo\/kiosko.\u7535\u8bdd\u4ead<br \/>\ntelefoni al.\u6253\u7535\u8bdd\u7ed9\u67d0\u67d0<br \/>\nmomenton.\u7a0d\u7b49<br \/>\ncifer-palato.\u53f7\u7801\u76d8<br \/>\ntelevid-telefono.\u7535\u89c6\u7535\u8bdd<br \/>\ninterligi.\u63a5\u7ebf<\/p>\n<p>&nbsp;<\/p>\n<p>\u8fd4\u56de<a href=\"https:\/\/reto.cn\/php\/hanyu\/lernado-de-esperanto\/900frazoj\/\">\u4e16\u754c\u8bed\u4e5d\u767e\u53e5<\/a>\u76ee\u5f55<\/p>\n","protected":false},"excerpt":{"rendered":"<p>\u4e16\u754c\u8bed\u4e5d\u767e\u53e5 19 \uff0819\uff09TELEFONI \u6253\u7535\u8bdd 271.Xiao Li, telefone vokas \u2026 <span class=\"read-more\"><a href=\"https:\/\/reto.cn\/php\/hanyu\/lernado-de-esperanto\/900frazoj\/900frazoj19\/\">\u7ee7\u7eed\u9605\u8bfb Legi pli &raquo;<\/a><\/span><\/p>\n","protected":false},"author":1,"featured_media":0,"parent":15904,"menu_order":0,"comment_status":"open","ping_status":"closed","template":"","meta":{"footnotes":""},"_links":{"self":[{"href":"https:\/\/reto.cn\/php\/hanyu\/wp-json\/wp\/v2\/pages\/15929"}],"collection":[{"href":"https:\/\/reto.cn\/php\/hanyu\/wp-json\/wp\/v2\/pages"}],"about":[{"href":"https:\/\/reto.cn\/php\/hanyu\/wp-json\/wp\/v2\/types\/page"}],"author":[{"embeddable":true,"href":"https:\/\/reto.cn\/php\/hanyu\/wp-json\/wp\/v2\/users\/1"}],"replies":[{"embeddable":true,"href":"https:\/\/reto.cn\/php\/hanyu\/wp-json\/wp\/v2\/comments?post=15929"}],"version-history":[{"count":0,"href":"https:\/\/reto.cn\/php\/hanyu\/wp-json\/wp\/v2\/pages\/15929\/revisions"}],"up":[{"embeddable":true,"href":"https:\/\/reto.cn\/php\/hanyu\/wp-json\/wp\/v2\/pages\/15904"}],"wp:attachment":[{"href":"https:\/\/reto.cn\/php\/hanyu\/wp-json\/wp\/v2\/media?parent=15929"}],"curies":[{"name":"wp","href":"https:\/\/api.w.org\/{rel}","templated":true}]}}