{"id":15930,"date":"2023-11-15T17:48:25","date_gmt":"2023-11-15T09:48:25","guid":{"rendered":"https:\/\/reto.cn\/php\/hanyu\/lernado-de-esperanto\/900frazoj\/900frazoj1-19\/"},"modified":"2023-11-29T08:20:29","modified_gmt":"2023-11-29T00:20:29","slug":"900frazoj18","status":"publish","type":"page","link":"https:\/\/reto.cn\/php\/hanyu\/lernado-de-esperanto\/900frazoj\/900frazoj18\/","title":{"rendered":"\u4e16\u754c\u8bed\u4e5d\u767e\u53e5 256-270"},"content":{"rendered":"<h4 style=\"text-align: center;\">\u4e16\u754c\u8bed\u4e5d\u767e\u53e5<br \/>\n18<\/h4>\n<p><strong>\uff0818\uff09RENDEVUO \u7ea6\u4f1a<\/strong><br \/>\n256.Ni rendevuu por kune viziti k-don Li Ming, \u0108u bone?<br \/>\n\u6211\u4eec\u7ea6\u4e2a\u65f6\u95f4\u53bb\u770b\u674e\u660e\u540c\u5fd7\u597d\u5417\uff1f<br \/>\n257.\u0108u vi konsentus doni rendevuon?<br \/>\n\u4f60\u613f\u610f\u5b89\u6392\u4e00\u6b21\u7ea6\u4f1a\u5417\uff1f<br \/>\n258.Ni rendevuu je la 10-a, en la sekventa \u0135a\u016ddo.<br \/>\n\u6211\u4eec\u7ea6\u4f1a\u7684\u65f6\u95f4\u662f\u5728\u4e0b\u661f\u671f\u56db\uff0c\u5341\u70b9\u949f\u3002<br \/>\n259.Escepte de \u0135a\u016ddo, mi estas libera \u0109iu vespere.<br \/>\n\u9664\u661f\u671f\u56db\u5916\uff0c\u6211\u54ea\u4e00\u5929\u665a\u4e0a\u90fd\u6709\u7a7a\u3002<br \/>\n260.Ho pardonon! Mi havas alian rendevuon en mardo.<br \/>\n\u554a\uff01\u5bf9\u4e0d\u8d77\uff0c\u661f\u671f\u4e8c\u6211\u53e6\u6709\u7ea6\u4f1a\u3002<br \/>\n261.\u015ci telefonis al sia amiko por nuligi la rendevuon?<br \/>\n\u5979\u6253\u7535\u8bdd\u901a\u77e5\u5979\u7684\u7537\u670b\u53cb\uff0c\u53d6\u6d88\u5979\u7684\u7ea6\u4f1a\u3002<br \/>\n262.Kial vi ne venis hiera\u016d al rendevuo?<br \/>\n\u6628\u5929\u4f60\u4e3a\u4ec0\u4e48\u6ca1\u6709\u8d74\u7ea6\uff1f<br \/>\n263.Zhang Hong, hodia\u016d vespere mi invitos vin al kinejo, \u0109u bone?<br \/>\n\u5f20\u7ea2\uff0c\u4eca\u665a\u6211\u8bf7\u4f60\u770b\u7535\u5f71\u597d\u5417\uff1f<br \/>\n264.Je la 7-a vespere mi atendos vin anta\u016d la kjnejo\/parko.<br \/>\n\u665a\u4e0a\u4e03\u70b9\uff0c\u6211\u5728\u7535\u5f71\u9662(\u516c\u56ed)\u95e8\u53e3\u7b49\u4f60\u3002<br \/>\n265.Xiao Wang, mi volas iom babili kun \u0109u vi estos libera hodia\u016d vespere?<br \/>\n\u5c0f\u738b\uff0c\u6211\u60f3\u548c\u4f60\u8c08\u8c08\uff0c\u4eca\u665a\u4f60\u6709\u65f6\u95f4\u5417\uff1f<br \/>\n266.Je la 9-a mi vizitos vian hejmon? certe!<br \/>\n\u4e5d\u70b9\u949f\u6211\u4e0a\u4f60\u5bb6\u6765\uff0c\u4e00\u5b9a\uff01<br \/>\n267.Haloo, Xiao Wang kiun vi atendas?<br \/>\n\u5582\uff0c\u5c0f\u738b\uff0c\u4f60\u5728\u7b49\u8c01\uff1f<br \/>\n268.Mi atendas Xiao Li, ni havas rendevuon \u0109itie.<br \/>\n\u6211\u5728\u7b49\u5c0f\u674e\uff0c\u6211\u4eec\u7ea6\u597d\u4e86\u8bf4\u5728\u8fd9\u91cc\u89c1\u9762\u7684\u3002<br \/>\n269.Venis la onklo de Xiao Li el Pekino, eble \u015di ne venus al rendevuo.<br \/>\n\u5c0f\u674e\u7684\u53d4\u53d4\u4eca\u5929\u4ece\u5317\u4eac\u6765\u4e86\uff0c\u6216\u8bb8\u5979\u4e0d\u80fd\u8d74\u7ea6\u4e86\u3002<br \/>\n270.Ne. \u015ci estis \u0109iam fidela je rendevuo, mi atendu ankora\u016d plian momenton.<br \/>\n\u4e0d\u4f1a\u7684\uff0c\u5979\u4ece\u6765\u4e0d\u5931\u7ea6\u7684\uff0c\u6211\u518d\u7b49\u4e00\u4f1a\u513f\u3002<br \/>\n\u5907\u7528\u5355\u8bcd<br \/>\nrenkonti.\u89c1\u9762\uff0c\u9047\u89c1<br \/>\nsamtempe.\u540c\u65f6<br \/>\ntranssciigi.\u8f6c\u544a<br \/>\nreguligi horlo\u011don.\u5bf9\u8868\uff08\u65f6\u95f4\uff09<br \/>\nakurate.\u51c6\u65f6<br \/>\nkutimo.\u4e60\u60ef<br \/>\nbenko.\u957f\u6905<br \/>\ntransdoni.\u4f20\u8fbe<br \/>\n\u0109e la lago.\u6e56\u8fb9<br \/>\nakompani .\u966a\u540c<br \/>\nmarko.\u8bb0\u53f7<br \/>\nprokrasti.\u803d\u6401<br \/>\nfontano.\u55b7\u6c34\u6c60<br \/>\ntuj.\u9a6c\u4e0a<br \/>\nskulpta\u0135o.\u96d5\u5851<br \/>\nmomente.\u7b49\u4e00\u4f1a\u513f<br \/>\nsub la arbo.\u5728\u6811\u4e0b<\/p>\n<p>&nbsp;<\/p>\n<p>\u8fd4\u56de<a href=\"https:\/\/reto.cn\/php\/hanyu\/lernado-de-esperanto\/900frazoj\/\">\u4e16\u754c\u8bed\u4e5d\u767e\u53e5<\/a>\u76ee\u5f55<\/p>\n","protected":false},"excerpt":{"rendered":"<p>\u4e16\u754c\u8bed\u4e5d\u767e\u53e5 18 \uff0818\uff09RENDEVUO \u7ea6\u4f1a 256.Ni rendevuu por kune vizi\u2026 <span class=\"read-more\"><a href=\"https:\/\/reto.cn\/php\/hanyu\/lernado-de-esperanto\/900frazoj\/900frazoj18\/\">\u7ee7\u7eed\u9605\u8bfb Legi pli &raquo;<\/a><\/span><\/p>\n","protected":false},"author":1,"featured_media":0,"parent":15904,"menu_order":0,"comment_status":"open","ping_status":"closed","template":"","meta":{"footnotes":""},"_links":{"self":[{"href":"https:\/\/reto.cn\/php\/hanyu\/wp-json\/wp\/v2\/pages\/15930"}],"collection":[{"href":"https:\/\/reto.cn\/php\/hanyu\/wp-json\/wp\/v2\/pages"}],"about":[{"href":"https:\/\/reto.cn\/php\/hanyu\/wp-json\/wp\/v2\/types\/page"}],"author":[{"embeddable":true,"href":"https:\/\/reto.cn\/php\/hanyu\/wp-json\/wp\/v2\/users\/1"}],"replies":[{"embeddable":true,"href":"https:\/\/reto.cn\/php\/hanyu\/wp-json\/wp\/v2\/comments?post=15930"}],"version-history":[{"count":0,"href":"https:\/\/reto.cn\/php\/hanyu\/wp-json\/wp\/v2\/pages\/15930\/revisions"}],"up":[{"embeddable":true,"href":"https:\/\/reto.cn\/php\/hanyu\/wp-json\/wp\/v2\/pages\/15904"}],"wp:attachment":[{"href":"https:\/\/reto.cn\/php\/hanyu\/wp-json\/wp\/v2\/media?parent=15930"}],"curies":[{"name":"wp","href":"https:\/\/api.w.org\/{rel}","templated":true}]}}