{"id":15931,"date":"2023-11-15T17:48:25","date_gmt":"2023-11-15T09:48:25","guid":{"rendered":"https:\/\/reto.cn\/php\/hanyu\/lernado-de-esperanto\/900frazoj\/900frazoj1-20\/"},"modified":"2023-11-29T08:19:41","modified_gmt":"2023-11-29T00:19:41","slug":"900frazoj17","status":"publish","type":"page","link":"https:\/\/reto.cn\/php\/hanyu\/lernado-de-esperanto\/900frazoj\/900frazoj17\/","title":{"rendered":"\u4e16\u754c\u8bed\u4e5d\u767e\u53e5 241-255"},"content":{"rendered":"<h4 style=\"text-align: center;\">\u4e16\u754c\u8bed\u4e5d\u767e\u53e5<br \/>\n17<\/h4>\n<p><strong>\uff0817\uff09PRI LINGVO \u5173\u4e8e\u8bed\u8a00\u7684\u95ee\u9898<\/strong><br \/>\n241.Kion signifas tiu \u0109i vorto? Kiel \u011din prononci?<br \/>\n\u8fd9\u4e2a\u8bcd\u4ec0\u4e48\u610f\u601d\uff1f\u600e\u6837\u53d1\u97f3\uff1f<br \/>\n242.\u0108u \u011di estas ofte uzata vorto? A\u016d nur en skriba lingvo?<br \/>\n\u8fd9\u662f\u4e2a\u5e38\u7528\u7684\u8bcd\u5417\uff1f\u8fd8\u662f\u4ec5\u4ec5\u662f\u4e2a\u4e66\u9762\u7528\u8bed\uff1f<br \/>\n243.Ripetu, mi petas.<br \/>\n\u8bf7\u518d\u8bf4\u4e00\u904d\u3002<br \/>\n244.A\u016dskultu, \u0109u mi prononcas prave?<br \/>\n\u8bf7\u60a8\u542c\u4e00\u542c\uff0c\u6211\u8fd9\u6837\u5ff5\u5bf9\u5417\uff1f<br \/>\n245.\u0108u vi povas diri al mi la sinonimojn de tiu \u0109i vorto?<br \/>\n\u4f60\u80fd\u4e0d\u80fd\u628a\u8fd9\u4e2a\u8bcd\u7684\u540c\u4e49\u8bcd\u544a\u8bc9\u6211\uff1f<br \/>\n246.Kie estas la akcento? Mi demandas: kiun silabon ni akcentu?<br \/>\n\u54ea\u91cc\u662f\u91cd\u97f3\uff1f\u6211\u7684\u610f\u601d\u662f\uff0c\u54ea\u4e00\u4e2a\u97f3\u8282\u662f\u91cd\u8bfb\u7684\u3002<br \/>\n247.Kiel diru\u2026\u2026en Esperanto?<br \/>\n\u8fd9\u53e5\u2026\u2026\u600e\u4e48\u7528\u4e16\u754c\u8bed\u6765\u8868\u8fbe\uff1f<br \/>\n248.\u0108u estas alia parolturno por tiu \u0109i frazo?<br \/>\n\u8fd9\u53e5\u8bdd\u8fd8\u6709\u522b\u7684\u8bf4\u6cd5\u5417\uff1f<br \/>\n249.Tio estas vorto sufi\u0109e konata internacie, la sama radiko trovi\u011das en angla, germana, rusa, franca lingvoj.<br \/>\n\u8fd9\u662f\u4e00\u4e2a\u56fd\u9645\u5316\u7684\u8bcd\uff0c\u82f1\u8bed\u3001\u5fb7\u8bed\u3001\u4fc4\u8bed\u3001\u6cd5\u8bed\u90fd\u662f\u76f8\u540c\u7684.<br \/>\n250.Per helpo de afiksoj el unu, Esp-a vorto ni povas ricevi 20 a\u016d 30 novajn vortojn.<br \/>\n\u4e16\u754c\u8bed\u5355\u8bcd\u52a0\u524d\u3001\u540e\u7f00\u53ef\u4ee5\u53d8\u51fa20-30\u4e2a\u8bcd\u6765\u3002<br \/>\n251.Kiel prononcu la kunmetitajn vortojn?<br \/>\n\u5408\u6210\u8bcd\u600e\u6837\u62fc\u8bfb\u5462\uff1f<br \/>\n252.En Esp-o ne \u0109iu verso havas rimon.<br \/>\n\u4e16\u754c\u8bed\u8bd7\u8bcd\u5e76\u975e\u90fd\u662f\u62bc\u97f5\u7684\u3002<br \/>\n253.Bonvole vo\u0109legu &#8220;La Vojo&#8221;-n de D-ro Zamenhof.<br \/>\n\u8bf7\u4f60\u6717\u8bfb\u4e00\u4e0b\u67f4\u95e8\u970d\u592b\u7684\u8bd7\u2014\u2014\u300a\u9053\u8def\u300b\u5427\uff01<br \/>\n254.Li iom balbutis, sekve neflue legas.<br \/>\n\u4ed6\u6709\u70b9\u53e3\u5403\uff0c\u6240\u4ee5\u8bfb\u4e0d\u6d41\u5229\u3002<br \/>\n255.Lia prononco en E estas tre madela.<br \/>\n\u4ed6\u7684\u4e16\u754c\u8bed\u53d1\u97f3\u5f88\u6807\u51c6\u3002<br \/>\n\u5907\u7528\u5355\u8bcd<br \/>\npoligloto.\u591a\u8bed\u8005<br \/>\nparolado.\u6f14\u8bb2<br \/>\nklarigo.\u89e3\u91ca<br \/>\nlingvistiko.\u8bed\u8a00\u5b66<br \/>\nla\u016dta.\u5b8f\u4eae<br \/>\nlingva familio.\u8bed\u7cfb<br \/>\nmilda.\u67d4\u548c<br \/>\ninteringvistiko.\u8bed\u9645\u8bed\u8a00\u5b66<br \/>\ndol\u0109a.\u751c\u7f8e<br \/>\nvo\u0109o.\u55d3\u5b50<br \/>\ndialekto.\u65b9\u8a00<br \/>\nra\u016dka.\u5435\u54d1<br \/>\nkomuna lingvo.\u666e\u901a\u8bdd<br \/>\nparola lingvo.\u53e3\u8bed<br \/>\nfrazo.\u8bed\u53e5\/\u53e5\u5b50<br \/>\nhumura.\u5e7d\u9ed8<br \/>\ntono.\u8bed\u6c14<br \/>\ntriviala.\u5eb8\u4fd7<br \/>\nafonio.\u5931\u97f3\u75c7<br \/>\nsensenca\u0135o.\u5e9f\u8bdd<br \/>\nfonetika simbolo.\u97f3\u6807<\/p>\n<p>&nbsp;<\/p>\n<p>\u8fd4\u56de<a href=\"https:\/\/reto.cn\/php\/hanyu\/lernado-de-esperanto\/900frazoj\/\">\u4e16\u754c\u8bed\u4e5d\u767e\u53e5<\/a>\u76ee\u5f55<\/p>\n","protected":false},"excerpt":{"rendered":"<p>\u4e16\u754c\u8bed\u4e5d\u767e\u53e5 17 \uff0817\uff09PRI LINGVO \u5173\u4e8e\u8bed\u8a00\u7684\u95ee\u9898 241.Kion signifas tiu \u2026 <span class=\"read-more\"><a href=\"https:\/\/reto.cn\/php\/hanyu\/lernado-de-esperanto\/900frazoj\/900frazoj17\/\">\u7ee7\u7eed\u9605\u8bfb Legi pli &raquo;<\/a><\/span><\/p>\n","protected":false},"author":1,"featured_media":0,"parent":15904,"menu_order":0,"comment_status":"open","ping_status":"closed","template":"","meta":{"footnotes":""},"_links":{"self":[{"href":"https:\/\/reto.cn\/php\/hanyu\/wp-json\/wp\/v2\/pages\/15931"}],"collection":[{"href":"https:\/\/reto.cn\/php\/hanyu\/wp-json\/wp\/v2\/pages"}],"about":[{"href":"https:\/\/reto.cn\/php\/hanyu\/wp-json\/wp\/v2\/types\/page"}],"author":[{"embeddable":true,"href":"https:\/\/reto.cn\/php\/hanyu\/wp-json\/wp\/v2\/users\/1"}],"replies":[{"embeddable":true,"href":"https:\/\/reto.cn\/php\/hanyu\/wp-json\/wp\/v2\/comments?post=15931"}],"version-history":[{"count":0,"href":"https:\/\/reto.cn\/php\/hanyu\/wp-json\/wp\/v2\/pages\/15931\/revisions"}],"up":[{"embeddable":true,"href":"https:\/\/reto.cn\/php\/hanyu\/wp-json\/wp\/v2\/pages\/15904"}],"wp:attachment":[{"href":"https:\/\/reto.cn\/php\/hanyu\/wp-json\/wp\/v2\/media?parent=15931"}],"curies":[{"name":"wp","href":"https:\/\/api.w.org\/{rel}","templated":true}]}}