{"id":15932,"date":"2023-11-15T17:48:25","date_gmt":"2023-11-15T09:48:25","guid":{"rendered":"https:\/\/reto.cn\/php\/hanyu\/lernado-de-esperanto\/900frazoj\/900frazoj1-21\/"},"modified":"2023-11-28T08:37:06","modified_gmt":"2023-11-28T00:37:06","slug":"900frazoj16","status":"publish","type":"page","link":"https:\/\/reto.cn\/php\/hanyu\/lernado-de-esperanto\/900frazoj\/900frazoj16\/","title":{"rendered":"\u4e16\u754c\u8bed\u4e5d\u767e\u53e5 226-240"},"content":{"rendered":"<h4 style=\"text-align: center;\">\u4e16\u754c\u8bed\u4e5d\u767e\u53e5<br \/>\n16<\/h4>\n<p><strong>\uff0816\uff09SEZONO KAJ VETERO \u5b63\u8282\u4e0e\u5929\u6c14<\/strong><br \/>\n226.Venas printempo. La vetero iom post iom varmi\u011das.<br \/>\n\u6625\u5929\u6765\u4e86\uff0c\u5929\u6c14\u6e10\u6e10\u66a7\u548c\u4e86\u3002<br \/>\n227.La printempa horo estas plena de oro, verebonega tempo por nia lernado.<br \/>\n\u6625\u5929\u7684\u65f6\u5149\u5145\u6ee1\u9ec4\u91d1\uff08\u4e00\u5e74\u4e4b\u8ba1\u5728\u4e8e\u6625\uff09\uff0c\u6b63\u662f\u5b66\u4e60\u7684\u597d\u65f6\u5149\u554a\uff01<br \/>\n228.La longda\u016dra printempa pluvado tro enuigas, Rapide sereni\u011du la Cielo!<br \/>\n\u6625\u96e8\u4e0b\u5f97\u771f\u70e6\u4eba\uff0c\u5929\u5feb\u6674\u5427\uff01<br \/>\n229.Kunportu ombrelon! Homon sen ombrelo mistifikas printempa vetero.<br \/>\n\u5e26\u4e00\u628a\u4f1e\u5427\uff01\u6625\u5929\u4e0d\u5e26\u4f1e\uff0c\u8bf4\u4f60\u61d2\u4e0d\u61d2\uff01\uff08\u6625\u5929\u7684\u5929\u6c14\u5c06\u4f5c\u5f04\u4e0d\u5e26\u4f1e\u7684\u4eba\uff09\u3002<br \/>\n230.Tro forta \u015dtormo, \u0109u vi ne timas fulmotondron?<br \/>\n\u66b4\u98ce\u96e8\u592a\u5927\u4e86\uff0c\u4f60\u4e0d\u6015\u6253\u96f7\u95ea\u7535\u5417\uff1f<br \/>\n231.Estas nenormala varmego, eble pluvos.<br \/>\n\u5929\u6c14\u70ed\u5f97\u53cd\u5e38\uff0c\u6050\u6015\u8981\u4e0b\u96e8\u4e86\u3002<br \/>\n232.Kvankam somero estas varmega, tamen mi \u015datas \u011din.<br \/>\n\u590f\u5929\u867d\u7136\u5f88\u70ed\uff0c\u6211\u8fd8\u662f\u559c\u6b22\u5b83\u3002<br \/>\n233.EKventas. Eble iom malvarmi\u011dos.<br \/>\n\u8d77\u98ce\u4e86\uff0c\u8981\u51c9\u5feb\u4e9b\u4e86\u3002<br \/>\n234.A\u016dtuna vento sendas agrablan a\u016dtunon.<br \/>\n\u79cb\u98ce\u9001\u723d\uff0c\u79cb\u5929\u6765\u4e86\u3002<br \/>\n235.A\u016dtuno estas sezono de rikolto, estas ora sezono.<br \/>\n\u79cb\u5929\u662f\u6536\u83b7\u7684\u5b63\u8282\uff0c\u662f\u91d1\u8272\u7684\u5b63\u8282\u3002<br \/>\n236.Ar\u011denta lunlumo ver\u015di\u011das de la klara \u0109ielo de a\u016dtuna nokto, kiel belega vetero!<br \/>\n\u79cb\u591c\u6674\u6717\uff0c\u6708\u8272\u5982\u6d17\uff0c\u591a\u4e48\u7f8e\u597d\u7684\u5929\u5440\uff01<br \/>\n237.La pluvo \u0109esis. Aperis kolora \u0109ielarko. kiel belega!<br \/>\n\u96e8\u505c\u4e86\uff0c\u5f69\u8679\u51fa\u6765\u4e86\uff0c\u591a\u597d\u770b\u554a\uff01<br \/>\n238.Hodia\u016d ne pluvos. Morga\u016d matene prujnos.<br \/>\n\u4eca\u5929\u4e0d\u4e0b\u96e8\uff0c\u660e\u6668\u8981\u964d\u971c\u3002<br \/>\n239.Vintro balda\u016d venos.<br \/>\n\u51ac\u5929\u9a6c\u4e0a\u8981\u5230\u4e86\u3002<br \/>\n240.Ne\u011das, Vestu vin pli varma.<br \/>\n\u4e0b\u96ea\u4e86\uff0c\u8981\u7a7f\u66a7\u548c\u4e00\u70b9\u3002<br \/>\n\u5907\u7528\u5355\u8bcd<br \/>\nroso.\u9732\uff0c\u9732\u6c34<br \/>\ntempesto.\u66b4\u98ce\u96e8<br \/>\nnatura katastrofo.\u5929\u707e<br \/>\ninundo.\u6d2a\u6c34<br \/>\nzefiro, brizo.\u548c\u98ce<br \/>\ngrajlo.\u9730<br \/>\nglacio.\u51b0<br \/>\nhajlo.\u96f9<br \/>\nfrosto.\u4e25\u5bd2<br \/>\natmosfero.\u5927\u6c14<br \/>\nnubo.\u4e91<br \/>\ntermometro.\u6e29\u5ea6\u8ba1<br \/>\ntornado.\u9f99\u5377\u98ce<br \/>\nnebulpluvo.\u6bdb\u6bdb\u96e8<br \/>\nseka.\u5e72\u65f1\u7684<br \/>\nventmontrilo.\u98ce\u5411\u6807<br \/>\nmeteostacio.\u6c14\u8c61\u53f0<br \/>\nkumuluso.\u79ef\u4e91<br \/>\nveterinformoj.\u5929\u6c14\u9884\u62a5<br \/>\nnimbuso.\u96e8\u4e91<br \/>\nnubi\u011di.\u5929\u9634<br \/>\nnebuloza.\u96fe<\/p>\n<p>&nbsp;<\/p>\n<p>\u8fd4\u56de<a href=\"https:\/\/reto.cn\/php\/hanyu\/lernado-de-esperanto\/900frazoj\/\">\u4e16\u754c\u8bed\u4e5d\u767e\u53e5<\/a>\u76ee\u5f55<\/p>\n","protected":false},"excerpt":{"rendered":"<p>\u4e16\u754c\u8bed\u4e5d\u767e\u53e5 16 \uff0816\uff09SEZONO KAJ VETERO \u5b63\u8282\u4e0e\u5929\u6c14 226.Venas printem\u2026 <span class=\"read-more\"><a href=\"https:\/\/reto.cn\/php\/hanyu\/lernado-de-esperanto\/900frazoj\/900frazoj16\/\">\u7ee7\u7eed\u9605\u8bfb Legi pli &raquo;<\/a><\/span><\/p>\n","protected":false},"author":1,"featured_media":0,"parent":15904,"menu_order":0,"comment_status":"open","ping_status":"closed","template":"","meta":{"footnotes":""},"_links":{"self":[{"href":"https:\/\/reto.cn\/php\/hanyu\/wp-json\/wp\/v2\/pages\/15932"}],"collection":[{"href":"https:\/\/reto.cn\/php\/hanyu\/wp-json\/wp\/v2\/pages"}],"about":[{"href":"https:\/\/reto.cn\/php\/hanyu\/wp-json\/wp\/v2\/types\/page"}],"author":[{"embeddable":true,"href":"https:\/\/reto.cn\/php\/hanyu\/wp-json\/wp\/v2\/users\/1"}],"replies":[{"embeddable":true,"href":"https:\/\/reto.cn\/php\/hanyu\/wp-json\/wp\/v2\/comments?post=15932"}],"version-history":[{"count":0,"href":"https:\/\/reto.cn\/php\/hanyu\/wp-json\/wp\/v2\/pages\/15932\/revisions"}],"up":[{"embeddable":true,"href":"https:\/\/reto.cn\/php\/hanyu\/wp-json\/wp\/v2\/pages\/15904"}],"wp:attachment":[{"href":"https:\/\/reto.cn\/php\/hanyu\/wp-json\/wp\/v2\/media?parent=15932"}],"curies":[{"name":"wp","href":"https:\/\/api.w.org\/{rel}","templated":true}]}}