{"id":15934,"date":"2023-11-15T17:48:25","date_gmt":"2023-11-15T09:48:25","guid":{"rendered":"https:\/\/reto.cn\/php\/hanyu\/lernado-de-esperanto\/900frazoj\/900frazoj1-23\/"},"modified":"2023-11-26T09:17:39","modified_gmt":"2023-11-26T01:17:39","slug":"900frazoj14","status":"publish","type":"page","link":"https:\/\/reto.cn\/php\/hanyu\/lernado-de-esperanto\/900frazoj\/900frazoj14\/","title":{"rendered":"\u4e16\u754c\u8bed\u4e5d\u767e\u53e5 196-210"},"content":{"rendered":"<h4 style=\"text-align: center;\">\u4e16\u754c\u8bed\u4e5d\u767e\u53e5<br \/>\n14<\/h4>\n<p><strong>(14)DEMANDI PRI ADRESO \u8be2\u95ee\u5730\u5740<\/strong><br \/>\n196.Bonvole diru (skribu\/donu) al mi adreson de via asocio. (redakcio\/hejmo)<br \/>\n\u8bf7\u544a\u8bc9(\u5199\u7ed9\/\u7ed9)\u6211\uff0c\u4f60\u4eec\u534f\u4f1a(\u7f16\u8f91\u90e8\/\u60a8\u5bb6\u91cc)\u7684 \u5730\u5740\u3002<br \/>\n197.Volonte. Po\u015dta kesto 77-a.<br \/>\n\u597d\u7684\uff0c\u90ae\u7bb1\u4e03\u5341\u4e03\u53f7\u3002<br \/>\n198.Sed kie estas via sidejo (lo\u011dejo)?<br \/>\n\u53ef\u662f\u4f60\u4eec\u7684\u4f1a\u5740(\u60a8\u7684\u5bbf\u820d)\u5728\u54ea\u513f\u5462\uff1f<br \/>\n199.Beda\u016drinde nia asocio (redakcio) ankora\u016d ne havas sidejon.<br \/>\n\u5f88\u9057\u61be\uff0c\u6211\u4eec\u534f\u4f1a(\u7f16\u8f91\u90e8)\u8fd8\u6ca1\u6709\u4f1a\u5740\uff08\u793e\u5740\uff09\u3002<br \/>\n200.Nia libro-servo havas la adreson: placo-strato n-ro 72.<br \/>\n\u6211\u4eec\u4e66\u520a\u670d\u52a1\u90e8\u7684\u5730\u5740\u662f\uff1a\u5e7f\u573a\u8def72\u53f7\u3002<br \/>\n201.Pardonu, k-dino, \u0109u vi bonvolus (povas) diri al mi, kie estas laboro-strato?<br \/>\n\u5bf9\u4e0d\u8d77\uff08\u501f\u5149\uff09\uff0c\u540c\u5fd7\uff0c\u8bf7\u95ee\u52b3\u52a8\u8def\u5728\u54ea\u513f\uff1f<br \/>\n202.Rekte anta\u016den, post du vojkruci\u011doj.<br \/>\n\u4e00\u76f4\u5f80\u524d\u8d70, \u8fc7\u4e24\u4e2a\u5341\u5b57\u8def\u53e3\u5c31\u662f\u3002<br \/>\n203.En kiu direkto oni iru al stacidomo (po\u015dtejo\/kinejo)?<br \/>\n\u5230\u8f66\u7ad9\uff08\u90ae\u5c40\u3001\u7535\u5f71\u9662\uff09\u671d\u54ea\u513f\u8d70\uff1f<br \/>\n204.Anta\u016den, kaj direktu vin orienten (dekstren) \u0109e dua vojkurbi\u011do.<br \/>\n\u5f80\u524d\uff0c\u5230\u7b2c\u4e8c\u4e2a\u8f6c\u5f2f\u5904\u5411\u4e1c(\u897f)\u62d0\u3002<br \/>\n205.Restoracio (Turismo-Servo) estas tuj najbare de la hotelo. \u0108u mi vin tien gvidu?<br \/>\n\u9910\u9986\uff08\u65c5\u884c\u793e\uff09\u5c31\u5728\u65c5\u9986\u9694\u58c1\uff0c\u8981\u6211\u5e26\u4f60\u53bb\u5417\uff1f<br \/>\n206.Ho, Dankon! Ne necese. Mi mem trovos.<br \/>\n\u554a\uff0c\u8c22\u8c22\uff0c\u4e0d\u7528\u4e86\uff0c\u6211\u81ea\u5df1\u4f1a\u627e\u5230\u7684\u3002<br \/>\n207.Bileto-vendejo de trajno (\u015dipo\/ aeroplano) trovi\u011das en urbo-centro.<br \/>\n\u706b\u8f66\uff08\u8f6e\u8239\u3001\u98de\u673a\uff09\u552e\u7968\u5904\u5728\u5e02\u4e2d\u5fc3\u3002<br \/>\n208.En ne malproksima hotelo (po\u015dtejo) estas telefono.<br \/>\n\u79bb\u6b64\u4e0d\u8fdc\u7684\u65c5\u9986\uff08\u90ae\u5c40\uff09\u91cc\u5c31\u6709\u7535\u8bdd\u3002<br \/>\n209.\u0108u mi devas preni tiun a\u016d alian vojon? (a\u016dtobuson\/trolebuson)?<br \/>\n\u6211\u662f\u8be5\u8d70\uff08\u4e58\uff09\u8fd9\u6761\uff08\u8def\uff09\u8fd8\u662f\u53e6\u4e00\u6761\u8def\uff08\u8def\u6c7d\u8f66\u3001\u8def\u7535\u8f66\uff09\uff1f<br \/>\n210.Tien. Unue per a\u016dtobuso, linio 2-a kaj poste per trolebuso, linio 3-a.<br \/>\n\u5f80\u90a3\u513f\u8d70\uff0c\u5148\u4e58\u4e8c\u8def\u6c7d\u8f66\uff0c\u518d\u4e58\u4e09\u8def\u7535\u8f66\u3002<br \/>\n\u5907\u7528\u5355\u8bcd<br \/>\nhaltejo.\u505c\u8f66\u7ad9<br \/>\nradiostacio.\u5e7f\u64ad\u7535\u53f0<br \/>\nhospitalo.\u533b\u9662<br \/>\nkultura palaco.\u6587\u5316\u5bab<br \/>\nbanko.\u94f6\u884c<br \/>\npalaco de geknaboj.\u5c11\u5e74\u5bab<br \/>\nmaldekstre.\u5de6<br \/>\nnordo.\u5317<br \/>\ndekstre.\u53f3<br \/>\nstrateto.\u5df7\uff0c\u91cc\uff0c\u5f04<br \/>\nsudo.\u5357<br \/>\nnajbare.\u9694\u58c1<\/p>\n<p>&nbsp;<\/p>\n<p>\u8fd4\u56de<a href=\"https:\/\/reto.cn\/php\/hanyu\/lernado-de-esperanto\/900frazoj\/\">\u4e16\u754c\u8bed\u4e5d\u767e\u53e5<\/a>\u76ee\u5f55<\/p>\n","protected":false},"excerpt":{"rendered":"<p>\u4e16\u754c\u8bed\u4e5d\u767e\u53e5 14 (14)DEMANDI PRI ADRESO \u8be2\u95ee\u5730\u5740 196.Bonvole diru \u2026 <span class=\"read-more\"><a href=\"https:\/\/reto.cn\/php\/hanyu\/lernado-de-esperanto\/900frazoj\/900frazoj14\/\">\u7ee7\u7eed\u9605\u8bfb Legi pli &raquo;<\/a><\/span><\/p>\n","protected":false},"author":1,"featured_media":0,"parent":15904,"menu_order":0,"comment_status":"open","ping_status":"closed","template":"","meta":{"footnotes":""},"_links":{"self":[{"href":"https:\/\/reto.cn\/php\/hanyu\/wp-json\/wp\/v2\/pages\/15934"}],"collection":[{"href":"https:\/\/reto.cn\/php\/hanyu\/wp-json\/wp\/v2\/pages"}],"about":[{"href":"https:\/\/reto.cn\/php\/hanyu\/wp-json\/wp\/v2\/types\/page"}],"author":[{"embeddable":true,"href":"https:\/\/reto.cn\/php\/hanyu\/wp-json\/wp\/v2\/users\/1"}],"replies":[{"embeddable":true,"href":"https:\/\/reto.cn\/php\/hanyu\/wp-json\/wp\/v2\/comments?post=15934"}],"version-history":[{"count":0,"href":"https:\/\/reto.cn\/php\/hanyu\/wp-json\/wp\/v2\/pages\/15934\/revisions"}],"up":[{"embeddable":true,"href":"https:\/\/reto.cn\/php\/hanyu\/wp-json\/wp\/v2\/pages\/15904"}],"wp:attachment":[{"href":"https:\/\/reto.cn\/php\/hanyu\/wp-json\/wp\/v2\/media?parent=15934"}],"curies":[{"name":"wp","href":"https:\/\/api.w.org\/{rel}","templated":true}]}}