{"id":15935,"date":"2023-11-15T17:48:25","date_gmt":"2023-11-15T09:48:25","guid":{"rendered":"https:\/\/reto.cn\/php\/hanyu\/lernado-de-esperanto\/900frazoj\/900frazoj1-24\/"},"modified":"2023-11-28T08:36:19","modified_gmt":"2023-11-28T00:36:19","slug":"900frazoj15","status":"publish","type":"page","link":"https:\/\/reto.cn\/php\/hanyu\/lernado-de-esperanto\/900frazoj\/900frazoj15\/","title":{"rendered":"\u4e16\u754c\u8bed\u4e5d\u767e\u53e5 211-225"},"content":{"rendered":"<h4 style=\"text-align: center;\">\u4e16\u754c\u8bed\u4e5d\u767e\u53e5<br \/>\n15<\/h4>\n<p><strong>\uff0815\uff09SER\u0108I OBJEKTOJN \u5bfb\u627e\u7269\u4ef6<\/strong><br \/>\n211.Ve, perdi\u011dis mia \u015dlosilo!<br \/>\n\u5509\u5440\uff01\u6211\u7684\u94a5\u5319\u6389\u4e86\uff01<br \/>\n212. \u0108u vi vidis mian veston?<br \/>\n\u4f60\u770b\u5230\u6211\u7684\u8863\u670d\u4e86\u5417\uff1f<br \/>\n213.Kien vi metis \u011din?<br \/>\n\u4f60\u628a\u5b83\u653e\u5230\u54ea\u513f\u53bb\u4e86\u5462\uff1f<br \/>\n214.Mi jam \u0109ie (pri) ser\u0109is.<br \/>\n\u6211\u5df2\u7ecf\u5230\u5904\u627e\u8fc7\u4e86\u3002<br \/>\n215.Kie \u011di trovi\u011das finfine?<br \/>\n\u7a76\u7adf\u4f1a\u5728\u4ec0\u4e48\u5730\u65b9\u5462\uff1f<br \/>\n216.Neniun alian lokon mi iris, mi \u0109iam restis en tiu \u0109i \u0109ambro.<br \/>\n\u6211\u6ca1\u6709\u5230\u522b\u7684\u5730\u65b9\u53bb\uff0c\u5c31\u5728\u8fd9\u4e2a\u623f\u95f4\u91cc\u3002<br \/>\n217.Strange. Neniel mi povas (re) trovi.<br \/>\n\u771f\u5947\u602a\uff0c\u600e\u6837\u4e5f\u627e\u4e0d\u7740\u3002<br \/>\n218.\u011ci ku\u015dis sur mia tablo e\u0109 anta\u016d nur duonhoro.<br \/>\n\u534a\u4e2a\u949f\u5934\u4ee5\u524d\u8fd8\u5728\u6211\u7684\u684c\u5b50\u4e0a\u3002<br \/>\n219.Mi ne scias. \u0108u \u011di perdi\u011dus surstrate.<br \/>\n\u4e0d\u77e5\u662f\u5426\u5728\u8857\u4e0a\u4e22\u5931\u7684\u3002<br \/>\n220.Mi supozas, ke vi ne vidis \u011din, \u0109u jes?<br \/>\n\u6211\u60f3\u60a8\u5927\u6982\u6ca1\u6709\u770b\u89c1\u5427\u3002<br \/>\n221.\u0108u vi priser\u0109is la alian \u0109ambron?<br \/>\n\u60a8\u5728\u53e6\u5916\u90a3\u95f4\u623f\u95f4\u91cc\u627e\u8fc7\u4e86\u6ca1\u6709\uff1f<br \/>\n222.Eble vi metis \u011din en forgesita loko!<br \/>\n\u4e5f\u8bb8\u4f60\u628a\u5b83\u5fd8\u5728\u522b\u7684\u5730\u65b9\u4e86\u5427\uff01<br \/>\n223.Kie vi vidis \u011din lastafoje?<br \/>\n\u4f60\u6700\u540e\u4e00\u6b21\u770b\u5230\u5b83\u7684\u65f6\u5019\u662f\u5728\u54ea\u91cc\uff1f<br \/>\n224.Reser\u0109u!<br \/>\n\u4f60\u8fd8\u662f\u518d\u53bb\u627e\u627e\u5427\uff01<br \/>\n225.A\u0125a! jen \u0109i tie! Mi \u011din (re) trovis!<br \/>\n\u54ce\u5440\uff0c\u5728\u8fd9\u513f\u5462\uff0c\u6211\u627e\u5230\u4e86\u3002<br \/>\n\u5907\u7528\u8bcd\u8bed<br \/>\nkredi.\u76f8\u4fe1<br \/>\nkonsideri.\u601d\u8003<br \/>\nrememori.\u56de\u5fc6<br \/>\nmaltrankvili.\u7740\u6025<br \/>\nzorgeme.\u4ed4\u7ec6<br \/>\nkovri.\u906e\u76d6<br \/>\nekzameni.\u68c0\u67e5<br \/>\npromenbastono.\u624b\u6756\/\u62d0\u6756<br \/>\nangulo.\u89d2\u843d<br \/>\npo\u015do.\u53e3\u888b<br \/>\nventumilo.\u6247\u5b50<br \/>\nmansako.\u624b\u63d0\u5305<br \/>\nvortaro.\u8bcd\u5178<br \/>\nperdi.\u9057\u7559<br \/>\nliniilo.\u5c3a<br \/>\nganto.\u624b\u5957<br \/>\nenmeti.\u88c5\u8fdb<br \/>\nkoltuko.\u56f4\u5dfe<br \/>\n\u015dteli.\u5077<br \/>\npo\u015dlampo.\u624b\u7535\u7b52<br \/>\nsuspekti.\u6000\u7591<br \/>\ntraser\u0109i.\u641c\u67e5<\/p>\n<p>&nbsp;<\/p>\n<p>\u8fd4\u56de<a href=\"https:\/\/reto.cn\/php\/hanyu\/lernado-de-esperanto\/900frazoj\/\">\u4e16\u754c\u8bed\u4e5d\u767e\u53e5<\/a>\u76ee\u5f55<\/p>\n","protected":false},"excerpt":{"rendered":"<p>\u4e16\u754c\u8bed\u4e5d\u767e\u53e5 15 \uff0815\uff09SER\u0108I OBJEKTOJN \u5bfb\u627e\u7269\u4ef6 211.Ve, perdi\u011dis mia\u2026 <span class=\"read-more\"><a href=\"https:\/\/reto.cn\/php\/hanyu\/lernado-de-esperanto\/900frazoj\/900frazoj15\/\">\u7ee7\u7eed\u9605\u8bfb Legi pli &raquo;<\/a><\/span><\/p>\n","protected":false},"author":1,"featured_media":0,"parent":15904,"menu_order":0,"comment_status":"open","ping_status":"closed","template":"","meta":{"footnotes":""},"_links":{"self":[{"href":"https:\/\/reto.cn\/php\/hanyu\/wp-json\/wp\/v2\/pages\/15935"}],"collection":[{"href":"https:\/\/reto.cn\/php\/hanyu\/wp-json\/wp\/v2\/pages"}],"about":[{"href":"https:\/\/reto.cn\/php\/hanyu\/wp-json\/wp\/v2\/types\/page"}],"author":[{"embeddable":true,"href":"https:\/\/reto.cn\/php\/hanyu\/wp-json\/wp\/v2\/users\/1"}],"replies":[{"embeddable":true,"href":"https:\/\/reto.cn\/php\/hanyu\/wp-json\/wp\/v2\/comments?post=15935"}],"version-history":[{"count":0,"href":"https:\/\/reto.cn\/php\/hanyu\/wp-json\/wp\/v2\/pages\/15935\/revisions"}],"up":[{"embeddable":true,"href":"https:\/\/reto.cn\/php\/hanyu\/wp-json\/wp\/v2\/pages\/15904"}],"wp:attachment":[{"href":"https:\/\/reto.cn\/php\/hanyu\/wp-json\/wp\/v2\/media?parent=15935"}],"curies":[{"name":"wp","href":"https:\/\/api.w.org\/{rel}","templated":true}]}}