{"id":15938,"date":"2023-11-15T17:48:25","date_gmt":"2023-11-15T09:48:25","guid":{"rendered":"https:\/\/reto.cn\/php\/hanyu\/lernado-de-esperanto\/900frazoj\/900frazoj1-27\/"},"modified":"2024-01-08T10:46:03","modified_gmt":"2024-01-08T02:46:03","slug":"900frazoj4","status":"publish","type":"page","link":"https:\/\/reto.cn\/php\/hanyu\/lernado-de-esperanto\/900frazoj\/900frazoj4\/","title":{"rendered":"\u4e16\u754c\u8bed\u4e5d\u767e\u53e5 46-60"},"content":{"rendered":"<h4 style=\"text-align: center;\">\u4e16\u754c\u8bed\u4e5d\u767e\u53e5<br \/>\n4<\/h4>\n<p>&nbsp;<\/p>\n<p><strong>\uff084\uff09KONVERSACIO DUM LECIONO \u8bfe\u5802\u4f1a\u8bdd<\/strong><br \/>\n46. \uff08Jam\uff09estas la tempo por leciono. \uff08nun\uff09Ni komencu la lecionon.<br \/>\n\u4e0a\u8bfe\u65f6\u95f4\uff08\u5df2\u7ecf\uff09\u5230\u4e86\uff0c\u6211\u4eec\uff08\u73b0\u5728\uff09\u5f00\u59cb\u4e0a\u8bfe\u3002<br \/>\n47.\u0108u \u0109iuj \u0109eestas? Silentu! Nun mi kontrolvoku la \u0109eestontojn.<br \/>\n\u90fd\u5230\u4e86\u5417\uff1f\u8083\u9759\uff01\u73b0\u5728\u6211\u6765\u70b9\u540d.<br \/>\n48.Li Ming! Tie \u0109i!<br \/>\n\u674e\u660e\uff01\u5230\uff01<br \/>\n49.Ni vo\u0109legu la tekston unuvo\u0109e\uff08unuope,la\u016dvice\uff09.<br \/>\n\u8ba9\u6211\u4eec\u9f50\u58f0\uff08\u9010\u4e2a\u3001\u8f6e\u6d41\uff09\u6717\u8bfb\u8bfe\u6587\u3002<br \/>\n50.Bonvole ripetu!<br \/>\n\u8bf7\u91cd\u590d\u4e00\u904d\u3002<br \/>\n51.Respondu al mia demando, kamarado Wu.<br \/>\n\u5434\u540c\u5fd7\uff0c\u8bf7\u4f60\u56de\u7b54\u6211\u7684\u95ee\u9898\u3002<br \/>\n52.Nu bonvole pretigu viajn plumon kaj paperon ni faru dikta\u0135on\uff08 ekzamenon, ekzercon \uff09.<br \/>\n\u597d\u5427\uff0c\u8bf7\u4f60\u4eec\u628a\u7eb8\u548c\u7b14\u51c6\u5907\u597d\uff0c\u54b1\u4eec\u542c\u5199\uff08\u8003\u8bd5\uff0c\u505a\u7ec3\u4e60\uff09.<br \/>\n53.Nu, bonvole transdonu vian ekzamena\u0135on \uff08kajeron \uff09.<br \/>\n\u597d\uff0c\u8bf7\u628a\u5377\u5b50\uff08\u4f5c\u4e1a\u672c\uff09\u4ea4\u4e0a\u6765\u3002<br \/>\n54.Malfermu la libron kaj turnu al la kvina pa\u011do.<br \/>\n\u8bf7\u628a\u4e66\u6253\u5f00\uff0c\u7ffb\u5230\u7b2c\u4e94\u9875\u3002<br \/>\n55.Unue ni lernu la novajn vortojn\uff08gramatikon\uff09.<br \/>\n\u6211\u4eec\u5148\u5b66\u751f\u8bcd\uff08\u8bed\u6cd5\uff09\u3002<br \/>\n56.Bonvole klarigu tiun frazon.<br \/>\n\u8bf7\u628a\u8fd9\u53e5\u89e3\u91ca\u4e00\u4e0b\u3002<br \/>\n57.\u0108u li tradukas \uff08 interpretas \uff09prave?<br \/>\n\u4ed6\u7ffb\u8bd1\uff08\u7b14\u8bd1\u3001\u53e3\u8bd1\uff09\u5f97\u5bf9\u5417\uff1f<br \/>\n58.Bonvole korektu la eraron.<br \/>\n\u8bf7\u4f60\u628a\u9519\u8bef\u6539\u6b63\u4e00\u4e0b\u3002<br \/>\n59.Hodia\u016d la\uff08hejma\uff09tasko estas la unua demando en la unua pa\u011do.<br \/>\n\u4eca\u5929\u7684\uff08\u5bb6\u5ead\uff09\u4f5c\u4e1a\u662f\u7b2c\u4e00\u9762\u7b2c\u4e00\u9898\u3002<br \/>\n60.Eksonoras. Hodia\u016d ni haltu \u0109itie. Finu la lecionon.<br \/>\n\u94c3\u54cd\u4e86\uff0c\u4eca\u5929\u5230\u6b64\u7ed3\u675f\uff0c\u4e0b\u8bfe\u3002<\/p>\n<p><strong>\u5907\u7528\u8bcd\u8bed<\/strong><br \/>\nhistorio \u5386\u53f2<br \/>\npoemo \u8bd7<br \/>\nmapo \u5730\u56fe<br \/>\nprezidi \u4e3b\u6301<br \/>\nintervidi \u4f1a\u89c1<br \/>\nprogramo \u8bae\u7a0b<br \/>\ninterparolo \u4f1a\u8bdd<br \/>\nprogresi \u8fdb\u6b65<br \/>\nintervjuo \u91c7\u8bbf<br \/>\nrakonto \u6545\u4e8b<br \/>\ninviti \u9080\u8bf7<br \/>\n\u015dati \u559c\u6b22<br \/>\ntag\u0135urnalo \u65e5\u62a5<br \/>\ntemo \u9898\u76ee<br \/>\nartikolo \u6587\u7ae0<br \/>\ntraktato \u8bba\u6587<br \/>\nklaso \u73ed\u7ea7<br \/>\nverko \u4f5c\u54c1<br \/>\nklaso\u0109ambro \u6559\u5ba4<br \/>\nfrazo \u53e5\u5b50<br \/>\nklera \u6709\u6587\u5316\u7684<br \/>\nparkeri \u80cc\u8bf5<br \/>\nkomuniki \u901a\u77e5<br \/>\nekspliki \u8bb2\u89e3<\/p>\n<p>\u8fd4\u56de<a href=\"https:\/\/reto.cn\/php\/hanyu\/lernado-de-esperanto\/900frazoj\/\">\u4e16\u754c\u8bed\u4e5d\u767e\u53e5<\/a>\u76ee\u5f55<\/p>\n","protected":false},"excerpt":{"rendered":"<p>\u4e16\u754c\u8bed\u4e5d\u767e\u53e5 4 &nbsp; \uff084\uff09KONVERSACIO DUM LECIONO \u8bfe\u5802\u4f1a\u8bdd 46. \uff08Ja\u2026 <span class=\"read-more\"><a href=\"https:\/\/reto.cn\/php\/hanyu\/lernado-de-esperanto\/900frazoj\/900frazoj4\/\">\u7ee7\u7eed\u9605\u8bfb Legi pli &raquo;<\/a><\/span><\/p>\n","protected":false},"author":1,"featured_media":0,"parent":15904,"menu_order":0,"comment_status":"open","ping_status":"closed","template":"","meta":{"footnotes":""},"_links":{"self":[{"href":"https:\/\/reto.cn\/php\/hanyu\/wp-json\/wp\/v2\/pages\/15938"}],"collection":[{"href":"https:\/\/reto.cn\/php\/hanyu\/wp-json\/wp\/v2\/pages"}],"about":[{"href":"https:\/\/reto.cn\/php\/hanyu\/wp-json\/wp\/v2\/types\/page"}],"author":[{"embeddable":true,"href":"https:\/\/reto.cn\/php\/hanyu\/wp-json\/wp\/v2\/users\/1"}],"replies":[{"embeddable":true,"href":"https:\/\/reto.cn\/php\/hanyu\/wp-json\/wp\/v2\/comments?post=15938"}],"version-history":[{"count":0,"href":"https:\/\/reto.cn\/php\/hanyu\/wp-json\/wp\/v2\/pages\/15938\/revisions"}],"up":[{"embeddable":true,"href":"https:\/\/reto.cn\/php\/hanyu\/wp-json\/wp\/v2\/pages\/15904"}],"wp:attachment":[{"href":"https:\/\/reto.cn\/php\/hanyu\/wp-json\/wp\/v2\/media?parent=15938"}],"curies":[{"name":"wp","href":"https:\/\/api.w.org\/{rel}","templated":true}]}}