{"id":15940,"date":"2023-11-15T17:48:25","date_gmt":"2023-11-15T09:48:25","guid":{"rendered":"https:\/\/reto.cn\/php\/hanyu\/lernado-de-esperanto\/900frazoj\/900frazoj1-29\/"},"modified":"2024-01-08T10:50:08","modified_gmt":"2024-01-08T02:50:08","slug":"900frazoj6","status":"publish","type":"page","link":"https:\/\/reto.cn\/php\/hanyu\/lernado-de-esperanto\/900frazoj\/900frazoj6\/","title":{"rendered":"\u4e16\u754c\u8bed\u4e5d\u767e\u53e5 76-90"},"content":{"rendered":"<h4 style=\"text-align: center;\">\u4e16\u754c\u8bed\u4e5d\u767e\u53e5<br \/>\n6<\/h4>\n<p>&nbsp;<\/p>\n<p><strong>\uff08\u516d\uff09MAN\u011cADO \u5403\u996d<\/strong><br \/>\n76.Kiam vi tagman\u011das kaj vesperman\u011das?<br \/>\n\u4f60\u4ec0\u4e48\u65f6\u5019\u5403\u4e2d\u9910\u548c\u665a\u9910\uff1f<br \/>\n77.Ordinare je la tridek minutoj post la dek unua kaj kvina post tagmeze.<br \/>\n\u901a\u5e38\u5728\u5341\u4e00\u70b9\u534a\u5403\u5348\u996d\uff0c\u4e0b\u5348\u4e94\u70b9\u5403\u665a\u996d\u3002<br \/>\n78.Hodia\u016d tagman\u011du en mia hejmo, \u0109u bone?<br \/>\n\u4eca\u5929\u5230\u6211\u5bb6\u5403\u5348\u996d\u597d\u5417\uff1f<br \/>\n79.Kion vi volas man\u011di?<br \/>\n\u4f60\u60f3\u5403\u4e9b\u4ec0\u4e48\uff1f<br \/>\n80.Ordinare por tagman\u011do mi \u015datas tomatsupon kaj brandon.<br \/>\n\u5348\u9910\u6211\u4e00\u822c\u559c\u6b22\u559d\u897f\u7ea2\u67ff\u6c64\u548c\u996e\u767d\u5170\u5730\u9152\u3002<br \/>\n81.\u0108i bifsteko kaj fi\u015do anka\u016d pla\u0109as al vi?<br \/>\n\u725b\u6392\u548c\u9c7c\u4f60\u4e5f\u559c\u6b22\u5417\uff1f<br \/>\n82.Jes, sed mi \u015datas la pli molan manga\u0135on, \u0109ar mi havas malbonan dentaron.<br \/>\n\u6211\u559c\u6b22\uff0c\u4e0d\u8fc7\u725b\u6392\u70e7\u70c2\u4e00\u70b9\uff0c\u6211\u7259\u9f7f\u4e0d\u592a\u597d\u3002<br \/>\n83.Do, vesperman\u011du \u0109e mi! Mi preparos \u0109ion.<br \/>\n\u90a3\u4e48\u665a\u996d\u5728\u6211\u5bb6\u5403\u5427\uff0c\u6211\u4f1a\u628a\u4e00\u5207\u90fd\u51c6\u5907\u597d\u7684.<br \/>\n84.Dankon! Tio \u011denos vin. Ne preparu tro da pladoj. Prefere legomojn.<br \/>\n\u8c22\u8c22\uff0c\u592a\u9ebb\u70e6\u4e86\uff0c\u4e0d\u8981\u641e\u5f88\u591a\u83dc\uff0c\u8fd8\u662f\u4ee5\u852c\u83dc\u4e3a\u4e3b\u597d\u3002<br \/>\n85.Estu familiare! \u0108u bongusta?<br \/>\n\u968f\u4fbf\u70b9\u5427\uff0c\u5c31\u8c61\u5728\u81ea\u5df1\u5bb6\u91cc\u4e00\u6837\uff0c\u83dc\u7684\u5473\u9053\u597d\u5417\uff1f<br \/>\n86.Dankon! \u011custe la\u016d mia pla\u0109ola pika gusto,vi estas bona kuiranto.<br \/>\n\u8c22\u8c22\uff0c\u8fd9\u6b63\u5408\u6211\u7684\u53e3\u5473\uff0c\u6211\u7231\u5403\u8fa3\uff0c\u4f60\u7684\u624b\u827a\u4e0d\u9519\u3002<br \/>\n87. Jen arto de mia edzino, \u015di estas Sichuan-ano.<br \/>\n\u8fd9\u662f\u6211\u7231\u4eba\u505a\u7684\uff0c\u5979\u662f\u56db\u5ddd\u4eba\u3002<br \/>\n88.Aldonu iom da dol\u0109a\u0135o,\u0109u? Jen Kantona gusto.<br \/>\n\u518d\u4e0a\u4e00\u70b9\u751c\u98df\u597d\u5417\uff1f\u8fd9\u662f\u5e7f\u4e1c\u53e3\u5473.<br \/>\n89.Dankon, Sufi\u0109as. Mi jam estas sata.<br \/>\n\u8c22\u8c22\uff0c\u6211\u5df2\u7ecf\u5403\u9971\u4e86\u3002<br \/>\n90.Do forton teon! Tio utilas por senebriigo.<br \/>\n\u8bf7\u559d\u6d53\u8336\uff0c\u5b83\u6709\u52a9\u4e8e\u89e3\u9152\u3002<\/p>\n<p><strong>\u5907\u7528\u5355\u8bcd<\/strong><br \/>\ntoufuo \u8c46\u8150<br \/>\nbova\u0135o \u725b\u8089<br \/>\nladeskatelo \u7f50\u5934<br \/>\nrafano \u841d\u535c<br \/>\nsalikoko \u867e<br \/>\nsukera\u0135o \u7cd6\u679c<br \/>\nanaso \u9e2d<br \/>\npomo \u82f9\u679c<br \/>\nmarmelado \u679c\u9171<br \/>\nbanano \u9999\u8549<br \/>\npano \u9762\u5305<br \/>\npiro \u68a8<br \/>\nkaroto \u80e1\u841d\u535c<br \/>\nterpomp \u571f\u8c46<br \/>\nbiero \u5564\u9152<br \/>\nspinaco \u83e0\u83dc<br \/>\npipro \u80e1\u6912<br \/>\nriza\u0135o \u7c73\u996d<br \/>\nsojfabo \u9ec4\u8c46<br \/>\nvermi\u0109elo \u9762\u6761<br \/>\nkukumo \u9ec4\u74dc<br \/>\nviando \u8089<br \/>\nkoko \u9e21<br \/>\nman\u011dbastonetoj \u7b77\u5b50<br \/>\nbovina lakto \u725b\u5976<br \/>\nbovlo \u7897<br \/>\nbuterbiskivito \u5976\u6cb9\u997c\u5e72<br \/>\nkukurbo \u5357\u74dc<br \/>\ntelero\/plado \u76d8\u5b50<\/p>\n<p>\u8fd4\u56de<a href=\"https:\/\/reto.cn\/php\/hanyu\/lernado-de-esperanto\/900frazoj\/\">\u4e16\u754c\u8bed\u4e5d\u767e\u53e5<\/a>\u76ee\u5f55<\/p>\n","protected":false},"excerpt":{"rendered":"<p>\u4e16\u754c\u8bed\u4e5d\u767e\u53e5 6 &nbsp; \uff08\u516d\uff09MAN\u011cADO \u5403\u996d 76.Kiam vi tagman\u011das kaj \u2026 <span class=\"read-more\"><a href=\"https:\/\/reto.cn\/php\/hanyu\/lernado-de-esperanto\/900frazoj\/900frazoj6\/\">\u7ee7\u7eed\u9605\u8bfb Legi pli &raquo;<\/a><\/span><\/p>\n","protected":false},"author":1,"featured_media":0,"parent":15904,"menu_order":0,"comment_status":"open","ping_status":"closed","template":"","meta":{"footnotes":""},"_links":{"self":[{"href":"https:\/\/reto.cn\/php\/hanyu\/wp-json\/wp\/v2\/pages\/15940"}],"collection":[{"href":"https:\/\/reto.cn\/php\/hanyu\/wp-json\/wp\/v2\/pages"}],"about":[{"href":"https:\/\/reto.cn\/php\/hanyu\/wp-json\/wp\/v2\/types\/page"}],"author":[{"embeddable":true,"href":"https:\/\/reto.cn\/php\/hanyu\/wp-json\/wp\/v2\/users\/1"}],"replies":[{"embeddable":true,"href":"https:\/\/reto.cn\/php\/hanyu\/wp-json\/wp\/v2\/comments?post=15940"}],"version-history":[{"count":0,"href":"https:\/\/reto.cn\/php\/hanyu\/wp-json\/wp\/v2\/pages\/15940\/revisions"}],"up":[{"embeddable":true,"href":"https:\/\/reto.cn\/php\/hanyu\/wp-json\/wp\/v2\/pages\/15904"}],"wp:attachment":[{"href":"https:\/\/reto.cn\/php\/hanyu\/wp-json\/wp\/v2\/media?parent=15940"}],"curies":[{"name":"wp","href":"https:\/\/api.w.org\/{rel}","templated":true}]}}