{"id":15941,"date":"2023-11-15T17:48:25","date_gmt":"2023-11-15T09:48:25","guid":{"rendered":"https:\/\/reto.cn\/php\/hanyu\/lernado-de-esperanto\/900frazoj\/900frazoj1-30\/"},"modified":"2024-01-08T11:35:47","modified_gmt":"2024-01-08T03:35:47","slug":"900frazoj7","status":"publish","type":"page","link":"https:\/\/reto.cn\/php\/hanyu\/lernado-de-esperanto\/900frazoj\/900frazoj7\/","title":{"rendered":"\u4e16\u754c\u8bed\u4e5d\u767e\u53e5 91-105"},"content":{"rendered":"<h4 style=\"text-align: center;\">\u4e16\u754c\u8bed\u4e5d\u767e\u53e5<br \/>\n7<\/h4>\n<p><strong><b>\uff087\uff09\u0108IUTAGA VIVO \u65e5\u5e38\u751f\u6d3b\u4e00<\/b><\/strong><\/p>\n<p>91.Kiam vi elliti\u011das \u0109iutage?<\/p>\n<p>\u4f60\u6bcf\u5929\u5728\u4ec0\u4e48\u65f6\u5019\u8d77\u5e8a\uff1f<\/p>\n<p>92.Mi ofte elliti\u011das frue, Kutime je la 30 minutoj post la 5-a.<\/p>\n<p>\u6211\u5e38\u5e38\u8d77\u5f97\u8f83\u65e9\uff0c\u6bcf\u5929\u4e60\u60ef5\uff1a30\u8d77\u5e8a\u3002<\/p>\n<p>93.\u0108u vi faras korpan ekzercadon \u0109iumatene?<\/p>\n<p>\u4f60\u6bcf\u5929\u65e9\u4e0a\u953b\u70bc\u8eab\u4f53\u5417\uff1f<\/p>\n<p>94.Jes, \u0109iumatene mi kuras al parko kaj \u011dustatempe je la 6-a ekzercas interparolon kun k-doj.<\/p>\n<p>\u662f\u7684\uff0c\u6211\u6bcf\u5929\u8dd1\u5230\u516c\u56ed\u53bb\uff0c\u51c6\u516d\u65f6\u548c\u540c\u5fd7\u4eec\u4e00\u8d77\u8fdb\u884c\u53e3\u8bed\u4f1a\u8bdd.<\/p>\n<p>95.Do vi laboras \u0109iam en tagskipo, \u0108u?<\/p>\n<p>\u90a3\u4f60\u662f\u4e0a\u957f\u767d\u73ed\uff1f<\/p>\n<p>96.Ne, mi estas laboristino de triskipoj, sed \u0109iumatene mi klopodas fari interparolan ekzercon escepte nur de noktaskipo.<\/p>\n<p>\u4e0d\uff0c\u6211\u662f\u4e09\u73ed\u5236\u5de5\u4eba\uff0c\u4f46\u6211\u4e89\u53d6\u6bcf\u5929\u90fd\u53bb\u4f1a\u8bdd\uff0c\u9664\u4e86\u4e0a\u591c\u73ed\u5916\u3002<\/p>\n<p>97.Kiam vi elliti\u011das en diman\u0109o?<\/p>\n<p>\u5728\u661f\u671f\u5929\u4f60\u4ec0\u4e48\u65f6\u5019\u8d77\u5e8a\uff1f<\/p>\n<p>98.Same je la 30 minutoj post la 5-a, Nia interparola ekzercado da\u016dras jam pli ol unu jaron.<\/p>\n<p>\u6211\u540c\u6837\u662f5:30\u8d77\u5e8a\uff0c\u6211\u4eec\u7684\u4f1a\u8bdd\u5df2\u575a\u6301\u4e00\u5e74\u4e86\u3002<\/p>\n<p>99.Reveninte hejmen mi matenman\u011das simple.<\/p>\n<p>\u6211\u56de\u5bb6\u540e\u5c31\u5403\u65e9\u996d\uff0c\u65e9\u996d\u5403\u5f97\u8f83\u968f\u4fbf\u3002<\/p>\n<p>100.Je la 7-a mi iras labori per a\u016dtobuso.<\/p>\n<p>\u6211\u4e03\u70b9\u949f\u4e58\u516c\u5171\u6c7d\u8f66\u53bb\u4e0a\u73ed\u3002<\/p>\n<p>101.A! malfacile akurate, \u0108u? mi biciklas al laboro. Mi komencas labori je la 30 minutoj post la 7-a.<\/p>\n<p>\u554a\uff0c\u90a3\u4e0d\u5b9a\u65f6\u5427\uff0c\u6211\u662f\u9a91\u81ea\u884c\u8f66\u4e0a\u73ed\u7684\u3002\u62117\uff1a30\u5f00\u59cb\u5de5 \u4f5c\u3002<\/p>\n<p>102.Anka\u016d mi. Mi tagman\u011das en fabriko.<\/p>\n<p>\u6211\u4e5f\u662f\u7684\uff0c\u5348\u996d\u5c31\u5728\u5382\u91cc\u5403\u3002<\/p>\n<ol start=\"103\">\n<li>Mi finas laboron je la 4-a posttagmeze.Tiam mi vizitis al infan\u011dardeno por preni mian filon\/filinon.<\/li>\n<\/ol>\n<p>\u6211\u57284:00\u4e0b\u73ed\uff0c\u4e0b\u73ed\u540e\u8fd8\u8981\u53bb\u5e7c\u513f\u56ed\u63a5\u513f\u5b50\/\u5973\u513f\u3002<\/p>\n<p>104.\u0108u via edzino preparas la vesperman\u011don?<\/p>\n<p>\u665a\u996d\u662f\u4f60\u59bb\u5b50\u505a\u5417\uff1f<\/p>\n<p>105.Jes, post vesperman\u011do mi kutime legas \u0135urnalon a\u016d libron. Kelkfoje spektas TV, Mi enliti\u011das je la 10-a.<\/p>\n<p>\u662f\u7684\uff0c\u665a\u996d\u540e\uff0c\u6211\u4e60\u60ef\u8bfb\u70b9\u62a5\uff0c\u770b\u70b9\u4e66\uff0c\u6709\u65f6\u4e5f\u770b\u770b\u7535 \u89c6\uff0c\u5341\u65f6\u5c31\u4e0a\u5e8a\u7761\u4e86\u3002<\/p>\n<p><strong>\u5907\u7528\u8bcd\u8bed<\/strong><br \/>\nposttagmeze skipo \u4e2d\u73ed<br \/>\nripoztago de la fabriko \u5382\u793c\u62dc\uff0c\u5382\u4f11\u65e5<br \/>\nveturi per tramo \u4e58\u7535\u8f66<br \/>\npeti forpermeson pro malsano \u8bf7\u75c5\u5047<br \/>\npostlabora universitato \u4e1a\u4f59\u5927\u5b66<br \/>\npromeni \u6563\u6b65<br \/>\ntelevida kurso \u7535\u89c6\u8bb2\u5ea7<br \/>\noficveturi \u51fa\u5dee<br \/>\nregulo \u89c4\u5f8b<br \/>\nsiesto \u5348\u4f11<br \/>\nvekhorlo\u011do \u95f9\u949f<br \/>\na\u0109eti legomojn \u4e70\u83dc<br \/>\nfeki \u89e3\u5927\u624b\uff0c\u62c9\u5c4e<br \/>\nfumi \u62bd\u70df<br \/>\npisi \u89e3\u5c0f\u624b\uff0c\u6492\u5c3f<br \/>\nverki \u5199\u4f5c<br \/>\nlibertempo\/postlabora tempo \u4e1a\u4f59\u65f6\u95f4<br \/>\nfari hejmlaborojn \u505a\u5bb6\u52a1<br \/>\nviziti al amiko \u8bbf\u53cb<br \/>\nludi \u73a9<\/p>\n<p>\u8fd4\u56de<a href=\"https:\/\/reto.cn\/php\/hanyu\/lernado-de-esperanto\/900frazoj\/\">\u4e16\u754c\u8bed\u4e5d\u767e\u53e5<\/a>\u76ee\u5f55<\/p>\n","protected":false},"excerpt":{"rendered":"<p>\u4e16\u754c\u8bed\u4e5d\u767e\u53e5 7 \uff087\uff09\u0108IUTAGA VIVO \u65e5\u5e38\u751f\u6d3b\u4e00 91.Kiam vi elliti\u011das \u0109iu\u2026 <span class=\"read-more\"><a href=\"https:\/\/reto.cn\/php\/hanyu\/lernado-de-esperanto\/900frazoj\/900frazoj7\/\">\u7ee7\u7eed\u9605\u8bfb Legi pli &raquo;<\/a><\/span><\/p>\n","protected":false},"author":1,"featured_media":0,"parent":15904,"menu_order":0,"comment_status":"open","ping_status":"closed","template":"","meta":{"footnotes":""},"_links":{"self":[{"href":"https:\/\/reto.cn\/php\/hanyu\/wp-json\/wp\/v2\/pages\/15941"}],"collection":[{"href":"https:\/\/reto.cn\/php\/hanyu\/wp-json\/wp\/v2\/pages"}],"about":[{"href":"https:\/\/reto.cn\/php\/hanyu\/wp-json\/wp\/v2\/types\/page"}],"author":[{"embeddable":true,"href":"https:\/\/reto.cn\/php\/hanyu\/wp-json\/wp\/v2\/users\/1"}],"replies":[{"embeddable":true,"href":"https:\/\/reto.cn\/php\/hanyu\/wp-json\/wp\/v2\/comments?post=15941"}],"version-history":[{"count":0,"href":"https:\/\/reto.cn\/php\/hanyu\/wp-json\/wp\/v2\/pages\/15941\/revisions"}],"up":[{"embeddable":true,"href":"https:\/\/reto.cn\/php\/hanyu\/wp-json\/wp\/v2\/pages\/15904"}],"wp:attachment":[{"href":"https:\/\/reto.cn\/php\/hanyu\/wp-json\/wp\/v2\/media?parent=15941"}],"curies":[{"name":"wp","href":"https:\/\/api.w.org\/{rel}","templated":true}]}}