{"id":15942,"date":"2023-11-15T17:48:25","date_gmt":"2023-11-15T09:48:25","guid":{"rendered":"https:\/\/reto.cn\/php\/hanyu\/lernado-de-esperanto\/900frazoj\/900frazoj1-31\/"},"modified":"2024-01-08T11:36:56","modified_gmt":"2024-01-08T03:36:56","slug":"900frazoj8","status":"publish","type":"page","link":"https:\/\/reto.cn\/php\/hanyu\/lernado-de-esperanto\/900frazoj\/900frazoj8\/","title":{"rendered":"\u4e16\u754c\u8bed\u4e5d\u767e\u53e5 106-120"},"content":{"rendered":"<h4 style=\"text-align: center;\">\u4e16\u754c\u8bed\u4e5d\u767e\u53e5<br \/>\n8<\/h4>\n<p>&nbsp;<\/p>\n<p><strong><b>\uff088\uff09\u0108IUTAGA VIVO \u65e5\u5e38\u751f\u6d3b\u4e8c<\/b><\/strong><\/p>\n<ol start=\"106\">\n<li>\u0108iumatene post elliti\u011do mi vestas min, ordigas lita\u0135ojn, kaj purigas \u0109ambrojn.<\/li>\n<\/ol>\n<p>\u6bcf\u5929\u8d77\u5e8a\uff0c\u6211\u7a7f\u597d\u8863\u670d\uff0c\u53e0\u597d\u88ab\u5b50\uff0c\u5c31\u6253\u626b\u623f\u95f4\u3002<\/p>\n<p>107.Poste, mi havas du\u015don en banejo, mi razas min, purigas dentojn kaj kombas min.<\/p>\n<p>\u7136\u540e\u518d\u5230\u6d17\u6fa1\u95f4\u51b2\u6dcb\u6d74\u3001\u522e\u8138\u3001\u5237\u7259\u548c\u68b3\u5934\u3002<\/p>\n<p>108.Mi faras korpekzercadon en kultura domo, ordinare mi kuias, gimastikas kaj skermas.<\/p>\n<p>\u65e9\u953b\u70bc\u662f\u5728\u6587\u5316\u5bab\uff0c\u4e00\u822c\u662f\u8dd1\u6b65\u3001\u505a\u64cd\u548c\u821e\u5251\u3002<\/p>\n<p>109.Je la 7-a matene mi vekis mian infanon. Li ankora\u016d ne povas mem vesti, \u0109ar li estas tre juna.<\/p>\n<p>\u6211\u4e03\u70b9\u56de\u5bb6\u53eb\u9192\u5b69\u5b50\uff0c\u4ed6\u81ea\u5df1\u8fd8\u4e0d\u80fd\u7a7f\u8863\u670d\uff0c\u56e0\u4e3a\u592a\u5c0f\u3002<\/p>\n<p>110.Ordinare ni matenman\u011das en tereta\u011da kuirejo.<\/p>\n<p>\u901a\u5e38\u65e9\u996d\u662f\u5728\u697c\u4e0b\u53a8\u623f\u5403\u7684\u3002<\/p>\n<p>111.Mi iras al laboro samtempe kaj sendas mian infanon al infan\u011dardeno.<\/p>\n<p>\u6211\u4e0a\u73ed\u540c\u65f6\u9001\u5b69\u5b50\u53bb\u5e7c\u513f\u56ed\u3002<\/p>\n<p>112.Mia edzo laboras en \u0135urnalejo tre malproksima de la hejmo.<\/p>\n<p>\u6211\u7684\u4e08\u592b\u5728\u62a5\u793e\u5de5\u4f5c\uff0c\u79bb\u5bb6\u5f88\u8fdc\u3002<\/p>\n<p>113.Ni amba\u016d ne volas lavi vestojn. \u0108ar tio rabas multajn tempojn.<\/p>\n<p>\u6211\u4eec\u90fd\u4e0d\u613f\u6d17\u8863\u670d\uff0c\u56e0\u4e3a\u592a\u82b1\u8d39\u65f6\u95f4\u4e86\u3002<\/p>\n<p>114.Sed lavma\u015dino multe helpas min.<\/p>\n<p>\u4e0d\u8fc7\u4e70\u4e86\u6d17\u8863\u673a\u8981\u597d\u591a\u4e86\u3002<\/p>\n<p>115.Kaj kuiro per gaso estas pli oportuna ol per karbo.<\/p>\n<p>\u73b0\u5728\u6539\u70e7\u7164\u6c14\uff0c\u4e5f\u6bd4\u4ee5\u524d\u70e7\u7164\u7701\u4e8b\u591a\u4e86\u3002<\/p>\n<p>116.Diman\u0109o por ni estas tre kara, tiam ni havas multajn aktivadojn.<\/p>\n<p>\u661f\u671f\u5929\u7684\u65f6\u95f4\u662f\u5f88\u73cd\u8d35\u7684\uff0c\u6211\u4eec\u7ecf\u5e38\u5b89\u6392\u8bb8\u591a\u6d3b\u52a8\u3002<\/p>\n<p>117.Mi kaj mia edzino amba\u016d tre amas belarton, Kelkiam ni biciklas al \u0109irka\u016durbo por kaj pentri kaj pikniki.<\/p>\n<p>\u6211\u548c\u59bb\u5b50\u90fd\u7231\u597d\u7f8e\u672f\uff0c\u6709\u65f6\u6211\u4eec\u9a91\u81ea\u884c\u8f66\u53bb\u90ca\u5916\u5199\u751f\u3001 \u91ce\u9910\u3002<\/p>\n<p>118.Kelkfoje ni vizitis al kinejo a\u016d teatro. Mi pla\u0109as teatra\u0135o kaj mia edzo pla\u0109as Pekina opero.<\/p>\n<p>\u6709\u65f6\u4e5f\u53bb\u7535\u5f71\u9662\u6216\u5267\u9662\uff0c\u6211\u7231\u770b\u8bdd\u5267\uff0c\u800c\u6211\u7684\u4e08\u592b\u7231\u770b\u4eac\u5267\u3002<\/p>\n<p>119.Ni anka\u016d ofte vizitas al infan-amuzejo akompane al nia infano.<\/p>\n<p>\u966a\u5b69\u5b50\u53bb\u513f\u7ae5\u6e38\u4e50\u573a\uff0c\u4e5f\u662f\u6211\u4eec\u7ecf\u5e38\u7684\u6d3b\u52a8\u3002<\/p>\n<p>120.Vespere kutime ni lernas en nia hejmo nian karan ligvon:Esperanto.<\/p>\n<p>\u665a\u4e0a\u4e00\u822c\u90fd\u5728\u5bb6\u91cc\u5b66\u4e60\u6211\u4eec\u559c\u7231\u7684\u8bed\u8a00\u4e00\u4e00\u4e16\u754c\u8bed\u3002<\/p>\n<p><strong>\u5907\u7528\u8bcd\u8bed<\/strong><br \/>\ndorm\u0109ambro \u5367\u5ba4<br \/>\na\u0109eti libron \u4e70\u4e66<br \/>\nsalono \u5ba2\u5385<br \/>\na\u0109eti (objekton) \u8d2d\u7269<br \/>\nlego\u0109ambro \u4e66\u623f<br \/>\nviziti restoracion \u53bb\u996d\u9986\u5403\u996d<br \/>\nlavejo \u76e5\u6d17\u5ba4<br \/>\nludi piedpikon \u8e22\u8db3\u7403<br \/>\nprunti libron \u501f\u4e66<br \/>\nludi pokeron \u6253\u6251\u514b<br \/>\ndanci \u8df3\u821e<br \/>\nludi volanon \u6253\u7fbd\u6bdb\u7403<br \/>\nbalo \u821e\u4f1a<br \/>\nludi \u015dakon \u4e0b\u68cb<br \/>\nna\u011di \u6e38\u6cf3<br \/>\nsunumi vesta\u0135ojn \u6652\u8863\u670d<br \/>\nglitiri \u6ed1\u51b0<br \/>\nskii \u6ed1\u96ea<br \/>\ninterbabili \u95f2\u8c08<br \/>\nsen\u011dene\/senzorge \u95f2\u9002<br \/>\nspekti ma\u0109on \u770b\u7403\u8d5b<\/p>\n<p>\u8fd4\u56de<a href=\"https:\/\/reto.cn\/php\/hanyu\/lernado-de-esperanto\/900frazoj\/\">\u4e16\u754c\u8bed\u4e5d\u767e\u53e5<\/a>\u76ee\u5f55<\/p>\n","protected":false},"excerpt":{"rendered":"<p>\u4e16\u754c\u8bed\u4e5d\u767e\u53e5 8 &nbsp; \uff088\uff09\u0108IUTAGA VIVO \u65e5\u5e38\u751f\u6d3b\u4e8c \u0108iumatene post el\u2026 <span class=\"read-more\"><a href=\"https:\/\/reto.cn\/php\/hanyu\/lernado-de-esperanto\/900frazoj\/900frazoj8\/\">\u7ee7\u7eed\u9605\u8bfb Legi pli &raquo;<\/a><\/span><\/p>\n","protected":false},"author":1,"featured_media":0,"parent":15904,"menu_order":0,"comment_status":"open","ping_status":"closed","template":"","meta":{"footnotes":""},"_links":{"self":[{"href":"https:\/\/reto.cn\/php\/hanyu\/wp-json\/wp\/v2\/pages\/15942"}],"collection":[{"href":"https:\/\/reto.cn\/php\/hanyu\/wp-json\/wp\/v2\/pages"}],"about":[{"href":"https:\/\/reto.cn\/php\/hanyu\/wp-json\/wp\/v2\/types\/page"}],"author":[{"embeddable":true,"href":"https:\/\/reto.cn\/php\/hanyu\/wp-json\/wp\/v2\/users\/1"}],"replies":[{"embeddable":true,"href":"https:\/\/reto.cn\/php\/hanyu\/wp-json\/wp\/v2\/comments?post=15942"}],"version-history":[{"count":0,"href":"https:\/\/reto.cn\/php\/hanyu\/wp-json\/wp\/v2\/pages\/15942\/revisions"}],"up":[{"embeddable":true,"href":"https:\/\/reto.cn\/php\/hanyu\/wp-json\/wp\/v2\/pages\/15904"}],"wp:attachment":[{"href":"https:\/\/reto.cn\/php\/hanyu\/wp-json\/wp\/v2\/media?parent=15942"}],"curies":[{"name":"wp","href":"https:\/\/api.w.org\/{rel}","templated":true}]}}