{"id":15943,"date":"2023-11-15T17:48:25","date_gmt":"2023-11-15T09:48:25","guid":{"rendered":"https:\/\/reto.cn\/php\/hanyu\/lernado-de-esperanto\/900frazoj\/900frazoj1-32\/"},"modified":"2024-01-08T11:37:48","modified_gmt":"2024-01-08T03:37:48","slug":"900frazoj9","status":"publish","type":"page","link":"https:\/\/reto.cn\/php\/hanyu\/lernado-de-esperanto\/900frazoj\/900frazoj9\/","title":{"rendered":"\u4e16\u754c\u8bed\u4e5d\u767e\u53e5 121-135"},"content":{"rendered":"<h4 style=\"text-align: center;\">\u4e16\u754c\u8bed\u4e5d\u767e\u53e5<br \/>\n9<\/h4>\n<p><strong>\uff089\uff09TEMPO KAJ DATO \u65f6\u95f4\u548c\u65e5\u671f<\/strong><br \/>\n121.Kiun daton ni havas hodia\u016d?<br \/>\n\u4eca\u5929\u662f\u51e0\u53f7\uff1f<br \/>\n122.Hodia\u016d estas la 12-a de decembro.<br \/>\n\u4eca\u5929\u662f\u5341\u4e8c\u6708\u5341\u4e8c\u65e5\u3002<br \/>\n123.\u0108u la kunveno okazos anta\u016dtagmeze (atm) a\u016d posttagmeze ( ptm ) ? Je kioma horo ?<br \/>\n\u4f1a\u8bae\u662f\u5728\u4e0a\u5348\u8fd8\u662f\u4e0b\u5348\u4e3e\u884c\uff1f\u51e0\u70b9\u949f\u5f00\uff1f<br \/>\n124.Jes, ni devas \u0109eesti la kunvenon \u011dustatempe.<br \/>\n\u662f\u7684\uff0c\u5fc5\u987b\u51c6\u65f6\u51fa\u5e2d\u4f1a\u8bae\u3002<br \/>\n125.Ho, k-do, kioma horo nun estas?<br \/>\n\u54ce\u5440\uff0c\u540c\u5fd7\uff0c\u73b0\u5728\u513f\u70b9\u4e86\uff1f<br \/>\n126.Mia brakhorlo\u011do malrapidas.<br \/>\n\u6211\u7684\u624b\u8868\u6162\u4e86\u3002<br \/>\n\uff089\uff09TEMPO KAJ DATO \u65f6\u95f4\u548c\u65e5\u671f<br \/>\n121.Kiun daton ni havas hodia\u016d?<br \/>\n\u4eca\u5929\u662f\u51e0\u53f7\uff1f<br \/>\n122.Hodia\u016d estas la 12-a de decembro.<br \/>\n\u4eca\u5929\u662f\u5341\u4e8c\u6708\u5341\u4e8c\u65e5\u3002<br \/>\n123.\u0108u la kunveno okazos anta\u016dtagmeze (atm) a\u016d posttagmeze ( ptm ) ? Je kioma horo ?<br \/>\n\u4f1a\u8bae\u662f\u5728\u4e0a\u5348\u8fd8\u662f\u4e0b\u5348\u4e3e\u884c\uff1f\u51e0\u70b9\u949f\u5f00\uff1f<br \/>\n124.Jes, ni devas \u0109eesti la kunvenon \u011dustatempe.<br \/>\n\u662f\u7684\uff0c\u5fc5\u987b\u51c6\u65f6\u51fa\u5e2d\u4f1a\u8bae\u3002<br \/>\n125.Ho, k-do, kioma horo nun estas?<br \/>\n\u54ce\u5440\uff0c\u540c\u5fd7\uff0c\u73b0\u5728\u513f\u70b9\u4e86\uff1f<br \/>\n126.Mia brakhorlo\u011do malrapidas.<br \/>\n\u6211\u7684\u624b\u8868\u6162\u4e86\u3002<br \/>\n127.\u0108u vi povas diri al mi la precizan tempon?<br \/>\n\u4f60\u80fd\u544a\u8bc9\u6211\u4e00\u4e0b\u51c6\u786e\u7684\u65f6\u95f4\u5417\uff1f<br \/>\n128.Pardonon, mi ne povas. Mi ne scias.<br \/>\n\u5bf9\u4e0d\u8d77\uff0c\u6211\u4e0d\u80fd\uff0c\u6211\u4e0d\u77e5\u9053\u73b0\u5728\u51e0\u70b9\u4e86\u3002<br \/>\n129.Kiam okazos leciono de via Esp-a kurso?<br \/>\n\u4f60\u4eec\u4e16\u754c\u8bed\u8bb2\u4e60\u73ed\u4ec0\u4e48\u65f6\u5019\u4e0a\u8bfe\u3002<br \/>\n130.\u0108iu \u0135a\u016dde de la 7-a \u011dis la 9-a vespere, da\u016dras<br \/>\n2 horojn.<br \/>\n\u6bcf\u5468\u661f\u671f\u56db\u665a\u4e0a\u4e03\u70b9\u81f3\u4e5d\u70b9\uff0c\u5171\u8ba12\u5c0f\u65f6\u3002<br \/>\n131. Kiom da jaroj vi lernis Esp-on?<br \/>\n\u4f60\u4eec\u5b66\u4e60\u4e16\u754c\u8bed\u6709\u591a\u5c11\u5e74\u4e86\uff1f<br \/>\n132.Sume 2 jarojn kaj 3 monatojn.<br \/>\n\u5171\u8ba1\u4e8c\u5e74\u96f6\u4e09\u4e2a\u6708\u3002<br \/>\n133.Ni anka\u016d havas someran ferion en julio kaj vintran en januaro.<br \/>\n\u6211\u4eec\u6bcf\u5e74\u4e03\u6708\u4efd\u4e5f\u653e\u6691\u5047\uff0c\u5143\u6708\u4efd\u653e\u5bd2\u5047\u3002<br \/>\n134. Kie vi estis en la lasta aprilo?<br \/>\n\u53bb\u5e74\u56db\u6708\u4efd\u4f60\u5728\u54ea\u91cc\uff1f<br \/>\n135. \u0108u vi havos printempan ekskurson en venonta marto?<br \/>\n\u660e\u5e74\u4e09\u6708\u4f60\u6253\u7b97\u53bb\u6625\u6e38\u5417\uff1f<\/p>\n<p><strong>\u5907\u7528\u8bcd\u8bed<\/strong><br \/>\ntagmezo \u4e2d\u5348<br \/>\nsabato \u661f\u671f\u516d<br \/>\nminuto \u5206<br \/>\ndiman\u0109o \u661f\u671f\u65e5<br \/>\nsekundo \u79d2<br \/>\nsemajno \u661f\u671f\uff0c\u5468<br \/>\nfebruaro \u4e8c\u6708<br \/>\nhiera\u016d \u6628\u5929<br \/>\nmajo \u4e94\u6708<br \/>\nmorga\u016d \u660e\u5929<br \/>\njunio \u516d\u6708<br \/>\nkuranta jaro \u4eca\u5e74<br \/>\na\u016dgusto \u516b\u6708<br \/>\nvenonta jaro \u660e\u5e74<br \/>\nseptembro \u4e5d\u6708<br \/>\nlasta jaro \u53bb\u5e74<br \/>\noktobro \u5341\u6708<br \/>\nanta\u016dhiera\u016d \u524d\u5929<br \/>\nnovembro \u5341\u4e00\u6708<br \/>\npostmorga\u016d \u540e\u5929<br \/>\ndecembro \u5341\u4e8c\u6708<br \/>\nkiu tago (de la semajno) \u661f\u671f\u51e0<br \/>\nlundo \u661f\u671f\u4e00<br \/>\nmardo \u661f\u671f\u4e8c<br \/>\nkioma tago (de la monato) \u51e0\u53f7<br \/>\nmerkredo \u661f\u671f\u4e09<br \/>\nvendredo \u661f\u671f\u4e94<\/p>\n<p>\u8fd4\u56de<a href=\"https:\/\/reto.cn\/php\/hanyu\/lernado-de-esperanto\/900frazoj\/\">\u4e16\u754c\u8bed\u4e5d\u767e\u53e5<\/a>\u76ee\u5f55<\/p>\n","protected":false},"excerpt":{"rendered":"<p>\u4e16\u754c\u8bed\u4e5d\u767e\u53e5 9 \uff089\uff09TEMPO KAJ DATO \u65f6\u95f4\u548c\u65e5\u671f 121.Kiun daton ni hava\u2026 <span class=\"read-more\"><a href=\"https:\/\/reto.cn\/php\/hanyu\/lernado-de-esperanto\/900frazoj\/900frazoj9\/\">\u7ee7\u7eed\u9605\u8bfb Legi pli &raquo;<\/a><\/span><\/p>\n","protected":false},"author":1,"featured_media":0,"parent":15904,"menu_order":0,"comment_status":"open","ping_status":"closed","template":"","meta":{"footnotes":""},"_links":{"self":[{"href":"https:\/\/reto.cn\/php\/hanyu\/wp-json\/wp\/v2\/pages\/15943"}],"collection":[{"href":"https:\/\/reto.cn\/php\/hanyu\/wp-json\/wp\/v2\/pages"}],"about":[{"href":"https:\/\/reto.cn\/php\/hanyu\/wp-json\/wp\/v2\/types\/page"}],"author":[{"embeddable":true,"href":"https:\/\/reto.cn\/php\/hanyu\/wp-json\/wp\/v2\/users\/1"}],"replies":[{"embeddable":true,"href":"https:\/\/reto.cn\/php\/hanyu\/wp-json\/wp\/v2\/comments?post=15943"}],"version-history":[{"count":0,"href":"https:\/\/reto.cn\/php\/hanyu\/wp-json\/wp\/v2\/pages\/15943\/revisions"}],"up":[{"embeddable":true,"href":"https:\/\/reto.cn\/php\/hanyu\/wp-json\/wp\/v2\/pages\/15904"}],"wp:attachment":[{"href":"https:\/\/reto.cn\/php\/hanyu\/wp-json\/wp\/v2\/media?parent=15943"}],"curies":[{"name":"wp","href":"https:\/\/api.w.org\/{rel}","templated":true}]}}