{"id":15944,"date":"2023-11-15T17:48:25","date_gmt":"2023-11-15T09:48:25","guid":{"rendered":"https:\/\/reto.cn\/php\/hanyu\/lernado-de-esperanto\/900frazoj\/900frazoj1-33\/"},"modified":"2024-01-08T11:38:41","modified_gmt":"2024-01-08T03:38:41","slug":"900frazoj10","status":"publish","type":"page","link":"https:\/\/reto.cn\/php\/hanyu\/lernado-de-esperanto\/900frazoj\/900frazoj10\/","title":{"rendered":"\u4e16\u754c\u8bed\u4e5d\u767e\u53e5 136-150"},"content":{"rendered":"<h4 style=\"text-align: center;\">\u4e16\u754c\u8bed\u4e5d\u767e\u53e5<br \/>\n10<\/h4>\n<p><strong>\uff0810\uff09PRINTEMPA FESTO \u8fc7\u6625\u8282<\/strong><br \/>\n136. Feli\u0109an novjaron! \u606d\u8d3a\u65b0\u559c\uff01\/\u65b0\u5e74\u597d\uff01<br \/>\n137.\u011cojan Printempan Feston.\/Zamenhof-Feston\/<br \/>\nKristnaskon!<br \/>\n\u795d\u60a8\u6625\u8282\/\u67f4\u65e6\u8282\/\u5723\u65e6\u8282\u6109\u5feb\uff01<br \/>\n138. \u0108u vi havis \u011dojan jarfinan vesperon?<br \/>\n\u60a8\u9664\u5915\u8fc7\u5f97\u6109\u5feb\u5417\uff1f<br \/>\n139. Ho, treege! Kunvenis \u0109iuj membroj de mia familio.<br \/>\n\u554a\uff0c\u6109\u5feb\u6781\u4e86\uff01\u6211\u4eec\u5168\u5bb6\u90fd\u56e2\u805a\u4e86\u3002<br \/>\n140. \u0108u vi havas abundan jarfinan vesperman\u011don?<br \/>\n\u4f60\u4eec\u5e74\u591c\u996d\u4e30\u76db\u5417\uff1f<br \/>\n141. Kom preneble! Ni faris \u011dia\u016dziojn la\u016d kutimo de la norda \u0108inio.<br \/>\n\u5f53\u7136\u54ea\uff01\u6211\u4eec\u8fd8\u6309\u5317\u65b9\uff08\u534e\u5317\uff09\u7684\u4e60\u60ef\u5305\u997a\u5b50\u54e9\uff01<br \/>\n142. Sidante kune, ni \u0109iuj familianoj preparis \u011dia\u016dziojn, kaj spektis<br \/>\ngajajn programerojn en televido, vere \u011dojiga festvespero.<br \/>\n\u5168\u5bb6\u4eba\u56f4\u5750\u4e00\u8d77\u5305\u997a\u5b50\uff0c\u770b\u7535\u89c6\u91cc\u5feb\u4e50\u8282\u76ee\uff0c\u771f\u662f\u4ee4\u4eba\u6109\u5feb\u7684\u8282\u76ee\u4e4b\u591c\uff01<br \/>\n143. Kaj ni havas intersan ludon dum man\u011dado de \u011dia\u016dzioj.<br \/>\n\u6211\u4eec\u5728\u5403\u997a\u5b50\u65f6\u8fd8\u6709\u4e2a\u6709\u8da3\u7684\u6e38\u620f\u3002<br \/>\n144.Kian? \u0108u similan al drink-ludo?<br \/>\n\u4ec0\u4e48\u6837\u7684\u6e38\u620f\uff1f\u8c61\u884c\u9152\u4ee4\u4e48\uff1f<br \/>\n145.Por a\u016dguri feli\u0109on .<br \/>\n\u662f\u4e88\u535c\u5e78\u798f\u7684\u3002<br \/>\n146.Ho,supersti\u0109a.<br \/>\n\u554a\uff0c\u662f\u8ff7\u4fe1\u7684\uff01<br \/>\n147. Ne, nur \u011dojiga por familianoj!<br \/>\n\u4e0d\uff0c\u53ea\u662f\u4e3a\u4e86\u5168\u5bb6\u9ad8\u5174\u7f62\u4e86\uff01<br \/>\n148.Ni preparis inter-alie unu\u011dia\u016dzion enhavantan jujubon kaj vidu,<br \/>\nKiu \u011din ricevos.<br \/>\n\u6211\u4eec\u628a\u4e00\u4e2a\u997a\u5b50\u91cc\u5305\u4e0a\u4e00\u9897\u7ea2\u67a3\uff0c\u770b\u8c01\u5f97\u5230\u5b83\u3002<br \/>\n149.Simila al la novjara torto de francoj, Sed kiu man\u011dis la felicigan jujubon?<br \/>\n\u5f88\u8c61\u6cd5\u56fd\u4eba\u7684\u65b0\u5e74\u65e6\u7cd5\uff0c\u8c01\u5403\u5230\u90a3\u798f\u67a3\u5462\uff1f<br \/>\n150. Mi. Kaj oni gratulis , ke mi i akiru novajn sukcesojn en mia Esp-a lernado!<br \/>\n\u662f\u6211\uff0c\u4e8e\u662f\u5927\u5bb6\u795d\u6211\u4e16\u754c\u8bed\u5b66\u4e60\u53d6\u5f97\u65b0\u7684\u6210\u5c31\u3002<\/p>\n<p><strong>\u5907\u7528\u8bcd\u8bed<\/strong><br \/>\nsano \u5065\u5eb7<br \/>\nprogreso \u8fdb\u6b65<br \/>\npetardo \u97ad\u70ae<br \/>\narta fajra\u0135o \u7130\u706b<br \/>\nnovjara saluto \u62dc\u5e74<br \/>\nviziti parencojn \u63a2\u4eb2\uff0c\u8d70\u4eb2\u621a<br \/>\ndonac(a\u0135)o \u793c\u54c1<br \/>\nviziti al parko\/\u011dardeno \u6e38\u56ed<br \/>\nekspozicio de floroj \u82b1\u5c55<br \/>\nmalormi dum la jarfina nokto \u5b88\u5c81<br \/>\nla matena sonorado de Novjaro \u65b0\u5e74\u6668\u949f<br \/>\ndiveni enigmojn \u731c\u8c1c<\/p>\n<p>\u8fd4\u56de<a href=\"https:\/\/reto.cn\/php\/hanyu\/lernado-de-esperanto\/900frazoj\/\">\u4e16\u754c\u8bed\u4e5d\u767e\u53e5<\/a>\u76ee\u5f55<\/p>\n","protected":false},"excerpt":{"rendered":"<p>\u4e16\u754c\u8bed\u4e5d\u767e\u53e5 10 \uff0810\uff09PRINTEMPA FESTO \u8fc7\u6625\u8282 136. Feli\u0109an novjaron\u2026 <span class=\"read-more\"><a href=\"https:\/\/reto.cn\/php\/hanyu\/lernado-de-esperanto\/900frazoj\/900frazoj10\/\">\u7ee7\u7eed\u9605\u8bfb Legi pli &raquo;<\/a><\/span><\/p>\n","protected":false},"author":1,"featured_media":0,"parent":15904,"menu_order":0,"comment_status":"open","ping_status":"closed","template":"","meta":{"footnotes":""},"_links":{"self":[{"href":"https:\/\/reto.cn\/php\/hanyu\/wp-json\/wp\/v2\/pages\/15944"}],"collection":[{"href":"https:\/\/reto.cn\/php\/hanyu\/wp-json\/wp\/v2\/pages"}],"about":[{"href":"https:\/\/reto.cn\/php\/hanyu\/wp-json\/wp\/v2\/types\/page"}],"author":[{"embeddable":true,"href":"https:\/\/reto.cn\/php\/hanyu\/wp-json\/wp\/v2\/users\/1"}],"replies":[{"embeddable":true,"href":"https:\/\/reto.cn\/php\/hanyu\/wp-json\/wp\/v2\/comments?post=15944"}],"version-history":[{"count":0,"href":"https:\/\/reto.cn\/php\/hanyu\/wp-json\/wp\/v2\/pages\/15944\/revisions"}],"up":[{"embeddable":true,"href":"https:\/\/reto.cn\/php\/hanyu\/wp-json\/wp\/v2\/pages\/15904"}],"wp:attachment":[{"href":"https:\/\/reto.cn\/php\/hanyu\/wp-json\/wp\/v2\/media?parent=15944"}],"curies":[{"name":"wp","href":"https:\/\/api.w.org\/{rel}","templated":true}]}}