{"id":15945,"date":"2023-11-15T17:48:25","date_gmt":"2023-11-15T09:48:25","guid":{"rendered":"https:\/\/reto.cn\/php\/hanyu\/lernado-de-esperanto\/900frazoj\/900frazoj1-34\/"},"modified":"2023-11-24T11:09:51","modified_gmt":"2023-11-24T03:09:51","slug":"900frazoj11","status":"publish","type":"page","link":"https:\/\/reto.cn\/php\/hanyu\/lernado-de-esperanto\/900frazoj\/900frazoj11\/","title":{"rendered":"\u4e16\u754c\u8bed\u4e5d\u767e\u53e5 151-165"},"content":{"rendered":"<h4 style=\"text-align: center;\">\u4e16\u754c\u8bed\u4e5d\u767e\u53e5<br \/>\n11<\/h4>\n<p><strong>\uff0811\uff09POST VINTRA FERIO \u5bd2\u5047\u4e4b\u540e<\/strong><br \/>\n151.Saluton, K-dino Zhang! Kun granda \u011dojo mi revidas vin. Kiel vi fartas?<br \/>\n\u4f60\u597d\uff0c\u5f20\u540c\u5fd7\uff0c\u53c8\u89c1\u5230\u4f60\u771f\u9ad8\u5174\uff0c\u4f60\u597d\u5417\uff1f<br \/>\n152. Tre bone, dankon! \u0108u vi havis \u011dojan vintran ferion?<br \/>\n\u5f88\u597d\uff0c\u8c22\u8c22\uff01\u4f60\u5bd2\u5047\u597d\u5417\uff1f<br \/>\n153.Ho jes, kvankam nia kurso havis ferion, tamen nia lerno-grupo<br \/>\nkunsidis kelkfoje.<br \/>\n\u554a\uff0c\u662f\u7684\uff0c\u867d\u7136\u6211\u4eec\u5b66\u4e60\u73ed\u653e\u5047\u4e86\uff0c\u53ef\u662f\u6211\u4eec\u5b66\u4e60\u5c0f\u7ec4 \u8fd8\u662f\u805a\u4f1a\u4e86\u51e0\u6b21\u3002<br \/>\n154. \u0108u \u0109eestis anka\u016d s-ro instruisto Z ?<br \/>\nZ\u8001\u5e08\u4e5f\u53c2\u52a0\u4e86\u5417\uff1f<br \/>\n155. Ne, Li oficveturis al urbo C. Ni sendis nov-jaran gratul-karton al<br \/>\nli kun niaj subskriboj.<br \/>\n\u6ca1\u6709\uff0c\u4ed6\u51fa\u5dee\u5230C\u57ce\u53bb\u4e86\uff0c\u6211\u4eec\u7ed9\u4ed6\u5bc4\u4e86\u4e00\u5f20\u8d3a\u5e74\u7247\uff0c\u4e0a\u9762\u6709\u6211\u4eec\u5927\u5bb6\u7684\u7b7e\u540d\u3002<br \/>\n156.Ho, kara memora\u0135o!<br \/>\n\u554a\uff0c\u73cd\u8d35\u7684\u7eaa\u5ff5\u54c1\uff01<br \/>\n157.Sed kie kaj kiel vi pasigis la vintran ferion?<br \/>\n\u53ef\u662f\u4f60\u662f\u5728\u4ec0\u4e48\u5730\u65b9\uff0c\u662f\u600e\u6837\u8fc7\u7684\u5bd2\u5047\u5462\uff1f<br \/>\n158. En mia hejmloko, mi vizitis miajn gepatrojn.<br \/>\n\u5728\u8001\u5bb6\uff0c\u6211\u770b\u671b\u7236\u6bcd\u4eb2\u53bb\u4e86\u3002<br \/>\n159. \u0108u vi persiste lernas Esperanton \u0109iutage?<br \/>\n\u4f60\u6bcf\u5929\u575a\u6301\u5b66\u4e60\u4e16\u754c\u8bed\u5417\uff1f<br \/>\n160. Jes, kaj mi faris lerno-planon por nova jaro.<br \/>\n\u662f\u7684\uff0c\u800c\u4e14\u6211\u4e3a\u65b0\u7684\u4e00\u5e74\u5236\u8ba2\u4e86\u4e00\u4e2a\u5b66\u4e60\u8ba1\u5212\u3002<br \/>\n161.Bonvole iom parolu pri via piano, mi petas.<br \/>\n\u8bf7\u8c08\u8c08\u4f60\u7684\u8ba1\u5212\u5427\uff1f<br \/>\n162. Volonte. Unue, ni lernu pli bone en da\u016driga kurso.<br \/>\n\u597d\u7684\uff0c\u7b2c\u4e00\uff0c\u6211\u4eec\u5728\u8fdb\u4fee\u73ed\u597d\u597d\u5b66\u4e60.<br \/>\n163 .Ni lernu kune kaj helpu unu la alian.<br \/>\n\u8ba9\u6211\u4eec\u4e00\u8d77\u5b66\u4e60\u3001\u4e92\u76f8\u5e2e\u52a9\u3002<br \/>\n164. Due, mi ekzercu min je parolado kaj traduko, kiel eble piej multe.<br \/>\n\u5176\u6b21\uff0c\u6211\u8981\u5c3d\u53ef\u80fd\u591a\u5730\u7ec3\u4e60\u8bb2\u8bdd\u548c\u7ffb\u8bd1\u3002<br \/>\n165.Ni partoprenu la tradukan konkurson de \u201cLa Mondo.\u201d<br \/>\n\u6211\u4eec\u53bb\u53c2\u52a0\u300a\u4e16\u754c\u300b\u6742\u5fd7\u7684\u201c\u7ffb\u8bd1\u7ade\u8d5b\u201d\u5427\uff1f<br \/>\n\u5907\u7528\u5355\u8bcd<br \/>\nkunveno.\u5f00\u4f1a<br \/>\nvi\u015dilo.\u9ed1\u677f\u64e6<br \/>\nekzameno.\u8003\u8bd5<br \/>\nkreto.\u7c89\u7b14<br \/>\nprepari.\u51c6\u5907<br \/>\nbildo.\u6302\u56fe<br \/>\nrudimento.\u57fa\u672c\u77e5\u8bc6<br \/>\natendo.\u6ce8\u610f\u529b<br \/>\nklaso.\u73ed\u7ea7<br \/>\ninter\u015dan\u011do de spertoj.\u4ea4\u6d41\u7ecf\u9a8c<br \/>\nenhavo.\u5185\u5bb9<br \/>\nsemestro.\u5b66\u671f<br \/>\nrememoro.\u56de\u5fc6<br \/>\nskribilaro.\u6587\u5177<br \/>\nmetodo.\u65b9\u6cd5<br \/>\namika intervizito.\u53cb\u597d\u5f80\u6765<br \/>\nprintempa ekskurso.\u6625\u6e38<br \/>\nplumo.\u94a2\u7b14<br \/>\nglobkrajono.\u5706\u73e0\u7b14<br \/>\nmovado.\u6d3b\u52a8<br \/>\npartopreni.\u53c2\u52a0<\/p>\n<p>&nbsp;<\/p>\n<p>\u8fd4\u56de<a href=\"https:\/\/reto.cn\/php\/hanyu\/lernado-de-esperanto\/900frazoj\/\">\u4e16\u754c\u8bed\u4e5d\u767e\u53e5<\/a>\u76ee\u5f55<\/p>\n","protected":false},"excerpt":{"rendered":"<p>\u4e16\u754c\u8bed\u4e5d\u767e\u53e5 11 \uff0811\uff09POST VINTRA FERIO \u5bd2\u5047\u4e4b\u540e 151.Saluton, K-din\u2026 <span class=\"read-more\"><a href=\"https:\/\/reto.cn\/php\/hanyu\/lernado-de-esperanto\/900frazoj\/900frazoj11\/\">\u7ee7\u7eed\u9605\u8bfb Legi pli &raquo;<\/a><\/span><\/p>\n","protected":false},"author":1,"featured_media":0,"parent":15904,"menu_order":0,"comment_status":"open","ping_status":"closed","template":"","meta":{"footnotes":""},"_links":{"self":[{"href":"https:\/\/reto.cn\/php\/hanyu\/wp-json\/wp\/v2\/pages\/15945"}],"collection":[{"href":"https:\/\/reto.cn\/php\/hanyu\/wp-json\/wp\/v2\/pages"}],"about":[{"href":"https:\/\/reto.cn\/php\/hanyu\/wp-json\/wp\/v2\/types\/page"}],"author":[{"embeddable":true,"href":"https:\/\/reto.cn\/php\/hanyu\/wp-json\/wp\/v2\/users\/1"}],"replies":[{"embeddable":true,"href":"https:\/\/reto.cn\/php\/hanyu\/wp-json\/wp\/v2\/comments?post=15945"}],"version-history":[{"count":0,"href":"https:\/\/reto.cn\/php\/hanyu\/wp-json\/wp\/v2\/pages\/15945\/revisions"}],"up":[{"embeddable":true,"href":"https:\/\/reto.cn\/php\/hanyu\/wp-json\/wp\/v2\/pages\/15904"}],"wp:attachment":[{"href":"https:\/\/reto.cn\/php\/hanyu\/wp-json\/wp\/v2\/media?parent=15945"}],"curies":[{"name":"wp","href":"https:\/\/api.w.org\/{rel}","templated":true}]}}