{"id":15946,"date":"2023-11-15T17:48:25","date_gmt":"2023-11-15T09:48:25","guid":{"rendered":"https:\/\/reto.cn\/php\/hanyu\/lernado-de-esperanto\/900frazoj\/900frazoj1-35\/"},"modified":"2023-11-24T11:10:36","modified_gmt":"2023-11-24T03:10:36","slug":"900frazoj12","status":"publish","type":"page","link":"https:\/\/reto.cn\/php\/hanyu\/lernado-de-esperanto\/900frazoj\/900frazoj12\/","title":{"rendered":"\u4e16\u754c\u8bed\u4e5d\u767e\u53e5 166-180"},"content":{"rendered":"<h4 style=\"text-align: center;\">\u4e16\u754c\u8bed\u4e5d\u767e\u53e5<br \/>\n12<\/h4>\n<p><strong>\uff0812\uff09DEMANDI KAJ RESPONDI \u95ee\u4e0e\u7b54<\/strong><br \/>\n166. \u0108u hodia\u016d estas io farenda?<br \/>\n\u8bf7\u95ee\uff0c\u4eca\u5929\u6709\u4ec0\u4e48\u4e8b\u8981\u6211\u505a\u5417\uff1f<br \/>\n167.Ho, multaj, ekzemple, presi la &#8220;Novan Floron&#8221;, lernolibron, sendi<br \/>\noficialajn leterojn ktp.<br \/>\n\u4e8b\u60c5\u591a\u4e86\uff0c\u4f8b\u5982\u5370\u300a\u65b0\u82b1\u300b\uff0c\u5370\u8bfe\u672c\u3001\u53d1\u516c\u51fd\u7b49\u3002<br \/>\n168. Kion vi volontas fari?<br \/>\n\u4f60\u613f\u505a\u54ea\u4e00\u4ef6\u4e8b\u5462\uff1f<br \/>\n169. Mi presu &#8220;Novan Floron&#8221;! Kiam mi komencos? kaj kie?<br \/>\n\u6211\u53bb\u5370\u300a\u65b0\u82b1\u300b\u5427\uff01\u4ec0\u4e48\u65f6\u5019\u5f00\u59cb\uff1f\u5728\u4ec0\u4e48\u5730\u65b9\uff1f<br \/>\n170.Post vesperman\u011do, iru al la 15-a liceo, unuaeta\u011de , la dua \u0109ambro dekstre.<br \/>\n\u665a\u996d\u540e\u5230\u5341\u4e94\u4e2d\u4e8c\u697c\u53f3\u4fa7\u7b2c\u4e8c\u95f4\u529e\u516c\u5ba4\u3002<br \/>\n171.Kiu malfermos la pordon por mi?<br \/>\n\u6211\u5230\u5341\u4e94\u4e2d\u540e\u627e\u8c01\u5f00\u95e8\u5462\uff1f<br \/>\n172.Instruisto s-ro Zhang, \u0108u vi konas lin?<br \/>\n\u627e\u5f20\u8001\u5e08\uff0c\u4f60\u8ba4\u8bc6\u4ed6\u5417\uff1f<br \/>\n173. Ne kioma\u011da li estas?<br \/>\n\u4e0d\u8ba4\u8bc6\uff0c\u6709\u591a\u5927\u5e74\u7eaa\u4e86\u3002<br \/>\n174.\u0108irka\u016d 30-jara, mezalta, kun \u015canhaj-a dialekto.<br \/>\n\u5927\u6982\u4e09\u5341\u5c81\u5de6\u53f3\u5427\uff0c\u4e2d\u7b49\u4e2a\u5b50\uff0c\u64cd\u4e0a\u6d77\u53e3\u97f3\u3002<br \/>\n175.\u0108u stenciloj kaj presinkoj estas \u0109e li?<br \/>\n\u814a\u7eb8\u3001\u6cb9\u58a8\u90fd\u5728\u4ed6\u90a3\u91cc\u5417\uff1f<br \/>\n176.Jes, petu de li kion vi bezonas, A\u0125, \u0108u vi povas a\u0109eti pretervoje iom da blankaj paperoj kaj porti tien?<br \/>\n\u662f\u7684\uff0c\u4f60\u8981\u4ec0\u4e48\u5c31\u627e\u4ed6\uff0c\u554a\uff0c\u4f60\u80fd\u4e70\u70b9\u767d\u7eb8\u5e26\u53bb\u5417\uff1f<br \/>\n177.Jes, kompreneble, sed mi ne kunportas monon. \u0108u vi povus doni al mi iom da mono?<br \/>\n\u5f53\u7136\u53ef\u4ee5\uff0c\u4f46\u662f\u6211\u6ca1\u5e26\u94b1\uff0c\u4f60\u80fd\u7ed9\u4e00\u70b9\u94b1\u6211\u5417\uff1f<br \/>\n178.\u0108u vi povus reveni anka\u016d morga\u016d vespere?<br \/>\n\u4f60\u660e\u5929\u665a\u4e0a\u8fd8\u80fd\u6765\u5417\uff1f<br \/>\n179.Pardonu, morga\u016d vespere ni havos lecionon, mi venos postmorga\u016d vespere. \u0108u bone?<br \/>\n\u5bf9\u4e0d\u8d77\uff0c\u660e\u5929\u665a\u4e0a\u6211\u4eec\u8981\u4e0a\u8bfe\uff0c\u540e\u5929\u6765\u600e\u4e48\u6837\uff1f<br \/>\n180.Do, post la leciono ni kune sendos kelka \u201cNova Floro&#8221; \u011dustatempe.<br \/>\n\u8fd9\u6837\u5427\uff0c\u4e0a\u5b8c\u8bfe\u540e\uff0c\u6211\u4eec\u4e00\u8d77\u53bb\u628a\u51e0\u672c\u201c\u65b0\u82b1\u201d\u6309\u65f6\u5bc4\u53d1\u51fa\u53bb\u3002<br \/>\n\u5907\u7528\u5355\u8bcd<br \/>\npreferi.\u5b81\u613f<br \/>\nkredeble.\u5927\u6982<br \/>\nprobable.\u4e5f\u8bb8<br \/>\nsendube.\u65e0\u7591<br \/>\ntamen.\u7136\u800c<br \/>\nver\u015dajne jes.\u4f3c\u4e4e\u662f\u7684<br \/>\npovi.\u80fd\u591f<br \/>\nsupozeble.\u60f3\u5fc5\u662f<br \/>\nbeda\u016drinde.\u9057\u61be<br \/>\nobei.\u9075\u5b88<br \/>\nkonsulti.\u5546\u91cf<br \/>\nkonsenti.\u540c\u610f<br \/>\nproponi.\u5efa\u8bae<br \/>\nvolonte.\u613f\u610f<br \/>\npeti.\u8bf7\u6c42<br \/>\nespero.\u5e0c\u671b<br \/>\npermesi.\u5141\u8bb8<br \/>\nkredi.\u76f8\u4fe1<br \/>\nnature.\u81ea\u7136<br \/>\nakurata.\u51c6\u65f6<br \/>\ncerte.\u4e00\u5b9a<br \/>\nKial ne\uff1f\u4e3a\u4ec0\u4e48\u4e0d\u5462\uff1f<br \/>\nprave.\u5bf9\uff0c\u6b63\u786e<\/p>\n<p>&nbsp;<\/p>\n<p>\u8fd4\u56de<a href=\"https:\/\/reto.cn\/php\/hanyu\/lernado-de-esperanto\/900frazoj\/\">\u4e16\u754c\u8bed\u4e5d\u767e\u53e5<\/a>\u76ee\u5f55<\/p>\n","protected":false},"excerpt":{"rendered":"<p>\u4e16\u754c\u8bed\u4e5d\u767e\u53e5 12 \uff0812\uff09DEMANDI KAJ RESPONDI \u95ee\u4e0e\u7b54 166. \u0108u hodia\u016d e\u2026 <span class=\"read-more\"><a href=\"https:\/\/reto.cn\/php\/hanyu\/lernado-de-esperanto\/900frazoj\/900frazoj12\/\">\u7ee7\u7eed\u9605\u8bfb Legi pli &raquo;<\/a><\/span><\/p>\n","protected":false},"author":1,"featured_media":0,"parent":15904,"menu_order":0,"comment_status":"open","ping_status":"closed","template":"","meta":{"footnotes":""},"_links":{"self":[{"href":"https:\/\/reto.cn\/php\/hanyu\/wp-json\/wp\/v2\/pages\/15946"}],"collection":[{"href":"https:\/\/reto.cn\/php\/hanyu\/wp-json\/wp\/v2\/pages"}],"about":[{"href":"https:\/\/reto.cn\/php\/hanyu\/wp-json\/wp\/v2\/types\/page"}],"author":[{"embeddable":true,"href":"https:\/\/reto.cn\/php\/hanyu\/wp-json\/wp\/v2\/users\/1"}],"replies":[{"embeddable":true,"href":"https:\/\/reto.cn\/php\/hanyu\/wp-json\/wp\/v2\/comments?post=15946"}],"version-history":[{"count":0,"href":"https:\/\/reto.cn\/php\/hanyu\/wp-json\/wp\/v2\/pages\/15946\/revisions"}],"up":[{"embeddable":true,"href":"https:\/\/reto.cn\/php\/hanyu\/wp-json\/wp\/v2\/pages\/15904"}],"wp:attachment":[{"href":"https:\/\/reto.cn\/php\/hanyu\/wp-json\/wp\/v2\/media?parent=15946"}],"curies":[{"name":"wp","href":"https:\/\/api.w.org\/{rel}","templated":true}]}}