{"id":15947,"date":"2023-11-15T17:48:25","date_gmt":"2023-11-15T09:48:25","guid":{"rendered":"https:\/\/reto.cn\/php\/hanyu\/lernado-de-esperanto\/900frazoj\/900frazoj1-36\/"},"modified":"2023-11-26T09:11:31","modified_gmt":"2023-11-26T01:11:31","slug":"900frazoj13","status":"publish","type":"page","link":"https:\/\/reto.cn\/php\/hanyu\/lernado-de-esperanto\/900frazoj\/900frazoj13\/","title":{"rendered":"\u4e16\u754c\u8bed\u4e5d\u767e\u53e5 181-195"},"content":{"rendered":"<h4 style=\"text-align: center;\">\u4e16\u754c\u8bed\u4e5d\u767e\u53e5<br \/>\n13<\/h4>\n<p><strong>(13)POR EKSKURSO \u51c6\u5907\u8fdc\u8db3<\/strong><br \/>\n181.Haloo, kien vi rapidas, k-dino A?<br \/>\n\u5582\uff0cA\u540c\u5fd7\uff0c\u4f60\u5306\u5306\u5fd9\u5fd9\u5230\u54ea\u513f\u53bb\uff1f<br \/>\n182.Al k-dino C.<br \/>\n\u53bb\u627eC\u540c\u5fd7\u3002<br \/>\n183. \u011cu al \u015dia fabriko?<br \/>\n\u662f\u5230\u5979\u5382\u91cc\u53bb\u5417\uff1f<br \/>\n184.Ne, al \u015dia hejmo.<br \/>\n\u4e0d\uff0c\u5230\u5979\u5bb6\u91cc\u53bb\u3002<br \/>\n185.\u0108u \u015di ne havas maten-skipon hodia\u016d?<br \/>\n\u5979\u4eca\u5929\u4e0d\u662f\u65e9\u73ed\u5417\uff1f<br \/>\n186.Jes, sed \u015di jam finis sian skipon, kiam mi atingis \u015dian laborejon.<br \/>\n\u662f\u7684\uff0c\u4e0d\u8fc7\u6211\u5230\u8f66\u95f4\u65f6\uff0c\u5979\u5df2\u7ecf\u4e0b\u73ed\u4e86\u3002<br \/>\n187.\u0108u vi invitas \u015din al kinejo?<br \/>\n\u4f60\u662f\u7ea6\u5979\u770b\u7535\u5f71\u5417\uff1f<br \/>\n188.Ne. La filmon ni jam vidis anta\u016dhiera\u016d.<br \/>\n\u4e0d\uff0c\u524d\u5929\u6211\u4eec\u5df2\u7ecf\u770b\u8fc7\u4e86\u3002<br \/>\n189.Mi havas alian aferon.<br \/>\n\u6211\u6709\u4ef6\u522b\u7684\u4e8b\u3002<br \/>\n190.Mi portas al \u015di la informon, ke gekamaradoj de nia kurso ekskursos al \u0109irka\u016durbo morga\u016d matene.<br \/>\n\u6211\u8981\u544a\u8bc9\u5979\uff0c\u6211\u4eec\u8bb2\u4e60\u73ed\u7684\u540c\u5fd7\u4eec\uff0c\u660e\u5929\u65e9\u4e0a\u8981\u5230\u90ca\u5916 \u53bb\u8fdc\u8db3\u3002<br \/>\n191.\u0108u al la kaverno de Persikofloroj?<br \/>\n\u662f\u53bb\u6843\u82b1\u6d1e\u5417\uff1f<br \/>\n192.Ni vizitos la parkon de Flugantaj Nuboj kaj havos tie piknikon.<br \/>\n\u6211\u4eec\u8981\u53bb\u98de\u4e91\u516c\u56ed\uff0c\u5e76\u4e14\u5728\u90a3\u91cc\u91ce\u9910.<br \/>\n193.\u0108u vi jam sufi\u0109e preparis?<br \/>\n\u4f60\u5df2\u7ecf\u4f5c\u4e86\u5145\u5206\u51c6\u5907\u5417\uff1f<br \/>\n194.Mia tasko estas prepari fotilon, orientilon, mapon, verdastelan flagon.<br \/>\n\u6211\u7684\u4efb\u52a1\u662f\u51c6\u5907\u7167\u76f8\u673a\uff0c\u6307\u5357\u9488\uff0c\u5730\u56fe\uff0c\u7eff\u661f\u65d7\u3002<br \/>\n195.K-dino C devas prepari amuzajn programerojn en Esp-o. Kaj anka\u016d aliaj gek-doj havas sian taskon.<br \/>\nC\u540c\u5fd7\u8be5\u51c6\u5907\u4e16\u754c\u8bed\u6587\u827a\u8282\u76ee\uff0c\u522b\u7684\u540c\u5fd7\u4e5f\u90fd\u6709\u4efb\u52a1\u3002<br \/>\n\u5907\u7528\u8bcd\u8bed<br \/>\n\u0109e maro.\u6d77\u6ee8<br \/>\nmedikamento.\u836f\u54c1<br \/>\nkamparo.\u7530\u91ce\uff0c\u4e61\u4e0b<br \/>\nkunveni.\u96c6\u5408<br \/>\nkampadi.\u91ce\u8425\uff0c\u9732\u8425<br \/>\nekiri.\u51fa\u53d1<br \/>\narbaro.\u68ee\u6797<br \/>\ntendo.\u5e10\u84ec<br \/>\nper aviadilo.\u4e58\u98de\u673a<br \/>\npo\u015dtrancilo.\u5c0f\u5200<br \/>\nper a\u016dtobuso.\u4e58\u516c\u5171\u6c7d\u8f66<br \/>\nkuirilo.\u708a\u5177<br \/>\nmuzikilo.\u4e50\u5668<br \/>\nbicikli.\u9a91\u81ea\u884c\u8f66<br \/>\nlui boaton.\u79df\u8239<br \/>\npririgardi.\u53c2\u89c2<br \/>\ntornistro.\u80cc\u5305<br \/>\nbon\u015danco.\u597d\u673a\u4f1a<br \/>\n\u0109apo.\u5e3d\u5b50<br \/>\nestro.\u9886\u961f<\/p>\n<p>&nbsp;<\/p>\n<p>\u8fd4\u56de<a href=\"https:\/\/reto.cn\/php\/hanyu\/lernado-de-esperanto\/900frazoj\/\">\u4e16\u754c\u8bed\u4e5d\u767e\u53e5<\/a>\u76ee\u5f55<\/p>\n","protected":false},"excerpt":{"rendered":"<p>\u4e16\u754c\u8bed\u4e5d\u767e\u53e5 13 (13)POR EKSKURSO \u51c6\u5907\u8fdc\u8db3 181.Haloo, kien vi rapi\u2026 <span class=\"read-more\"><a href=\"https:\/\/reto.cn\/php\/hanyu\/lernado-de-esperanto\/900frazoj\/900frazoj13\/\">\u7ee7\u7eed\u9605\u8bfb Legi pli &raquo;<\/a><\/span><\/p>\n","protected":false},"author":1,"featured_media":0,"parent":15904,"menu_order":0,"comment_status":"open","ping_status":"closed","template":"","meta":{"footnotes":""},"_links":{"self":[{"href":"https:\/\/reto.cn\/php\/hanyu\/wp-json\/wp\/v2\/pages\/15947"}],"collection":[{"href":"https:\/\/reto.cn\/php\/hanyu\/wp-json\/wp\/v2\/pages"}],"about":[{"href":"https:\/\/reto.cn\/php\/hanyu\/wp-json\/wp\/v2\/types\/page"}],"author":[{"embeddable":true,"href":"https:\/\/reto.cn\/php\/hanyu\/wp-json\/wp\/v2\/users\/1"}],"replies":[{"embeddable":true,"href":"https:\/\/reto.cn\/php\/hanyu\/wp-json\/wp\/v2\/comments?post=15947"}],"version-history":[{"count":0,"href":"https:\/\/reto.cn\/php\/hanyu\/wp-json\/wp\/v2\/pages\/15947\/revisions"}],"up":[{"embeddable":true,"href":"https:\/\/reto.cn\/php\/hanyu\/wp-json\/wp\/v2\/pages\/15904"}],"wp:attachment":[{"href":"https:\/\/reto.cn\/php\/hanyu\/wp-json\/wp\/v2\/media?parent=15947"}],"curies":[{"name":"wp","href":"https:\/\/api.w.org\/{rel}","templated":true}]}}