{"id":16081,"date":"2023-11-15T17:48:25","date_gmt":"2023-11-15T09:48:25","guid":{"rendered":"https:\/\/reto.cn\/php\/hanyu\/lernado-de-esperanto\/900frazoj\/900frazoj35-3\/"},"modified":"2024-01-08T09:42:59","modified_gmt":"2024-01-08T01:42:59","slug":"900frazoj60","status":"publish","type":"page","link":"https:\/\/reto.cn\/php\/hanyu\/lernado-de-esperanto\/900frazoj\/900frazoj60\/","title":{"rendered":"\u4e16\u754c\u8bed\u4e5d\u767e\u53e5 886-900"},"content":{"rendered":"<h4 style=\"text-align: center;\">\u4e16\u754c\u8bed\u4e5d\u767e\u53e5<br \/>\n60<\/h4>\n<p><strong><b>\uff0860\uff09MODERNIGO \u73b0\u4ee3\u5316<\/b><\/strong><\/p>\n<p>886.Ni diligente laboras por la kvar modernigoj.<\/p>\n<p>\u6211\u4eec\u6b63\u5728\u4e3a\u201c\u56db\u4e2a\u73b0\u4ee3\u5316\u201d\u800c\u52aa\u529b\u5de5\u4f5c\u3002<\/p>\n<p>887.La kvar modernigoj estas modernigo de industrio, agrikulturo, nacidefendo, kaj scienco kaj tekniko.<\/p>\n<p>\u201c\u56db\u4e2a\u73b0\u4ee3\u5316\u201d\u662f\u6307\u5de5\u4e1a\u73b0\u4ee3\u5316\u3001\u519c\u4e1a\u73b0\u4ee3\u5316\u3001\u56fd\u9632\u73b0 \u4ee3\u5316\u548c\u79d1\u5b66\u6280\u672f\u73b0\u4ee3\u5316\u3002<\/p>\n<p>888.La \u0109efa signo de modernigo estas granda plialtigo de la popola vivo.<\/p>\n<p>\u73b0\u4ee3\u5316\u7684\u4e3b\u8981\u6807\u5fd7\u662f\u4eba\u6c11\u751f\u6d3b\u5927\u5927\u63d0\u9ad8\u3002<\/p>\n<p>889.En nia urbo oni konstruas rapidan \u015doseon kaj kruci\u011dan pont\u015doseon.<\/p>\n<p>\u6211\u4eec\u57ce\u5e02\u6b63\u5728\u4fee\u9020\u9ad8\u901f\u516c\u8def\u548c\u7acb\u4ea4\u6865\u3002<\/p>\n<p>890.Supermerkato anka\u016d estas la produkto de modernigo.<\/p>\n<p>\u8d85\u7ea7\u5e02\u573a\u4e5f\u662f\u73b0\u4ee3\u5316\u7684\u4ea7\u7269\u3002<\/p>\n<p>891.Elektronika komputero povas senhomigi la fabrikon.<\/p>\n<p>\u7535\u5b50\u8ba1\u7b97\u673a\u80fd\u4f7f\u5de5\u5382\u65e0\u4eba\u5316\u3002<\/p>\n<p>892.Tiam anka\u016d la penso de homoj multe progresas.<\/p>\n<p>\u4eba\u4eec\u7684\u601d\u60f3\u4e5f\u4f1a\u5927\u5927\u8fdb\u6b65\u3002<\/p>\n<p>893.Ni kreas ne nur la abundan materian civilizacion, sed anka\u016d altan spiritan civilizacion.<\/p>\n<p>\u6211\u4eec\u65e2\u521b\u9020\u4e30\u5bcc\u7684\u7269\u8d28\u6587\u660e\uff0c\u53c8\u521b\u9020\u9ad8\u5ea6\u7684\u7cbe\u795e\u6587\u660e\u3002<\/p>\n<p>894.La unua pa\u015do de modernigo estas la \u011deneraligo de elektro.<\/p>\n<p>\u73b0\u4ee3\u5316\u7684\u7b2c\u4e00\u6b65\u662f\u666e\u53ca\u7535\u6c14\u5316\u3002<\/p>\n<p>895.La aerspaca aviado fari\u011dos nova rimedo de komunikado.<\/p>\n<p>\u5b87\u5b99\u822a\u884c\u5c06\u6210\u4e3a\u65b0\u7684\u4ea4\u901a\u9014\u5f84\u3002<\/p>\n<p>896.Oni diras, ke la estonta mondo estos la mondo de plastiko, \u0109u jes?<\/p>\n<p>\u6709\u4eba\u8bf4\uff0c\u672a\u6765\u7684\u4e16\u754c\u662f\u5851\u6599\u4e16\u754c\uff0c\u5bf9\u5417\uff1f<\/p>\n<p>897.Malfermado de submaraj urboj kaj pa\u015dtejoj estos eblaj.<\/p>\n<p>\u6d77\u5e95\u57ce\u5e02\u548c\u6d77\u5e95\u7267\u573a\u7684\u5f00\u8f9f\u5012\u662f\u53ef\u80fd\u7684\u3002<\/p>\n<p>898.En Britio, oni jam anstata\u016digis telegrafion per fototelegrafio.<\/p>\n<p>\u82f1\u56fd\u5df2\u7ecf\u7528\u4f20\u771f\u4ee3\u66ff\u4e86\u7535\u62a5\u3002<\/p>\n<p>899.La matenman\u011do de estonteco eble estos \u0109iutagaj \u0135urnaloj.<\/p>\n<p>\u5c06\u6765\u7684\u65e9\u70b9\u6216\u8bb8\u5c31\u662f\u6bcf\u5929\u7684\u62a5\u7eb8\u3002<\/p>\n<p>900.Kiel ajn disvolvinta la scienco estos, oni ankora\u016d ne povos forlasi fizikan laboron.<\/p>\n<p>\u65e0\u8bba\u79d1\u5b66\u591a\u4e48\u53d1\u8fbe\uff0c\u8fd8\u662f\u79bb\u4e0d\u5f00\u4eba\u7684\u4f53\u529b\u52b3\u52a8\u3002<\/p>\n<p>\u5907\u7528\u5355\u8bcd<\/p>\n<p>levi\u011do de \u0108inio.\u632f\u5174\u4e2d\u534e<\/p>\n<p>mola\u0135o.\u8f6f\u4ef6<\/p>\n<p>mez-ri\u0109a socio.\u5c0f\u5eb7\u793e\u4f1a<\/p>\n<p>roboto.\u673a\u5668\u4eba<\/p>\n<p>televida telefono.\u7535\u89c6\u7535\u8bdd<\/p>\n<p>modernigo de familio.\u5bb6\u5ead\u73b0\u4ee3\u5316<\/p>\n<p>modernaj aparatoj de oficejo.\u73b0\u4ee3\u529e\u516c\u5de5\u5177<\/p>\n<p>sun-energio.\u592a\u9633\u80fd<\/p>\n<p>agrikultura fabriko.\u519c\u4e1a\u5de5\u5382<\/p>\n<p>teknika revolucio.\u6280\u672f\u9769\u547d<\/p>\n<p>me\u0125aniza kokbredado.\u673a\u68b0\u5316\u517b\u9e21<\/p>\n<p>informo.\u4fe1\u606f<\/p>\n<p>elektrona muzikilo.\u7535\u5b50\u4e50\u5668<\/p>\n<p>e\u016dgeniko.\u4f18\u751f\u5b66<\/p>\n<p>&nbsp;<\/p>\n<p>\u8fd4\u56de<a href=\"https:\/\/reto.cn\/php\/hanyu\/lernado-de-esperanto\/900frazoj\/\">\u4e16\u754c\u8bed\u4e5d\u767e\u53e5<\/a>\u76ee\u5f55<\/p>\n","protected":false},"excerpt":{"rendered":"<p>\u4e16\u754c\u8bed\u4e5d\u767e\u53e5 60 \uff0860\uff09MODERNIGO \u73b0\u4ee3\u5316 886.Ni diligente laboras po\u2026 <span class=\"read-more\"><a href=\"https:\/\/reto.cn\/php\/hanyu\/lernado-de-esperanto\/900frazoj\/900frazoj60\/\">\u7ee7\u7eed\u9605\u8bfb Legi pli &raquo;<\/a><\/span><\/p>\n","protected":false},"author":1,"featured_media":0,"parent":15904,"menu_order":0,"comment_status":"open","ping_status":"closed","template":"","meta":{"footnotes":""},"_links":{"self":[{"href":"https:\/\/reto.cn\/php\/hanyu\/wp-json\/wp\/v2\/pages\/16081"}],"collection":[{"href":"https:\/\/reto.cn\/php\/hanyu\/wp-json\/wp\/v2\/pages"}],"about":[{"href":"https:\/\/reto.cn\/php\/hanyu\/wp-json\/wp\/v2\/types\/page"}],"author":[{"embeddable":true,"href":"https:\/\/reto.cn\/php\/hanyu\/wp-json\/wp\/v2\/users\/1"}],"replies":[{"embeddable":true,"href":"https:\/\/reto.cn\/php\/hanyu\/wp-json\/wp\/v2\/comments?post=16081"}],"version-history":[{"count":0,"href":"https:\/\/reto.cn\/php\/hanyu\/wp-json\/wp\/v2\/pages\/16081\/revisions"}],"up":[{"embeddable":true,"href":"https:\/\/reto.cn\/php\/hanyu\/wp-json\/wp\/v2\/pages\/15904"}],"wp:attachment":[{"href":"https:\/\/reto.cn\/php\/hanyu\/wp-json\/wp\/v2\/media?parent=16081"}],"curies":[{"name":"wp","href":"https:\/\/api.w.org\/{rel}","templated":true}]}}