{"id":16085,"date":"2023-11-15T17:48:25","date_gmt":"2023-11-15T09:48:25","guid":{"rendered":"https:\/\/reto.cn\/php\/hanyu\/lernado-de-esperanto\/900frazoj\/900frazoj35-7\/"},"modified":"2023-12-14T08:48:58","modified_gmt":"2023-12-14T00:48:58","slug":"900frazoj40","status":"publish","type":"page","link":"https:\/\/reto.cn\/php\/hanyu\/lernado-de-esperanto\/900frazoj\/900frazoj40\/","title":{"rendered":"\u4e16\u754c\u8bed\u4e5d\u767e\u53e5 586-600"},"content":{"rendered":"<h4 style=\"text-align: center;\">\u4e16\u754c\u8bed\u4e5d\u767e\u53e5<br \/>\n40<\/h4>\n<p>&nbsp;<\/p>\n<p><strong><b>\uff0840\uff09SPORTADO \u4f53\u80b2\u6d3b\u52a8<\/b><\/strong><\/p>\n<p>586.Posttagmeze okazos futbal-ma\u0109o. Mi havas du biletojn. Ni iru kune, \u0108u bone?<\/p>\n<p>\u4e0b\u5348\u6709\u573a\u8db3\u7403\u8d5b\u3002\u6211\u6709\u4e24\u5f20\u7968\uff0c\u4e00\u9053\u53bb\u770b\u5427\uff01<\/p>\n<p>587.Pardonon, mia koro ne estas tre sana kaj ne povas elteni tiel intensivan sporton.<\/p>\n<p>\u5bf9\u4e0d\u8d77\uff0c\u6211\u5fc3\u810f\u4e0d\u592a\u597d\uff0c\u4e0d\u80fd\u770b\u90a3\u7d27\u5f20\u7684\u8fd0\u52a8\u3002<\/p>\n<p>588.Mi tre \u015datas volanon, sed mi ludas ne bone.<\/p>\n<p>\u6211\u975e\u5e38\u559c\u6b22\u6253\u7fbd\u6bdb\u7403\uff0c\u4f46\u6253\u5f97\u4e0d\u597d\u3002<\/p>\n<p>589.Kia sporto pla\u0109as al vi? \u0108u na\u011di a\u016d grimpi monton?<\/p>\n<p>\u4f60\u559c\u6b22\u4ec0\u4e48\u8fd0\u52a8\uff1f\u6e38\u6cf3\u8fd8\u662f\u722c\u5c71\uff1f<\/p>\n<p>590.Hodia\u016d posttagmeze mi vizitos sporthalon por ekzerco.<\/p>\n<p>\u4eca\u5929\u4e0b\u5348\uff0c\u6211\u8981\u53bb\u4f53\u80b2\u9986\u8bad\u70bc\u3002<\/p>\n<p>591.\u0108u vi persistas en korpo-ekzercado \u0109iumatene?<\/p>\n<p>\u4f60\u6bcf\u5929\u90fd\u575a\u6301\u65e9\u953b\u70bc\u5417?<\/p>\n<p>592.Jes, kuradi kaj fari gimnastikon estas mia kutimo \u0109iumatene.<\/p>\n<p>\u662f\u7684\u3002\u6bcf\u5929\u65e9\u4e0a\u8d77\u6765\uff0c\u6211\u517b\u6210\u4e86\u505a\u64cd\u548c\u8dd1\u6b65\u7684\u4e60\u60ef\u3002<\/p>\n<p>593.Mia juna frato estas tablotenisisto.<\/p>\n<p>\u6211\u5f1f\u5f1f\u662f\u4e2a\u4e52\u4e53\u7403\u52a8\u8fd0\u5458\u3002<\/p>\n<p>594.Hiera\u016d vespere ni havis pilkma\u0109on. La rezulto estis ses kontra\u016d ses. (\u6216po ses)<\/p>\n<p>\u6628\u665a\u6211\u4eec\u8d5b\u4e86\u4e00\u573a\u7403\uff0c\u6253\u6210\u516d\u5e73\u3002<\/p>\n<p>595.K-do Zhang estas atleto sperta en longdistanca kurado.<\/p>\n<p>\u5f20\u540c\u5fd7\u662f\u4e00\u4f4d\u6709\u7ecf\u9a8c\u7684\u957f\u8dd1\u7530\u5f84\u52a8\u8fd0\u5458\u3002<\/p>\n<p>596.Kiam mi lernis en mezlernejo, mi estis \u0109ef-membro de glacihokea teamo.<\/p>\n<p>\u4e2d\u5b66\u65f6\uff0c\u6211\u66fe\u662f\u51b0\u7403\u961f\u7684\u4e3b\u529b\u961f\u5458\u3002<\/p>\n<p>597.Hodia\u016d vespere konkursos la virinaj flugpilkaj teamoj de \u0108inio kaj Japanio, certe tre alloga!<\/p>\n<p>\u4eca\u665a\u662f\u4e2d\u56fd\u5973\u6392\u5bf9\u65e5\u672c\u5973\u6392\uff0c\u4e00\u5b9a\u5f88\u7cbe\u5f69\u3002<\/p>\n<p>598.Mi estas membro de la skiista klubo.<\/p>\n<p>\u6211\u662f\u6ed1\u96ea\u4ff1\u4e50\u90e8\u7684\u6210\u5458\u3002<\/p>\n<p>599.Li Ming estas ravita de glitkurado.<\/p>\n<p>\u674e\u660e\u6ed1\u65f1\u51b0\u90fd\u5165\u8ff7\u4e86\u3002<\/p>\n<p>600.Fizika kulturo estas saniga kaj utila por plilongigi vivon.<\/p>\n<p>\u4f53\u80b2\u953b\u70bc\u53ef\u4ee5\u589e\u5f3a\u5065\u5eb7\uff0c\u5ef6\u5e74\u76ca\u5bff\u3002<\/p>\n<p>\u5907\u7528\u5355\u8bcd<\/p>\n<p>korbo-pilkado.\u7bee\u7403<\/p>\n<p>\u0109ina \u015dako.\u4e2d\u56fd\u8c61\u68cb<\/p>\n<p>longo-saltalo.\u8df3\u8fdc<\/p>\n<p>internacia \u015dako.\u8df3\u68cb<\/p>\n<p>alto-saltado.\u8df3\u9ad8<\/p>\n<p>\u0135et-lanco.\u6807\u67aa<\/p>\n<p>bri\u011do.\u6865\u724c<\/p>\n<p>disko.\u94c1\u997c<\/p>\n<p>akvo-pilkado.\u6c34\u7403<\/p>\n<p>halterlevado.\u4e3e\u91cd<\/p>\n<p>remado.\u5212\u8239<\/p>\n<p>boksado.\u62f3\u51fb<\/p>\n<p>mar\u015dado.\u7ade\u8d70<\/p>\n<p>plon\u011dado.\u8df3\u6c34<\/p>\n<p>skermado.\u51fb\u5251<\/p>\n<p>gimnastiko.\u4f53\u64cd<\/p>\n<p>luktado.\u6454\u8de4<\/p>\n<p>stadiono.\u4f53\u80b2\u573a<\/p>\n<p>\u0135udo.\u67d4\u9053<\/p>\n<p>\u8fd4\u56de<a href=\"https:\/\/reto.cn\/php\/hanyu\/lernado-de-esperanto\/900frazoj\/\">\u4e16\u754c\u8bed\u4e5d\u767e\u53e5<\/a>\u76ee\u5f55<\/p>\n","protected":false},"excerpt":{"rendered":"<p>\u4e16\u754c\u8bed\u4e5d\u767e\u53e5 40 &nbsp; \uff0840\uff09SPORTADO \u4f53\u80b2\u6d3b\u52a8 586.Posttagmeze okaz\u2026 <span class=\"read-more\"><a href=\"https:\/\/reto.cn\/php\/hanyu\/lernado-de-esperanto\/900frazoj\/900frazoj40\/\">\u7ee7\u7eed\u9605\u8bfb Legi pli &raquo;<\/a><\/span><\/p>\n","protected":false},"author":1,"featured_media":0,"parent":15904,"menu_order":0,"comment_status":"open","ping_status":"closed","template":"","meta":{"footnotes":""},"_links":{"self":[{"href":"https:\/\/reto.cn\/php\/hanyu\/wp-json\/wp\/v2\/pages\/16085"}],"collection":[{"href":"https:\/\/reto.cn\/php\/hanyu\/wp-json\/wp\/v2\/pages"}],"about":[{"href":"https:\/\/reto.cn\/php\/hanyu\/wp-json\/wp\/v2\/types\/page"}],"author":[{"embeddable":true,"href":"https:\/\/reto.cn\/php\/hanyu\/wp-json\/wp\/v2\/users\/1"}],"replies":[{"embeddable":true,"href":"https:\/\/reto.cn\/php\/hanyu\/wp-json\/wp\/v2\/comments?post=16085"}],"version-history":[{"count":0,"href":"https:\/\/reto.cn\/php\/hanyu\/wp-json\/wp\/v2\/pages\/16085\/revisions"}],"up":[{"embeddable":true,"href":"https:\/\/reto.cn\/php\/hanyu\/wp-json\/wp\/v2\/pages\/15904"}],"wp:attachment":[{"href":"https:\/\/reto.cn\/php\/hanyu\/wp-json\/wp\/v2\/media?parent=16085"}],"curies":[{"name":"wp","href":"https:\/\/api.w.org\/{rel}","templated":true}]}}