{"id":16086,"date":"2023-11-15T17:48:25","date_gmt":"2023-11-15T09:48:25","guid":{"rendered":"https:\/\/reto.cn\/php\/hanyu\/lernado-de-esperanto\/900frazoj\/900frazoj35-8\/"},"modified":"2023-12-14T08:48:28","modified_gmt":"2023-12-14T00:48:28","slug":"900frazoj39","status":"publish","type":"page","link":"https:\/\/reto.cn\/php\/hanyu\/lernado-de-esperanto\/900frazoj\/900frazoj39\/","title":{"rendered":"\u4e16\u754c\u8bed\u4e5d\u767e\u53e5 571-585"},"content":{"rendered":"<h4 style=\"text-align: center;\">\u4e16\u754c\u8bed\u4e5d\u767e\u53e5<br \/>\n39<\/h4>\n<p>&nbsp;<\/p>\n<p><strong><b>\uff0839\uff09AMUZO \u6587\u5a31\u6d3b\u52a8<\/b><\/strong><\/p>\n<p>571.Hodia\u016d estas sabato, vespere okazos balo. \u0108u anka\u016d vi volus gin viziti?<\/p>\n<p>\u4eca\u5929\u662f\u661f\u671f\u516d\uff0c\u665a\u4e0a\u6709\u5348\u4f1a\uff0c\u4f60\u4e5f\u53bb\u53c2\u52a0\u5417\uff1f<\/p>\n<p>572.Ne, mi ne volus. Mi ne \u015datas danci, \u0109ar mi dancas<\/p>\n<p>malbone.<\/p>\n<p>\u6211\u4e0d\u60f3\u53bb\uff0c\u6211\u4e0d\u559c\u6b22\u8df3\u821e\uff0c\u56e0\u4e3a\u6211\u8df3\u5f97\u4e0d\u597d\u3002<\/p>\n<p>573.Kial vi pasigas diman\u0109on?<\/p>\n<p>\u661f\u671f\u5929\u600e\u4e48\u6e21\u8fc7\uff1f<\/p>\n<p>574.Mi kaj mia filino \u015datas viziti al librejo a\u016d parko.<\/p>\n<p>\u6211\u548c\u5973\u513f\u90fd\u559c\u6b22\u901b\u4e66\u5e97\u548c\u516c\u56ed\u3002<\/p>\n<p>575.\u0108u vi \u015datas la Pekinan operon?<\/p>\n<p>\u4f60\u7231\u770b\u4eac\u5267\u5417\uff1f<\/p>\n<p>576.Mi preferas ludi pokeron ol vidi la operon.<\/p>\n<p>\u6211\u5b81\u613f\u6253\u6251\u514b\u4e5f\u4e0d\u613f\u770b\u6b4c\u5267\u3002<\/p>\n<p>577.Mi \u015datas fi\u015dhoki kaj \u0109asi.<\/p>\n<p>\u6211\u559c\u6b22\u94a9\u9c7c\u548c\u6253\u730e\u3002<\/p>\n<p>578.Kio estas viaj maretoj? Per kio vi ordinare amuzigas vin?<\/p>\n<p>\u4f60\u559c\u6b22\u4ec0\u4e48\u5a31\u4e50\u6d3b\u52a8\uff0c\u6709\u4ec0\u4e48\u7231\u597d\uff1f<\/p>\n<p>579.Mi vizitas kinejon a\u016d spektas televidon.<\/p>\n<p>\u6211\u770b\u7535\u5f71\u6216\u8005\u770b\u7535\u89c6\u3002<\/p>\n<p>580.Mi ali\u011dis al la koruso de Esperanto, \u0109iusabate ni havas aktivadon.<\/p>\n<p>\u6211\u53c2\u52a0\u4e86\u4e16\u754c\u8bed\u5408\u5531\u56e2\uff0c\u6bcf\u661f\u671f\u516d\u6d3b\u52a8\u4e00\u6b21\u3002<\/p>\n<p>581.Nia familio ofte ekskursas al la anta\u016durbo en la printempa ferio.<\/p>\n<p>\u6625\u5929\u7684\u5047\u65e5\uff0c\u6211\u4eec\u5168\u5bb6\u5e38\u53bb\u90ca\u6e38\u3002<\/p>\n<p>582.Mi ofte vizitas al la amuzejo en la Kultura Domo.<\/p>\n<p>\u6587\u5316\u5bab\u7684\u6e38\u827a\u5ba4\u662f\u6211\u7ecf\u5e38\u62dc\u8bbf\u7684\u5730\u65b9\u3002<\/p>\n<p>583.Mi \u015datas solvi enigmojn, tio estas sa\u011diga ludo.<\/p>\n<p>\u6211\u559c\u6b22\u731c\u8c1c\uff0c\u8fd9\u662f\u4e00\u79cd\u667a\u529b\u6e38\u620f\u3002<\/p>\n<p>584.Mi estas ravita de la elektronludilo.<\/p>\n<p>\u6211\u7b80\u76f4\u88ab\u7535\u5b50\u6e38\u827a\u673a\u8ff7\u4f4f\u4e86\u3002<\/p>\n<p>585.Se pri mia amuzo, tio nur estas legi novelojn.<\/p>\n<p>\u5982\u679c\u8bf4\u6211\u7684\u5a31\u4e50\u6d3b\u52a8\uff0c\u90a3\u53ea\u6709\u8bfb\u5c0f\u8bf4\u4e86\u3002<\/p>\n<p>\u5907\u7528\u5355\u8bcd<\/p>\n<p>koncerto.\u97f3\u4e50\u4f1a<\/p>\n<p>spektatoro.\u89c2\u4f17<\/p>\n<p>programo.\u8282\u76ee<\/p>\n<p>stereoskopia filmo.\u7acb\u4f53\u7535\u5f71<\/p>\n<p>spekti.\u6b23\u8d4f<\/p>\n<p>humura dialogo.\u76f8\u58f0<\/p>\n<p>kolora televizio.\u5f69\u8272\u7535\u89c6<\/p>\n<p>bileto.\u7968<\/p>\n<p>anoncant(in)o.\u62a5\u5e55\u5458<\/p>\n<p>gramofono.\u7535\u5531\u673a<\/p>\n<p>korifeo.\u9886\u5531<\/p>\n<p>kinostelo.\u7535\u5f71\u660e\u661f<\/p>\n<p>akrobata\u0135o.\u6742\u6280<\/p>\n<p>kolektiva danco.\u96c6\u4f53\u821e<\/p>\n<p>pupoteatra\u0135o.\u6728\u5076\u620f<\/p>\n<p>fulma lampo.\u95ea\u5149\u706f<\/p>\n<p>komedio.\u559c\u5267<\/p>\n<p>lar\u011dekrana filmo.\u5bbd\u94f6\u5e55\u7535\u5f71<\/p>\n<p>tragedio.\u60b2\u5267<\/p>\n<p>aktoro.\u6f14\u5458<\/p>\n<p>loka opero.\u5730\u65b9\u620f<\/p>\n<p>\u8fd4\u56de<a href=\"https:\/\/reto.cn\/php\/hanyu\/lernado-de-esperanto\/900frazoj\/\">\u4e16\u754c\u8bed\u4e5d\u767e\u53e5<\/a>\u76ee\u5f55<\/p>\n","protected":false},"excerpt":{"rendered":"<p>\u4e16\u754c\u8bed\u4e5d\u767e\u53e5 39 &nbsp; \uff0839\uff09AMUZO \u6587\u5a31\u6d3b\u52a8 571.Hodia\u016d estas sabato\u2026 <span class=\"read-more\"><a href=\"https:\/\/reto.cn\/php\/hanyu\/lernado-de-esperanto\/900frazoj\/900frazoj39\/\">\u7ee7\u7eed\u9605\u8bfb Legi pli &raquo;<\/a><\/span><\/p>\n","protected":false},"author":1,"featured_media":0,"parent":15904,"menu_order":0,"comment_status":"open","ping_status":"closed","template":"","meta":{"footnotes":""},"_links":{"self":[{"href":"https:\/\/reto.cn\/php\/hanyu\/wp-json\/wp\/v2\/pages\/16086"}],"collection":[{"href":"https:\/\/reto.cn\/php\/hanyu\/wp-json\/wp\/v2\/pages"}],"about":[{"href":"https:\/\/reto.cn\/php\/hanyu\/wp-json\/wp\/v2\/types\/page"}],"author":[{"embeddable":true,"href":"https:\/\/reto.cn\/php\/hanyu\/wp-json\/wp\/v2\/users\/1"}],"replies":[{"embeddable":true,"href":"https:\/\/reto.cn\/php\/hanyu\/wp-json\/wp\/v2\/comments?post=16086"}],"version-history":[{"count":0,"href":"https:\/\/reto.cn\/php\/hanyu\/wp-json\/wp\/v2\/pages\/16086\/revisions"}],"up":[{"embeddable":true,"href":"https:\/\/reto.cn\/php\/hanyu\/wp-json\/wp\/v2\/pages\/15904"}],"wp:attachment":[{"href":"https:\/\/reto.cn\/php\/hanyu\/wp-json\/wp\/v2\/media?parent=16086"}],"curies":[{"name":"wp","href":"https:\/\/api.w.org\/{rel}","templated":true}]}}