{"id":16087,"date":"2023-11-15T17:48:25","date_gmt":"2023-11-15T09:48:25","guid":{"rendered":"https:\/\/reto.cn\/php\/hanyu\/lernado-de-esperanto\/900frazoj\/900frazoj35-9\/"},"modified":"2023-12-14T08:47:58","modified_gmt":"2023-12-14T00:47:58","slug":"900frazoj38","status":"publish","type":"page","link":"https:\/\/reto.cn\/php\/hanyu\/lernado-de-esperanto\/900frazoj\/900frazoj38\/","title":{"rendered":"\u4e16\u754c\u8bed\u4e5d\u767e\u53e5 556-570"},"content":{"rendered":"<h4 style=\"text-align: center;\">\u4e16\u754c\u8bed\u4e5d\u767e\u53e5<br \/>\n38<\/h4>\n<p>&nbsp;<\/p>\n<p><strong><b>\uff0838\uff09EN RESTORACIO \u5728\u9910\u9986<\/b><\/strong><\/p>\n<p>556.Eniru kaj iom man\u011du! Man\u011da\u0135oj de tiu \u0109i restoracio estas bongustaj.\u8fdb\u53bb\u5403\u70b9\u5427\uff0c\u8fd9\u5bb6\u996d\u9986\u7684\u996d\u83dc\u4e0d\u9519\u3002<\/p>\n<p>557.Kion vi volas? Jen estas menuo.<\/p>\n<p>\u4f60\u60f3\u5403\u70b9\u4ec0\u4e48\uff1f\u8fd9\u662f\u83dc\u5355\u3002<\/p>\n<p>558.\u0108u tiu sid-loko estas libera?<\/p>\n<p>\u8fd9\u4e2a\u5ea7\u4f4d\u7a7a\u5417?<\/p>\n<p>559.Pardonon. \u011ci estas okupita.<\/p>\n<p>\u5bf9\u4e0d\u8d77\uff0c\u8fd9\u4e2a\u5ea7\u4f4d\u6709\u4eba\u3002<\/p>\n<p>560.Sidi\u015cu! Jen estas libera tablo.<\/p>\n<p>\u8bf7\u5750\uff01\u8fd9\u5f20\u684c\u5b50\u7a7a\u7740\u3002<\/p>\n<p>561.\u0108u vi estas kvar personoj?<\/p>\n<p>\u4f60\u4eec\u662f\u56db\u4e2a\u4eba\u5417\uff1f<\/p>\n<p>562.\u0108u \u0109io en la menuo estas mendebla?<\/p>\n<p>\u83dc\u5355\u4e0a\u7684\u83dc\u73b0\u5728\u90fd\u4f9b\u5e94\u5417\uff1f<\/p>\n<p>563.\u0108u vi volas karpon kun bruna sa\u016dco a\u016d kolbason?<\/p>\n<p>\u4f60\u8981\u7ea2\u70e7\u9ca4\u9c7c\u8fd8\u662f\u8981\u9999\u80a0\uff1f<\/p>\n<p>564.Donu al ni po glason da vino!<\/p>\n<p>\u7ed9\u6211\u4eec\u6bcf\u4eba\u4e00\u5c0f\u676f\u9152\u5427\uff01<\/p>\n<p>565.K-do kelner(in)o alportu kvar porciojn da man\u011da\u0135o.<\/p>\n<p>\u670d\u52a1\u5458\u540c\u5fd7\uff0c\u8bf7\u62ff\u56db\u4efd\u996d\u597d\u5417\uff1f<\/p>\n<p>566.Al mi he pla\u0109as tiu \u0109i plado, tre sala.<\/p>\n<p>\u6211\u4e0d\u559c\u6b22\u8fd9\u4e2a\u83dc\uff0c\u592a\u54b8\u4e86\u3002<\/p>\n<p>567.Kial la man\u011da\u0135ojn ankora\u016d ne alportas? Kiom longe ni atendos?<\/p>\n<p>\u600e\u4e48\u83dc\u8fd8\u6ca1\u6765\uff0c\u8981\u7b49\u591a\u4e45\uff1f<\/p>\n<p>568.\u0108u ankora\u016d aliajn man\u011da\u0135ojn vi deziras?<\/p>\n<p>\u4f60\u8fd8\u8981\u70b9\u522b\u7684\u4e1c\u897f\u5417\uff1f<\/p>\n<p>569.Mian kalkulon, mi petas! Kiom resume?<\/p>\n<p>\u8bf7\u7ed9\u6211\u7b97\u5e10\u5427\uff0c\u4e00\u5171\u591a\u5c11\u94b1\uff1f<\/p>\n<p>570.Kiel vi opinias pri la man\u011da\u0135oj? \u0108u vi estas kontenta?<\/p>\n<p>\u4f60\u89c9\u5f97\u8fd9\u9910\u9986\u600e\u6837\uff0c\u8fd8\u6ee1\u610f\u5417\uff1f<\/p>\n<p>\u5907\u7528\u5355\u8bcd<\/p>\n<p>e\u016dropa man\u011do.\u897f\u9910<\/p>\n<p>\u0109ina man\u011do.\u4e2d\u9910<\/p>\n<p>bu\u015dtuko.\u9910\u5dfe\u7eb8<\/p>\n<p>festeni.\u8d74\u5bb4<\/p>\n<p>dentpurigilo.\u7259\u7b7e<\/p>\n<p>bankedo.\u5bb4\u4f1a<\/p>\n<p>sodakvo.\u6c7d\u6c34<\/p>\n<p>grasa.\u80a5\u7684<\/p>\n<p>malgrasa.\u7626\u7684<\/p>\n<p>recepto.\u98df\u8c31<\/p>\n<p>apetito.\u80c3\u53e3\u3001\u98df\u6b32<\/p>\n<p>orgio.\u72c2\u5bb4\u3001\u72c2\u6b22<\/p>\n<p>sa\u016dco.\u9171\u6cb9<\/p>\n<p>pipro.\u80e1\u6912<\/p>\n<p>vinagro.\u918b<\/p>\n<p>ajlo.\u849c<\/p>\n<p>eleganta sidloko.\u96c5\u5ea7<\/p>\n<p>ok pladoj kaj du supoj.\u516b\u83dc\u4e8c\u6c64<\/p>\n<p>man\u011dilaro.\u9910\u5177<\/p>\n<p>biero.\u5564\u9152<\/p>\n<p>plado.\u5927\u83dc\u76d8<\/p>\n<p>telero.\u789f\u5b50<\/p>\n<p>bovlo.\u7897<\/p>\n<p>kulero.\u6c64\u52fa<\/p>\n<p>pomo.\u82f9\u679c<\/p>\n<p>terpomo.\u571f\u8c46<\/p>\n<p>entreo.\u51b7\u76d8\uff0c\u5c0f\u83dc<\/p>\n<p>ebria.\u9189\u7684<\/p>\n<p>glacia\u0135o.\u51b0\u6fc0\u51cc<\/p>\n<p>\u015dorbeto.\u679c\u6c41\u6c34<\/p>\n<p>teo.\u8336<\/p>\n<p>bruna teo.\u7ea2\u8336<\/p>\n<p>man\u011dbastoneto.\u7b77\u5b50<\/p>\n<p>rizo.\u5927\u7c73\u3001\u7c73\u996d<\/p>\n<p>vermi\u0109elo.\u9762\u6761<\/p>\n<p>\u8fd4\u56de<a href=\"https:\/\/reto.cn\/php\/hanyu\/lernado-de-esperanto\/900frazoj\/\">\u4e16\u754c\u8bed\u4e5d\u767e\u53e5<\/a>\u76ee\u5f55<\/p>\n","protected":false},"excerpt":{"rendered":"<p>\u4e16\u754c\u8bed\u4e5d\u767e\u53e5 38 &nbsp; \uff0838\uff09EN RESTORACIO \u5728\u9910\u9986 556.Eniru kaj io\u2026 <span class=\"read-more\"><a href=\"https:\/\/reto.cn\/php\/hanyu\/lernado-de-esperanto\/900frazoj\/900frazoj38\/\">\u7ee7\u7eed\u9605\u8bfb Legi pli &raquo;<\/a><\/span><\/p>\n","protected":false},"author":1,"featured_media":0,"parent":15904,"menu_order":0,"comment_status":"open","ping_status":"closed","template":"","meta":{"footnotes":""},"_links":{"self":[{"href":"https:\/\/reto.cn\/php\/hanyu\/wp-json\/wp\/v2\/pages\/16087"}],"collection":[{"href":"https:\/\/reto.cn\/php\/hanyu\/wp-json\/wp\/v2\/pages"}],"about":[{"href":"https:\/\/reto.cn\/php\/hanyu\/wp-json\/wp\/v2\/types\/page"}],"author":[{"embeddable":true,"href":"https:\/\/reto.cn\/php\/hanyu\/wp-json\/wp\/v2\/users\/1"}],"replies":[{"embeddable":true,"href":"https:\/\/reto.cn\/php\/hanyu\/wp-json\/wp\/v2\/comments?post=16087"}],"version-history":[{"count":0,"href":"https:\/\/reto.cn\/php\/hanyu\/wp-json\/wp\/v2\/pages\/16087\/revisions"}],"up":[{"embeddable":true,"href":"https:\/\/reto.cn\/php\/hanyu\/wp-json\/wp\/v2\/pages\/15904"}],"wp:attachment":[{"href":"https:\/\/reto.cn\/php\/hanyu\/wp-json\/wp\/v2\/media?parent=16087"}],"curies":[{"name":"wp","href":"https:\/\/api.w.org\/{rel}","templated":true}]}}