{"id":16088,"date":"2023-11-15T17:48:25","date_gmt":"2023-11-15T09:48:25","guid":{"rendered":"https:\/\/reto.cn\/php\/hanyu\/lernado-de-esperanto\/900frazoj\/900frazoj35-10\/"},"modified":"2023-12-14T08:47:22","modified_gmt":"2023-12-14T00:47:22","slug":"900frazoj37","status":"publish","type":"page","link":"https:\/\/reto.cn\/php\/hanyu\/lernado-de-esperanto\/900frazoj\/900frazoj37\/","title":{"rendered":"\u4e16\u754c\u8bed\u4e5d\u767e\u53e5 541-555"},"content":{"rendered":"<h4 style=\"text-align: center;\">\u4e16\u754c\u8bed\u4e5d\u767e\u53e5<br \/>\n37<\/h4>\n<p><strong><b>\uff0837\uff09PLANO KAJ DECIDO \u8ba1\u5212\u548c\u51b3\u5b9a<\/b><\/strong><\/p>\n<p>541.Kion vi volas fari hodia\u016d?<\/p>\n<p>\u4eca\u5929\u4f60\u6253\u7b97\u5e72\u4ec0\u4e48\uff1f<\/p>\n<p>542.Diru al mi pri via piano! \u0109u eble?<\/p>\n<p>\u628a\u4f60\u7684\u8ba1\u5212\u544a\u8bc9\u6211\u5427\uff0c\u884c\u5417\uff1f<\/p>\n<p>543.Mi intencas fi\u015dhoki \u0109e rivero.<\/p>\n<p>\u6211\u6253\u7b97\u53bb\u6cb3\u8fb9\u9493\u9c7c\u3002<\/p>\n<p>544.Bona ideo!<\/p>\n<p>\uff08\u8fd9\u662f\u4e2a\uff09\u597d\u4e3b\u610f\u3002<\/p>\n<p>545.Bone pripensu!<\/p>\n<p>\u8bf7\u4f60\u597d\u597d\u60f3\u60f3\u3002<\/p>\n<p>546.Decidu! Ni \u0109iuj vin obeos.<\/p>\n<p>\u4f60\u51b3\u5b9a\u5427\uff0c\u6211\u4eec\u90fd\u542c\u4f60\u7684\u3002<\/p>\n<p>547.Estas malfacile fari la decidon. \u0108ar mankas al mi sufi\u0109e da informoj.<\/p>\n<p>\u6d88\u606f\u4e0d\u5145\u5206\uff0c\u5f88\u96be\u51b3\u5b9a\u3002<\/p>\n<p>548.Mi preparas la planon por lernado de sekvanta monato.<\/p>\n<p>\u6211\u5728\u8ba1\u5212\u4e0b\u4e2a\u6708\u7684\u5b66\u4e60\u5b89\u6392\u3002<\/p>\n<p>549.Mi ankora\u016d ne povas decidi, \u0109u mi iru a\u016d ne.<\/p>\n<p>\u6211\u8fd8\u5b9a\u4e0d\u4e0b\u6765\uff0c\u4e0d\u77e5\u53bb\u8fd8\u662f\u4e0d\u53bb\u597d\u3002<\/p>\n<p>550.Pardonu! Momenton! Mi ankora\u016d havas iom da aferoj.<\/p>\n<p>\u5bf9\u4e0d\u8d77\uff0c\u8bf7\u7b49\u4e00\u4e0b\uff0c\u6211\u8fd8\u6709\u70b9\u513f\u4e8b\u3002<\/p>\n<p>551.Mi devas prepari min por la ekzameno kaj mi ne vizitos la kinejon.<\/p>\n<p>\u6211\u8981\u51c6\u5907\u8003\u8bd5\uff0c\u4e0d\u53bb\u770b\u7535\u5f71\u4e86\u3002<\/p>\n<p>552.Bona plano duobligos la sukcesojn.<\/p>\n<p>\u597d\u7684\u8ba1\u5212\u4f7f\u5f97\u6210\u529f\u52a0\u500d\u3002<\/p>\n<p>553.Mi jam sciigis la planon al \u0109iuj.<\/p>\n<p>\u6211\u5df2\u7ecf\u5c06\u8ba1\u5212\u544a\u8bc9\u5927\u5bb6\u4e86\u3002<\/p>\n<p>554.Ni komencu nian preparon ekde nun por la parolada konkurso en somero.<\/p>\n<p>\u6211\u4eec\u73b0\u5728\u5c31\u5f00\u59cb\u51c6\u5907\uff0c\u8fce\u63a5\u590f\u5929\u7684\u53e3\u8bed\u7ade\u8d5b\u3002<\/p>\n<p>555.Sciu? ke nia plano jam estas sankciita!<\/p>\n<p>\u544a\u8bc9\u4f60\uff0c\u6211\u7684\u8ba1\u5212\u88ab\u6279\u51c6\u4e86\uff01<\/p>\n<p>\u5907\u7528\u5355\u8bcd<\/p>\n<p>strategio.\u8ba1\u7b56<\/p>\n<p>finalo.\u51b3\u8d5b<\/p>\n<p>supozi.\u5047\u8bbe<\/p>\n<p>rezolucio.\u51b3\u8bae<\/p>\n<p>imago.\u5047\u60f3<\/p>\n<p>observi.\u9075\u5b88<\/p>\n<p>notlibro.\u8bb0\u4e8b\u672c<\/p>\n<p>traliki\u011di.\u8d70\u6f0f<\/p>\n<p>preteksto.\u501f\u53e3<\/p>\n<p>konscii.\u81ea\u89c9<\/p>\n<p>helpi de.\u501f\u52a9\u4e8e<\/p>\n<p>konsulti.\u54a8\u8be2<\/p>\n<p>oferi.\u6350\u8d60<\/p>\n<p>absorbite.\u4e13\u5fc3<\/p>\n<p>kontribui.\u6350\u732e\uff0c\u8d21\u732e<\/p>\n<p>preciza.\u51c6\u786e\u7684<\/p>\n<p>malakcepti.\u62d2\u7edd<\/p>\n<p>konfidi.\u5631\u6258<\/p>\n<p>bonforpu\u015di.\u8c22\u7edd<\/p>\n<p>decidiga.\u51b3\u5b9a\u6027\u7684<\/p>\n<p>aserti.\u4e3b\u5f20<\/p>\n<p>&nbsp;<\/p>\n<p>\u8fd4\u56de<a href=\"https:\/\/reto.cn\/php\/hanyu\/lernado-de-esperanto\/900frazoj\/\">\u4e16\u754c\u8bed\u4e5d\u767e\u53e5<\/a>\u76ee\u5f55<\/p>\n","protected":false},"excerpt":{"rendered":"<p>\u4e16\u754c\u8bed\u4e5d\u767e\u53e5 37 \uff0837\uff09PLANO KAJ DECIDO \u8ba1\u5212\u548c\u51b3\u5b9a 541.Kion vi volas \u2026 <span class=\"read-more\"><a href=\"https:\/\/reto.cn\/php\/hanyu\/lernado-de-esperanto\/900frazoj\/900frazoj37\/\">\u7ee7\u7eed\u9605\u8bfb Legi pli &raquo;<\/a><\/span><\/p>\n","protected":false},"author":1,"featured_media":0,"parent":15904,"menu_order":0,"comment_status":"open","ping_status":"closed","template":"","meta":{"footnotes":""},"_links":{"self":[{"href":"https:\/\/reto.cn\/php\/hanyu\/wp-json\/wp\/v2\/pages\/16088"}],"collection":[{"href":"https:\/\/reto.cn\/php\/hanyu\/wp-json\/wp\/v2\/pages"}],"about":[{"href":"https:\/\/reto.cn\/php\/hanyu\/wp-json\/wp\/v2\/types\/page"}],"author":[{"embeddable":true,"href":"https:\/\/reto.cn\/php\/hanyu\/wp-json\/wp\/v2\/users\/1"}],"replies":[{"embeddable":true,"href":"https:\/\/reto.cn\/php\/hanyu\/wp-json\/wp\/v2\/comments?post=16088"}],"version-history":[{"count":0,"href":"https:\/\/reto.cn\/php\/hanyu\/wp-json\/wp\/v2\/pages\/16088\/revisions"}],"up":[{"embeddable":true,"href":"https:\/\/reto.cn\/php\/hanyu\/wp-json\/wp\/v2\/pages\/15904"}],"wp:attachment":[{"href":"https:\/\/reto.cn\/php\/hanyu\/wp-json\/wp\/v2\/media?parent=16088"}],"curies":[{"name":"wp","href":"https:\/\/api.w.org\/{rel}","templated":true}]}}