{"id":16089,"date":"2023-11-15T17:48:25","date_gmt":"2023-11-15T09:48:25","guid":{"rendered":"https:\/\/reto.cn\/php\/hanyu\/lernado-de-esperanto\/900frazoj\/900frazoj35-11\/"},"modified":"2023-12-14T08:46:57","modified_gmt":"2023-12-14T00:46:57","slug":"900frazoj36","status":"publish","type":"page","link":"https:\/\/reto.cn\/php\/hanyu\/lernado-de-esperanto\/900frazoj\/900frazoj36\/","title":{"rendered":"\u4e16\u754c\u8bed\u4e5d\u767e\u53e5 526-540"},"content":{"rendered":"<h4 style=\"text-align: center;\">\u4e16\u754c\u8bed\u4e5d\u767e\u53e5<br \/>\n36<\/h4>\n<p><strong><b>\uff0836\uff09PETI OPINIOJN \u5f81\u6c42\u610f\u89c1<\/b><\/strong><\/p>\n<p>526.\u0108u tio pravas via opinie?<\/p>\n<p>\u4f60\u770b\u5462\uff1f\u8fd9\u6837\u505a\u5bf9\u5417\uff1f<\/p>\n<p>527.Kompreneble, vi estas tute prava.<\/p>\n<p>\u5f53\u7136\uff0c\u4f60\u505a\u5f97\u5b8c\u5168\u5bf9\u3002<\/p>\n<p>528.Eble jam malfrue se mi nun eklernas Esp-on. \u0108u?<\/p>\n<p>\u6211\u73b0\u5728\u5b66\u4e16\u754c\u8bed\u665a\u4e86\u5427\uff1f<\/p>\n<p>529.Tute ne! Vi sukcesos nur se vi persistose.<\/p>\n<p>\u4e0d\u665a\uff0c\u53ea\u8981\u4f60\u575a\u6301\u4e0b\u53bb\uff0c\u5c31\u4e00\u5b9a\u80fd\u5b66\u597d\u3002<\/p>\n<p>530.Mi opinias, ke vi estas erara en tiu afero.<\/p>\n<p>\u6211\u8ba4\u4e3a\uff0c\u5728\u90a3\u4ef6\u4e8b\u4e0a\u4f60\u9519\u4e86\u3002<\/p>\n<p>531.\u0108u vi ne opinias, ke tio estas bona ideo?<\/p>\n<p>\u4f60\u4e0d\u8ba4\u4e3a\u8fd9\u662f\u4e00\u4e2a\u597d\u4e3b\u610f\u5417\uff1f<\/p>\n<p>532.Diru malka\u015de vian opinion.<\/p>\n<p>\u8bf7\u5766\u7387\u5730\u8bb2\u51fa\u4f60\u7684\u610f\u89c1\u5427\u3002<\/p>\n<p>533.\u0108u vi vere deziras scii pri mia opinio?<\/p>\n<p>\u4f60\u771f\u8981\u77e5\u9053\u6211\u7684\u610f\u89c1\u5417\uff1f<\/p>\n<p>534.Anta\u016d ol ni decidos, mi volas a\u016dskulti \u0109ies opiniojn.<\/p>\n<p>\u51b3\u5b9a\u4ee5\u524d\uff0c\u6211\u8981\u542c\u542c\u5927\u5bb6\u7684\u610f\u89c1\u3002<\/p>\n<p>535.Kiel vi opinias pri \u0109i filmo?<\/p>\n<p>\u4f60\u89c9\u5f97\u8fd9\u90e8\u7535\u5f71\u7247\u5982\u4f55\uff1f<\/p>\n<p>536.\u0108u printempo a\u016d a\u016dtuno al vi pla\u0109as.<\/p>\n<p>\u4f60\u559c\u6b22\u6625\u5929\u8fd8\u662f\u79cb\u5929\uff1f<\/p>\n<p>537.\u0108u pluvos morga\u016d la\u016d via opinio?<\/p>\n<p>\u4f60\u8ba4\u4e3a\u660e\u5929\u4f1a\u4e0b\u96e8\u5417\uff1f<\/p>\n<p>538.Kial Zhang Hong estas mal\u011doja? Kiu ofendis \u015din?<\/p>\n<p>\u5f20\u7ea2\u4e3a\u4ec0\u4e48\u4e0d\u9ad8\u8564\uff0c\u8c01\u60f9\u5979\u4e86\u3002<\/p>\n<p>539.Estas nenio. \u015ci \u011doji\u011dos post nelonge.<\/p>\n<p>\u6ca1\u5173\u7cfb\uff0c\u8fc7\u4e00\u4f1a\u513f\u5c31\u4f1a\u597d\u7684\u3002<\/p>\n<p>540.Se vi ne havas malsaman opinion, mi proponas ke ni tuj komencu!<\/p>\n<p>\u5982\u679c\u4f60\u4eec\u6ca1\u6709\u610f\u89c1\uff0c\u6211\u5efa\u8bae\u9a6c\u4e0a\u5c31\u5f00\u59cb\u3002<\/p>\n<p>\u5907\u7528\u5355\u8bcd<\/p>\n<p>prefere.\u5b81\u53ef<\/p>\n<p>nekonvera(deca).\u6b20\u59a5\u7684<\/p>\n<p>misfari.\u5f04\u9519<\/p>\n<p>libro por restigi vian opinion.\u7559\u8a00\u8584<\/p>\n<p>miskompreni.\u8bef\u89e3<\/p>\n<p>kompliki.\u5f04\u590d\u6742<\/p>\n<p>perfekte.\u56ed\u6ee1\u5730<\/p>\n<p>apla\u016ddi.\u62cd\u624b\u8d5e\u6210<\/p>\n<p>kulpo.\u8fc7\u9519\uff0c\u7f6a\u8fc7<\/p>\n<p>ju\u011di.\u5224\u65ad<\/p>\n<p>vera.\u771f\u7684\uff0c\u771f\u7406\u7684<\/p>\n<p>pardonpeti.\u8d54\u7f6a<\/p>\n<p>vana.\u5f92\u52b3\u7684<\/p>\n<p>kompensi .\u8d54\u507f<\/p>\n<p>kredi.\u76f8\u4fe1<\/p>\n<p>kritiki.\u6279\u8bc4<\/p>\n<p>kontenda.\u6ee1\u610f<\/p>\n<p>temperamento.\u813e\u6c14<\/p>\n<p>malgra\u016d.\u4e0d\u987e<\/p>\n<p>trompi.\u6b3a\u9a97<\/p>\n<p>volonti.\u613f\u610f<\/p>\n<p>ka\u016dzo.\u8d77\u56e0<\/p>\n<p>espero.\u5e0c\u671b<\/p>\n<p>peti.\u8bf7\u6c42\uff0c\u8981\u6c42<\/p>\n<p>&nbsp;<\/p>\n<p>\u8fd4\u56de<a href=\"https:\/\/reto.cn\/php\/hanyu\/lernado-de-esperanto\/900frazoj\/\">\u4e16\u754c\u8bed\u4e5d\u767e\u53e5<\/a>\u76ee\u5f55<\/p>\n","protected":false},"excerpt":{"rendered":"<p>\u4e16\u754c\u8bed\u4e5d\u767e\u53e5 36 \uff0836\uff09PETI OPINIOJN \u5f81\u6c42\u610f\u89c1 526.\u0108u tio pravas via \u2026 <span class=\"read-more\"><a href=\"https:\/\/reto.cn\/php\/hanyu\/lernado-de-esperanto\/900frazoj\/900frazoj36\/\">\u7ee7\u7eed\u9605\u8bfb Legi pli &raquo;<\/a><\/span><\/p>\n","protected":false},"author":1,"featured_media":0,"parent":15904,"menu_order":0,"comment_status":"open","ping_status":"closed","template":"","meta":{"footnotes":""},"_links":{"self":[{"href":"https:\/\/reto.cn\/php\/hanyu\/wp-json\/wp\/v2\/pages\/16089"}],"collection":[{"href":"https:\/\/reto.cn\/php\/hanyu\/wp-json\/wp\/v2\/pages"}],"about":[{"href":"https:\/\/reto.cn\/php\/hanyu\/wp-json\/wp\/v2\/types\/page"}],"author":[{"embeddable":true,"href":"https:\/\/reto.cn\/php\/hanyu\/wp-json\/wp\/v2\/users\/1"}],"replies":[{"embeddable":true,"href":"https:\/\/reto.cn\/php\/hanyu\/wp-json\/wp\/v2\/comments?post=16089"}],"version-history":[{"count":0,"href":"https:\/\/reto.cn\/php\/hanyu\/wp-json\/wp\/v2\/pages\/16089\/revisions"}],"up":[{"embeddable":true,"href":"https:\/\/reto.cn\/php\/hanyu\/wp-json\/wp\/v2\/pages\/15904"}],"wp:attachment":[{"href":"https:\/\/reto.cn\/php\/hanyu\/wp-json\/wp\/v2\/media?parent=16089"}],"curies":[{"name":"wp","href":"https:\/\/api.w.org\/{rel}","templated":true}]}}