{"id":16099,"date":"2023-11-15T17:48:25","date_gmt":"2023-11-15T09:48:25","guid":{"rendered":"https:\/\/reto.cn\/php\/hanyu\/lernado-de-esperanto\/900frazoj\/900frazoj35-2-4\/"},"modified":"2024-01-08T09:36:10","modified_gmt":"2024-01-08T01:36:10","slug":"900frazoj48","status":"publish","type":"page","link":"https:\/\/reto.cn\/php\/hanyu\/lernado-de-esperanto\/900frazoj\/900frazoj48\/","title":{"rendered":"\u4e16\u754c\u8bed\u4e5d\u767e\u53e5 706-720"},"content":{"rendered":"<h4 style=\"text-align: center;\">\u4e16\u754c\u8bed\u4e5d\u767e\u53e5<br \/>\n48<\/h4>\n<p><strong><b>\uff0848\uff09FOTOGRAFADO \u7167\u76f8<\/b><\/strong><\/p>\n<p>706.Via tasko estas fotografi dum la kunveno. Ne forgesu kunporti fotilon kaj magnezifulman lampon.<\/p>\n<p>\u5f00\u4f1a\u7167\u76f8\u7684\u4efb\u52a1\u4ea4\u7ed9\u4f60\uff0c\u522b\u5fd8\u4e86\u5e26\u76f8\u673a\u548c\u95ea\u5149\u706f\u3002<\/p>\n<p>707.Ni foti\u011du kune.<\/p>\n<p>\u6211\u4eec\u6765\u5408\u4e2a\u5f71\u5427\uff01<\/p>\n<p>708.Tenu vin iom nature. Rigardu en mia direkto. Ridetu. Bone.<\/p>\n<p>\u5927\u5bb6\u81ea\u7136\u4e00\u70b9\uff0c\u90fd\u770b\u7740\u6211\uff0c\u7b11\u4e00\u70b9\uff0c\u597d\uff01<\/p>\n<p>709.Bonvole staru en vicoj rapide. Kamaradinoj en la anta\u016da vico ka\u016dri\u011du kaj la malanta\u016da vico staru sur benkojn.<\/p>\n<p>\u5927\u5bb6\u5feb\u6574\u597d\u961f\uff0c\u524d\u9762\u4e00\u6392\u5973\u540c\u5fd7\u8e72\u4e0b\uff0c\u540e\u9762\u4e00\u6392\u7ad9\u5728\u51f3\u5b50\u4e0a\u3002<\/p>\n<p>710.Iom kuni\u011du. Tiuj en la malanta\u016da vico atentu. Mi tuj ekfotos.<\/p>\n<p>\u5927\u5bb6\u9760\u62e2\u4e00\u70b9\uff0c\u540e\u6392\u6ce8\u610f\uff0c\u8981\u62cd\u4e86\u3002<\/p>\n<p>711.Ni prenu la pinon kiel fonon, \u0109u bone?<\/p>\n<p>\u5c31\u9009\u8fd9\u68f5\u677e\u6811\u505a\u80cc\u666f\u597d\u5417\uff1f<\/p>\n<p>712.La foto registras la eternan amikecon inter ni.<\/p>\n<p>\u7167\u7247\u7559\u4e0b\u4e86\u6211\u4eec\u6c38\u6052\u7684\u53cb\u8c0a\u3002<\/p>\n<p>713.Nun estas lume. La diafragmo povas esti malgrandigita.<\/p>\n<p>\u73b0\u5728\u5149\u7ebf\u5f88\u597d\uff0c\u5149\u5708\u53ef\u4ee5\u653e\u5c0f\u70b9\u3002<\/p>\n<p>714.La sunlumo estas tro forta. Vi devas aldoni flavan filtrion.<\/p>\n<p>\u592a\u9633\u5149\u592a\u5f3a\uff0c\u8981\u52a0\u9ec4\u955c\u5934\u3002<\/p>\n<p>715.\u0108u vi bonvolus iom flanki\u011di? Ni fotografas.<\/p>\n<p>\u8bf7\u8ba9\u5f00\u4e00\u4e0b\u597d\u5417\uff1f\u8fd9\u513f\u5728\u7167\u76f8\u3002<\/p>\n<p>716.\u011ci estas la foto fotita je la renkonti\u011do kun la Japana Esperanta Delegacio.<\/p>\n<p>\u8fd9\u662f\u4e0e\u65e5\u672c\u4e16\u754c\u8bed\u4ee3\u8868\u56e2\u4f1a\u89c1\u65f6\u7684\u5408\u5f71\u3002<\/p>\n<p>717.\u0108u tiu kolora foto estas sendita de japana amiko?<\/p>\n<p>\u8fd9\u5f20\u5f69\u8272\u7167\u7247\u662f\u65e5\u672c\u670b\u53cb\u5bc4\u6765\u7684\u5417\uff1f<\/p>\n<p>718.La dua de maldekstre estas la veterana esperantisto&#8230;<\/p>\n<p>\u5de6\u8d77\u7b2c\u4e8c\u4eba\u662f\u8001\u4e16\u754c\u8bed\u8005XXX\u3002<\/p>\n<p>719.\u0108u la negativo povos esti rivelita hodia\u016d vespere?<\/p>\n<p>\u5e95\u7247\u4eca\u665a\u5c31\u80fd\u51b2\u6d17\u51fa\u6765\u5417\uff1f<\/p>\n<p>720.A\u0125! Xiao Zhou aspektas tre bela en la foto, vere kiel aktorino!<\/p>\n<p>\u554a\uff01\u5c0f\u5468\u7167\u5f97\u771f\u7f8e\uff0c\u8c61\u4e2a\u7535\u5f71\u6f14\u5458\u4e86\uff01<\/p>\n<p>\u5907\u7528\u5355\u8bcd<\/p>\n<p>riveli.\u51b2\u6d17<\/p>\n<p>espozmetro.\u66dd\u5149\u8868<\/p>\n<p>dulensa.\u53cc\u955c\u5934\u7684<\/p>\n<p>a\u016dtomata foti.\u81ea\u62cd<\/p>\n<p>filtrio.\u6ee4\u8272\u955c<\/p>\n<p>obturilo, \u015dov\u015dirmilo.\u5feb\u95e8<\/p>\n<p>rulfilmo.\u80f6\u5377<\/p>\n<p>fono.\u80cc\u666f<\/p>\n<p>kopipapero.\u5370\u76f8\u7eb8<\/p>\n<p>&nbsp;<\/p>\n<p>\u8fd4\u56de<a href=\"https:\/\/reto.cn\/php\/hanyu\/lernado-de-esperanto\/900frazoj\/\">\u4e16\u754c\u8bed\u4e5d\u767e\u53e5<\/a>\u76ee\u5f55<\/p>\n","protected":false},"excerpt":{"rendered":"<p>\u4e16\u754c\u8bed\u4e5d\u767e\u53e5 48 \uff0848\uff09FOTOGRAFADO \u7167\u76f8 706.Via tasko estas fotogr\u2026 <span class=\"read-more\"><a href=\"https:\/\/reto.cn\/php\/hanyu\/lernado-de-esperanto\/900frazoj\/900frazoj48\/\">\u7ee7\u7eed\u9605\u8bfb Legi pli &raquo;<\/a><\/span><\/p>\n","protected":false},"author":1,"featured_media":0,"parent":15904,"menu_order":0,"comment_status":"open","ping_status":"closed","template":"","meta":{"footnotes":""},"_links":{"self":[{"href":"https:\/\/reto.cn\/php\/hanyu\/wp-json\/wp\/v2\/pages\/16099"}],"collection":[{"href":"https:\/\/reto.cn\/php\/hanyu\/wp-json\/wp\/v2\/pages"}],"about":[{"href":"https:\/\/reto.cn\/php\/hanyu\/wp-json\/wp\/v2\/types\/page"}],"author":[{"embeddable":true,"href":"https:\/\/reto.cn\/php\/hanyu\/wp-json\/wp\/v2\/users\/1"}],"replies":[{"embeddable":true,"href":"https:\/\/reto.cn\/php\/hanyu\/wp-json\/wp\/v2\/comments?post=16099"}],"version-history":[{"count":0,"href":"https:\/\/reto.cn\/php\/hanyu\/wp-json\/wp\/v2\/pages\/16099\/revisions"}],"up":[{"embeddable":true,"href":"https:\/\/reto.cn\/php\/hanyu\/wp-json\/wp\/v2\/pages\/15904"}],"wp:attachment":[{"href":"https:\/\/reto.cn\/php\/hanyu\/wp-json\/wp\/v2\/media?parent=16099"}],"curies":[{"name":"wp","href":"https:\/\/api.w.org\/{rel}","templated":true}]}}