{"id":16100,"date":"2023-11-15T17:48:25","date_gmt":"2023-11-15T09:48:25","guid":{"rendered":"https:\/\/reto.cn\/php\/hanyu\/lernado-de-esperanto\/900frazoj\/900frazoj35-2-5\/"},"modified":"2023-12-28T08:43:33","modified_gmt":"2023-12-28T00:43:33","slug":"900frazoj47","status":"publish","type":"page","link":"https:\/\/reto.cn\/php\/hanyu\/lernado-de-esperanto\/900frazoj\/900frazoj47\/","title":{"rendered":"\u4e16\u754c\u8bed\u4e5d\u767e\u53e5 691-705"},"content":{"rendered":"<h4 style=\"text-align: center;\">\u4e16\u754c\u8bed\u4e5d\u767e\u53e5<br \/>\n47<\/h4>\n<p><strong><b>\uff0847\uff09KUNVENO \u5f00\u4f1a<\/b><\/strong><\/p>\n<p>691.Gekamaradoj, ni komencu la kunvenon.<\/p>\n<p>\u540c\u5fd7\u4eec\uff0c\u5f00\u4f1a\u4e86\u3002<\/p>\n<p>692.Hodia\u016d ni okazigas la 6-an kunsidon de Esperanto.<\/p>\n<p>\u4eca\u5929\u4e3e\u884c\u7b2c\u516d\u6b21\u4e16\u754c\u8bed\u5ea7\u8c08\u4f1a\u3002<\/p>\n<p>693.Anta\u016d ol la kunveno komen\u0109i\u011dos, ni havu interkonan kunsidon por prezenti unu al la alia.<\/p>\n<p>\u6b63\u5f0f\u5f00\u4f1a\u524d\uff0c\u6211\u4eec\u5148\u6765\u5f00\u4e00\u4e2a\u5c0f\u578b\u89c1\u9762\u4f1a\uff0c\u5927\u5bb6\u4e92\u76f8\u4ecb\u7ecd\u4e00\u4e0b\u3002<\/p>\n<p>694.\u0108iuj stari\u011du. Kantu \u201cLa Esperon\u201d.<\/p>\n<p>\u5168\u4f53\u8d77\u7acb\uff0c\u5531\u201c\u5e0c\u671b\u6b4c\u201d\u3002<\/p>\n<p>695.Hodia\u016d mi funkcias kiel la plenuma prezidanto de la kongreso.<\/p>\n<p>Mi prezidu la kunvenon.<\/p>\n<p>\u4eca\u5929\u6211\u662f\u5927\u4f1a\u6267\u884c\u4e3b\u5e2d\uff0c\u7531\u6211\u6765\u4e3b\u6301\u4f1a\u8bae\u3002<\/p>\n<p>696.Unue, la prezidanto faru malferman paroladon.<\/p>\n<p>\u9996\u5148\u8bf7\u7406\u4e8b\u957f\u81f4\u5f00\u5e55\u8bcd\u3002<\/p>\n<p>697.Nun, k-do Wang faru raportadon.<\/p>\n<p>\u4e0b\u9762\uff0c\u8bf7\u738b\u540c\u5fd7\u4f5c\u62a5\u544a\u3002<\/p>\n<p>698.La sekvanta ero: reprezentantoj faru paroladon libere. La parolontoj levu siajn manojn.<\/p>\n<p>\u4e0b\u4e00\u4e2a\u5185\u5bb9\uff0c\u4ee3\u8868\u81ea\u7531\u53d1\u8a00\u3002\u8bf7\u4e3e\u624b\u3002<\/p>\n<p>699.\u0108u mi povus doni paroladon?<\/p>\n<p>\u6211\u53d1\u8a00\u884c\u5417\uff1f<\/p>\n<p>700.Nun ni vo\u0109donu la raportadon de k-do Zhang. Tiuj, kiuj aprobas, levu siajn manojn.<\/p>\n<p>\u73b0\u5728\u5bf9\u5f20\u540c\u5fd7\u7684\u62a5\u544a\u8fdb\u884c\u8868\u51b3\uff0c\u8d5e\u6210\u7684\u4e3e\u624b\u3002<\/p>\n<p>701.Dek kvin aprobas kaj tri kontra\u016das. La raportado de k-do Zhang estas aprobita.<\/p>\n<p>\u5341\u4e94\u7968\u8d5e\u6210\uff0c\u4e09\u7968\u53cd\u5bf9\uff0c\u5f20\u540c\u5fd7\u7684\u62a5\u544a\u901a\u8fc7\u4e86\u3002<\/p>\n<p>702.Nun komenci\u011das la amuza prezentado.<\/p>\n<p>\u4e0b\u9762\u5f00\u59cb\u6587\u5a31\u8282\u76ee\u3002<\/p>\n<p>703.Mi samopinias kun k-doj D kaj F. Kaj mi volas aldoni unu punkton.<\/p>\n<p>\u6211\u540c\u610fD\u548cF\u540c\u5fd7\u7684\u610f\u89c1\uff0c\u5e76\u4e14\u518d\u8865\u5145\u4e00\u70b9\u3002<\/p>\n<p>704.Resume, la kongreso estas tre sukcesa.<\/p>\n<p>\u603b\u7684\u6765\u8bf4\uff0c\u8fd9\u6b21\u5927\u4f1a\u5f00\u5f97\u5f88\u6210\u529f\u3002<\/p>\n<p>705.La kunveno fermi\u011das\/La kongreso fermi\u011das. \u0108iuj laborantoj restu \u0109i tie.<\/p>\n<p>\u4f11\u4f1a\/\u5927\u4f1a\u95ed\u5e55\uff0c\u5de5\u4f5c\u4eba\u5458\u7559\u4e0b\u3002<\/p>\n<p>\u5907\u7528\u5355\u8bcd<\/p>\n<p>kongreso.\u5927\u4f1a<\/p>\n<p>delegacio.\u4ee3\u8868\u56e2<\/p>\n<p>kolokvo.\u5b66\u672f\u4f1a\u8bae<\/p>\n<p>delegito.\u4ee3\u8868<\/p>\n<p>simpozio.\u5b66\u672f\u8c08\u8bba\u4f1a<\/p>\n<p>inniciato.\u5021\u8bae<\/p>\n<p>oficiala kunveno.\u6b63\u5f0f\u4f1a\u8bae<\/p>\n<p>diskuti.\u8ba8\u8bba<\/p>\n<p>propono.\u63d0\u8bae<\/p>\n<p>prepara kunveno.\u9884\u5907\u4f1a\u8bae<\/p>\n<p>pa\u016dzo.\u4f11\u4f1a<\/p>\n<p>prokrasti.\u5ef6\u671f<\/p>\n<p>ina\u016dgura soleno.\u5f00\u5e55\u5f0f<\/p>\n<p>regularo.\u89c4\u5219<\/p>\n<p>statuto.\u7ae0\u7a0b<\/p>\n<p>ferma soleno.\u95ed\u5e55\u5f0f<\/p>\n<p>ina\u016dguro.\u6210\u7acb\u5927\u4f1a<\/p>\n<p>programeroj.\u65e5\u7a0b\u8868<\/p>\n<p>komitato.\u59d4\u5458\u4f1a<\/p>\n<p>malneto.\u8349\u7a3f<\/p>\n<p>&nbsp;<\/p>\n<p>\u8fd4\u56de<a href=\"https:\/\/reto.cn\/php\/hanyu\/lernado-de-esperanto\/900frazoj\/\">\u4e16\u754c\u8bed\u4e5d\u767e\u53e5<\/a>\u76ee\u5f55<\/p>\n","protected":false},"excerpt":{"rendered":"<p>\u4e16\u754c\u8bed\u4e5d\u767e\u53e5 47 \uff0847\uff09KUNVENO \u5f00\u4f1a 691.Gekamaradoj, ni komencu la\u2026 <span class=\"read-more\"><a href=\"https:\/\/reto.cn\/php\/hanyu\/lernado-de-esperanto\/900frazoj\/900frazoj47\/\">\u7ee7\u7eed\u9605\u8bfb Legi pli &raquo;<\/a><\/span><\/p>\n","protected":false},"author":1,"featured_media":0,"parent":15904,"menu_order":0,"comment_status":"open","ping_status":"closed","template":"","meta":{"footnotes":""},"_links":{"self":[{"href":"https:\/\/reto.cn\/php\/hanyu\/wp-json\/wp\/v2\/pages\/16100"}],"collection":[{"href":"https:\/\/reto.cn\/php\/hanyu\/wp-json\/wp\/v2\/pages"}],"about":[{"href":"https:\/\/reto.cn\/php\/hanyu\/wp-json\/wp\/v2\/types\/page"}],"author":[{"embeddable":true,"href":"https:\/\/reto.cn\/php\/hanyu\/wp-json\/wp\/v2\/users\/1"}],"replies":[{"embeddable":true,"href":"https:\/\/reto.cn\/php\/hanyu\/wp-json\/wp\/v2\/comments?post=16100"}],"version-history":[{"count":0,"href":"https:\/\/reto.cn\/php\/hanyu\/wp-json\/wp\/v2\/pages\/16100\/revisions"}],"up":[{"embeddable":true,"href":"https:\/\/reto.cn\/php\/hanyu\/wp-json\/wp\/v2\/pages\/15904"}],"wp:attachment":[{"href":"https:\/\/reto.cn\/php\/hanyu\/wp-json\/wp\/v2\/media?parent=16100"}],"curies":[{"name":"wp","href":"https:\/\/api.w.org\/{rel}","templated":true}]}}