{"id":16102,"date":"2023-11-15T17:48:25","date_gmt":"2023-11-15T09:48:25","guid":{"rendered":"https:\/\/reto.cn\/php\/hanyu\/lernado-de-esperanto\/900frazoj\/900frazoj35-2-7\/"},"modified":"2023-12-28T08:42:47","modified_gmt":"2023-12-28T00:42:47","slug":"900frazoj45","status":"publish","type":"page","link":"https:\/\/reto.cn\/php\/hanyu\/lernado-de-esperanto\/900frazoj\/900frazoj45\/","title":{"rendered":"\u4e16\u754c\u8bed\u4e5d\u767e\u53e5 661-675"},"content":{"rendered":"<h4 style=\"text-align: center;\">\u4e16\u754c\u8bed\u4e5d\u767e\u53e5<br \/>\n45<\/h4>\n<p><strong><b>\uff0845\uff09EN BIBLIOTEKO \u5728\u56fe\u4e66\u9986<\/b><\/strong><\/p>\n<p>661.\u0108u vi havas Esperanta\u0135ojn, k-do?<\/p>\n<p>\u540c\u5fd7\uff0c\u6709\u4e16\u754c\u8bed\u4e66\u7c4d\u5417\uff1f<\/p>\n<p>662.La libroj en fremdaj lingvoj sin trovas en la Fremdlingva \u0108ambro sur la dua eta\u011do.<\/p>\n<p>\u5916\u8bed\u4e66\u7c4d\u90fd\u5728\u697c\u4e0a\u5916\u6587\u5ba4\u3002<\/p>\n<p>663.\u0108u mi povus konsulti la katalogon?<\/p>\n<p>\u80fd\u4e0d\u80fd\u5c06\u56fe\u4e66\u76ee\u5f55\u7ed9\u6211\u67e5\u4e00\u4e0b\uff1f<\/p>\n<p>664.K-do bibliotekisto, \u0109u mi povus pruntepreni vortaron?<\/p>\n<p>\u7ba1\u7406\u5458\u540c\u5fd7\uff0c\u8bf7\u501f\u8bcd\u5178\u7ed9\u6211\u67e5\u51e0\u4e2a\u751f\u8bcd\u597d\u5417\uff1f<\/p>\n<p>665.Mi ne bezonas tian eldonon, sed la lastan.<\/p>\n<p>\u6211\u8981\u7684\u4e0d\u662f\u8fd9\u79cd\u7248\u672c\u7684\uff0c\u6211\u8981\u6700\u65b0\u7248\u6728\u3002<\/p>\n<p>666.Kie estas la Lega \u0108ambro, Xiao Li?<\/p>\n<p>\u5c0f\u674e\uff0c\u62a5\u520a\u9605\u89c8\u5ba4\u5728\u54ea\u91cc\uff1f<\/p>\n<p>667.\u0108u vi venas \u0109i tien por legi \u0135urnalojn \u0109iutage?<\/p>\n<p>\u4f60\u6bcf\u5929\u90fd\u5230\u8fd9\u513f\u6765\u8bfb\u62a5\u5417\uff1f<\/p>\n<p>668.Estas dekkelkaj gazetoj, kiujn mi devas legi numeron post numero.<\/p>\n<p>\u6709\u5341\u51e0\u79cd\u6742\u5fd7\u6211\u662f\u6bcf\u671f\u5fc5\u8bfb\u7684\u3002<\/p>\n<p>669.Parolu malla\u016dte, alie vi \u011denos aliajn en lernado.<\/p>\n<p>\u8bf7\u5c0f\u58f0\u8bf4\u8bdd\uff0c\u4e0d\u8981\u5f71\u54cd\u522b\u4eba\u5b66\u4e60\u3002<\/p>\n<p>670.\u0108u vi prunteprenas literaturajn a\u016d teknikajn librojn?<\/p>\n<p>\u4f60\u662f\u501f\u6587\u827a\u4e66\u8fd8\u662f\u79d1\u6280\u4e66\uff1f<\/p>\n<p>671.Pardonon. Mia limdato jam pasis, \u0109ar mi afervoja\u011dis.<\/p>\n<p>\u5bf9\u4e0d\u8d77\uff0c\u6211\u8d85\u8fc7\u4e86\u501f\u671f\uff0c\u56e0\u4e3a\u6211\u51fa\u5dee\u4e86\u3002<\/p>\n<p>672.Jen, la biblioteko okazigos akademian raportadon morga\u016d.<\/p>\n<p>\u77a7\uff0c\u56fe\u4e66\u9986\u660e\u5929\u6709\u5b66\u672f\u62a5\u544a\u4f1a\u3002<\/p>\n<p>673.Jes, mi ofte \u0109eestas la akademiajn raportadojn en la biblioteko.<\/p>\n<p>\u662f\u7684\uff0c\u6211\u7ecf\u5e38\u4e0a\u56fe\u4e66\u9986\u6765\u542c\u5b66\u672f\u62a5\u544a\u3002<\/p>\n<p>674.\u0108u la biblioteko ne okazigas ekspozicion pri la libroj de specialaj fakoj?<\/p>\n<p>\u56fe\u4e66\u9986\u4e0d\u4e3e\u529e\u4e13\u9898\u4e66\u7c4d\u5c55\u89c8\u5417\uff1f<\/p>\n<p>675.Ho, mi jam forgesis diri al vi, ke la biblioteko okazigos la ekspozicion pri Esperanta\u0135oj la venontan monaton.<\/p>\n<p>\u554a\uff01\u5fd8\u4e86\u544a\u8bc9\u4f60\uff0c\u4e0b\u4e2a\u6708\u56fe\u4e66\u9986\u5c06\u4e3e\u529e\u4e16\u754c\u8bed\u4e66\u520a\u5c55\u89c8\u3002<\/p>\n<p>\u5907\u7528\u5355\u8bcd<\/p>\n<p>inter\u015dan\u011do de libroj.\u56fe\u4e66\u4ea4\u6362<\/p>\n<p>konsulti.\u54a8\u8be2<\/p>\n<p>indekso.\u7d22\u5f15<\/p>\n<p>librokarto.\u501f\u4e66\u5361<\/p>\n<p>duplikato\/reprodukta\u0135o.\u590d\u5370\u4ef6<\/p>\n<p>klasifiki.\u5206\u7c7b<\/p>\n<p>mikrokopio.\u7f29\u5fae\u80f6\u5377<\/p>\n<p>valora eldona\u0135o.\u5584\u672c<\/p>\n<p>servohoraro.\u5f00\u653e\u65f6\u95f4<\/p>\n<p>unika ekzemplero.\u5b64\u672c<\/p>\n<p>atesto por prunti librojn.\u501f\u4e66\u8bc1<\/p>\n<p>specimeno.\u6837\u672c<\/p>\n<p>kovrilo.\u5c01\u9762<\/p>\n<p>&nbsp;<\/p>\n<p>\u8fd4\u56de<a href=\"https:\/\/reto.cn\/php\/hanyu\/lernado-de-esperanto\/900frazoj\/\">\u4e16\u754c\u8bed\u4e5d\u767e\u53e5<\/a>\u76ee\u5f55<\/p>\n","protected":false},"excerpt":{"rendered":"<p>\u4e16\u754c\u8bed\u4e5d\u767e\u53e5 45 \uff0845\uff09EN BIBLIOTEKO \u5728\u56fe\u4e66\u9986 661.\u0108u vi havas Espera\u2026 <span class=\"read-more\"><a href=\"https:\/\/reto.cn\/php\/hanyu\/lernado-de-esperanto\/900frazoj\/900frazoj45\/\">\u7ee7\u7eed\u9605\u8bfb Legi pli &raquo;<\/a><\/span><\/p>\n","protected":false},"author":1,"featured_media":0,"parent":15904,"menu_order":0,"comment_status":"open","ping_status":"closed","template":"","meta":{"footnotes":""},"_links":{"self":[{"href":"https:\/\/reto.cn\/php\/hanyu\/wp-json\/wp\/v2\/pages\/16102"}],"collection":[{"href":"https:\/\/reto.cn\/php\/hanyu\/wp-json\/wp\/v2\/pages"}],"about":[{"href":"https:\/\/reto.cn\/php\/hanyu\/wp-json\/wp\/v2\/types\/page"}],"author":[{"embeddable":true,"href":"https:\/\/reto.cn\/php\/hanyu\/wp-json\/wp\/v2\/users\/1"}],"replies":[{"embeddable":true,"href":"https:\/\/reto.cn\/php\/hanyu\/wp-json\/wp\/v2\/comments?post=16102"}],"version-history":[{"count":0,"href":"https:\/\/reto.cn\/php\/hanyu\/wp-json\/wp\/v2\/pages\/16102\/revisions"}],"up":[{"embeddable":true,"href":"https:\/\/reto.cn\/php\/hanyu\/wp-json\/wp\/v2\/pages\/15904"}],"wp:attachment":[{"href":"https:\/\/reto.cn\/php\/hanyu\/wp-json\/wp\/v2\/media?parent=16102"}],"curies":[{"name":"wp","href":"https:\/\/api.w.org\/{rel}","templated":true}]}}