{"id":16105,"date":"2023-11-15T17:48:25","date_gmt":"2023-11-15T09:48:25","guid":{"rendered":"https:\/\/reto.cn\/php\/hanyu\/lernado-de-esperanto\/900frazoj\/900frazoj35-2-10\/"},"modified":"2023-12-14T08:50:44","modified_gmt":"2023-12-14T00:50:44","slug":"900frazoj42","status":"publish","type":"page","link":"https:\/\/reto.cn\/php\/hanyu\/lernado-de-esperanto\/900frazoj\/900frazoj42\/","title":{"rendered":"\u4e16\u754c\u8bed\u4e5d\u767e\u53e5 616-630"},"content":{"rendered":"<h4 style=\"text-align: center;\">\u4e16\u754c\u8bed\u4e5d\u767e\u53e5<br \/>\n42<\/h4>\n<p><strong><b>\uff0842\uff09DUM VOJA\u011cO \u65c5\u9014\u4e2d<\/b><\/strong><\/p>\n<p>616.Rapidu! La \u015dipo tre balda\u016d ekiros.<\/p>\n<p>\u8f6e\u8239\u8981\u5f00\u4e86\uff0c\u8fd8\u4e0d\u5feb\u70b9\uff01<\/p>\n<p>617.Certe mi forgesis kunporti ion, sed nun estas malfrue.<\/p>\n<p>\u6211\u80af\u5b9a\u5fd8\u8bb0\u4e86\u4e9b\u4ec0\u4e48\uff0c\u4f46\u73b0\u5728\u5df2\u7ecf\u592a\u665a\u4e86\u3002<\/p>\n<p>618.Per kiu trajno oni devas veturi de Beijing al Guilin?<\/p>\n<p>\u4ece\u5317\u4eac\u5230\u6842\u6797\u5750\u54ea\u8d9f\u8f66\uff1f<\/p>\n<p>619.Ni havas bonan veteron dum voja\u011do.<\/p>\n<p>\u6211\u4eec\u65c5\u884c\u78b0\u4e0a\u4e86\u597d\u5929\u6c14\u3002<\/p>\n<p>620.Kiom da vidinda\u0135oj vi intencas viziti?<\/p>\n<p>\u4f60\u6253\u7b97\u65c5\u6e38\u51e0\u4e2a\u5730\u65b9\uff1f<\/p>\n<p>621.Nun mi veturas al Lushan-monto, kaj poste al Jiuhuashan-monto kaj Huangshan-monto.<\/p>\n<p>\u73b0\u5728\u53bb\u5e90\u5c71\uff0c\u8fd8\u60f3\u53bb\u4e5d\u534e\u5c71\u548c\u9ec4\u5c71\u3002<\/p>\n<p>622.Kiom da horoj vi bezonas per a\u016dtobuso por atingi tien?<\/p>\n<p>\u4f60\u5750\u516c\u5171\u6c7d\u8f66\u5230\u90a3\u91cc\u8981\u591a\u5c11\u5c0f\u65f6\u3002<\/p>\n<p>623.Vi povas veturi \u0109u per \u015dipo \u0109u per trajno. \u015cipveruto estas pli komforta kaj trajnveturo pli rapida.<\/p>\n<p>\u5750\u8239\u5750\u706b\u8f66\u90fd\u53ef\u4ee5\uff0c\u5750\u8239\u8212\u670d\u4e9b\uff0c\u5750\u706b\u8f66\u5feb\u4e9b\u3002<\/p>\n<p>624.Unue, disponu paka\u0135ojn en hotelon.<\/p>\n<p>\u5148\u628a\u884c\u674e\u653e\u5230\u65c5\u9986\u53bb\u3002<\/p>\n<p>625.Vi edzi\u011dvoja\u011das, \u0109u ne?<\/p>\n<p>\u4f60\u4eec\u662f\u51fa\u6765\u65c5\u884c\u7ed3\u5a5a\u7684\u5427\uff1f<\/p>\n<p>626.Vi povas veturi \u0109u per la ekspresa trajno \u2026 \u0109u per la rapida trajno \u2026<\/p>\n<p>\u4f60\u53ef\u4ee5\u5750\u2026\u2026\u6b21\u7279\u5feb\uff0c\u4e5f\u53ef\u4ee5\u5750\u2026\u2026\u6b21\u76f4\u5feb\u3002<\/p>\n<p>627.La trajno ankora\u016d ne alvenas. Ni atendu en atendejo.<\/p>\n<p>\u706b\u8f66\u8fd8\u6ca1\u6765\uff0c\u6211\u4eec\u5728\u5019\u8f66\u5ba4\u7b49\u4e00\u4e0b\u3002<\/p>\n<p>628.Vi faras la unuafojan voja\u011don, \u0109u ne?<\/p>\n<p>\u4f60\u662f\u7b2c\u4e00\u6b21\u51fa\u95e8\u65c5\u6e38\u5427\uff1f<\/p>\n<p>629.Bonvole informu \u0109u ni povas mendi hotel\u0109ambron pere de trajna servo.<\/p>\n<p>\u8bf7\u95ee\u706b\u8f66\u4e0a\u80fd\u9884\u8ba2\u65c5\u9986\u5417\uff1f<\/p>\n<p>630.Mi estis tro malfrua por a\u0109eti bileton. \u0108u mi povus posta\u0109eti nun?<\/p>\n<p>\u6211\u6765\u4e0d\u53ca\u4e70\u7968\uff0c\u8865\u4e70\u4e00\u5f20\u53ef\u4ee5\u5417\uff1f<\/p>\n<p>\u5907\u7528\u5355\u8bcd<\/p>\n<p>ekspozicio.\u5c55\u89c8<\/p>\n<p>kajo\/doko .\u7801\u5934<\/p>\n<p>ponto.\u6865<\/p>\n<p>po\u015dtoficejo.\u90ae\u5c40<\/p>\n<p>voj-gvidanto.\u5411\u5bfc<\/p>\n<p>\u0135eti ankron\/panei.\u629b\u951a<\/p>\n<p>aeroplano.\u98de\u673a<\/p>\n<p>mejlo\u015dtono.\u91cc\u7a0b\u7891<\/p>\n<p>horaro.\u706b\u8f66\u65f6\u523b\u8868<\/p>\n<p>paka\u0135o.\u884c\u674e\/\u5305\u88f9<\/p>\n<p>urba mapo.\u5e02\u533a\u56fe<\/p>\n<p>anta\u016ddate vendi.\u9884\u552e<\/p>\n<p>deponejo.\u5bc4\u5b58\u5904<\/p>\n<p>biletvendejo.\u552e\u7968\u5904<\/p>\n<p>stacio.\u8f66\u7ad9<\/p>\n<p>gi\u0109eto.\u552e\u7968\u7a97<\/p>\n<p>biletisto.\u552e\u7968\u5458<\/p>\n<p>&nbsp;<\/p>\n<p>\u8fd4\u56de<a href=\"https:\/\/reto.cn\/php\/hanyu\/lernado-de-esperanto\/900frazoj\/\">\u4e16\u754c\u8bed\u4e5d\u767e\u53e5<\/a>\u76ee\u5f55<\/p>\n","protected":false},"excerpt":{"rendered":"<p>\u4e16\u754c\u8bed\u4e5d\u767e\u53e5 42 \uff0842\uff09DUM VOJA\u011cO \u65c5\u9014\u4e2d 616.Rapidu! La \u015dipo tre ba\u2026 <span class=\"read-more\"><a href=\"https:\/\/reto.cn\/php\/hanyu\/lernado-de-esperanto\/900frazoj\/900frazoj42\/\">\u7ee7\u7eed\u9605\u8bfb Legi pli &raquo;<\/a><\/span><\/p>\n","protected":false},"author":1,"featured_media":0,"parent":15904,"menu_order":0,"comment_status":"open","ping_status":"closed","template":"","meta":{"footnotes":""},"_links":{"self":[{"href":"https:\/\/reto.cn\/php\/hanyu\/wp-json\/wp\/v2\/pages\/16105"}],"collection":[{"href":"https:\/\/reto.cn\/php\/hanyu\/wp-json\/wp\/v2\/pages"}],"about":[{"href":"https:\/\/reto.cn\/php\/hanyu\/wp-json\/wp\/v2\/types\/page"}],"author":[{"embeddable":true,"href":"https:\/\/reto.cn\/php\/hanyu\/wp-json\/wp\/v2\/users\/1"}],"replies":[{"embeddable":true,"href":"https:\/\/reto.cn\/php\/hanyu\/wp-json\/wp\/v2\/comments?post=16105"}],"version-history":[{"count":0,"href":"https:\/\/reto.cn\/php\/hanyu\/wp-json\/wp\/v2\/pages\/16105\/revisions"}],"up":[{"embeddable":true,"href":"https:\/\/reto.cn\/php\/hanyu\/wp-json\/wp\/v2\/pages\/15904"}],"wp:attachment":[{"href":"https:\/\/reto.cn\/php\/hanyu\/wp-json\/wp\/v2\/media?parent=16105"}],"curies":[{"name":"wp","href":"https:\/\/api.w.org\/{rel}","templated":true}]}}