{"id":16106,"date":"2023-11-15T17:48:25","date_gmt":"2023-11-15T09:48:25","guid":{"rendered":"https:\/\/reto.cn\/php\/hanyu\/lernado-de-esperanto\/900frazoj\/900frazoj35-2-11\/"},"modified":"2023-12-14T08:49:29","modified_gmt":"2023-12-14T00:49:29","slug":"900frazoj41","status":"publish","type":"page","link":"https:\/\/reto.cn\/php\/hanyu\/lernado-de-esperanto\/900frazoj\/900frazoj41\/","title":{"rendered":"\u4e16\u754c\u8bed\u4e5d\u767e\u53e5 601-615"},"content":{"rendered":"<h4 style=\"text-align: center;\">\u4e16\u754c\u8bed\u4e5d\u767e\u53e5<br \/>\n41<\/h4>\n<p><strong><b>\uff0841\uff09MAROTO KAJ INTERESO \u7231\u597d\u548c\u5174\u8da3<\/b><\/strong><\/p>\n<p>601.Mi \u015datas fotografion. Kaj vi?<\/p>\n<p>\u6211\u7231\u597d\u6444\u5f71\uff0c\u4f60\u7231\u597d\u4ec0\u4e48\uff1f<\/p>\n<p>602.Kio estas via speciala \u015dato, krom via profesio?<\/p>\n<p>\u9664\u4e86\u804c\u4e1a\u4e4b\u5916\uff0c\u4f60\u8fd8\u6709\u4ec0\u4e48\u7279\u6b8a\u7231\u597d\uff1f<\/p>\n<p>603.Mia sola maroto estas Esperanto.<\/p>\n<p>\u6211\u7684\u552f\u4e00\u4e1a\u4f59\u7231\u597d\u4fbf\u662f\u4e16\u754c\u8bed\u3002<\/p>\n<p>604.Anka\u016d mi \u015datas Esperanton. La\u016d mia scio, multaj esperantistoj \u015datas poemojn.<\/p>\n<p>\u6211\u4e5f\u7231\u4e16\u754c\u8bed\u3002\u636e\u6211\u6240\u77e5\uff0c\u8bb8\u591a\u4e16\u754c\u8bed\u8005\u90fd\u7231\u8bd7\u3002<\/p>\n<p>605.Nun mi ne havas intereson paroli pri \u0109i temo.<\/p>\n<p>\u6211\u73b0\u5728\u6ca1\u6709\u5174\u8da3\u8c08\u8fd9\u4e2a\u95ee\u9898\u3002<\/p>\n<p>606.Mi havas multe da \u015datoj, sed mi estas lerta pri neniu el ili.<\/p>\n<p>\u6211\u7684\u7231\u597d\u592a\u591a\u4e86\uff0c\u4f46\u4e00\u95e8\u4e5f\u4e0d\u7cbe\u901a\u3002<\/p>\n<p>607.Li ludas pianon nur por distri\u011do.<\/p>\n<p>\u4ed6\u5f39\u94a2\u7434\u53ea\u662f\u4e3a\u4e86\u6d88\u9063\u3002<\/p>\n<p>608.Mi \u015datas kolekti etiketojn de alumet-skatoloj.<\/p>\n<p>\u6211\u559c\u6b22\u6536\u96c6\u706b\u67f4\u76d2\u8d34\u3002<\/p>\n<p>609.Mia rumana amiko \u015datas papilikolektadon.<\/p>\n<p>\u6211\u7684\u7f57\u9a6c\u5c3c\u4e9a\u670b\u53cb\u7231\u597d\u6536\u96c6\u8774\u8776\u3002<\/p>\n<p>610.Li korespondadas kun alilandaj amikoj nur por kolekti po\u015dtmarkojn.<\/p>\n<p>\u4ed6\u4e0e\u5916\u56fd\u670b\u53cb\u901a\u4fe1\u662f\u4e3a\u4e86\u96c6\u90ae\u3002<\/p>\n<p>611.Intereso kondukas al la vojo de sukceso.<\/p>\n<p>\u5174\u8da3\u662f\u901a\u5411\u6210\u624d\u4e4b\u8def\u7684\u9636\u68af\u3002<\/p>\n<p>612.\u015ci estas tre vigia. \u015ci \u015datas kanti kaj danci.<\/p>\n<p>\u5979\u662f\u4e2a\u6d3b\u6cfc\u7684\u4eba\uff0c\u7231\u597d\u5531\u6b4c\u548c\u8df3\u821e\u3002<\/p>\n<p>613.Florflegado tedas min. Mi jam turnas min al alia \u015dato.<\/p>\n<p>\u6211\u5f00\u59cb\u4e86\u65b0\u7684\u7231\u597d\uff0c\u6211\u5bf9\u517b\u82b1\u5df2\u7ecf\u538c\u5026\u3002<\/p>\n<p>614.Mi ne interesi\u011das pri \u015dakludo. Mi e\u0109 mal\u015datas kartludon.<\/p>\n<p>\u6211\u5bf9\u4e0b\u68cb\u4e0d\u611f\u5174\u8da3\uff0c\u751a\u81f3\u75db\u6068\u6253\u6251\u514b\u3002<\/p>\n<p>615.\u0108iuvespere mi \u015datas sidi sur la bordo por \u011dui sunsubiron.<\/p>\n<p>\u6bcf\u5929\u9ec4\u660f\uff0c\u6211\u559c\u6b22\u5750\u5728\u6c5f\u8fb9\u770b\u65e5\u843d\u3002<\/p>\n<p>\u5907\u7528\u5355\u8bcd<\/p>\n<p>muziko.\u97f3\u4e50<\/p>\n<p>kuirado.\u70f9\u996a<\/p>\n<p>filmo.\u7535\u5f71<\/p>\n<p>\u0109asado.\u6253\u730e<\/p>\n<p>teatro.\u620f\u5267<\/p>\n<p>zoologia \u011dardeno.\u52a8\u7269\u56ed<\/p>\n<p>belarto.\u7f8e\u672f<\/p>\n<p>akrobala\u0135o.\u6742\u6280<\/p>\n<p>hokfi\u015dado.\u9493\u9c7c<\/p>\n<p>sportado.\u4f53\u80b2\u8fd0\u52a8<\/p>\n<p>skulptado.\u96d5\u5851<\/p>\n<p>voja\u011do.\u65c5\u884c<\/p>\n<p>rakonto.\u6545\u4e8b<\/p>\n<p>mont-grimpado.\u722c\u5c71<\/p>\n<p>grafiko.\u4e66\u753b\u523b\u5370\u827a\u672f<\/p>\n<p>literatura verkado.\u6587\u5b66\u540d\u4f5c<\/p>\n<p>nektaro.\u7f8e\u9152<\/p>\n<p>revi.\u68a6\u60f3<\/p>\n<p>hortikulturo.\u56ed\u827a<\/p>\n<p>movado.\u6d3b\u52a8<\/p>\n<p>&nbsp;<\/p>\n<p>\u8fd4\u56de<a href=\"https:\/\/reto.cn\/php\/hanyu\/lernado-de-esperanto\/900frazoj\/\">\u4e16\u754c\u8bed\u4e5d\u767e\u53e5<\/a>\u76ee\u5f55<\/p>\n","protected":false},"excerpt":{"rendered":"<p>\u4e16\u754c\u8bed\u4e5d\u767e\u53e5 41 \uff0841\uff09MAROTO KAJ INTERESO \u7231\u597d\u548c\u5174\u8da3 601.Mi \u015datas fo\u2026 <span class=\"read-more\"><a href=\"https:\/\/reto.cn\/php\/hanyu\/lernado-de-esperanto\/900frazoj\/900frazoj41\/\">\u7ee7\u7eed\u9605\u8bfb Legi pli &raquo;<\/a><\/span><\/p>\n","protected":false},"author":1,"featured_media":0,"parent":15904,"menu_order":0,"comment_status":"open","ping_status":"closed","template":"","meta":{"footnotes":""},"_links":{"self":[{"href":"https:\/\/reto.cn\/php\/hanyu\/wp-json\/wp\/v2\/pages\/16106"}],"collection":[{"href":"https:\/\/reto.cn\/php\/hanyu\/wp-json\/wp\/v2\/pages"}],"about":[{"href":"https:\/\/reto.cn\/php\/hanyu\/wp-json\/wp\/v2\/types\/page"}],"author":[{"embeddable":true,"href":"https:\/\/reto.cn\/php\/hanyu\/wp-json\/wp\/v2\/users\/1"}],"replies":[{"embeddable":true,"href":"https:\/\/reto.cn\/php\/hanyu\/wp-json\/wp\/v2\/comments?post=16106"}],"version-history":[{"count":0,"href":"https:\/\/reto.cn\/php\/hanyu\/wp-json\/wp\/v2\/pages\/16106\/revisions"}],"up":[{"embeddable":true,"href":"https:\/\/reto.cn\/php\/hanyu\/wp-json\/wp\/v2\/pages\/15904"}],"wp:attachment":[{"href":"https:\/\/reto.cn\/php\/hanyu\/wp-json\/wp\/v2\/media?parent=16106"}],"curies":[{"name":"wp","href":"https:\/\/api.w.org\/{rel}","templated":true}]}}