{"id":16129,"date":"2023-11-15T17:48:25","date_gmt":"2023-11-15T09:48:25","guid":{"rendered":"https:\/\/reto.cn\/php\/hanyu\/lernado-de-esperanto\/900frazoj\/900frazoj35-3-2\/"},"modified":"2024-01-08T09:42:32","modified_gmt":"2024-01-08T01:42:32","slug":"900frazoj59","status":"publish","type":"page","link":"https:\/\/reto.cn\/php\/hanyu\/lernado-de-esperanto\/900frazoj\/900frazoj59\/","title":{"rendered":"\u4e16\u754c\u8bed\u4e5d\u767e\u53e5 871-885"},"content":{"rendered":"<h4 style=\"text-align: center;\">\u4e16\u754c\u8bed\u4e5d\u767e\u53e5<br \/>\n59<\/h4>\n<p><strong><b>\uff0859\uff09SCIENCO KAJ TEKNIKO \u79d1\u5b66\u4e0e\u6280\u672f<\/b><\/strong><\/p>\n<p>871.Matematiko, fiziko kaj kemio estas la fundamento de scienco.<\/p>\n<p>\u6570\u5b66\u3001\u7269\u7406\u548c\u5316\u5b66\u662f\u79d1\u5b66\u7684\u57fa\u7840\u3002<\/p>\n<p>872.Anka\u016d biologio estas.<\/p>\n<p>\u8fd8\u6709\u751f\u7269\u5b66\u3002<\/p>\n<p>873.Vi temas pri naturaj sciencoj, sed ekzistas ankora\u016d alia granda bran\u0109o de sociaj sciencoj.<\/p>\n<p>\u4f60\u6307\u7684\u662f\u81ea\u7136\u79d1\u5b66\uff0c\u8fd8\u6709\u4e00\u4e2a\u793e\u4f1a\u79d1\u5b66\u7684\u5927\u5206\u652f\u3002<\/p>\n<p>874.Nun aperas aliaj sintezaj sciencoj, kiaj sciencologio, futurologio kaj mola scienco.<\/p>\n<p>\u73b0\u5728\u53c8\u51fa\u73b0\u4e86\u8bb8\u591a\u7efc\u5408\u6027\u79d1\u5b66\uff0c\u5982\u79d1\u5b66\u5b66\u3001\u672a\u6765\u5b66\u3001\u8f6f\u79d1\u5b66\u3002<\/p>\n<p>875.Ankora\u016d ekzistas aliaj borderaj sciencoj, kiaj viva\u0135oimita scienco, cibernetiko kaj scienco de genetika in\u011denierarto.<\/p>\n<p>\u8fd8\u6709\u8bb8\u591a\u8fb9\u7f18\u79d1\u5b66\uff0c\u5982\u4eff\u751f\u5b66\uff0c\u63a7\u5236\u8bba\u3001\u9057\u4f20\u5de5\u7a0b\u7b49\u3002<\/p>\n<p>876.La bran\u0109oj de scienco pli kaj pli multi\u011das kaj precizi\u011das, kiel ekzemple, biologio havas pli ol okdek bran\u0109ojn.<\/p>\n<p>\u79d1\u5b66\u7684\u5206\u652f\u4e5f\u8d8a\u6765\u8d8a\u7ec6\uff0c\u5982\u751f\u7269\u5b66\u5c31\u670980\u591a\u79cd\u5206\u652f\u3002<\/p>\n<p>877.La scienco pri vivado estas la komenca fako de okdekaj jaroj.<\/p>\n<p>\u751f\u547d\u79d1\u5b66\u662f\u516b\u5341\u5e74\u4ee3\u7684\u5e26\u5934\u5b66\u79d1\u3002<\/p>\n<p>878.Kun disvolvado de scienco, tekniko anka\u016d impete progresas. \u201d<\/p>\n<p>\u79d1\u5b66\u7684\u53d1\u5c55\u4e5f\u5e26\u6765\u4e86\u6280\u672f\u7684\u7a81\u98de\u731b\u8fdb\u3002<\/p>\n<p>879.\u0108inio iam estis laiido kun disvolvinta tekniko.<\/p>\n<p>\u4e2d\u56fd\u66fe\u662f\u6280\u672f\u53d1\u8fbe\u7684\u56fd\u5bb6\u3002<\/p>\n<p>880.La kvar grandaj inventoj estas kompaso, paperfarado, pulvo kaj presarto.<\/p>\n<p>\u4e2d\u56fd\u53e4\u4ee3\u7684\u56db\u5927\u53d1\u660e\u662f\uff1a\u6307\u5357\u9488\uff0c\u9020\u7eb8\u672f\uff0c\u706b\u836f\u548c\u5370\u5237 \u672f.<\/p>\n<p>881.Komputero estas la signo de anta\u016diranta tekniko.<\/p>\n<p>\u8ba1\u7b97\u673a\u662f\u6280\u672f\u5148\u8fdb\u7684\u6807\u5fd7\u3002<\/p>\n<p>882.La agrikultura tekniko anka\u016d alfrontas revolucion.<\/p>\n<p>\u519c\u4e1a\u6280\u672f\u4e5f\u9762\u4e34\u7740\u4e00\u573a\u9769\u547d\u3002<\/p>\n<p>883.\u0108u vi a\u016ddis pri transplantado de artefaritaj organoj?<\/p>\n<p>\u4f60\u542c\u8bf4\u8fc7\u4eba\u9020\u5668\u5b98\u79fb\u690d\u5417\uff1f<\/p>\n<p>884.Ahka\u016d pri naski\u011do de bebo en provtubo?<\/p>\n<p>\u8fd8\u6709\u8bd5\u7ba1\u5a74\u513f\u7684\u8bde\u751f\uff1f<\/p>\n<p>885.La unua problemo en teknika revolucio estas ener\u011dio.<\/p>\n<p>\u6280\u672f\u9769\u547d\u7684\u7b2c\u4e00\u4e2a\u8bfe\u9898\u5c31\u662f\u80fd\u6e90\u3002<\/p>\n<p>\u5907\u7528\u5355\u8bcd<\/p>\n<p>astronomio.\u5929\u6587\u5b66<\/p>\n<p>laboratorio.\u5b9e\u9a8c\u5ba4<\/p>\n<p>geografio.\u5730\u7406\u5b66<\/p>\n<p>relativismo.\u76f8\u5bf9\u8bba<\/p>\n<p>filozofio.\u54f2\u5b66<\/p>\n<p>kurento.\u7535\u6d41<\/p>\n<p>meteorologio.\u6c14\u8c61\u5b66<\/p>\n<p>rezistanco.\u7535\u963b<\/p>\n<p>psikologio.\u5fc3\u7406\u5b66<\/p>\n<p>tensio\/elektra stre\u0109o.\u7535\u538b<\/p>\n<p>algebro.\u4ee3\u6570\u5b66<\/p>\n<p>geometrio.\u51e0\u4f55<\/p>\n<p>atomo.\u539f\u5b50<\/p>\n<p>analitiko.\u89e3\u6790\u51e0\u4f55<\/p>\n<p>molekulo.\u5206\u5b50<\/p>\n<p>logiko.\u903b\u8f91\u5b66<\/p>\n<p>ne\u016dtrino.\u4e2d\u5fae\u5b50<\/p>\n<p>sociologio.\u793e\u4f1a\u5b66<\/p>\n<p>ne\u016dtrono.\u4e2d\u5b50<\/p>\n<p>filologio.\u8bed\u8a00\u5b66<\/p>\n<p>elektrono.\u7535\u5b50<\/p>\n<p>optiko.\u5149\u5b66<\/p>\n<p>mezono.\u4ecb\u5b50<\/p>\n<p>tabelo de\u00a0kemiaj elementoj.\u5316\u5b66\u5143\u7d20\u8868<\/p>\n<p>izotopo.\u540c\u4f4d\u7d20<\/p>\n<p>kosmaj radioj.\u5b87\u5b99\u7ebf<\/p>\n<p>arkeologio.\u8003\u53e4\u5b66<\/p>\n<p>oksidi.\u6c27\u5316<\/p>\n<p>instituto.\u7814\u7a76\u6240<\/p>\n<p>proteino.\u86cb\u767d\u8d28<\/p>\n<p>Akademio de sciencoj.\u79d1\u5b66\u9662<\/p>\n<p>\u0109elo.\u7ec6\u80de<\/p>\n<p>heredi.\u9057\u4f20<\/p>\n<p>&nbsp;<\/p>\n<p>\u8fd4\u56de<a href=\"https:\/\/reto.cn\/php\/hanyu\/lernado-de-esperanto\/900frazoj\/\">\u4e16\u754c\u8bed\u4e5d\u767e\u53e5<\/a>\u76ee\u5f55<\/p>\n","protected":false},"excerpt":{"rendered":"<p>\u4e16\u754c\u8bed\u4e5d\u767e\u53e5 59 \uff0859\uff09SCIENCO KAJ TEKNIKO \u79d1\u5b66\u4e0e\u6280\u672f 871.Matematiko,\u2026 <span class=\"read-more\"><a href=\"https:\/\/reto.cn\/php\/hanyu\/lernado-de-esperanto\/900frazoj\/900frazoj59\/\">\u7ee7\u7eed\u9605\u8bfb Legi pli &raquo;<\/a><\/span><\/p>\n","protected":false},"author":1,"featured_media":0,"parent":15904,"menu_order":0,"comment_status":"open","ping_status":"closed","template":"","meta":{"footnotes":""},"_links":{"self":[{"href":"https:\/\/reto.cn\/php\/hanyu\/wp-json\/wp\/v2\/pages\/16129"}],"collection":[{"href":"https:\/\/reto.cn\/php\/hanyu\/wp-json\/wp\/v2\/pages"}],"about":[{"href":"https:\/\/reto.cn\/php\/hanyu\/wp-json\/wp\/v2\/types\/page"}],"author":[{"embeddable":true,"href":"https:\/\/reto.cn\/php\/hanyu\/wp-json\/wp\/v2\/users\/1"}],"replies":[{"embeddable":true,"href":"https:\/\/reto.cn\/php\/hanyu\/wp-json\/wp\/v2\/comments?post=16129"}],"version-history":[{"count":0,"href":"https:\/\/reto.cn\/php\/hanyu\/wp-json\/wp\/v2\/pages\/16129\/revisions"}],"up":[{"embeddable":true,"href":"https:\/\/reto.cn\/php\/hanyu\/wp-json\/wp\/v2\/pages\/15904"}],"wp:attachment":[{"href":"https:\/\/reto.cn\/php\/hanyu\/wp-json\/wp\/v2\/media?parent=16129"}],"curies":[{"name":"wp","href":"https:\/\/api.w.org\/{rel}","templated":true}]}}