{"id":16131,"date":"2023-11-15T17:48:25","date_gmt":"2023-11-15T09:48:25","guid":{"rendered":"https:\/\/reto.cn\/php\/hanyu\/lernado-de-esperanto\/900frazoj\/900frazoj35-3-4\/"},"modified":"2024-01-08T09:40:41","modified_gmt":"2024-01-08T01:40:41","slug":"900frazoj57","status":"publish","type":"page","link":"https:\/\/reto.cn\/php\/hanyu\/lernado-de-esperanto\/900frazoj\/900frazoj57\/","title":{"rendered":"\u4e16\u754c\u8bed\u4e5d\u767e\u53e5 841-855"},"content":{"rendered":"<h4 style=\"text-align: center;\">\u4e16\u754c\u8bed\u4e5d\u767e\u53e5<br \/>\n57<\/h4>\n<p>&nbsp;<\/p>\n<p><strong><b>\uff0857\uff09GEEDZI\u011cA CEREMONIO KAJ ALIAJ FESTOJ \u5a5a\u793c\u53ca\u8282\u65e5<\/b><\/strong><\/p>\n<p>841.Tio estas novtipa geedzi\u011da ceremonio, alinomata kolektiva geedzi\u011da ceremonio.<\/p>\n<p>\u8fd9\u662f\u65b0\u5f0f\u5a5a\u793c\uff0c\u53c8\u53eb\u96c6\u4f53\u7ed3\u5a5a\u3002<\/p>\n<p>842.\u011cojan geedzi\u011don al vi!<\/p>\n<p>\u795d\u4f60\u4eec\u65b0\u5a5a\u6109\u5feb\uff01<\/p>\n<p>843.Ni petu la novedzinon (novedzon) doni prezentadon.<\/p>\n<p>\u8bf7\u65b0\u5a18\uff08\u65b0\u90ce\uff09\u8868\u6f14\u4e00\u4e2a\u8282\u76ee\u3002<\/p>\n<p>844.La konatiganto bonvole prezentu al ni la staton pri la novgeedzoj.<\/p>\n<p>\u8bf7\u4ecb\u7ecd\u4eba\u4ecb\u7ecd\u65b0\u5a5a\u592b\u5987\u7684\u60c5\u51b5\u3002<\/p>\n<p>845.La prezidanto de la geedzi\u011da ceremonio bonvole faru la gratulan paroladon al la novgeedzoj.<\/p>\n<p>\u8bf7\u4e3b\u5a5a\u4eba\u5411\u65b0\u5a5a\u592b\u5987\u81f4\u795d\u8bcd\u3002<\/p>\n<p>846.Hodia\u016d estas anka\u016d la ar\u011denta\/ora\/diamanta jubileo de gesinjoroj Zhang<\/p>\n<p>\u4eca\u5929\u4e5f\u662fXXX\u5148\u751f\u548cXXX\u592a\u592a\u7684\u94f6\u5a5a\uff08\u91d1\u5a5a\u3001\u94bb\u77f3 \u5a5a\uff09\u7eaa\u5ff5\u65e5\u3002<\/p>\n<p>847.Bonvole man\u011du bombonojn kaj fumu cigaredojn pro la feli\u0109a geedzi\u011dafesto.<\/p>\n<p>\u8bf7\u5403\u559c\u7cd6\uff0c\u8bf7\u62bd\u559c\u70df\u3002<\/p>\n<p>848.Ni deziru, ke vi amu kaj respektu unu la alian \u011dis grizhara maljuneco.<\/p>\n<p>\u795d\u4f60\u4eec\u76f8\u656c\u76f8\u7231\uff0c\u767d\u5934\u5230\u8001.<\/p>\n<p>849.Hodia\u016d estas la Nacia Festo de nia lando.<\/p>\n<p>\u4eca\u5929\u662f\u6211\u4eec\u7684\u56fd\u5e86\u65e5.<\/p>\n<p>850.La 15-a tago de decembro de \u0109iu jaro estas la festo de esperantistoj (Z-festo).<\/p>\n<p>\u6bcf\u5e7412\u670815\u65e5\u662f\u4e16\u754c\u8bed\u8005\u7684\u8282\u65e5\uff08\u67f4\u8bde\u8282\uff09\u3002<\/p>\n<p>851.Jes, ni okazigas kunvenon \u0109iujare memore al D-ro Zamenhof.<\/p>\n<p>\u662f\u7684\uff0c\u6211\u4eec\u6bcf\u5e74\u90fd\u4e3e\u884c\u7eaa\u5ff5\u5927\u4f1a\uff0c\u7eaa\u5ff5\u67f4\u95e8 \u970d\u592b\u535a\u58eb\u3002<\/p>\n<p>852.\u0108iujare ni havas feriojn okaze de Majtago kaj Novjartago, Krom de Nacia Festo.<\/p>\n<p>\u9664\u56fd\u5e86\u8282\u5916\uff0c\u6bcf\u5e74\u4e94\u4e00\u8282\u548c\u5143\u65e6\uff0c\u6211\u4eec\u4e5f\u653e\u5047\u3002<\/p>\n<p>853.Por \u0109inoj la plej solena festo estas la Printempa Festo, samkiel Kristnasko por okcidentanoj.<\/p>\n<p>\u4e2d\u56fd\u4eba\u6700\u9686\u91cd\u7684\u8282\u65e5\u8fd8\u662f\u6625\u8282\uff0c\u5c31\u8c61\u897f\u65b9\u7684\u5723\u8bde\u8282\u3002<\/p>\n<p>854.La naciminoritatoj ankora\u016d havas multe da grandiozaj festoj, kia Akvover\u015da Festo de nacieco Dai.<\/p>\n<p>\u5c11\u6570\u6c11\u65cf\u8fd8\u6709\u8bb8\u591a\u4e30\u76db\u7684\u8282\u65e5\uff0c\u5982\u50a3\u65cf\u7684\u6cfc\u6c34\u8282\u3002<\/p>\n<p>855.La festoj estas la tagoj, en kiuj oni bondeziras, festenas a\u016d okazigas celebradon.<\/p>\n<p>\u8282\u65e5\u662f\u4eba\u4eec\u7684\u795d\u613f\uff0c\u559c\u5e86\u548c\u7eaa\u5ff5\u7684\u65e5\u5b50\u3002<\/p>\n<p>\u5907\u7528\u5355\u8bcd<\/p>\n<p>geedzi\u011di\/edzi\u011di\/edzini\u011di.\u7ed3\u5a5a<\/p>\n<p>edzinigi.\u5ac1<\/p>\n<p>doto.\u5ac1\u5986<\/p>\n<p>fianc(in)i\u011di.\uff08\u8ba2\uff09\u5b9a\u5a5a<\/p>\n<p>geedzi\u011da a\u011do \u5a5a\u9f84<\/p>\n<p>malfrua geedzi\u011do.\u665a\u5a5a<\/p>\n<p>la\u016dplana nasko.\u8ba1\u5212\u751f\u80b2<\/p>\n<p>le\u011do de geedzi\u011do.\u5a5a\u59fb\u6cd5<\/p>\n<p>nupto.\u5a5a\u793c<\/p>\n<p>foto de geedzi\u011do.\u7ed3\u5a5a\u7167<\/p>\n<p>geedzi\u011da ringo.\u7ed3\u5a5a\u6212\u6307<\/p>\n<p>Tago de studentoj.\u5927\u5b66\u751f\u8282<\/p>\n<p>Tago de junuloj.\u9752\u5e74\u8282<\/p>\n<p>Tago de virinoj.\u4e09\u516b\u56fd\u9645\u5987\u5973\u8282<\/p>\n<p>Tago de \u0108PLA.\u5efa\u519b\u8282<\/p>\n<p>Tago de KP\u0108.\u4e03\u4e00\u5efa\u515a\u8282<\/p>\n<p>naski\u011dtago.\u751f\u65e5<\/p>\n<p>Tago de infanoj.\u513f\u7ae5\u8282<\/p>\n<p>novjara karto.\u8d3a\u5e74\u7247<\/p>\n<p>jarfina vespero.\u9664\u5915<\/p>\n<p>festa gratulo.\u8282\u65e5\u795d\u8d3a<\/p>\n<p>\u8fd4\u56de<a href=\"https:\/\/reto.cn\/php\/hanyu\/lernado-de-esperanto\/900frazoj\/\">\u4e16\u754c\u8bed\u4e5d\u767e\u53e5<\/a>\u76ee\u5f55<\/p>\n","protected":false},"excerpt":{"rendered":"<p>\u4e16\u754c\u8bed\u4e5d\u767e\u53e5 57 &nbsp; \uff0857\uff09GEEDZI\u011cA CEREMONIO KAJ ALIAJ FESTO\u2026 <span class=\"read-more\"><a href=\"https:\/\/reto.cn\/php\/hanyu\/lernado-de-esperanto\/900frazoj\/900frazoj57\/\">\u7ee7\u7eed\u9605\u8bfb Legi pli &raquo;<\/a><\/span><\/p>\n","protected":false},"author":1,"featured_media":0,"parent":15904,"menu_order":0,"comment_status":"open","ping_status":"closed","template":"","meta":{"footnotes":""},"_links":{"self":[{"href":"https:\/\/reto.cn\/php\/hanyu\/wp-json\/wp\/v2\/pages\/16131"}],"collection":[{"href":"https:\/\/reto.cn\/php\/hanyu\/wp-json\/wp\/v2\/pages"}],"about":[{"href":"https:\/\/reto.cn\/php\/hanyu\/wp-json\/wp\/v2\/types\/page"}],"author":[{"embeddable":true,"href":"https:\/\/reto.cn\/php\/hanyu\/wp-json\/wp\/v2\/users\/1"}],"replies":[{"embeddable":true,"href":"https:\/\/reto.cn\/php\/hanyu\/wp-json\/wp\/v2\/comments?post=16131"}],"version-history":[{"count":0,"href":"https:\/\/reto.cn\/php\/hanyu\/wp-json\/wp\/v2\/pages\/16131\/revisions"}],"up":[{"embeddable":true,"href":"https:\/\/reto.cn\/php\/hanyu\/wp-json\/wp\/v2\/pages\/15904"}],"wp:attachment":[{"href":"https:\/\/reto.cn\/php\/hanyu\/wp-json\/wp\/v2\/media?parent=16131"}],"curies":[{"name":"wp","href":"https:\/\/api.w.org\/{rel}","templated":true}]}}