{"id":16132,"date":"2023-11-15T17:48:25","date_gmt":"2023-11-15T09:48:25","guid":{"rendered":"https:\/\/reto.cn\/php\/hanyu\/lernado-de-esperanto\/900frazoj\/900frazoj35-3-5\/"},"modified":"2024-01-08T09:40:19","modified_gmt":"2024-01-08T01:40:19","slug":"900frazoj56","status":"publish","type":"page","link":"https:\/\/reto.cn\/php\/hanyu\/lernado-de-esperanto\/900frazoj\/900frazoj56\/","title":{"rendered":"\u4e16\u754c\u8bed\u4e5d\u767e\u53e5 826-840"},"content":{"rendered":"<h4 style=\"text-align: center;\">\u4e16\u754c\u8bed\u4e5d\u767e\u53e5<br \/>\n56<\/h4>\n<p><strong><b>\uff0856\uff09PRI URBOJ \u4ecb\u7ecd\u57ce\u5e02<\/b><\/strong><\/p>\n<p>826.Nia urbo estas mez-malgranda industria urbo.<\/p>\n<p>\u6211\u4eec\u5e02\u662f\u4e00\u4e2a\u4e2d\u5c0f\u578b\u5de5\u4e1a\u57ce\u5e02.<\/p>\n<p>827.\u0108i tie estas la centro de la urbo. Magazenoj, bankoj kaj kinejoj \u0109iuj koncentri\u011das \u0109i tie.<\/p>\n<p>\u8fd9\u662f\u5e02\u4e2d\u5fc3\uff0c\u5927\u5546\u573a\u3001\u94f6\u884c\u3001\u7535\u5f71\u9662\u90fd\u96c6\u4e2d\u5728\u8fd9\u513f\u3002<\/p>\n<p>828.Tiu kvineta\u011da blanka konstua\u0135o estas la biblioteko de la urbo.\u011ci \u0135us finkonstrui\u011dis.<\/p>\n<p>\u90a3\u5e62\u4e94\u5c42\u697c\u7684\u767d\u623f\u5b50\u5c31\u662f\u5e02\u56fe\u4e66\u9986\uff0c\u521a\u5efa\u8d77\u6765\u3002<\/p>\n<p>829.La industria kvartalo trovi\u011das en la norda parto de la urbo.<\/p>\n<p>\u5de5\u4e1a\u533a\u5728\u57ce\u5e02\u7684\u5317\u8fb9\u3002<\/p>\n<p>830.La bulevardo la\u016d la rivero estas la plej bela loko de la urbo. \u0108e la rivero anka\u016d sin trovas na\u011dejo.<\/p>\n<p>\u6cbf\u6c5f\u5927\u9053\u662f\u57ce\u5e02\u6700\u7f8e\u7684\u5730\u65b9\uff0c\u6c5f\u8fb9\u8fd8\u6709\u6e38\u6cf3\u6c60\u3002<\/p>\n<p>831.Trans la ponto sin lokas Gubernio K kaj \u011di anka\u016d estas sub la jurisdikcio de \u0109i tiu urbo.<\/p>\n<p>\u6865\u90a3\u8fb9\u662fK\u53bf\uff0c\u4e5f\u5f52\u8be5\u5e02\u7ba1\u8f96\u3002<\/p>\n<p>832.Tio estas po\u015dtoficejo, kaj flanke de \u011di estas supermerkato.<\/p>\n<p>\u8fd9\u662f\u90ae\u7535\u5c40\uff0c\u65c1\u8fb9\u662f\u8d85\u7ea7\u5e02\u573a\u3002<\/p>\n<p>833.La muzeo situas en la pitoreskejo de la okcidenta anta\u016durbo.<\/p>\n<p>\u535a\u7269\u9986\u5ea7\u843d\u5728\u897f\u90ca\u98ce\u666f\u533a\u3002<\/p>\n<p>834.Tio estas la Kultura Palaco por Laboristoj, kie trovi\u011das teatro kaj amuzejo.<\/p>\n<p>\u8fd9\u662f\u5de5\u4eba\u6587\u5316\u5b98\uff0c\u91cc\u9762\u6709\u5267\u573a\u548c\u6e38\u4e50\u573a\u3002<\/p>\n<p>835.En nia urbo estas du universitatoj, dek kvin mezgrandaj kaj kelkdek elementaj lernejoj.<\/p>\n<p>\u6211\u4eec\u5e02\u6709\u4e24\u6240\u5927\u5b66\u3001\u5341\u4e94\u6240\u4e2d\u5b66\u3001\u51e0\u5341\u6240\u5c0f\u5b66\u3002<\/p>\n<p>836.Kiel bela loko kun rivero anta\u016de kaj montoj malanta\u016dej.<\/p>\n<p>\u501a\u5c71\u508d\u6c34\uff0c\u771f\u7f8e\u554a\uff01<\/p>\n<p>837.La plej alta eta\u011ddomo estas Restoracio Bingjiang.<\/p>\n<p>\u6700\u9ad8\u7684\u90a3\u5e62\u697c\u662f\u6ee8\u6c5f\u996d\u5e97\u3002<\/p>\n<p>838.La kajo kaj stacio amba\u016d sin trovas najbare de la restoracio.<\/p>\n<p>\u7801\u5934\u548c\u706b\u8f66\u7ad9\u90fd\u5728\u996d\u5e97\u9644\u8fd1\u3002<\/p>\n<p>839.La sidejo de la magistrato sin lokas malanta\u016d la stadiono.<\/p>\n<p>\u5e02\u653f\u5e9c\u5728\u4f53\u80b2\u573a\u540e\u9762\u3002<\/p>\n<p>840.\u0108i tie estas la resta\u0135o de la antikva urbmurego kaj \u011di estas la sola historia resta\u0135o en la urbo.<\/p>\n<p>\u8fd9\u513f\u662f\u53e4\u57ce\u5899\u7684\u9057\u5740\uff0c\u662f\u552f\u4e00\u7684\u53e4\u8ff9\u4e86\u3002<\/p>\n<p>\u5907\u7528\u5355\u8bcd<\/p>\n<p>urbestro.\u5e02\u957f<\/p>\n<p>pre\u011dejo.\u6559\u5802<\/p>\n<p>urba registaro.\u5e02\u653f\u5e9c<\/p>\n<p>komitato de lo\u011dantoj.\u5c45\u6c11\u59d4\u5458\u4f1a<\/p>\n<p>trafiko.\u57ce\u5e02\u4ea4\u901a<\/p>\n<p>avenuo.\u6797\u836b\u5927\u9053<\/p>\n<p>policejo.\u6d3e\u51fa\u6240<\/p>\n<p>voj-kruci\u011do.\u5341\u5b57\u8def\u53e3<\/p>\n<p>montrofenestro.\uff08\u5546\u5e97\uff09\u6a71\u7a97<\/p>\n<p>strateto.\u5df7\uff0c\u80e1\u540c\uff0c\u91cc\u5f04<\/p>\n<p>trotuaro.\u4eba\u884c\u9053<\/p>\n<p>vojmontrilo.\u8def\u724c<\/p>\n<p>latrino.\u516c\u5171\u5395\u6240<\/p>\n<p>numero.\u95e8\u724c\uff08\u53f7\u7801\uff09<\/p>\n<p>kompanio.\u516c\u53f8<\/p>\n<p>taksio.\u51fa\u79df\u6c7d\u8f66<\/p>\n<p>Librejo Xinhua \u65b0\u534e\u4e66\u5e97<\/p>\n<p>trolebuso.\u7535\u8f66<\/p>\n<p>biciklo.\u81ea\u884c\u8f66<\/p>\n<p>haltejo de a\u016dtobuso.\u516c\u5171\u6c7d\u8f66\u7ad9<\/p>\n<p>aerodromo.\u98de\u673a\u573a<\/p>\n<p>\u015doseo.\u9a6c\u8def\uff0c\u516c\u8def<\/p>\n<p>lumsignaloj.\u7ea2\u7eff\u706f<\/p>\n<p>policano.\u8b66\u5bdf<\/p>\n<p>&nbsp;<\/p>\n<p>\u8fd4\u56de<a href=\"https:\/\/reto.cn\/php\/hanyu\/lernado-de-esperanto\/900frazoj\/\">\u4e16\u754c\u8bed\u4e5d\u767e\u53e5<\/a>\u76ee\u5f55<\/p>\n","protected":false},"excerpt":{"rendered":"<p>\u4e16\u754c\u8bed\u4e5d\u767e\u53e5 56 \uff0856\uff09PRI URBOJ \u4ecb\u7ecd\u57ce\u5e02 826.Nia urbo estas mez-mal\u2026 <span class=\"read-more\"><a href=\"https:\/\/reto.cn\/php\/hanyu\/lernado-de-esperanto\/900frazoj\/900frazoj56\/\">\u7ee7\u7eed\u9605\u8bfb Legi pli &raquo;<\/a><\/span><\/p>\n","protected":false},"author":1,"featured_media":0,"parent":15904,"menu_order":0,"comment_status":"open","ping_status":"closed","template":"","meta":{"footnotes":""},"_links":{"self":[{"href":"https:\/\/reto.cn\/php\/hanyu\/wp-json\/wp\/v2\/pages\/16132"}],"collection":[{"href":"https:\/\/reto.cn\/php\/hanyu\/wp-json\/wp\/v2\/pages"}],"about":[{"href":"https:\/\/reto.cn\/php\/hanyu\/wp-json\/wp\/v2\/types\/page"}],"author":[{"embeddable":true,"href":"https:\/\/reto.cn\/php\/hanyu\/wp-json\/wp\/v2\/users\/1"}],"replies":[{"embeddable":true,"href":"https:\/\/reto.cn\/php\/hanyu\/wp-json\/wp\/v2\/comments?post=16132"}],"version-history":[{"count":0,"href":"https:\/\/reto.cn\/php\/hanyu\/wp-json\/wp\/v2\/pages\/16132\/revisions"}],"up":[{"embeddable":true,"href":"https:\/\/reto.cn\/php\/hanyu\/wp-json\/wp\/v2\/pages\/15904"}],"wp:attachment":[{"href":"https:\/\/reto.cn\/php\/hanyu\/wp-json\/wp\/v2\/media?parent=16132"}],"curies":[{"name":"wp","href":"https:\/\/api.w.org\/{rel}","templated":true}]}}