{"id":16134,"date":"2023-11-15T17:48:25","date_gmt":"2023-11-15T09:48:25","guid":{"rendered":"https:\/\/reto.cn\/php\/hanyu\/lernado-de-esperanto\/900frazoj\/900frazoj35-3-7\/"},"modified":"2024-01-08T09:39:34","modified_gmt":"2024-01-08T01:39:34","slug":"900frazoj54","status":"publish","type":"page","link":"https:\/\/reto.cn\/php\/hanyu\/lernado-de-esperanto\/900frazoj\/900frazoj54\/","title":{"rendered":"\u4e16\u754c\u8bed\u4e5d\u767e\u53e5 796-810"},"content":{"rendered":"<h4 style=\"text-align: center;\">\u4e16\u754c\u8bed\u4e5d\u767e\u53e5<br \/>\n54<\/h4>\n<p>&nbsp;<\/p>\n<p><strong><b>\uff0854\uff09LANDOJ KAJ NACIECO \u56fd\u5bb6\u4e0e\u56fd\u7c4d<\/b><\/strong><\/p>\n<p>796.Kio estas via nacieco? \u0108u vi estas japano?<\/p>\n<p>\u4f60\u662f\u4ec0\u4e48\u56fd\u7c4d\uff0c\u4f60\u662f\u65e5\u672c\u4eba\u5417\uff1f<\/p>\n<p>797.Mi havas la \u0109inan naciecon, sed mi naski\u011dis en Japanio.<\/p>\n<p>\u6211\u7684\u56fd\u7c4d\u662f\u4e2d\u56fd\uff0c\u4f46\u6211\u751f\u5728\u65e5\u672c\u3002<\/p>\n<p>798.\u0108u vi scias, kiom da kvadrataj kilometroj Japanio kovras?<\/p>\n<p>\u4f60\u77e5\u9053\u65e5\u672c\u7684\u9762\u79ef\u6709\u591a\u5c11\u5e73\u65b9\u516c\u91cc\uff1f<\/p>\n<p>799.\u0108inio estas lando kun la areo de 9600 mil kvadrataj kilometroj kaj kun dekcent milionoj da lo\u011dantoj. \u011ci estas la lando kun la plej granda lo\u011dantaro en la mondo.<\/p>\n<p>\u4e2d\u56fd\u6709960\u4e07\u5e73\u65b9\u516c\u91cc\u9762\u79ef\uff0c\u5341\u4ebf\u4eba\u53e3\uff0c\u662f\u4eba\u53e3\u6700\u591a\u7684 \u56fd\u5bb6\u3002<\/p>\n<p>800.Nia lando havas abundajn ri\u0109fontojn kaj multajn mineralajn rezervojn.<\/p>\n<p>\u6211\u56fd\u81ea\u7136\u8d44\u6e90\u4e30\u5bcc\uff0c\u6709\u8bb8\u591a\u77ff\u85cf\u3002<\/p>\n<p>801 .Dum la lastaj jaroj, \u0108inio fami\u011das pro sia ekonomia stabileco.<\/p>\n<p>\u8fd1\u5e74\u6765\uff0c\u4e2d\u56fd\u4ee5\u7ecf\u6d4e\u7a33\u5b9a\u800c\u8457\u79f0\u4e8e\u5168\u4e16\u754c\u3002<\/p>\n<p>802.En la mondo estas kvar rasoj. Ni apartenas al la flavha\u016dta raso.<\/p>\n<p>\u4e16\u754c\u4e0a\u5171\u5206\u56db\u79cd\u4eba\u79cd\uff0c\u6211\u4eec\u662f\u9ec4\u79cd\u4eba\u3002<\/p>\n<p>803.\u0108inio estas dividita en dudek tri provincojn, kvar municipojn, kvin a\u016dtonomajn regionojn kaj specialajn administrajn regionojn.<\/p>\n<p>\u4e2d\u56fd\u5212\u5206\u4e3a23\u4e2a\u7701\u30014\u4e2a\u76f4\u8f96\u5e02\u30015\u4e2a\u81ea\u6cbb\u533a\u30012\u4e2a\u7279\u522b\u884c\u653f\u533a\u3002<\/p>\n<p>804.La\u016d la lasta enketado, la lo\u011dantaro de nia lando spertis alian plii\u011don.<\/p>\n<p>\u6839\u636e\u6700\u8fd1\u8c03\u67e5\uff0c\u6211\u56fd\u4eba\u53e3\u53c8\u6709\u589e\u52a0\u3002<\/p>\n<p>805.Nuntempe nia lando estas disvolvi\u011danta lando kaj apartenas al la Tria Mondo.<\/p>\n<p>\u76ee\u524d\uff0c\u6211\u4eec\u8fd8\u662f\u53d1\u5c55\u4e2d\u56fd\u5bb6\uff0c\u5c5e\u7b2c\u4e09\u4e16\u754c\u3002<\/p>\n<p>806.Ne malsameco ekzistu inter grandaj kaj malgrandaj landoj nek inter fortaj kaj malfortaj nacioj.<\/p>\n<p>\u56fd\u5bb6\u4e0d\u5206\u5927\u5c0f\uff0c\u6c11\u65cf\u4e0d\u5206\u5f3a\u5f31\u3002<\/p>\n<p>807.Kiu estas la \u0109efministro de via lando?<\/p>\n<p>\u8d35\u56fd\u7684\u603b\u7406\u662f\u8c01\uff1f<\/p>\n<p>808.\u0108u via lando estas sub la sistemo de monarkio a\u016d respubliko?<\/p>\n<p>\u4f60\u4eec\u56fd\u5bb6\u662f\u541b\u4e3b\u5236\u8fd8\u662f\u5171\u548c\u5236\uff1f<\/p>\n<p>809.Niaj amba\u016dlandoj estas proksimaj najbaroj dividitaj nur per strio da akvo.<\/p>\n<p>\u6211\u4eec\u4e24\u56fd\u662f\u4e00\u8863\u5e26\u6c34\u7684\u90bb\u90a6\u3002<\/p>\n<ol start=\"810\">\n<li>\u201cTransmaraj amikoj intimas kiel proksimaj najbaroj.\u201d<\/li>\n<\/ol>\n<p>\u201c\u6d77\u5185\u5b58\u77e5\u5df1\uff0c\u5929\u6daf\u82e5\u6bd4\u90bb\u201d\u3002<\/p>\n<p>\u5907\u7528\u5355\u8bcd<\/p>\n<p>nacia flago.\u56fd\u65d7<\/p>\n<p>Birmo.\u7f05\u7538<\/p>\n<p>nacia emblemo.\u56fd\u5fbd<\/p>\n<p>Hindio.\u5370\u5ea6<\/p>\n<p>nacia himno.\u56fd\u6b4c<\/p>\n<p>Koreio.\u671d\u9c9c<\/p>\n<p>\u015ctata Konsilantaro.\u56fd\u52a1\u9662<\/p>\n<p>Pakistano.\u5df4\u57fa\u65af\u5766<\/p>\n<p>Singapuro.\u65b0\u52a0\u5761<\/p>\n<p>Ministerio por Eksteraj Aferoj.\u5916\u4ea4\u90e8<\/p>\n<p>A\u016dstrio.\u5965\u5730\u5229<\/p>\n<p>Anglio (Britio).\u82f1\u56fd<\/p>\n<p>ju\u011dejo.\u6cd5\u9662<\/p>\n<p>Francio.\u6cd5\u56fd<\/p>\n<p>re\u011dimo.\u653f\u6743<\/p>\n<p>Germanio.\u5fb7\u56fd<\/p>\n<p>armeo.\u519b\u961f<\/p>\n<p>Hungario.\u5308\u7259\u5229<\/p>\n<p>parlamento.\u8bae\u4f1a<\/p>\n<p>Italio.\u610f\u5927\u5229<\/p>\n<p>pasporto.\u62a4\u7167<\/p>\n<p>Pollando.\u6ce2\u5170<\/p>\n<p>vizo.\u7b7e\u8bc1<\/p>\n<p>Nederlando.\u8377\u5170<\/p>\n<p>Unui\u011dintaj Nacioj.\u8054\u5408\u56fd<\/p>\n<p>Hispanio.\u897f\u73ed\u7259<\/p>\n<p>Sovetunio.\u82cf\u8054<\/p>\n<p>landlimo.\u56fd\u754c<\/p>\n<p>Usono.\u7f8e\u56fd<\/p>\n<p>teritorio.\u9886\u571f<\/p>\n<p>Brazilo.\u5df4\u897f<\/p>\n<p>\u015dtata suvereneco.\u56fd\u5bb6\u4e3b\u6743<\/p>\n<p>Egiptio.\u57c3\u53ca<\/p>\n<p>Zairo.\u624e\u4f0a\u5c14<\/p>\n<p>duobla nacieco.\u53cc\u91cd\u56fd\u7c4d<\/p>\n<p>A\u016dstralio.\u6fb3\u5927\u5229\u4e9a<\/p>\n<p>\u8fd4\u56de<a href=\"https:\/\/reto.cn\/php\/hanyu\/lernado-de-esperanto\/900frazoj\/\">\u4e16\u754c\u8bed\u4e5d\u767e\u53e5<\/a>\u76ee\u5f55<\/p>\n","protected":false},"excerpt":{"rendered":"<p>\u4e16\u754c\u8bed\u4e5d\u767e\u53e5 54 &nbsp; \uff0854\uff09LANDOJ KAJ NACIECO \u56fd\u5bb6\u4e0e\u56fd\u7c4d 796.Kio e\u2026 <span class=\"read-more\"><a href=\"https:\/\/reto.cn\/php\/hanyu\/lernado-de-esperanto\/900frazoj\/900frazoj54\/\">\u7ee7\u7eed\u9605\u8bfb Legi pli &raquo;<\/a><\/span><\/p>\n","protected":false},"author":1,"featured_media":0,"parent":15904,"menu_order":0,"comment_status":"open","ping_status":"closed","template":"","meta":{"footnotes":""},"_links":{"self":[{"href":"https:\/\/reto.cn\/php\/hanyu\/wp-json\/wp\/v2\/pages\/16134"}],"collection":[{"href":"https:\/\/reto.cn\/php\/hanyu\/wp-json\/wp\/v2\/pages"}],"about":[{"href":"https:\/\/reto.cn\/php\/hanyu\/wp-json\/wp\/v2\/types\/page"}],"author":[{"embeddable":true,"href":"https:\/\/reto.cn\/php\/hanyu\/wp-json\/wp\/v2\/users\/1"}],"replies":[{"embeddable":true,"href":"https:\/\/reto.cn\/php\/hanyu\/wp-json\/wp\/v2\/comments?post=16134"}],"version-history":[{"count":0,"href":"https:\/\/reto.cn\/php\/hanyu\/wp-json\/wp\/v2\/pages\/16134\/revisions"}],"up":[{"embeddable":true,"href":"https:\/\/reto.cn\/php\/hanyu\/wp-json\/wp\/v2\/pages\/15904"}],"wp:attachment":[{"href":"https:\/\/reto.cn\/php\/hanyu\/wp-json\/wp\/v2\/media?parent=16134"}],"curies":[{"name":"wp","href":"https:\/\/api.w.org\/{rel}","templated":true}]}}