{"id":16135,"date":"2023-11-15T17:48:25","date_gmt":"2023-11-15T09:48:25","guid":{"rendered":"https:\/\/reto.cn\/php\/hanyu\/lernado-de-esperanto\/900frazoj\/900frazoj35-3-8\/"},"modified":"2024-01-08T09:39:11","modified_gmt":"2024-01-08T01:39:11","slug":"900frazoj53","status":"publish","type":"page","link":"https:\/\/reto.cn\/php\/hanyu\/lernado-de-esperanto\/900frazoj\/900frazoj53\/","title":{"rendered":"\u4e16\u754c\u8bed\u4e5d\u767e\u53e5 781-795"},"content":{"rendered":"<h4 style=\"text-align: center;\">\u4e16\u754c\u8bed\u4e5d\u767e\u53e5<br \/>\n53<\/h4>\n<p><strong><b>\uff0853\uff09GEOGRAFIO KAJ TOPOGRAFIO \u5730\u7406\u4e0e\u5730\u5f62<\/b><\/strong><\/p>\n<p>781.Geografie nia lando situas en la norda hemisfero.<\/p>\n<p>\u5728\u5730\u7406\u4e0a\uff0c\u6211\u56fd\u4f4d\u4e8e\u5317\u534a\u7403\u3002<\/p>\n<p>782.Changjiang-rivero estas la plej granda rivero en \u0108inio, kaj la kvara granda en la mondo.<\/p>\n<p>\u957f\u6c5f\u662f\u4e2d\u56fd\u7b2c\u4e00\u5927\u6cb3\u6d41\uff0c\u4e5f\u662f\u4e16\u754c\u7b2c\u56db\u5927\u6cb3\u6d41\u3002<\/p>\n<p>783.\u0108e la Tri Gorgoj de la meza baseno de Changjiarig-rivero trovi\u011das multaj apikaj rokoj kaj klifoj.<\/p>\n<p>\u957f\u6c5f\u4e2d\u6e38\u7684\u4e09\u5ce1\uff0c\u6709\u8bb8\u591a\u60ac\u5d16\u5ced\u58c1\u3002<\/p>\n<p>784.Nia lando havas longan marbordan linion, kaj plejmulte da lo\u011dantoj koncentri\u011das en la apudmara regiono.<\/p>\n<p>\u6211\u56fd\u6709\u6f2b\u957f\u7684\u6d77\u5cb8\u7ebf\uff0c\u4eba\u53e3\u5927\u591a\u96c6\u4e2d\u4e8e\u6cbf\u6d77\u5730\u533a\u3002<\/p>\n<p>785.Kvar grandaj lagoj trovi\u011das en nia lando. El ili, la Taihu-lago estas la plej malgranda kaj plej bela.<\/p>\n<p>\u6211\u56fd\u6709\u56db\u5927\u6e56\uff0c\u6570\u592a\u6e56\u6700\u5c0f\uff0c\u4e5f\u6700\u7f8e\u3002<\/p>\n<p>786.Kiam vi vojagos okcidenten, vi trovos, ke la tereno grade alti\u011das.<\/p>\n<p>\u5f53\u4f60\u5411\u897f\u65c5\u884c\u65f6\uff0c\u5730\u52bf\u53d8\u5f97\u8d8a\u6765\u8d8a\u9ad8\u3002<\/p>\n<p>787.La Tibeta altebena\u0135o de nia lando estas konata kiel \u201cla firsto de la mondo\u201d\uff0ckaj Everest, la plej alta montpinto de la mondo, trovi\u011das \u0109e la Montaro Himalajo en la suda parto.<\/p>\n<p>\u6211\u56fd\u7684\u897f\u85cf\u9ad8\u539f\u53f7\u79f0\u201c\u4e16\u754c\u5c4b\u810a\u201d\uff0c\u4e16\u754c\u6700\u9ad8\u5cf0\u73e0\u7a46\u6717\u739b\u5cf0\u5c31\u5728\u5357\u90e8\u7684\u559c\u9a6c\u62c9\u96c5\u5c71\u8109\u3002<\/p>\n<p>788.Xin&#8217;anling-Montaro estas kovrita de multaj arbaroj kaj \u011di estas la \u0109efa produktejo deligno.<\/p>\n<p>\u5174\u5b89\u5cad\u6709\u8bb8\u591a\u68ee\u6797\uff0c\u662f\u4e3b\u8981\u6728\u6750\u4ea7\u533a\u3002<\/p>\n<p>789.La \u0109efaj produktejoj de greno de nia lando sin trovas en la kvar grandaj ebena\u0135oj: respektive en nordorienta kaj norda \u0108inio, \u0109e la meza kaj malsupra baseno de Jangzi-rivero kaj \u0109e la enfluejo de Zhujiang-rivero.<\/p>\n<p>\u4e1c\u5317\u3001\u534e\u5317\u3001\u957f\u6c5f\u4e2d\u3001\u4e0b\u6e38\u548c\u73e0\u6c5f\u53e3\u56db\u5927\u5e73\u539f\u662f\u6211\u56fd\u4e3b\u8981\u4ea7\u7cae\u533a\u3002<\/p>\n<p>790.En la nordokcidenta regiono, la grundo estas seka kaj la sablovento forta.<\/p>\n<p>\u897f\u5317\u5730\u533a\u571f\u5730\u5e72\u71e5\uff0c\u98ce\u6c99\u5927\u3002<\/p>\n<p>791.\u0108u vi scias pri famaj \u201cTri Grandaj Montoj\u201d kaj \u201cKvin Altaj Montoj\u201d ?<\/p>\n<p>\u4f60\u77e5\u9053\u54ea\u4e09\u5c71\u4e94\u5cb3\u5417\uff1f<\/p>\n<p>792.Nanjing, Wuhan kaj Chongqing estas fame konataj kiel \u201cFortiegaj Urboj\u201d.<\/p>\n<p>\u5357\u4eac\u3001\u6b66\u6c49\u3001\u91cd\u5e86\u53f7\u79f0\u4e09\u5927\u706b\u7089\u3002<\/p>\n<p>793.Suzhou kaj Hangzhou estas famaj pitoreskejoj de nia lando. Oni admire nomas ilin \u201cParadizo sur la Tero\u201d.<\/p>\n<p>\u82cf\u5dde\u548c\u676d\u5dde\u662f\u6211\u56fd\u8457\u540d\u7684\u98ce\u666f\u533a\uff0c\u6709\u201c\u4eba\u95f4\u5929\u5802\u201d\u4e4b\u79f0\u3002<\/p>\n<p>794.Pekino estas la \u0109efurbo de nia lando. \u015canhajo estas la plej granda urbo en nia lando.<\/p>\n<p>\u5317\u4eac\u662f\u6211\u56fd\u7684\u9996\u90fd\uff0c\u4e0a\u6d77\u662f\u6211\u56fd\u6700\u5927\u7684\u57ce\u5e02\u3002<\/p>\n<p>795.\u0108i tie oni havas varman klimaton, sufi\u0109an sunlumon kaj abundan pluvokvanton. Kaj la loko tre ta\u016dgas al kulturado kaj plantado.<\/p>\n<p>\u8fd9\u91cc\u7684\u6c14\u5019\u6e29\u548c\uff0c\u9633\u5149\u5145\u8db3\uff0c\u96e8\u91cf\u4e30\u5bcc\uff0c\u5f88\u9002\u5b9c\u8015\u79cd\u3002<\/p>\n<p>\u5907\u7528\u5355\u8bcd<\/p>\n<p>maparo.\u5730\u56fe\u518c<\/p>\n<p>duoninsulo.\u534a\u5c9b<\/p>\n<p>(suda) Norda Poluso.\uff08\u5357\uff09\u5317\u6781<\/p>\n<p>glacimonto.\u51b0\u5c71<\/p>\n<p>tertremo.\u5730\u9707<\/p>\n<p>la ekvatoro.\u8d64\u9053<\/p>\n<p>valo.\u5c71\u8c37<\/p>\n<p>latituda cirklo.\u7eac\u5ea6<\/p>\n<p>frosta ondo.\u5bd2\u6f6e<\/p>\n<p>meridiano.\u7ecf\u5ea6<\/p>\n<p>Azio.\u4e9a\u6d32<\/p>\n<p>(suda) Norda tropiko.\uff08\u5357\uff09\u5317\u56de\u5f52\u7ebf<\/p>\n<p>E\u016dropo.\u6b27\u6d32<\/p>\n<p>markolo.\u6d77\u5ce1<\/p>\n<p>(suda) Norda Ameriko.\uff08\u5357\uff09\u5317\u7f8e\u6d32<\/p>\n<p>insulo.\u5c9b\u5c7f<\/p>\n<p>terparto.\u5927\u9646<\/p>\n<p>tero.\u571f\u58e4<\/p>\n<p>Afriko.\u975e\u6d32<\/p>\n<p>monteto.\u4e18\u9675<\/p>\n<p>Oceanio.\u5927\u6d0b\u6d32<\/p>\n<p>kanalo.\u8fd0\u6cb3<\/p>\n<p>Antarkto.\u5357\u6781\u6d32<\/p>\n<p>vulkano.\u706b\u5c71<\/p>\n<p>Pacifiko.\u592a\u5e73\u6d0b<\/p>\n<p>termofonto.\u6e29\u6cc9<\/p>\n<p>Atlantiko.\u5927\u897f\u6d0b<\/p>\n<p>&nbsp;<\/p>\n<p>\u8fd4\u56de<a href=\"https:\/\/reto.cn\/php\/hanyu\/lernado-de-esperanto\/900frazoj\/\">\u4e16\u754c\u8bed\u4e5d\u767e\u53e5<\/a>\u76ee\u5f55<\/p>\n","protected":false},"excerpt":{"rendered":"<p>\u4e16\u754c\u8bed\u4e5d\u767e\u53e5 53 \uff0853\uff09GEOGRAFIO KAJ TOPOGRAFIO \u5730\u7406\u4e0e\u5730\u5f62 781.Geogra\u2026 <span class=\"read-more\"><a href=\"https:\/\/reto.cn\/php\/hanyu\/lernado-de-esperanto\/900frazoj\/900frazoj53\/\">\u7ee7\u7eed\u9605\u8bfb Legi pli &raquo;<\/a><\/span><\/p>\n","protected":false},"author":1,"featured_media":0,"parent":15904,"menu_order":0,"comment_status":"open","ping_status":"closed","template":"","meta":{"footnotes":""},"_links":{"self":[{"href":"https:\/\/reto.cn\/php\/hanyu\/wp-json\/wp\/v2\/pages\/16135"}],"collection":[{"href":"https:\/\/reto.cn\/php\/hanyu\/wp-json\/wp\/v2\/pages"}],"about":[{"href":"https:\/\/reto.cn\/php\/hanyu\/wp-json\/wp\/v2\/types\/page"}],"author":[{"embeddable":true,"href":"https:\/\/reto.cn\/php\/hanyu\/wp-json\/wp\/v2\/users\/1"}],"replies":[{"embeddable":true,"href":"https:\/\/reto.cn\/php\/hanyu\/wp-json\/wp\/v2\/comments?post=16135"}],"version-history":[{"count":0,"href":"https:\/\/reto.cn\/php\/hanyu\/wp-json\/wp\/v2\/pages\/16135\/revisions"}],"up":[{"embeddable":true,"href":"https:\/\/reto.cn\/php\/hanyu\/wp-json\/wp\/v2\/pages\/15904"}],"wp:attachment":[{"href":"https:\/\/reto.cn\/php\/hanyu\/wp-json\/wp\/v2\/media?parent=16135"}],"curies":[{"name":"wp","href":"https:\/\/api.w.org\/{rel}","templated":true}]}}