{"id":16136,"date":"2023-11-15T17:48:25","date_gmt":"2023-11-15T09:48:25","guid":{"rendered":"https:\/\/reto.cn\/php\/hanyu\/lernado-de-esperanto\/900frazoj\/900frazoj35-3-9\/"},"modified":"2024-01-08T09:38:26","modified_gmt":"2024-01-08T01:38:26","slug":"900frazoj52","status":"publish","type":"page","link":"https:\/\/reto.cn\/php\/hanyu\/lernado-de-esperanto\/900frazoj\/900frazoj52\/","title":{"rendered":"\u4e16\u754c\u8bed\u4e5d\u767e\u53e5 766-780"},"content":{"rendered":"<h4 style=\"text-align: center;\">\u4e16\u754c\u8bed\u4e5d\u767e\u53e5<br \/>\n52<\/h4>\n<p><strong>\uff0852\uff09RADIORICEVILO KAJ TELEVIDILO \u6536\u97f3\u673a\u548c\u7535\u89c6\u673a<\/strong><br \/>\n766.\u0108u vi bonvolus \u015dalti la radion?<br \/>\n\u6253\u5f00\u6536\u97f3\u673a\u597d\u5417\uff1f<br \/>\n767.Bone. Kian programon vi preferas?<br \/>\n\u597d\uff0c\u4f60\u60f3\u542c\u4ec0\u4e48\u8282\u76ee\uff1f<br \/>\n768.Mi volas nova\u0135ojn. La\u016dtigu iomete, \u0109ar la sono estas tro malla\u016dta.<br \/>\n\u6211\u60f3\u542c\u65b0\u95fb\uff0c\u8bf7\u628a\u6536\u97f3\u673a\u5f00\u5927\u4e00\u70b9\uff0c\u58f0\u97f3\u592a\u5c0f\u3002<br \/>\n769.La Esperanta programo de Radio Pekino tuj komenci\u011dos. Hodia\u016d \u011di disa\u016ddigos la raportadon pri la Esperanta aktivado en nia urbo.<br \/>\n\u5317\u4eac\u53f0\u7684\u4e16\u754c\u8bed\u5e7f\u64ad\u8981\u5f00\u59cb\u4e86\uff0c\u4eca\u5929\u6709\u62a5\u9053\u6211\u5e02\u4e16\u754c\u8bed\u8fd0\u52a8\u7684\u8282\u76ee\u3002<br \/>\n770.Tre bone. Ni registru \u011din per diktafono, \u0109u bone?<br \/>\n\u592a\u597d\u4e86\u3002\u6211\u4eec\u7528\u5f55\u97f3\u673a\u5f55\u4e0b\u6765\u597d\u5417\uff1f<br \/>\n771.La radio funkcias tre bone. Kie \u011di fabrjki\u011dis.<br \/>\n\u8fd9\u53f0\u6536\u97f3\u673a\u6027\u80fd\u5f88\u597d\uff0c\u662f\u4ec0\u4e48\u5730\u65b9\u51fa\u7684\uff1f<br \/>\n772.Mi volas a\u0109eti pli malgrandan radion, tiel ke mi povos kunporti \u011din dum mia oficveturo.<br \/>\n\u6211\u60f3\u4e70\u4e00\u53f0\u6bd4\u8f83\u5c0f\u7684\u6536\u97f3\u673a\uff0c\u51fa\u5dee\u90fd\u53ef\u4ee5\u968f\u8eab\u643a\u5e26\u3002<br \/>\n773.Donu al mi la \u0135urnalon pri la programoj de radio kaj televido. Mi volas scii kia programo trovi\u011das hodia\u016d.<br \/>\n\u8bf7\u7ed9\u6211\u5e7f\u64ad\u8282\u76ee\u62a5\uff0c\u770b\u4eca\u5929\u6709\u4e9b\u4ec0\u4e48\u7535\u89c6\u8282\u76ee\u3002<br \/>\n774.Per kiu kanalo oni turnas al la Centra Televizistacio?<br \/>\n\u4e2d\u592e\u7535\u89c6\u53f0\u662f\u51e0\u9891\u9053\uff1f<br \/>\n775.La bildo de mia televidilo estas tre klara. \u011ci estas produktita en \u015canghajo.<br \/>\n\u6211\u7684\u7535\u89c6\u673a\u56fe\u8c61\u5f88\u6e05\u6670\uff0c\u662f\u4e0a\u6d77\u4ea7\u7684\u3002<br \/>\n776.Kiu programero sekvas tiun de nova\u0135oj kaj veterprognozo?<br \/>\n\u64ad\u5b8c\u65b0\u95fb\u548c\u5929\u6c14\u9884\u62a5\u4ee5\u540e\u662f\u4ec0\u4e48\u8282\u76ee\uff1f<br \/>\n777.Kun surtegmenta anteno, via televidilo funkcios pli bone.<br \/>\n\u5982\u679c\u63a5\u4e0a\u5ba4\u5916\u5929\u7ebf\uff0c\u4f60\u7684\u7535\u89c6\u673a\u6548\u679c\u4f1a\u66f4\u597d\u3002<br \/>\n778.Vi devas peti iun por kontroli vian televidilon kaj ripari \u011din kiel eble plej rapide.<br \/>\n\u4f60\u5fc5\u987b\u8bf7\u4eba\u68c0\u67e5\u4e00\u4e0b\u7535\u89c6\u673a\uff0c\u5c3d\u5feb\u4fee\u597d\u3002<br \/>\n779.Hodia\u016d prezenti\u011dos televidteatra serio, tre interesa.<br \/>\n\u4eca\u5929\u6709\u7535\u89c6\u8fde\u7eed\u5267\uff0c\u5f88\u597d\u770b\u3002<br \/>\n780.\u011cin mal\u015daltu! Venontfoje mi a\u0109etos certe koloran televidilon.<br \/>\n\u5173\u4e86\u5427\uff0c\u4e0b\u6b21\u4e70\u7535\u89c6\u673a\uff0c\u6211\u4e00\u5b9a\u8981\u4e70\u90e8\u5f69\u8272\u7684\u3002<br \/>\n\u5907\u7528\u5355\u8bcd<br \/>\nduonkondukanta radioricevilo.\u534a\u5bfc\u4f53\u6536\u97f3\u673a<br \/>\ndisa\u016ddiga teatro.\u5e7f\u64ad\u5267<br \/>\nsonkvalito.\u97f3\u8d28<br \/>\ngeparolistoj.\u5e7f\u64ad\u5458<br \/>\nkomunika satelito.\u901a\u4fe1\u536b\u661f<br \/>\nfrekyenco \u9891\u7387<br \/>\nondoj.\u6ce2\u957f<br \/>\ntelevida turo.\u7535\u89c6\u5854<br \/>\ndiktafono.\u5f55\u97f3\u673a<br \/>\nkontrasteco.\u5bf9\u6bd4\u5ea6<br \/>\nsonbendo.\u5f55\u97f3\u78c1\u5e26<br \/>\nbrileco.\u4eae\u5ea6<br \/>\ninterferenco.\u5e72\u6270<br \/>\nfluoreska ekrano.\u8367\u5149\u5c4f<br \/>\nklareco.\u6e05\u6670\u5ea6<br \/>\nkanalo.\u9891\u9053<br \/>\ncirkvita diagramo.\u7ebf\u8def\u56fe<br \/>\nsignal lampo.\u6307\u793a\u706f<br \/>\nkontaktilo.\u63d2\u5934<br \/>\n\u0109eloka transsendo per satelito.\u536b\u661f\u8f6c\u64ad\u5b9e\u51b5<\/p>\n<p>&nbsp;<\/p>\n<p>\u8fd4\u56de<a href=\"https:\/\/reto.cn\/php\/hanyu\/lernado-de-esperanto\/900frazoj\/\">\u4e16\u754c\u8bed\u4e5d\u767e\u53e5<\/a>\u76ee\u5f55<\/p>\n","protected":false},"excerpt":{"rendered":"<p>\u4e16\u754c\u8bed\u4e5d\u767e\u53e5 52 \uff0852\uff09RADIORICEVILO KAJ TELEVIDILO \u6536\u97f3\u673a\u548c\u7535\u89c6\u673a 766.\u2026 <span class=\"read-more\"><a href=\"https:\/\/reto.cn\/php\/hanyu\/lernado-de-esperanto\/900frazoj\/900frazoj52\/\">\u7ee7\u7eed\u9605\u8bfb Legi pli &raquo;<\/a><\/span><\/p>\n","protected":false},"author":1,"featured_media":0,"parent":15904,"menu_order":0,"comment_status":"open","ping_status":"closed","template":"","meta":{"footnotes":""},"_links":{"self":[{"href":"https:\/\/reto.cn\/php\/hanyu\/wp-json\/wp\/v2\/pages\/16136"}],"collection":[{"href":"https:\/\/reto.cn\/php\/hanyu\/wp-json\/wp\/v2\/pages"}],"about":[{"href":"https:\/\/reto.cn\/php\/hanyu\/wp-json\/wp\/v2\/types\/page"}],"author":[{"embeddable":true,"href":"https:\/\/reto.cn\/php\/hanyu\/wp-json\/wp\/v2\/users\/1"}],"replies":[{"embeddable":true,"href":"https:\/\/reto.cn\/php\/hanyu\/wp-json\/wp\/v2\/comments?post=16136"}],"version-history":[{"count":0,"href":"https:\/\/reto.cn\/php\/hanyu\/wp-json\/wp\/v2\/pages\/16136\/revisions"}],"up":[{"embeddable":true,"href":"https:\/\/reto.cn\/php\/hanyu\/wp-json\/wp\/v2\/pages\/15904"}],"wp:attachment":[{"href":"https:\/\/reto.cn\/php\/hanyu\/wp-json\/wp\/v2\/media?parent=16136"}],"curies":[{"name":"wp","href":"https:\/\/api.w.org\/{rel}","templated":true}]}}