{"id":16137,"date":"2023-11-15T17:48:25","date_gmt":"2023-11-15T09:48:25","guid":{"rendered":"https:\/\/reto.cn\/php\/hanyu\/lernado-de-esperanto\/900frazoj\/900frazoj35-3-10\/"},"modified":"2024-01-08T09:37:56","modified_gmt":"2024-01-08T01:37:56","slug":"900frazoj51","status":"publish","type":"page","link":"https:\/\/reto.cn\/php\/hanyu\/lernado-de-esperanto\/900frazoj\/900frazoj51\/","title":{"rendered":"\u4e16\u754c\u8bed\u4e5d\u767e\u53e5 751-765"},"content":{"rendered":"<h4 style=\"text-align: center;\">\u4e16\u754c\u8bed\u4e5d\u767e\u53e5<br \/>\n51<\/h4>\n<p><strong>\uff0851\uff09MUZIKO KAJ LITERATURO \u97f3\u4e50\u4e0e\u6587\u5b66<\/strong><br \/>\n751.Hiera\u016d vespere ni iris al la koncerto kaj ni \u011duis la prezentadon de simfonia orkestro.<br \/>\n\u6628\u665a\u6211\u4eec\u53bb\u53c2\u52a0\u97f3\u4e50\u4f1a\uff0c\u542c\u4e86\u4ea4\u54cd\u4e50\u961f\u7684\u6f14\u594f\u3002<br \/>\n752.Kiaspeca muziko plej pla\u0109as al vi? \u0108u la klasika a\u016d la moderna? \u0108u la romantika a\u016d la lirika?<br \/>\n\u4f60\u6700\u559c\u6b22\u54ea\u79cd\u97f3\u4e50\uff1f\u53e4\u5178\u8fd8\u662f\u73b0\u4ee3\uff0c\u6d6a\u6f2b\u8fd8\u662f\u6292\u60c5\u7684\uff1f<br \/>\n753.Mi plej \u015datas la melodiojn de Betoveno. Li vere indas je la nomo de la muzika majstro de la mondo.<br \/>\n\u6211\u6700\u7231\u542c\u8d1d\u591a\u82ac\u7684\u66f2\u5b50\uff0c\u4ed6\u771f\u4e0d\u6127\u4e3a\u4e16\u754c\u97f3\u4e50\u5927\u5e08\u3002<br \/>\n754.Mi neniam a\u016ddis \u0109i tiun melodion. Kiu verkis?<br \/>\n\u6211\u4ece\u672a\u542c\u8fc7\u8fd9\u4e2a\u66f2\u5b50\uff0c\u662f\u8c01\u8c31\u5199\u7684\uff1f<br \/>\n755.Mi lernas ludi violonon. Mi ekzercas min du horojn \u0109iutage.<br \/>\n\u6211\u5728\u5b66\u62c9\u5c0f\u63d0\u7434\uff0c\u6bcf\u5929\u575a\u6301\u7ec3\u4e60\u4e24\u5c0f\u65f6\u3002<br \/>\n756.Mi tre \u015datas la solon de la kantist(in)o&#8230;<br \/>\n\u6211\u5f88\u559c\u6b22\u542c\u6b4c\u5531\u5bb6XXX\u7684\u72ec\u5531\u3002<br \/>\n757.Vi ludas pianon tre bone. \u0108u vi elspezis longan tempon por tio?<br \/>\n\u4f60\u7684\u94a2\u7434\u5f39\u5f97\u4e0d\u9519\uff0c\u7ec3\u4e86\u5f88\u4e45\u5427\uff01<br \/>\n758.Mi tre \u015datas kantadon. Mi tre deziras fari\u011di amatora kantist(in)o.<br \/>\n\u6211\u5f88\u559c\u6b22\u5531\u6b4c\uff0c\u6211\u5f88\u60f3\u5f53\u4e00\u540d\u4e1a\u4f59\u6b4c\u5531\u6f14\u5458\u3002<br \/>\n759.Kiu estas la a\u016dtoro de \u0109i tiu romano?<br \/>\n\u8fd9\u90e8\u5c0f\u8bf4\u7684\u4f5c\u8005\u662f\u8c01\uff1f<br \/>\n760.Mi neniam legis tiel inspirigan rakonton kiel \u0109i tiun.<br \/>\n\u6211\u4ece\u6765\u6ca1\u6709\u8bfb\u8fc7\u6bd4\u8fd9\u66f4\u6fc0\u52a8\u4eba\u5fc3\u7684\u6545\u4e8b\u3002<br \/>\n761.\u0108u vi \u015datas la poemojn de Tang-dinastio, precipe tiujn de Li Bai, Du Fu kaj Bai Juyi?<br \/>\n\u4f60\u559c\u6b22\u5510\u8bd7\u5417\uff1f\u7279\u522b\u662f\u674e\u767d\u3001\u675c\u752b\u548c\u767d\u5c45\u6613\u7684\u8bd7\u3002<br \/>\n762.Tre multe. La poezio de Tang-dinastio \u011duas grandan famon ne nur enlande, sed anka\u016d eksterlande.<br \/>\n\u5f88\u559c\u6b22\u3002\u5510\u8bd7\u4e0d\u4ec5\u5728\u56fd\u5185\uff0c\u800c\u4e14\u5728\u56fd\u5916\u4e5f\u8d1f\u6709\u76db\u540d\u3002<br \/>\n763.En siaj verkoj, la verkisto aplikis vivecan priskribon.<br \/>\n\u8fd9\u4f4d\u4f5c\u5bb6\u5728\u4ed6\u7684\u4f5c\u54c1\u4e2d\u91c7\u7528\u4e86\u751f\u52a8\u7684\u63cf\u7ed8\u624b\u6cd5\u3002<br \/>\n764.\u0108i tiuj poemoj priskribas reala\u0135on. Mi ne tre \u015datas ilin.<br \/>\n\u8fd9\u51e0\u9996\u8bd7\u662f\u5199\u5b9e\u7684\uff0c\u6211\u4e0d\u592a\u559c\u6b22\u3002<br \/>\n765.Mi plej admiras sinjoro Li, verkisto de literatura raportado. Lia priskribo estas vere trafa kaj penetrema.<br \/>\n\u6211\u6700\u94a6\u4f69\u62a5\u544a\u6587\u5b66\u4f5c\u8005XXX\uff0c\u4ed6\u5199\u5f97\u5165\u6728\u4e09\u5206\u3002<br \/>\n\u5907\u7528\u5355\u8bcd<br \/>\ndisvolvi\u011du cent floroj.\u767e\u82b1\u9f50\u653e<br \/>\nbaso.\u7537\u4f4e\u97f3<br \/>\nsoprano.\u5973\u9ad8\u97f3<br \/>\nkonkuru cent skoloj.\u767e\u5bb6\u4e89\u9e23<br \/>\nfabelo.\u7ae5\u8bdd<br \/>\n\u0125oro.\u5408\u5531\u961f<br \/>\nkultura hereda\u0135o.\u6587\u5316\u9057\u4ea7<br \/>\n\u0125ora\u0135o.\u5408\u5531\u6b4c\u66f2<br \/>\nviolono.\u5c0f\u63d0\u7434<br \/>\nkortu\u015da.\u611f\u4eba\u80ba\u8151<br \/>\nharmoniko.\u624b\u98ce\u7434<br \/>\nensemblo.\u6b4c\u821e\u56e2<br \/>\nviolon\u0109elo.\u5927\u63d0\u7434<br \/>\nprozo.\u6563\u6587<br \/>\nbivo.\u7435\u7436<br \/>\ndramo.\u5267\u672c<br \/>\ndancejo.\u821e\u5385<br \/>\nromano.\u957f\u7bc7\u5c0f\u8bf4<br \/>\nbalo.\u821e\u4f1a<br \/>\nnovelo.\u77ed\u7bc7\u5c0f\u8bf4<br \/>\nbaleto.\u82ad\u857e\u821e<br \/>\na\u016dtobiografio.\u81ea\u4f20<br \/>\nflava muziko.\u9ec4\u8272\u97f3\u4e50<br \/>\nfablo.\u5bd3\u8a00<br \/>\n\u0135azo\/\u011dazbando\u7235\u58eb\u4e50\u961f<br \/>\nmemora\u0135o.\u56de\u5fc6\u5f55<br \/>\npopolkanto.\u6c11\u6b4c<br \/>\nmovimento.\u4e50\u7ae0<br \/>\nsimfonio.\u4ea4\u54cd\u4e50<\/p>\n<p>&nbsp;<\/p>\n<p>\u8fd4\u56de<a href=\"https:\/\/reto.cn\/php\/hanyu\/lernado-de-esperanto\/900frazoj\/\">\u4e16\u754c\u8bed\u4e5d\u767e\u53e5<\/a>\u76ee\u5f55<\/p>\n","protected":false},"excerpt":{"rendered":"<p>\u4e16\u754c\u8bed\u4e5d\u767e\u53e5 51 \uff0851\uff09MUZIKO KAJ LITERATURO \u97f3\u4e50\u4e0e\u6587\u5b66 751.Hiera\u016d ve\u2026 <span class=\"read-more\"><a href=\"https:\/\/reto.cn\/php\/hanyu\/lernado-de-esperanto\/900frazoj\/900frazoj51\/\">\u7ee7\u7eed\u9605\u8bfb Legi pli &raquo;<\/a><\/span><\/p>\n","protected":false},"author":1,"featured_media":0,"parent":15904,"menu_order":0,"comment_status":"open","ping_status":"closed","template":"","meta":{"footnotes":""},"_links":{"self":[{"href":"https:\/\/reto.cn\/php\/hanyu\/wp-json\/wp\/v2\/pages\/16137"}],"collection":[{"href":"https:\/\/reto.cn\/php\/hanyu\/wp-json\/wp\/v2\/pages"}],"about":[{"href":"https:\/\/reto.cn\/php\/hanyu\/wp-json\/wp\/v2\/types\/page"}],"author":[{"embeddable":true,"href":"https:\/\/reto.cn\/php\/hanyu\/wp-json\/wp\/v2\/users\/1"}],"replies":[{"embeddable":true,"href":"https:\/\/reto.cn\/php\/hanyu\/wp-json\/wp\/v2\/comments?post=16137"}],"version-history":[{"count":0,"href":"https:\/\/reto.cn\/php\/hanyu\/wp-json\/wp\/v2\/pages\/16137\/revisions"}],"up":[{"embeddable":true,"href":"https:\/\/reto.cn\/php\/hanyu\/wp-json\/wp\/v2\/pages\/15904"}],"wp:attachment":[{"href":"https:\/\/reto.cn\/php\/hanyu\/wp-json\/wp\/v2\/media?parent=16137"}],"curies":[{"name":"wp","href":"https:\/\/api.w.org\/{rel}","templated":true}]}}