{"id":16652,"date":"2024-06-10T12:12:07","date_gmt":"2024-06-10T04:12:07","guid":{"rendered":"https:\/\/reto.cn\/php\/hanyu\/?page_id=16652"},"modified":"2024-06-11T07:57:31","modified_gmt":"2024-06-10T23:57:31","slug":"europa-himno","status":"publish","type":"page","link":"https:\/\/reto.cn\/php\/hanyu\/rigardi-la-mondon-per-esperanto\/europa-himno\/","title":{"rendered":"E\u016dropa himno \u6b27\u76df\u4f1a\u6b4c\u300a\u6b22\u4e50\u9882\u300b"},"content":{"rendered":"<p>E\u016dropa himno estas la himno de la E\u016dropa Unio kaj de la Konsilio de E\u016dropo. \u011cia melodio estas el la fina movimento de la 9-a simfonio (Ludwig van Beethoven a\u016d mise kiel Betoveno), kiu estas inspirita de la teksto An die Freude ((Odo) al \u011dojo) verkita en la germana lingvo de Friedrich Schiller.<\/p>\n<p>En 1972 la Konsilio de E\u016dropo akceptis la muzikon de Betoveno kiel himnon, kaj en 1985 la \u015dtatestroj de la E\u016dropa Komunumo akceptis \u011din anka\u016d kiel ties himnon. Per la transformi\u011do de E\u016dropa Komunumo al E\u016dropa Unio (EU) \u011di fari\u011dis la himno de EU. \u011ci ne intencas anstata\u016di la himnojn de la membro\u015dtatoj, sed esprimi iliajn komunajn valorojn, precipe liberecon, pacon kaj solidarecon, kaj la principon de unueco en diverseco.<\/p>\n<p>Por eviti lingvajn problemojn, oni rezignis pri teksto, pro tio \u011di ne havas oficialan tekston kaj do ne eblas kanti \u011din. Tamen ekzistas multaj diverslingvaj tekstoj la\u016d la melodio kaj foje oni uzas la germanan tekston de Schiller, foje \u011diajn nacilingvajn tradukojn, foje tute aliajn tekstojn, kaj aperis anka\u016d propono de komuna teksto en la latina lingvo.<\/p>\n<p>E\u016dropa Esperanto-Unio (EEU) proponas tekston en Esperanto, verkitan de la anta\u016da prezidanto de EEU Umberto Broccatelli, italo kaj forta subtenanto de e\u016dropa federaciismo. En la retpa\u011daro de EEU trovi\u011das tradukoj de tiu teksto al 37 lingvoj, inter ili \u0109iuj 23 oficialaj lingvoj de EU. Kadre de la nove lan\u0109ita e\u016dropa civitana iniciato, la 1-an de aprilo 2012 EEU submetis al la E\u016dropa Komisiono proponon ke \u201cEU rekomendu la kantadon de la e\u016dropa himno en la ne\u016dtrala lingvo Esperanto, la\u016d la \u0109i-kunaj vortoj de Umberto Broccatelli, kiam reprezentantoj de Membro\u015dtatoj volas kune esprimi sian apartenon al komuna samrajtiga E\u016dropo.\u201d<\/p>\n<p><audio style=\"width: 8.5cm; height: 0.5cm;\" controls=\"controls\"><source src=\"https:\/\/reto.cn\/rigardi-la-mondon\/sonoj\/e%C5%ADropa_himno.mp3\" type=\"audio\/mpeg\" \/><\/audio><\/p>\n<h3><span id=\"Teksto_en_Esperanto_proponata_de_EEU\" class=\"mw-headline\">Teksto en Esperanto proponata de EEU<\/span><\/h3>\n<p><b>E\u016dropa Himno<\/b><br \/>\n<i>muziko de Ludwig van Beethoven<\/i><br \/>\n<i>Esperanta teksto de Umberto Broccatelli<\/i><sup id=\"cite_ref-3\" class=\"reference\"><\/sup><\/p>\n<dl>\n<dd><b>1-a strofo<\/b><\/dd>\n<\/dl>\n<dl>\n<dd>Kantu kune amikaro, ni la \u011dojon festas nur;<br \/>\nnek rivero nek montaro plu landlimoj estas nun,<br \/>\nHo E\u016dropo, hejmo nia, tro da\u016dradis la divid&#8217;;<br \/>\nNun brilegu belo via, \u0109iu estas via id&#8217;.<br \/>\nVia flago kunfratigas homojn post milita temp&#8217;,<br \/>\nvia le\u011do nun kunigas civitanojn en konsent&#8217;.<\/dd>\n<\/dl>\n<dl>\n<dd><b>2-a strofo<\/b> <i>(ne estas parto de la proponata civitana iniciato)<\/i><sup id=\"cite_ref-4\" class=\"reference\"><\/sup><\/dd>\n<dd>De l&#8217; Malnova Kontinento, \u0135us ekstaris la popol&#8217;,<br \/>\ngvidas \u011din tre nova sento kaj kuniga forta vol&#8217;.<br \/>\nSub la \u015dildo de la juro, ni vivados en konkord&#8217;,<br \/>\ntio estas nia \u0135uro: unu land&#8217; kaj unu sort&#8217;.<br \/>\nJen ekzemplo por la mondo, jen direkto, jen la voj&#8217;:<br \/>\ntuthomara granda rondo, en la paco, en la \u011doj&#8217;.<\/dd>\n<\/dl>\n<p>el <a href=\"https:\/\/eo.wikipedia.org\/wiki\/E%C5%ADropa_himno\">https:\/\/eo.wikipedia.org\/wiki\/E\u016dropa_himno<\/a><\/p>\n<p>\u300a<b>\u6b22\u4e50\u9882<\/b>\u300b\u662f\u6b27\u6d32\u8054\u76df\u548c\u6b27\u6d32\u59d4\u5458\u4f1a\u7684\u4f1a\u6b4c\uff0c\u5b83\u662f\u6b27\u6d32\u7684\u4e00\u4e2a\u8c61\u5f81\u3002\u5171\u540c\u79f0\u4e3a\u300a<b>\u6b27\u6d32\u4e4b\u6b4c<\/b>\u300b\uff0c\u4ee51823\u5e74\u7531\u8d1d\u591a\u82ac\u4f5c\u66f2\u7684\u7b2c\u4e5d\u53f7\u4ea4\u54cd\u66f2\u7684\u7b2c\u56db\u4e50\u7ae0\u4e3a\u57fa\u7840\uff0c\u5e76\u4f5c\u4e3a\u4e24\u7ec4\u7ec7\u7684\u6b63\u5f0f\u573a\u5408\u6f14\u594f\u7528\u3002<\/p>\n<p>\u56e0\u6b27\u6d32\u8054\u76df\u4f7f\u7528\u4e86\u8bb8\u591a\u4e0d\u540c\u7684\u8bed\u8a00\uff0c\u76df\u6b4c\u9042\u4e3a\u65e0\u6b4c\u8bcd\u7684\u5668\u4e50\u5408\u594f\uff0c\u642d\u914d\u5f17\u91cc\u5fb7\u91cc\u5e0c\u00b7\u5e2d\u52d2\u5fb7\u8bed\u8bd7\u6b4c\u7684\u6f14\u594f\u5219\u4e3a\u975e\u5b98\u65b9\u7248\u672c\u3002<\/p>\n<p>\u6458\u81ea <a href=\"https:\/\/zh.wikipedia.org\/zh-cn\/%E6%AD%90%E6%B4%B2%E4%B9%8B%E6%AD%8C\">\u7ef4\u57fa\u767e\u79d1<\/a><\/p>\n<p><a href=\"https:\/\/reto.cn\/php\/hanyu\/rigardi-la-mondon-per-esperanto\">\u8fd4\u56de\u672c\u680f\u76ee\u76ee\u5f55 reveni al la listo de tiu \u0109i rubriko<\/a><\/p>\n","protected":false},"excerpt":{"rendered":"<p>E\u016dropa himno estas la himno de la E\u016dropa Unio kaj de la\u2026 <span class=\"read-more\"><a href=\"https:\/\/reto.cn\/php\/hanyu\/rigardi-la-mondon-per-esperanto\/europa-himno\/\">\u7ee7\u7eed\u9605\u8bfb Legi pli &raquo;<\/a><\/span><\/p>\n","protected":false},"author":1,"featured_media":0,"parent":4915,"menu_order":0,"comment_status":"open","ping_status":"closed","template":"","meta":{"footnotes":""},"_links":{"self":[{"href":"https:\/\/reto.cn\/php\/hanyu\/wp-json\/wp\/v2\/pages\/16652"}],"collection":[{"href":"https:\/\/reto.cn\/php\/hanyu\/wp-json\/wp\/v2\/pages"}],"about":[{"href":"https:\/\/reto.cn\/php\/hanyu\/wp-json\/wp\/v2\/types\/page"}],"author":[{"embeddable":true,"href":"https:\/\/reto.cn\/php\/hanyu\/wp-json\/wp\/v2\/users\/1"}],"replies":[{"embeddable":true,"href":"https:\/\/reto.cn\/php\/hanyu\/wp-json\/wp\/v2\/comments?post=16652"}],"version-history":[{"count":0,"href":"https:\/\/reto.cn\/php\/hanyu\/wp-json\/wp\/v2\/pages\/16652\/revisions"}],"up":[{"embeddable":true,"href":"https:\/\/reto.cn\/php\/hanyu\/wp-json\/wp\/v2\/pages\/4915"}],"wp:attachment":[{"href":"https:\/\/reto.cn\/php\/hanyu\/wp-json\/wp\/v2\/media?parent=16652"}],"curies":[{"name":"wp","href":"https:\/\/api.w.org\/{rel}","templated":true}]}}