{"id":16673,"date":"2024-05-07T19:41:23","date_gmt":"2024-05-07T11:41:23","guid":{"rendered":"https:\/\/reto.cn\/php\/hanyu\/abc-de-esperanto\/leciono-11-3\/"},"modified":"2025-11-09T21:03:01","modified_gmt":"2025-11-09T13:03:01","slug":"leciono-13","status":"publish","type":"page","link":"https:\/\/reto.cn\/php\/hanyu\/elementa_kurso\/leciono-13\/","title":{"rendered":"\u4e16\u754c\u8bed\u5165\u95e8 \u7b2c\u5341\u4e09\u8bfe"},"content":{"rendered":"<h3 style=\"text-align: center;\"><strong>Leciono 13<\/strong><\/h3>\n<p>DEKTRIA LECIONO \u7b2c\u5341\u4e09\u8bfe<\/p>\n<p><b>Teksto: <\/b>Utila Ora \u015closilo<br \/>\n<b>Gramatiko: <\/b>Adjektivo \u5f62\u5bb9\u8bcd<\/p>\n<p><b>I. Novaj Vortoj \u751f\u8bcd\uff1a<\/b><br \/>\n<audio style=\"margin: auto; top: 0; right: 0; bottom: 0; left: 0;\" src=\"https:\/\/reto.cn\/audi\/elementa_kurso\/13\/vortoj.mp3\" controls=\"controls\"><\/audio><br \/>\nora <em>a<\/em>. \u9ec4\u91d1\u7684\uff1b\u9ec4\u8272\u7684<br \/>\ntro <em>ad<\/em>. \u592a\uff1b\u8fc7\u4e8e<br \/>\n\u015dlosilo <em>s<\/em>. \u94a5\u5319<br \/>\nokcidenta <em>a<\/em>. \u897f\u65b9\u7684<br \/>\nol <em>kon<\/em>. \u6bd4\uff1b\u6bd4\u8f83<br \/>\nrusa <em>a<\/em>. \u4fc4\u56fd\u7684<br \/>\nmezlernejo <em>s<\/em>. \u4e2d\u5b66<br \/>\ndisa\u016ddiga <em>a<\/em>, \u5e7f\u64ad\u7684<br \/>\nkurso <em>s<\/em>. \u8bb2\u4e60\u73ed\uff1b\u8bb2\u5ea7<br \/>\nankora\u016d <em>ad<\/em>. \u8fd8\uff1b\u5c1a\uff1b\u4ecd<br \/>\npovi <em>v<\/em>. \u80fd\u591f<br \/>\nkompreni <em>v<\/em>. \u61c2\uff1b\u77e5\u9053<br \/>\ne\u0109 <em>ad<\/em>. \u751a\u81f3<br \/>\nsen <em>prep<\/em>. \u6ca1\u6709\uff1b\u4e0d<br \/>\nlernado <em>s<\/em>. \u5b66\u4e60<br \/>\nsama <em>a<\/em>. \u76f8\u540c\uff1b\u540c\u6837\u7684<br \/>\nmalsama <em>a<\/em>. \u4e0d\u540c\u7684<br \/>\nprononco <em>s<\/em>. \u53d1\u97f3<br \/>\nhazarde <em>ad<\/em>. \u5076\u7136\u5730<br \/>\nfeli\u0109e <em>ad<\/em>. \u5e78\u798f\u5730<br \/>\nkomenci <em>v<\/em>. \u5f00\u59cb<br \/>\nregula <em>a<\/em>. \u6709\u89c4\u5f8b\u7684<br \/>\nsimila <em>a<\/em>. \u76f8\u4f3c\u7684<br \/>\nal <em>prep<\/em>. \u5411\uff1b\u5bf9<br \/>\nekzemple <em>ad<\/em>. \u4f8b\u5982<br \/>\nkaj <em>aliaj<\/em> \u7b49\u7b49<br \/>\n\u011doji <em>v<\/em>. \u9ad8\u5174\uff1b\u5feb\u4e50<br \/>\nvere <em>ad<\/em>. \u771f\u6b63\u5730<br \/>\npli&#8230;ol&#8230; \u6bd4\u2026\u2026\u66f4\u2026\u2026<\/p>\n<p><b>II. Teksto \u8bfe\u6587\uff1a<\/b><br \/>\n<audio style=\"margin: auto; top: 0; right: 0; bottom: 0; left: 0;\" src=\"https:\/\/reto.cn\/audi\/elementa_kurso\/13\/teksto.mp3\" controls=\"controls\"><\/audio><br \/>\nUtila Ora \u015closilo<\/p>\n<p>Esperanto estas ora \u015dlosilo por lerni okcidentajn lingvojn.<\/p>\n<p>\u011ci estas pli facila ol \u0109iuj okcidentaj lingvoj.<\/p>\n<p>\u011ci estas la plej facila fremda lingvo.<\/p>\n<p>Mi lernis la rusan lingvon en mezlernejo. La gramatiko de la rusa lingvo estas tre malfacila.<\/p>\n<p>Mi lernis la anglan lingvon de disa\u016ddiga kurso. Sed \u011dis nun mi ankora\u016d ne povas flue paroli.<\/p>\n<p>Mi anka\u016d lernis la japanan lingvon. Mi povas kompreni multajn japanajn vortojn e\u0109 sen lernado, sed ili havas tute malsaman prononcon ol tiu en la \u0109ina lingvo. Kaj \u011dia gramatiko estas same malfacila kiel tiu de la rusa lingvo.<\/p>\n<p>Tre hazarde (kaj feli\u0109e!) mi sciis la nomon de Esperanto kaj komencis lerni \u011din.<\/p>\n<p>Gramatiko de Esperanto estas facila.<\/p>\n<p>Prononco de Esperanto estas regula.<\/p>\n<p>Kaj multaj vortoj de Esperanto estas tre similaj al tiuj de okcidentaj lingvoj, ekzemple &#8220;flago&#8221;, &#8220;mapo&#8221;, &#8220;traktoro&#8221;, &#8220;socialismo&#8221; kaj aliaj. Mi tre miras. Mi tre \u011dojas.<\/p>\n<p>Esperanto vere estas utila ora \u015dlosilo!<\/p>\n<p><b>II. Gramatiko \u8bed\u6cd5\uff1a<\/b><\/p>\n<p><b>1. \u5f62\u5bb9\u8bcd\uff08adjektivo\uff09\uff1a<\/b><\/p>\n<p>\u2460\u5f62\u5bb9\u8bcd\u7684\u8bcd\u5c3e\u662f -a\uff0c\u590d\u6570\u52a0 -j\uff0c\u5bbe\u683c\u52a0 -n\uff0c\u6570\u548c\u683c\u90fd\u8981\u4e0e\u88ab\u4fee\u9970\u7684\u540d\u8bcd\u4e00\u81f4\u3002\u4f8b\uff1a<\/p>\n<p>\u5355\u6570 \u590d\u6570<br \/>\n\u4e3b\u683c bela floro belaj floroj<br \/>\n\u5bbe\u683c belan floron belajn florojn<\/p>\n<p>\u2461\u5f62\u5bb9\u8bcd\u7684\u7ea7\uff0c\u5171\u5206\u4e94\u7ea7\uff0c\u4e0b\u9762\u4ee5 juna \u4e3a\u4f8b\u8bf4\u660e<\/p>\n<p>\uff081\uff09\u5e73\u7ea7\uff1a\u7528 tiel&#8230;kiel&#8230;\u3001same&#8230;kiel&#8230;\u3001ju pli&#8230;des pli&#8230; \u7b49\u8bcd\u7ec4\u8868\u793a<br \/>\n\u5982\uff1aMi estas tiel juna kiel li. \u6211\u540c\u4ed6\u4e00\u6837\u5e74\u9752\u3002<br \/>\n\u015ci estas same juna kiel li. \u5979\u540c\u4ed6\u4e00\u6837\u5e74\u9752\u3002<\/p>\n<p>\uff082\uff09\u8f83\u9ad8\u7ea7\uff1a\u7528 pli&#8230;ol&#8230; \u8bcd\u7ec4\u8868\u793a\u201c\u6bd4\u2026\u2026\u66f4\u2026\u2026\u201d<br \/>\n\u5982\uff1aMi estas pli juna ol li. \u6211\u6bd4\u4ed6\u66f4\u5e74\u9752\u3002<\/p>\n<p>\uff083\uff09\u8f83\u4f4e\u7ea7\uff1a\u6bd4 pli \u524d\u9762\u52a0\u4e0a mal- \u6539\u4e3a malpli&#8230;ol&#8230; \u7684\u8bcd\u7ec4\u3002<br \/>\n\u5982\uff1aMi estas malpli juna ol li. \u6211\u4e0d\u5982\u4ed6\u5e74\u9752\u3002<br \/>\n\uff08\u5982\u679c\u628a mal- \u52a0\u5230\u5f62\u5bb9\u8bcd\u524d\uff1ami estas pli maljuna ol li. \u662f\u201c\u6211\u6bd4\u4ed6\u66f4\u8001\u201d\uff0c\u542b\u4e49\u6709\u533a\u522b\uff09<\/p>\n<p>\uff084\uff09\u6700\u9ad8\u7ea7\uff1a\u7528 la plej&#8230;el&#8230; \u8bcd\u7ec4\u8868\u793a<br \/>\nLi estas la plej juna el ni. \u4ed6\u662f\u6211\u4eec\u4e4b\u4e2d\u6700\u5e74\u9752\u7684\u3002<\/p>\n<p>\uff085\uff09\u6700\u4f4e\u7ea7\uff1a\u7528 la malplej&#8230;el&#8230; \u8bcd\u7ec4\u8868\u793a<br \/>\nLi estas la malplej juna el ni. \u4ed6\u662f\u6211\u4eec\u5f53\u4e2d\u6700\u4e0d\u5e74\u9752\u7684\u3002<\/p>\n<p><b>2. \u526f\u8bcd\u7684\u7ea7\uff0c<\/b>\u540c\u5f62\u5bb9\u8bcd\u4e00\u6837\u4e5f\u5206\u4e94\u7ea7\u3002<br \/>\n\u4f8b\uff1aVi kuras tiel rapide kiel \u015di.<br \/>\n\u4f60\u8dd1\u5f97\u548c\u5979\u4e00\u6837\u5feb\u3002<br \/>\nVi kuras pli rapide ol mi, sed malpli rapide ol li.<br \/>\n\u4f60\u8dd1\u5f97\u6bd4\u6211\u5feb\uff0c\u4f46\u4e0d\u5982\u4ed6\u5feb\u3002<br \/>\nLi kuras plej rapide el ni.<br \/>\n\u6211\u4eec\u4e2d\u4ed6\u8dd1\u5f97\u6700\u5feb\u3002<br \/>\n\u015ci kuras malplej rapide el ni.<br \/>\n\u6211\u4eec\u4e2d\u5979\u8dd1\u5f97\u6700\u4e0d\u5feb\u3002<\/p>\n<p><b>3. <\/b>\u5728\u6c49\u8bed\u91cc\u53ef\u4ee5\u8bf4\u201c\u548c\u4e2d\u6587\u4e00\u6837\u7684\u53d1\u97f3\u201d\u3001\u201c\u548c\u4fc4\u8bed\u4e00\u6837\u7684\u56f0\u96be\u201d\u3001\u201c\u548c\u897f\u65b9\u8bed\u8a00\u76f8\u4f3c\u201d\u3002<br \/>\n\u7528\u4e16\u754c\u8bed\u90fd\u4e0d\u80fd\u76f4\u63a5\u8bf4\uff1a&#8221;ol \u0109ina lingvo&#8221; &#8220;kiel rusa lingvo&#8221; &#8220;similaj al okcidentaj lingvoj&#8221;<br \/>\n\u800c\u5fc5\u987b\u8bf4\uff1aal tiu de la \u0109ina lingvo. \u8fd9 tiu \u8868\u793a\u201c\uff08\u4e2d\u6587\u7684\uff09\u90a3\u4e2a\uff08\u53d1\u97f3\uff09\u201d\uff1a<br \/>\nkiel tiu de la rusa lingvo. \u8fd9 tiu \u8868\u793a\u201c\uff08\u4fc4\u6587\u7684\uff09\u90a3\u4e2a\uff08\u8bed\u6cd5\uff09\u201d<br \/>\nsimilaj al tiuj de la okcidentaj lingvoj \u8fd9 tiuj \u8868\u793a\u201c\uff08\u897f\u65b9\u8bed\u8a00\u7684\uff09\u90a3\u4e9b\u4e2a\uff08\u5355\u8bcd\uff09\u201d\u3002<\/p>\n<p><b>4. <\/b>kaj aliaj \u7ecf\u5e38\u88ab\u7b80\u5199\u6210 k.a.\uff0c\u610f\u4e3a\u201c\u7b49\u7b49\u201d\u3002<\/p>\n<p><b>IV. Lega\u0135oj \u8bfb\u7269\uff1a<\/b><br \/>\n<audio style=\"margin: auto; top: 0; right: 0; bottom: 0; left: 0;\" src=\"https:\/\/reto.cn\/audi\/elementa_kurso\/13\/legajo-vortoj.mp3\" controls=\"controls\"><\/audio><br \/>\nplena \u5b8c\u5168\u7684\uff1b\u5145\u6ee1\u7684<br \/>\nviskio \u5a01\u58eb\u5fcc\u9152<br \/>\nna\u011di \u6e38\u6cf3<br \/>\ntamen \u7136\u800c<br \/>\ndeziri \u8981\u6c42<br \/>\nteo \u8336<br \/>\nkafo \u5496\u5561<br \/>\nkakao \u53ef\u53ef<br \/>\nkomencanto \u521d\u5b66\u8005<br \/>\nhelpi \u5e2e\u52a9<br \/>\nkora \u5fc3\u7684\uff1b\u826f\u5fc3\u7684<br \/>\niomete \u4e00\u70b9\u70b9\u5730<br \/>\npoligloto \u4f1a\u591a\u79cd\u8bed\u8a00\u8005<br \/>\nofte \u5e38\u5e38<\/p>\n<p><b>Proverboj<\/b><br \/>\n<audio style=\"margin: auto; top: 0; right: 0; bottom: 0; left: 0;\" src=\"https:\/\/reto.cn\/audi\/elementa_kurso\/13\/proverboj.mp3\" controls=\"controls\"><\/audio><br \/>\nUnu amiko malnova pli valoras, ol du novaj.<br \/>\n\u4e00\u4e2a\u8001\u670b\u53cb\u6bd4\u4e24\u4e2a\u65b0\u670b\u53cb\u66f4\u4e3a\u5b9d\u8d35\u3002<br \/>\nPli bona estas io, ol nenio.<br \/>\n\u6709\u4e00\u70b9\uff08\u4ec0\u4e48\uff09\u6bd4\u4ec0\u4e48\u90fd\u6ca1\u6709\u8981\u597d\u3002<br \/>\nMalnovaj amikoj estas la plej bonaj.<br \/>\n\u8001\u670b\u53cb\u662f\u6700\u597d\u7684\u3002<br \/>\nPli bona estas sa\u011da malamiko, ol malsa\u011da amiko.<br \/>\n\u806a\u660e\u7684\u654c\u4eba\u6bd4\u611a\u8822\u7684\u670b\u53cb\u66f4\u597d\u3002<br \/>\nMatena horo estas plena de oro.<br \/>\n\u65e9\u4e0a\u7684\u65f6\u5149\u5145\u6ee1\u9ec4\u91d1\u3002\uff08\u4e00\u65e5\u4e4b\u8ba1\u5728\u4e8e\u6668\uff09<\/p>\n<p><b>Humurajoj<\/b><\/p>\n<p><audio style=\"margin: auto; top: 0; right: 0; bottom: 0; left: 0;\" src=\"https:\/\/reto.cn\/audi\/elementa_kurso\/13\/humuroj.mp3\" controls=\"controls\"><\/audio><br \/>\n\uff081\uff09<br \/>\n&#8220;Kvankam mi amas na\u011di, tamen mi ne povas na\u011di nun.&#8221;<br \/>\n&#8220;Kial ne?&#8221;<br \/>\n&#8220;\u0108ar mi ne estas en la akvo.&#8221;<\/p>\n<p>\uff082\uff09<br \/>\n\u0108u vi deziras teon?<br \/>\nMi ne trinkas teon.<br \/>\nKafon?<br \/>\nMi ne trinkas kafon.<br \/>\nKakaon?<br \/>\nMi ne trinkas kakaon.<br \/>\nViskion kaj akvon?<br \/>\nMi ne trinkas akvon.<\/p>\n<p><b>V. Konversacio \u4f1a\u8bdd\uff1a<\/b><br \/>\n<audio style=\"margin: auto; top: 0; right: 0; bottom: 0; left: 0;\" src=\"https:\/\/reto.cn\/audi\/elementa_kurso\/13\/konversacio.mp3\" controls=\"controls\"><\/audio><br \/>\n1. Kion vi legas?<br \/>\n2. Mi legas gazeton en Esperanto.<br \/>\n3. Ho, \u0109u vi lernas Esperanton?<br \/>\n4. Jes, mi lernas \u011din. Kaj vi?<br \/>\n5. Ankora\u016d ne. \u0108u Esperanto estas malfacila lingvo?<br \/>\n6. Ne, \u011di estas tre facila kaj interesa. Mia amiko scias \u011din.<br \/>\n7. \u0108u kamarado Zhang?<br \/>\n8. Jes, li scias. Kaj mia fratino anka\u016d lernas \u011din. Ni ofte parolas Esperante.<br \/>\n9. Kie vi lernas Esperanton?<br \/>\n10. En kurso.<br \/>\n11. Vi parolas tre flue. Vi estas bona esperantisto.<br \/>\n12. Ne, mi parolas ne tiel bone kiel mia amiko. Mi estas nur komencanto.<br \/>\n13. \u0108u kamarado Zhang parolas pli bone ol vi?<br \/>\n14. Jes, li estas la plej diligenta lernanto en nia kurso.<br \/>\n15. Anka\u016d mi deziras lerni Esperanton. \u0108u vi povas helpi min?<br \/>\n16. Jes, ni lernu kune.<br \/>\n17. Koran dankon.<br \/>\n18. Ne dankinde.<br \/>\n19. Kiam ni komencos lerni Esperanton?<br \/>\n20. Nun! Se vi dezirus.<br \/>\n21. Nun? \u0108u mi povas lerni e\u0109 nun?<br \/>\n22. Jes, jen estas la libro &#8220;Aboco de Esperanto&#8221;<br \/>\n23. Ho, mil dankojn!<br \/>\n24. Tute ne dankinde! Ni komencu! A-E-I-O-U.<br \/>\n25. A, E, I, O, U. Tre similas al tiuj en la japana lingvo.<br \/>\n26. Ho, \u0109u vi lernis aliajn lingvojn?<br \/>\n27. Nur iomete. \u0108u anka\u016d vi lernis aliajn lingvojn?<br \/>\n28. Jes, anka\u016d mi lernis la anglan lingvon. Sed \u011dia prononco estas tro malfacila. Mi lernis la rusan lingvon, sed&#8230;<br \/>\n29. Vi estas poligloto.<br \/>\n30. Mi estas poligloto de Aboco!<\/p>\n<p><b>VI. Ekzerco \u7ec3\u4e60\uff1a<\/b><\/p>\n<p>1. \u7ffb\u8bd1\u8bfe\u6587\u3001\u9605\u8bfb\u6750\u6599\u53ca\u4f1a\u8bdd\u3002<\/p>\n<p>2. \u56de\u7b54\u4e0b\u5217\u95ee\u9898\uff1a<br \/>\n<audio style=\"margin: auto; top: 0; right: 0; bottom: 0; left: 0;\" src=\"https:\/\/reto.cn\/audi\/elementa_kurso\/13\/ekzerco-respondi.mp3\" controls=\"controls\"><\/audio><br \/>\n\u2460 Por kio Esperanto estas ora \u015dlosilo?<br \/>\n\u2461 \u0108u Esperanto estas pli facila ol \u0109iuj okcidentaj lingvoj?<br \/>\n\u2462 \u0108u Esperanto estas la plej facila el fremdaj lingvoj?<br \/>\n\u2463 \u0108u vi lernis la rusan lingvon? La japanan lingvon? La anglan lingvon?<br \/>\n\u2464 \u0108u facila estas la gramatiko de la rusa lingvo?<br \/>\n\u2465 \u0108u prononco de la japana lingvo estas sama kiel tiu de la \u0109ina lingvo?<br \/>\n\u2466 Kiel vi sciis la nomon de Esperanto?<br \/>\n\u2467 Kia estas gramatiko de Esperanto?<br \/>\n\u2468 Kia estas prononco de Esperanto?<br \/>\n\u2469 Kio vere estas Esperanto?<\/p>\n<p>3. \u5c06\u4e0b\u5217\u53e5\u5b50\u8bd1\u6210\u6c49\u8bed\uff0c\u5e76\u8bf4\u660e\u5f62\u5bb9\u8bcd\u6216\u526f\u8bcd\u662f\u5c5e\u4e8e\u54ea\u4e00\u7ea7\u3002<br \/>\n<audio style=\"margin: auto; top: 0; right: 0; bottom: 0; left: 0;\" src=\"https:\/\/reto.cn\/audi\/elementa_kurso\/13\/ekzerco-traduki-e-c-kompari.mp3\" controls=\"controls\"><span data-mce-type=\"bookmark\" style=\"display: inline-block; width: 0px; overflow: hidden; line-height: 0;\" class=\"mce_SELRES_start\">\ufeff<\/span><\/audio><br \/>\n\u2460 Lushan-monto ne estas tiel alta kiel Taishan-monto.<br \/>\n\u2461 Mi estas same juna kiel vi.<br \/>\n\u2462 La gazeto estas tiel granda kiel la libro.<br \/>\n\u2463 Li Ming na\u011das tiel rapide kiel Zhang Hong.<br \/>\n\u2464 \u015ci estas tiel bela kiel floro.<br \/>\n\u2465 Taishan-monto estas pli alta ol Lushan monto.<br \/>\n\u2466 Nov-Jorko\uff08\u7ebd\u7ea6\uff09estas la plej granda urbo en la mondo.<br \/>\n\u2467 Ilia plej juna fratino nomi\u011das Ling Ling.<br \/>\n\u2468 Li estas tiel forta kiel vi.<br \/>\n\u2469 Tio estas same facila, kiel \u0109i tio.<br \/>\n\u246a Kia patro, tia filo.\uff08\u513f\u5b50\uff09<br \/>\n\u246b Esperanto estas pli lerninda ol aliaj fremdaj lingvoj.<br \/>\n\u246c Por \u015di historio estas pli interesa ol tekniko.<br \/>\n\u246d \u015ci estas multe pli bela ol mia fratino.<br \/>\n\u246e Li estas la plej sa\u011da el tiuj lernantoj.<br \/>\n\u246f La lo\u011dantaro de \u0108inio estas la plej multa en la mondo.<br \/>\n\u2470 La \u0108ina Popola Respubliko estas unu el la plej grandaj landoj de la mondo.<br \/>\n\u2471 Nia kara patrujo estas pli ri\u0109a kaj potenca ol la malnova \u0108inio.<br \/>\n\u2472 La Flava Rivero estas malpli longa ol Yangzirivero.<br \/>\n\u2473 La ma\u015dinoj de la dua laborejo estas pli novaj ol tiuj de la unua laborejo.<br \/>\n\u3251 Tiu vortaro estas pli utila ol la aliaj.<br \/>\n\u3252 Himalajo\uff08\u559c\u9a6c\u62c9\u96c5\u5c71\uff09estas la plej alta monto de la tuta mondo.<\/p>\n<p><i>\u3010\u6700\u540e\u4e00\u53e5\u539f\u6587\u6709\u8bef\u3002Himalajo\uff08\u559c\u9a6c\u62c9\u96c5\u5c71\u8109\uff09\u662f\u5c71\u8109\u540d\uff0c\u4e3a\u4e16\u754c\u6d77\u62d4\u6700\u9ad8\u7684\u5c71\u8109\u3002\u2014\u2014\u6821\u5bf9\u8005\u6ce8\uff0c\u7eff\u7f51\u3002\u3011<\/i><\/p>\n<p>4. \u4e16\u8bd1\u6c49\uff1a<br \/>\n<audio style=\"margin: auto; top: 0; right: 0; bottom: 0; left: 0;\" src=\"https:\/\/reto.cn\/audi\/elementa_kurso\/13\/ekzerco-traduki-e-c.mp3\" controls=\"controls\"><\/audio><br \/>\n\u2460 La libro estas tiel granda kiel la gazeto.<br \/>\n\u2461 Laboristino estas pli juna ol doktoro.<br \/>\n\u2462 Mi estas malpli juna ol kamarado Wang.<br \/>\n\u2463 Kamaradino Zhang estas la plej juna laboristino en nia fabriko.<br \/>\n\u2464 Kamarado Zhao estas la malplej nova laboristo en nia fabriko.<br \/>\n\u2465 Nia malfacila kaj glora tasko estas fari nian patrujon ri\u0109a kaj potenca socialisma lando.<br \/>\n\u2466 Ju pli sa\u011da, des pli silenta.<br \/>\n\u2467 Por modernigo de nacia defendo ni bezonas diversajn sciojn kaj fremdlandajn avangardajn teknikojn.<br \/>\n\u2468 Esperanto ne estas sama kiel la angla lingvo.<\/p>\n<p>5. \u6c49\u8bd1\u4e16\uff1a<br \/>\n\u2460 \u5317\u4eac\u4e0d\u8c61\u4e0a\u6d77\u90a3\u4e48\u5927\u3002<br \/>\n\u2461 \u4e0a\u6d77\u6bd4\u5317\u4eac\u66f4\u5927\u3002<br \/>\n\u2462 \u7701\u91cc\u6700\u5927\u7684\u57ce\u5e02\u662f\u7701\u4f1a\u3002<br \/>\n\u2463 \u6700\u7528\u529f\u7684\u5b66\u751f\u5b66\u4e60\u5f97\u6700\u597d\u3002<br \/>\n\u2464 \u6700\u4e0d\uff08\u7528 malplej\uff09\u7528\u529f\u7684\u5b66\u751f\u5b66\u4e60\u5f97\u6700\u6162\u3002<br \/>\n\u2465 \u6211\u4eec\u7684\u5de5\u5382\u662f\u5e02\u91cc\u6700\u5927\u7684\uff0c\u53ef\u662f\u6211\u4eec\u7684\u8f66\u95f4\u662f\u5382\u91cc\u6700\u5c0f\u7684\u3002<br \/>\n\u2466 \u4e16\u754c\u8bed\u6709\u8bb8\u591a\u4e0e\u897f\u65b9\u8bed\u8a00\u5341\u5206\u76f8\u4f3c\u7684\u5355\u8bcd\u3002<br \/>\n\u2467 \u4f60\u662f\u4ec0\u4e48\u65f6\u95f4\u5f00\u59cb\u5b66\u4e60\u4e16\u754c\u8bed\u7684\uff1f<br \/>\n\u2468 \u867d\u7136\u6211\u4eec\u57ce\u5e02\u4e0d\u5927\uff0c\u7136\u800c\u5b83\u6709\u5149\u8363\u7684\u5386\u53f2\u3002<\/p>\n<p>\u672c\u8bfe\u6717\u8bfb\u8005\uff1aRanja Lydie ZAFINIFOTSY\uff08\u9a6c\u8fbe\u52a0\u65af\u52a0\uff09<br \/>\nVo\u0109leginto: Ranja Lydie ZAFINIFOTSY el Madagaskaro<\/p>\n<p><img decoding=\"async\" loading=\"lazy\" class=\"alignnone size-medium\" src=\"https:\/\/reto.cn\/bildo\/cina\/elementa_kurso\/madagaskara.gif\" width=\"173\" height=\"115\" \/> <img decoding=\"async\" loading=\"lazy\" class=\"alignnone size-medium\" src=\"https:\/\/reto.cn\/bildo\/cina\/elementa_kurso\/ranja_lydie_zafinifotsy.jpg\" width=\"92\" height=\"115\" \/><\/p>\n<p>\u4e16\u754c\u8bed\u5165\u95e8\u00a0\u00a0<a href=\"https:\/\/reto.cn\/php\/hanyu\/elementa_kurso\/leciono-12\">\u7b2c\u5341\u4e8c\u8bfe<\/a><br \/>\n\u4e16\u754c\u8bed\u5165\u95e8\u00a0\u00a0<a href=\"https:\/\/reto.cn\/php\/hanyu\/elementa_kurso\/leciono-14\">\u7b2c\u5341\u56db\u8bfe<\/a><\/p>\n<p>\u8fd4\u56de\u00a0<a href=\"https:\/\/reto.cn\/php\/hanyu\/elementa_kurso\/\">\u80e1\u56fd\u67f1\u4e16\u754c\u8bed\u521d\u7ea7\u6559\u7a0b<\/a><br \/>\nreveni al\u00a0<a href=\"https:\/\/reto.cn\/php\/hanyu\/elementa_kurso\/\"><em>ABC de ESPERANTO<\/em><\/a><\/p>\n","protected":false},"excerpt":{"rendered":"<p>Leciono 13 DEKTRIA LECIONO \u7b2c\u5341\u4e09\u8bfe Teksto: Utila Ora \u015closi\u2026 <span class=\"read-more\"><a href=\"https:\/\/reto.cn\/php\/hanyu\/elementa_kurso\/leciono-13\/\">\u7ee7\u7eed\u9605\u8bfb Legi pli &raquo;<\/a><\/span><\/p>\n","protected":false},"author":1,"featured_media":0,"parent":11077,"menu_order":0,"comment_status":"open","ping_status":"closed","template":"","meta":{"footnotes":""},"_links":{"self":[{"href":"https:\/\/reto.cn\/php\/hanyu\/wp-json\/wp\/v2\/pages\/16673"}],"collection":[{"href":"https:\/\/reto.cn\/php\/hanyu\/wp-json\/wp\/v2\/pages"}],"about":[{"href":"https:\/\/reto.cn\/php\/hanyu\/wp-json\/wp\/v2\/types\/page"}],"author":[{"embeddable":true,"href":"https:\/\/reto.cn\/php\/hanyu\/wp-json\/wp\/v2\/users\/1"}],"replies":[{"embeddable":true,"href":"https:\/\/reto.cn\/php\/hanyu\/wp-json\/wp\/v2\/comments?post=16673"}],"version-history":[{"count":0,"href":"https:\/\/reto.cn\/php\/hanyu\/wp-json\/wp\/v2\/pages\/16673\/revisions"}],"up":[{"embeddable":true,"href":"https:\/\/reto.cn\/php\/hanyu\/wp-json\/wp\/v2\/pages\/11077"}],"wp:attachment":[{"href":"https:\/\/reto.cn\/php\/hanyu\/wp-json\/wp\/v2\/media?parent=16673"}],"curies":[{"name":"wp","href":"https:\/\/api.w.org\/{rel}","templated":true}]}}