{"id":17025,"date":"2024-10-21T23:58:58","date_gmt":"2024-10-21T15:58:58","guid":{"rendered":"https:\/\/reto.cn\/php\/hanyu\/parola_lingvo\/ana_pana\/leciono_01-4\/"},"modified":"2024-10-22T00:31:46","modified_gmt":"2024-10-21T16:31:46","slug":"leciono_04","status":"publish","type":"page","link":"https:\/\/reto.cn\/php\/hanyu\/parola_lingvo\/ana_pana\/leciono_04\/","title":{"rendered":"Ana Pana &#8211; 04 \u2013 Pri Novjorko"},"content":{"rendered":"<p><img decoding=\"async\" loading=\"lazy\" class=\"alignnone size-medium\" src=\"https:\/\/reto.cn\/parola_lingvo\/ana_pana\/04.png\" width=\"300\" height=\"331\" \/><\/p>\n<p><audio style=\"width: 8.5cm; height: 0.5cm;\" controls=\"controls\"><span data-mce-type=\"bookmark\" style=\"display: inline-block; width: 0px; overflow: hidden; line-height: 0;\" class=\"mce_SELRES_start\">\ufeff<\/span><source src=\"https:\/\/reto.cn\/parola_lingvo\/ana_pana\/04.mp3\" type=\"audio\/mpeg\" \/><span data-mce-type=\"bookmark\" style=\"display: inline-block; width: 0px; overflow: hidden; line-height: 0;\" class=\"mce_SELRES_end\">\ufeff<\/span><\/audio><\/p>\n<p>Novjorko estas grandega urbo. En tiu urbo lo\u011das \u0109irka\u016d ok (8) milionoj da homoj. Multaj domoj en Novjorko estas ege altaj. Tie laboras multaj bankuloj kaj financuloj. Novjorko estas grava financa centro. En Novjorko estas anka\u016d granda domo de Unui\u011dintaj Nacioj (UN). Tie laboras multaj diplomatoj kaj aliaj gravuloj. Meze de la urbo trovi\u011das granda kaj bela parko. \u011ci nomi\u011das \u201cCentra Parko\u201d. Se vi iam estos en Novjorko, vizitu \u011din.<\/p>\n<p>1 \u2013 Saluton!<br \/>\n2 \u2013 Pri Ana<br \/>\n3 \u2013 Telefone<br \/>\n4 \u2013 Pri Novjorko<br \/>\n5 \u2013 Vizito<br \/>\n6 \u2013 Prezentoj<br \/>\n7 \u2013 La familio de Ana<br \/>\n8 \u2013 Kiu estas Mark?<br \/>\n9 \u2013 \u015catokupoj<br \/>\n10 \u2013 Kion vi \u015datas fari?<\/p>\n<p><a href=\"https:\/\/reto.cn\/php\/hanyu\/parola_lingvo\/ana_pana\/\">Reveni al Ana Pana<\/a><\/p>\n<p><a href=\"https:\/\/reto.cn\/php\/hanyu\/parola_lingvo\/ana_pana\/\">\u8fd4\u56de Ana Pana<\/a><\/p>\n","protected":false},"excerpt":{"rendered":"<p>\ufeff\ufeff Novjorko estas grandega urbo. En tiu urbo lo\u011das \u0109irk\u2026 <span class=\"read-more\"><a href=\"https:\/\/reto.cn\/php\/hanyu\/parola_lingvo\/ana_pana\/leciono_04\/\">\u7ee7\u7eed\u9605\u8bfb Legi pli &raquo;<\/a><\/span><\/p>\n","protected":false},"author":1,"featured_media":0,"parent":17005,"menu_order":0,"comment_status":"open","ping_status":"closed","template":"","meta":{"footnotes":""},"_links":{"self":[{"href":"https:\/\/reto.cn\/php\/hanyu\/wp-json\/wp\/v2\/pages\/17025"}],"collection":[{"href":"https:\/\/reto.cn\/php\/hanyu\/wp-json\/wp\/v2\/pages"}],"about":[{"href":"https:\/\/reto.cn\/php\/hanyu\/wp-json\/wp\/v2\/types\/page"}],"author":[{"embeddable":true,"href":"https:\/\/reto.cn\/php\/hanyu\/wp-json\/wp\/v2\/users\/1"}],"replies":[{"embeddable":true,"href":"https:\/\/reto.cn\/php\/hanyu\/wp-json\/wp\/v2\/comments?post=17025"}],"version-history":[{"count":0,"href":"https:\/\/reto.cn\/php\/hanyu\/wp-json\/wp\/v2\/pages\/17025\/revisions"}],"up":[{"embeddable":true,"href":"https:\/\/reto.cn\/php\/hanyu\/wp-json\/wp\/v2\/pages\/17005"}],"wp:attachment":[{"href":"https:\/\/reto.cn\/php\/hanyu\/wp-json\/wp\/v2\/media?parent=17025"}],"curies":[{"name":"wp","href":"https:\/\/api.w.org\/{rel}","templated":true}]}}