{"id":17026,"date":"2024-10-21T23:58:58","date_gmt":"2024-10-21T15:58:58","guid":{"rendered":"https:\/\/reto.cn\/php\/hanyu\/parola_lingvo\/ana_pana\/leciono_01-5\/"},"modified":"2024-10-22T00:34:40","modified_gmt":"2024-10-21T16:34:40","slug":"leciono_05","status":"publish","type":"page","link":"https:\/\/reto.cn\/php\/hanyu\/parola_lingvo\/ana_pana\/leciono_05\/","title":{"rendered":"Ana Pana &#8211; 05 \u2013 Vizito"},"content":{"rendered":"<p><img decoding=\"async\" loading=\"lazy\" class=\"alignnone \" src=\"https:\/\/reto.cn\/parola_lingvo\/ana_pana\/05.png\" width=\"274\" height=\"394\" \/><\/p>\n<p><audio style=\"width: 8.5cm; height: 0.5cm;\" controls=\"controls\"><span data-mce-type=\"bookmark\" style=\"display: inline-block; width: 0px; overflow: hidden; line-height: 0;\" class=\"mce_SELRES_start\">\ufeff<\/span><source src=\"https:\/\/reto.cn\/parola_lingvo\/ana_pana\/05.mp3\" type=\"audio\/mpeg\" \/><span data-mce-type=\"bookmark\" style=\"display: inline-block; width: 0px; overflow: hidden; line-height: 0;\" class=\"mce_SELRES_end\">\ufeff<\/span><\/audio><\/p>\n<p>(Mark malfermas pordon.)<br \/>\nMark: \u2013 Bonvenon!<br \/>\nAna: \u2013 Dankon!<br \/>\nMark: \u2013 Eniru, mi petas.<br \/>\nAna: \u2013 Dankon.<br \/>\nMark: \u2013 \u0108u vi volas trinki ion?<br \/>\nAna: \u2013 Jes, volonte.<br \/>\nMark: \u2013 \u0108u vi volas sukon a\u016d akvon?<br \/>\nAna: \u2013 Sukon, mi petas.<br \/>\nMark: \u2013 Jen por vi. Estas pomsuko.<br \/>\nAna: \u2013 Mi dankas.<br \/>\nMark: \u2013 \u0108u vi dum longa tempo lo\u011das en Novjorko?<br \/>\nAna: \u2013 Jes, dum mia tuta vivo.<br \/>\nMark: \u2013 Mi komprenas. Mi nur dum tri semajnoj lo\u011das \u0109i tie.<br \/>\nAna: \u2013 Kie vi lo\u011dis anta\u016de?<br \/>\nMark: \u2013 Anta\u016de mi lo\u011dis en \u011cenevo, Svislando.<br \/>\nAna: \u2013 Interese.<br \/>\nMark: \u2013 Miaj gepatroj trovis bonan laboron \u0109e UN en Novjorko.<br \/>\nAna: \u2013 \u0108u viaj gepatroj laboras tie nun?<br \/>\nMark: \u2013 Jes, ili estas diplomatoj.<br \/>\nAna: \u2013 Mi komprenas.<br \/>\nMark: \u2013 Venu, mi prezentos mian familion al vi.<\/p>\n<p><a href=\"https:\/\/reto.cn\/php\/hanyu\/parola_lingvo\/ana_pana\/\">Reveni al Ana Pana<\/a><\/p>\n<p><a href=\"https:\/\/reto.cn\/php\/hanyu\/parola_lingvo\/ana_pana\/\">\u8fd4\u56de Ana Pana<\/a><\/p>\n","protected":false},"excerpt":{"rendered":"<p>\ufeff\ufeff (Mark malfermas pordon.) Mark: \u2013 Bonvenon! Ana: \u2013 Da\u2026 <span class=\"read-more\"><a href=\"https:\/\/reto.cn\/php\/hanyu\/parola_lingvo\/ana_pana\/leciono_05\/\">\u7ee7\u7eed\u9605\u8bfb Legi pli &raquo;<\/a><\/span><\/p>\n","protected":false},"author":1,"featured_media":0,"parent":17005,"menu_order":0,"comment_status":"open","ping_status":"closed","template":"","meta":{"footnotes":""},"_links":{"self":[{"href":"https:\/\/reto.cn\/php\/hanyu\/wp-json\/wp\/v2\/pages\/17026"}],"collection":[{"href":"https:\/\/reto.cn\/php\/hanyu\/wp-json\/wp\/v2\/pages"}],"about":[{"href":"https:\/\/reto.cn\/php\/hanyu\/wp-json\/wp\/v2\/types\/page"}],"author":[{"embeddable":true,"href":"https:\/\/reto.cn\/php\/hanyu\/wp-json\/wp\/v2\/users\/1"}],"replies":[{"embeddable":true,"href":"https:\/\/reto.cn\/php\/hanyu\/wp-json\/wp\/v2\/comments?post=17026"}],"version-history":[{"count":0,"href":"https:\/\/reto.cn\/php\/hanyu\/wp-json\/wp\/v2\/pages\/17026\/revisions"}],"up":[{"embeddable":true,"href":"https:\/\/reto.cn\/php\/hanyu\/wp-json\/wp\/v2\/pages\/17005"}],"wp:attachment":[{"href":"https:\/\/reto.cn\/php\/hanyu\/wp-json\/wp\/v2\/media?parent=17026"}],"curies":[{"name":"wp","href":"https:\/\/api.w.org\/{rel}","templated":true}]}}