{"id":17027,"date":"2024-10-21T23:58:58","date_gmt":"2024-10-21T15:58:58","guid":{"rendered":"https:\/\/reto.cn\/php\/hanyu\/parola_lingvo\/ana_pana\/leciono_01-6\/"},"modified":"2024-10-22T00:37:32","modified_gmt":"2024-10-21T16:37:32","slug":"leciono_06","status":"publish","type":"page","link":"https:\/\/reto.cn\/php\/hanyu\/parola_lingvo\/ana_pana\/leciono_06\/","title":{"rendered":"Ana Pana &#8211; 06 \u2013 Prezentoj"},"content":{"rendered":"<p><img decoding=\"async\" class=\"alignnone size-medium\" src=\"https:\/\/reto.cn\/parola_lingvo\/ana_pana\/06.png\" \/><\/p>\n<p><audio style=\"width: 8.5cm; height: 0.5cm;\" controls=\"controls\"><span data-mce-type=\"bookmark\" style=\"display: inline-block; width: 0px; overflow: hidden; line-height: 0;\" class=\"mce_SELRES_start\">\ufeff<\/span><source src=\"https:\/\/reto.cn\/parola_lingvo\/ana_pana\/06.mp3\" type=\"audio\/mpeg\" \/><span data-mce-type=\"bookmark\" style=\"display: inline-block; width: 0px; overflow: hidden; line-height: 0;\" class=\"mce_SELRES_end\">\ufeff<\/span><\/audio><\/p>\n<p>Mark: \u2013 Jen estas mia panjo.<br \/>\nPatrino de Mark: \u2013 Saluton, Ana!<br \/>\nAna: \u2013 Saluton!<br \/>\nPatrino de Mark: \u2013 Mi nomi\u011das Nina.<br \/>\nAna: \u2013 Agrable renkonti vin.<br \/>\nMark: \u2013 Jen mia pa\u0109jo. Li nomi\u011das Kristofer. Sed multaj nomas lin Kri\u0109jo.<br \/>\nAna: \u2013 Saluton, Kristofer!<br \/>\nPatro de Mark: \u2013 Agrable renkonti vin, Ana. Diru Kri\u0109jo, mi petas.<br \/>\nMark: \u2013 Anka\u016d estas kato en nia familio.<br \/>\nAna: \u2013 Kiel \u011di nomi\u011das?<br \/>\nMark: \u2013 \u011ci nomi\u011das Zap.<br \/>\nAna: \u2013 Bela vi estas Zap.<br \/>\nZap: \u2013 Mja\u016d.<br \/>\nMark: \u2013 Li jam \u015datas vin.<br \/>\nAna: \u2013 Bonege. Mi jam \u015datas lin.<br \/>\nMark: \u2013 \u0108u vi havas katon?<br \/>\nAna: \u2013 Ne, sed mi \u015datus havi katon.<br \/>\nMark: \u2013 Kial vi ne havas katon?<br \/>\nAna: \u2013 \u0108ar miaj gepatroj ne volas havi katon.<br \/>\nMark: \u2013 Mi komprenas.<br \/>\nAna: \u2013 \u0108u vi havas anka\u016d hundon?<br \/>\nMark: \u2013 Ne nun. En Svislando ni havis hundon.<br \/>\nAna: \u2013 Kial vi ne havas \u011din \u0109i tie?<br \/>\nMark: \u2013 \u0108ar \u015di mortis anta\u016d du jaroj.<br \/>\nAna: \u2013 Mi beda\u016dras. Kiel \u015di nomi\u011dis?<br \/>\nMark: \u2013 \u015ci nomi\u011dis Zip. Sed nun ni havas Zap.<br \/>\nAna: \u2013 Jes, tre bone.<\/p>\n<p><a href=\"https:\/\/reto.cn\/php\/hanyu\/parola_lingvo\/ana_pana\/\">Reveni al Ana Pana<\/a><\/p>\n<p><a href=\"https:\/\/reto.cn\/php\/hanyu\/parola_lingvo\/ana_pana\/\">\u8fd4\u56de Ana Pana<\/a><\/p>\n","protected":false},"excerpt":{"rendered":"<p>\ufeff\ufeff Mark: \u2013 Jen estas mia panjo. Patrino de Mark: \u2013 Salu\u2026 <span class=\"read-more\"><a href=\"https:\/\/reto.cn\/php\/hanyu\/parola_lingvo\/ana_pana\/leciono_06\/\">\u7ee7\u7eed\u9605\u8bfb Legi pli &raquo;<\/a><\/span><\/p>\n","protected":false},"author":1,"featured_media":0,"parent":17005,"menu_order":0,"comment_status":"open","ping_status":"closed","template":"","meta":{"footnotes":""},"_links":{"self":[{"href":"https:\/\/reto.cn\/php\/hanyu\/wp-json\/wp\/v2\/pages\/17027"}],"collection":[{"href":"https:\/\/reto.cn\/php\/hanyu\/wp-json\/wp\/v2\/pages"}],"about":[{"href":"https:\/\/reto.cn\/php\/hanyu\/wp-json\/wp\/v2\/types\/page"}],"author":[{"embeddable":true,"href":"https:\/\/reto.cn\/php\/hanyu\/wp-json\/wp\/v2\/users\/1"}],"replies":[{"embeddable":true,"href":"https:\/\/reto.cn\/php\/hanyu\/wp-json\/wp\/v2\/comments?post=17027"}],"version-history":[{"count":0,"href":"https:\/\/reto.cn\/php\/hanyu\/wp-json\/wp\/v2\/pages\/17027\/revisions"}],"up":[{"embeddable":true,"href":"https:\/\/reto.cn\/php\/hanyu\/wp-json\/wp\/v2\/pages\/17005"}],"wp:attachment":[{"href":"https:\/\/reto.cn\/php\/hanyu\/wp-json\/wp\/v2\/media?parent=17027"}],"curies":[{"name":"wp","href":"https:\/\/api.w.org\/{rel}","templated":true}]}}