{"id":17030,"date":"2024-10-21T23:58:58","date_gmt":"2024-10-21T15:58:58","guid":{"rendered":"https:\/\/reto.cn\/php\/hanyu\/parola_lingvo\/ana_pana\/leciono_01-9\/"},"modified":"2024-10-22T00:44:18","modified_gmt":"2024-10-21T16:44:18","slug":"leciono_09","status":"publish","type":"page","link":"https:\/\/reto.cn\/php\/hanyu\/parola_lingvo\/ana_pana\/leciono_09\/","title":{"rendered":"Ana Pana &#8211; 09 \u2013 \u015catokupoj"},"content":{"rendered":"<p><img decoding=\"async\" class=\"alignnone size-medium\" src=\"https:\/\/reto.cn\/parola_lingvo\/ana_pana\/09.png\" \/><\/p>\n<p><audio style=\"width: 8.5cm; height: 0.5cm;\" controls=\"controls\"><span data-mce-type=\"bookmark\" style=\"display: inline-block; width: 0px; overflow: hidden; line-height: 0;\" class=\"mce_SELRES_start\">\ufeff<\/span><source src=\"https:\/\/reto.cn\/parola_lingvo\/ana_pana\/09.mp3\" type=\"audio\/mpeg\" \/><span data-mce-type=\"bookmark\" style=\"display: inline-block; width: 0px; overflow: hidden; line-height: 0;\" class=\"mce_SELRES_end\">\ufeff<\/span><\/audio><\/p>\n<p>Ana \u015datas kanti.<br \/>\n\u015ci ofte kantas. Kaj \u015di bone kantas!<br \/>\nKanti estas \u015dia \u015datokupo.<br \/>\n\u015ci anka\u016d \u015datas ludi tenison kaj bicikli.<br \/>\nDo, Ana estas kaj muzikema kaj sportema.<br \/>\nAl Ana anka\u016d pla\u0109as legi librojn kaj spekti filmojn.<br \/>\nLa gefratoj de Ana ofte na\u011das.<br \/>\nIli tre \u015datas ludi en akvo.<br \/>\n\u015catokupo de la patrino de Ana estas lerni lingvojn.<br \/>\n\u015ci jam bone parolas sep lingvojn!<br \/>\nLa patro de Ana ne \u015datas lerni novajn lingvojn.<br \/>\nLia \u015datokupo estas kuirado. \u0108efe li kuiras vegetare,<br \/>\nsed iufoje li kuiras anka\u016d fi\u015don kaj viandon.<\/p>\n<p><a href=\"https:\/\/reto.cn\/php\/hanyu\/parola_lingvo\/ana_pana\/\">Reveni al Ana Pana<\/a><\/p>\n<p><a href=\"https:\/\/reto.cn\/php\/hanyu\/parola_lingvo\/ana_pana\/\">\u8fd4\u56de Ana Pana<\/a><\/p>\n","protected":false},"excerpt":{"rendered":"<p>\ufeff\ufeff Ana \u015datas kanti. \u015ci ofte kantas. Kaj \u015di bone kantas!\u2026 <span class=\"read-more\"><a href=\"https:\/\/reto.cn\/php\/hanyu\/parola_lingvo\/ana_pana\/leciono_09\/\">\u7ee7\u7eed\u9605\u8bfb Legi pli &raquo;<\/a><\/span><\/p>\n","protected":false},"author":1,"featured_media":0,"parent":17005,"menu_order":0,"comment_status":"open","ping_status":"closed","template":"","meta":{"footnotes":""},"_links":{"self":[{"href":"https:\/\/reto.cn\/php\/hanyu\/wp-json\/wp\/v2\/pages\/17030"}],"collection":[{"href":"https:\/\/reto.cn\/php\/hanyu\/wp-json\/wp\/v2\/pages"}],"about":[{"href":"https:\/\/reto.cn\/php\/hanyu\/wp-json\/wp\/v2\/types\/page"}],"author":[{"embeddable":true,"href":"https:\/\/reto.cn\/php\/hanyu\/wp-json\/wp\/v2\/users\/1"}],"replies":[{"embeddable":true,"href":"https:\/\/reto.cn\/php\/hanyu\/wp-json\/wp\/v2\/comments?post=17030"}],"version-history":[{"count":0,"href":"https:\/\/reto.cn\/php\/hanyu\/wp-json\/wp\/v2\/pages\/17030\/revisions"}],"up":[{"embeddable":true,"href":"https:\/\/reto.cn\/php\/hanyu\/wp-json\/wp\/v2\/pages\/17005"}],"wp:attachment":[{"href":"https:\/\/reto.cn\/php\/hanyu\/wp-json\/wp\/v2\/media?parent=17030"}],"curies":[{"name":"wp","href":"https:\/\/api.w.org\/{rel}","templated":true}]}}