{"id":17062,"date":"2024-10-21T23:58:58","date_gmt":"2024-10-21T15:58:58","guid":{"rendered":"https:\/\/reto.cn\/php\/hanyu\/parola_lingvo\/ana_pana\/leciono_10-4\/"},"modified":"2024-10-22T18:44:24","modified_gmt":"2024-10-22T10:44:24","slug":"leciono_13","status":"publish","type":"page","link":"https:\/\/reto.cn\/php\/hanyu\/parola_lingvo\/ana_pana\/leciono_13\/","title":{"rendered":"Ana Pana &#8211; 13 \u2013 Kion vi faros?"},"content":{"rendered":"<p><img decoding=\"async\" class=\"alignnone size-medium\" src=\"https:\/\/reto.cn\/parola_lingvo\/ana_pana\/13.png\" \/><\/p>\n<p><audio style=\"width: 8.5cm; height: 0.5cm;\" controls=\"controls\"><span data-mce-type=\"bookmark\" style=\"display: inline-block; width: 0px; overflow: hidden; line-height: 0;\" class=\"mce_SELRES_start\">\ufeff<\/span><span data-mce-type=\"bookmark\" style=\"display: inline-block; width: 0px; overflow: hidden; line-height: 0;\" class=\"mce_SELRES_start\">\ufeff<\/span><source src=\"https:\/\/reto.cn\/parola_lingvo\/ana_pana\/13.mp3\" type=\"audio\/mpeg\" \/><span data-mce-type=\"bookmark\" style=\"display: inline-block; width: 0px; overflow: hidden; line-height: 0;\" class=\"mce_SELRES_end\">\ufeff<\/span><span data-mce-type=\"bookmark\" style=\"display: inline-block; width: 0px; overflow: hidden; line-height: 0;\" class=\"mce_SELRES_end\">\ufeff<\/span><\/audio><\/p>\n<p>Ana: \u2013 Mark, kion vi faros post la meza lernejo?<br \/>\nMark: \u2013 Tio estas tre bona demando!<br \/>\nAna: \u2013 Do, vi ne scias, \u0109u?<br \/>\nMark: \u2013 Mi scias, kion mi \u015datus fari.<br \/>\nAna: \u2013 Kion vi \u015datus fari?<br \/>\nMark: \u2013 Mi \u015datus labori kiel \u0135urnalisto.<br \/>\nAna: \u2013 \u0108u vi volas fari\u011di \u0135urnalisto?<br \/>\nMark: \u2013 Jes, \u011duste. Espereble mi fari\u011dos \u0135urnalisto post la somero.<br \/>\nAna: \u2013 Sed vi ne havas edukon kiel \u0135urnalisto!<br \/>\nMark: \u2013 Eduko ne plej gravas. Pli gravas personaj kontaktoj.<br \/>\nAna: \u2013 \u0108u vi havas tion?<br \/>\nMark: \u2013 Kion?<br \/>\nAna: \u2013 Personajn kontaktojn \u0109e iu \u0135urnalo, kompreneble.<br \/>\nMark: \u2013 Jes. A\u016d pli \u011duste, mia patro havas tion.<br \/>\nAna: \u2013 Bon\u015danca vi estas.<br \/>\nMark: \u2013 Ni vidos. Kio pri vi?<br \/>\nAna: \u2013 Kio pri mi?<br \/>\nMark: \u2013 Kiuj estas viaj planoj post la somero?<br \/>\nAna: \u2013 Ne demandu, mi petas.<br \/>\nMark: \u2013 Mi divenas, ke vi \u015datus voja\u011di ien.<br \/>\nAna: \u2013 Tute prave. Dum la somero mi voja\u011dos al \u0108inio.<br \/>\nMark: \u2013 Bonege!<br \/>\nAna: \u2013 Jes, mi sentas min tre bon\u015danca. Mia ri\u0109a onklo pagos la voja\u011don.<br \/>\nMark: \u2013 \u0108u vi iros sola?<br \/>\nAna: \u2013 Ne, mi iros kun mia Esperanto-amiko el Bostono.<br \/>\nMark: \u2013 Kaj post la somero vi studos, \u0109u?<br \/>\nAna: \u2013 Jes, tio estas mia plano, sed mi tute ne scias kion studi\u2026<\/p>\n<p><a href=\"https:\/\/reto.cn\/php\/hanyu\/parola_lingvo\/ana_pana\/\">Reveni al Ana Pana<\/a><\/p>\n<p><a href=\"https:\/\/reto.cn\/php\/hanyu\/parola_lingvo\/ana_pana\/\">\u8fd4\u56de Ana Pana<\/a><\/p>\n","protected":false},"excerpt":{"rendered":"<p>\ufeff\ufeff\ufeff\ufeff Ana: \u2013 Mark, kion vi faros post la meza lernejo? M\u2026 <span class=\"read-more\"><a href=\"https:\/\/reto.cn\/php\/hanyu\/parola_lingvo\/ana_pana\/leciono_13\/\">\u7ee7\u7eed\u9605\u8bfb Legi pli &raquo;<\/a><\/span><\/p>\n","protected":false},"author":1,"featured_media":0,"parent":17005,"menu_order":0,"comment_status":"open","ping_status":"closed","template":"","meta":{"footnotes":""},"_links":{"self":[{"href":"https:\/\/reto.cn\/php\/hanyu\/wp-json\/wp\/v2\/pages\/17062"}],"collection":[{"href":"https:\/\/reto.cn\/php\/hanyu\/wp-json\/wp\/v2\/pages"}],"about":[{"href":"https:\/\/reto.cn\/php\/hanyu\/wp-json\/wp\/v2\/types\/page"}],"author":[{"embeddable":true,"href":"https:\/\/reto.cn\/php\/hanyu\/wp-json\/wp\/v2\/users\/1"}],"replies":[{"embeddable":true,"href":"https:\/\/reto.cn\/php\/hanyu\/wp-json\/wp\/v2\/comments?post=17062"}],"version-history":[{"count":0,"href":"https:\/\/reto.cn\/php\/hanyu\/wp-json\/wp\/v2\/pages\/17062\/revisions"}],"up":[{"embeddable":true,"href":"https:\/\/reto.cn\/php\/hanyu\/wp-json\/wp\/v2\/pages\/17005"}],"wp:attachment":[{"href":"https:\/\/reto.cn\/php\/hanyu\/wp-json\/wp\/v2\/media?parent=17062"}],"curies":[{"name":"wp","href":"https:\/\/api.w.org\/{rel}","templated":true}]}}