{"id":17063,"date":"2024-10-21T23:58:58","date_gmt":"2024-10-21T15:58:58","guid":{"rendered":"https:\/\/reto.cn\/php\/hanyu\/parola_lingvo\/ana_pana\/leciono_10-5\/"},"modified":"2024-10-22T18:50:14","modified_gmt":"2024-10-22T10:50:14","slug":"leciono_14","status":"publish","type":"page","link":"https:\/\/reto.cn\/php\/hanyu\/parola_lingvo\/ana_pana\/leciono_14\/","title":{"rendered":"Ana Pana &#8211; 14 \u2013 Studoj"},"content":{"rendered":"<p><img decoding=\"async\" loading=\"lazy\" class=\"alignnone \" src=\"https:\/\/reto.cn\/parola_lingvo\/ana_pana\/14.png\" width=\"381\" height=\"282\" \/><\/p>\n<p><audio style=\"width: 8.5cm; height: 0.5cm;\" controls=\"controls\"><span data-mce-type=\"bookmark\" style=\"display: inline-block; width: 0px; overflow: hidden; line-height: 0;\" class=\"mce_SELRES_start\">\ufeff<\/span><span data-mce-type=\"bookmark\" style=\"display: inline-block; width: 0px; overflow: hidden; line-height: 0;\" class=\"mce_SELRES_start\">\ufeff<\/span><source src=\"https:\/\/reto.cn\/parola_lingvo\/ana_pana\/14.mp3\" type=\"audio\/mpeg\" \/><span data-mce-type=\"bookmark\" style=\"display: inline-block; width: 0px; overflow: hidden; line-height: 0;\" class=\"mce_SELRES_end\">\ufeff<\/span><span data-mce-type=\"bookmark\" style=\"display: inline-block; width: 0px; overflow: hidden; line-height: 0;\" class=\"mce_SELRES_end\">\ufeff<\/span><\/audio><\/p>\n<p>Mi nun estas en la lasta jaro, anta\u016d ol mi povos studi \u0109e universitato. Estas iom malfacile scii, kion mi \u015datus studi tie\u2026 E\u0109 malpli facile scii, kio mi \u015datus fari\u011di! \u0108u programisto, \u0109u instruisto, \u0109u \u0135urnalisto, \u0109u flegisto? Eble mi \u015datus fari\u011di kuracisto, se mi sukcesos eniri tiun universitaton. Momente miaj notoj ne estas sufi\u0109e bonaj, sed mi provas studi tre diligente nun. Mi anka\u016d pripensas fari pa\u016dzon en la studoj dum iom da tempo. Estus tre interese povi voja\u011di en fremdaj landoj kaj renkonti novajn kulturojn! Sed tio kostus multe da mono kaj mi ne scias, kiel akiri tiun monon\u2026 Anka\u016d studi en universitato kostas multe da mono \u0109i tie, sed miaj gepatroj pretas pagi por tio. Trovi iun laboron estas tre malfacile, do mi plej ver\u015dajne studos ion post la somero\u2026 Sed kion?<\/p>\n<p><a href=\"https:\/\/reto.cn\/php\/hanyu\/parola_lingvo\/ana_pana\/\">Reveni al Ana Pana<\/a><\/p>\n<p><a href=\"https:\/\/reto.cn\/php\/hanyu\/parola_lingvo\/ana_pana\/\">\u8fd4\u56de Ana Pana<\/a><\/p>\n","protected":false},"excerpt":{"rendered":"<p>\ufeff\ufeff\ufeff\ufeff Mi nun estas en la lasta jaro, anta\u016d ol mi povos s\u2026 <span class=\"read-more\"><a href=\"https:\/\/reto.cn\/php\/hanyu\/parola_lingvo\/ana_pana\/leciono_14\/\">\u7ee7\u7eed\u9605\u8bfb Legi pli &raquo;<\/a><\/span><\/p>\n","protected":false},"author":1,"featured_media":0,"parent":17005,"menu_order":0,"comment_status":"open","ping_status":"closed","template":"","meta":{"footnotes":""},"_links":{"self":[{"href":"https:\/\/reto.cn\/php\/hanyu\/wp-json\/wp\/v2\/pages\/17063"}],"collection":[{"href":"https:\/\/reto.cn\/php\/hanyu\/wp-json\/wp\/v2\/pages"}],"about":[{"href":"https:\/\/reto.cn\/php\/hanyu\/wp-json\/wp\/v2\/types\/page"}],"author":[{"embeddable":true,"href":"https:\/\/reto.cn\/php\/hanyu\/wp-json\/wp\/v2\/users\/1"}],"replies":[{"embeddable":true,"href":"https:\/\/reto.cn\/php\/hanyu\/wp-json\/wp\/v2\/comments?post=17063"}],"version-history":[{"count":0,"href":"https:\/\/reto.cn\/php\/hanyu\/wp-json\/wp\/v2\/pages\/17063\/revisions"}],"up":[{"embeddable":true,"href":"https:\/\/reto.cn\/php\/hanyu\/wp-json\/wp\/v2\/pages\/17005"}],"wp:attachment":[{"href":"https:\/\/reto.cn\/php\/hanyu\/wp-json\/wp\/v2\/media?parent=17063"}],"curies":[{"name":"wp","href":"https:\/\/api.w.org\/{rel}","templated":true}]}}