{"id":17066,"date":"2024-10-21T23:58:58","date_gmt":"2024-10-21T15:58:58","guid":{"rendered":"https:\/\/reto.cn\/php\/hanyu\/parola_lingvo\/ana_pana\/leciono_10-6-3\/"},"modified":"2024-10-22T18:51:48","modified_gmt":"2024-10-22T10:51:48","slug":"leciono_15","status":"publish","type":"page","link":"https:\/\/reto.cn\/php\/hanyu\/parola_lingvo\/ana_pana\/leciono_15\/","title":{"rendered":"Ana Pana &#8211; 15 \u2013 Malsataj"},"content":{"rendered":"<p><img decoding=\"async\" class=\"alignnone size-medium\" src=\"https:\/\/reto.cn\/parola_lingvo\/ana_pana\/15.png\" \/><\/p>\n<p><audio style=\"width: 8.5cm; height: 0.5cm;\" controls=\"controls\"><span data-mce-type=\"bookmark\" style=\"display: inline-block; width: 0px; overflow: hidden; line-height: 0;\" class=\"mce_SELRES_start\">\ufeff<\/span><span data-mce-type=\"bookmark\" style=\"display: inline-block; width: 0px; overflow: hidden; line-height: 0;\" class=\"mce_SELRES_start\">\ufeff<\/span><source src=\"https:\/\/reto.cn\/parola_lingvo\/ana_pana\/15.mp3\" type=\"audio\/mpeg\" \/><span data-mce-type=\"bookmark\" style=\"display: inline-block; width: 0px; overflow: hidden; line-height: 0;\" class=\"mce_SELRES_end\">\ufeff<\/span><span data-mce-type=\"bookmark\" style=\"display: inline-block; width: 0px; overflow: hidden; line-height: 0;\" class=\"mce_SELRES_end\">\ufeff<\/span><\/audio><\/p>\n<p>Ana: \u2013 \u0108u vi estas malsata?<br \/>\nMark: \u2013 Jes, iom. Sed mi estas \u0109efe soifa.<br \/>\nAna: \u2013 \u0108u ni iru al picejo?<br \/>\nMark: \u2013 Mi preferus kafejon.<br \/>\nAna: \u2013 Sed mi estas tre picema.<br \/>\nMark: \u2013 Bone, ni iru al picejo. Anka\u016d tie ja eblas trinki kafon.<br \/>\nAna: \u2013 \u011custe.<br \/>\n\u2026<br \/>\nMark: \u2013 Odoras tre bone en tiu \u0109i picejo.<br \/>\nAna: \u2013 Mi konsentas. \u0108i tie la picoj estas kaj bongustegaj<br \/>\nkaj malmultekostaj.<br \/>\nMark: \u2013 Sonas ege bone.<br \/>\nAna: \u2013 \u0108u anka\u016d vi malsatas nun?<br \/>\nMark: \u2013 Jes, fakte. Anka\u016d mi mendos picon.<br \/>\nAna: \u2013 Mi pensas, ke mi volas la picon kun kvar froma\u011doj \u0109i-foje.<br \/>\nMark: \u2013 Kiel kutime. Vi \u0109iam mendas \u011din.<br \/>\nAna: \u2013 Ne \u0109iam. Iufoje mi preferas pli simplan picon.<br \/>\nMark: \u2013 Bone, sed preska\u016d \u0109iam.<br \/>\nAna: \u2013 Kaj vi preska\u016d \u0109iam man\u011das picon Havajo, kiam vi havas \u015dancon.<br \/>\nMark: \u2013 Jes, \u0109ar \u011di estas la plej bongusta!<br \/>\nAna: \u2013 Nu, \u0109iuj havas sian guston.<\/p>\n<p><a href=\"https:\/\/reto.cn\/php\/hanyu\/parola_lingvo\/ana_pana\/\">Reveni al Ana Pana<\/a><\/p>\n<p><a href=\"https:\/\/reto.cn\/php\/hanyu\/parola_lingvo\/ana_pana\/\">\u8fd4\u56de Ana Pana<\/a><\/p>\n","protected":false},"excerpt":{"rendered":"<p>\ufeff\ufeff\ufeff\ufeff Ana: \u2013 \u0108u vi estas malsata? Mark: \u2013 Jes, iom. Sed \u2026 <span class=\"read-more\"><a href=\"https:\/\/reto.cn\/php\/hanyu\/parola_lingvo\/ana_pana\/leciono_15\/\">\u7ee7\u7eed\u9605\u8bfb Legi pli &raquo;<\/a><\/span><\/p>\n","protected":false},"author":1,"featured_media":0,"parent":17005,"menu_order":0,"comment_status":"open","ping_status":"closed","template":"","meta":{"footnotes":""},"_links":{"self":[{"href":"https:\/\/reto.cn\/php\/hanyu\/wp-json\/wp\/v2\/pages\/17066"}],"collection":[{"href":"https:\/\/reto.cn\/php\/hanyu\/wp-json\/wp\/v2\/pages"}],"about":[{"href":"https:\/\/reto.cn\/php\/hanyu\/wp-json\/wp\/v2\/types\/page"}],"author":[{"embeddable":true,"href":"https:\/\/reto.cn\/php\/hanyu\/wp-json\/wp\/v2\/users\/1"}],"replies":[{"embeddable":true,"href":"https:\/\/reto.cn\/php\/hanyu\/wp-json\/wp\/v2\/comments?post=17066"}],"version-history":[{"count":0,"href":"https:\/\/reto.cn\/php\/hanyu\/wp-json\/wp\/v2\/pages\/17066\/revisions"}],"up":[{"embeddable":true,"href":"https:\/\/reto.cn\/php\/hanyu\/wp-json\/wp\/v2\/pages\/17005"}],"wp:attachment":[{"href":"https:\/\/reto.cn\/php\/hanyu\/wp-json\/wp\/v2\/media?parent=17066"}],"curies":[{"name":"wp","href":"https:\/\/api.w.org\/{rel}","templated":true}]}}