{"id":17067,"date":"2024-10-21T23:58:58","date_gmt":"2024-10-21T15:58:58","guid":{"rendered":"https:\/\/reto.cn\/php\/hanyu\/parola_lingvo\/ana_pana\/leciono_10-6-4\/"},"modified":"2024-10-22T18:59:24","modified_gmt":"2024-10-22T10:59:24","slug":"leciono_18","status":"publish","type":"page","link":"https:\/\/reto.cn\/php\/hanyu\/parola_lingvo\/ana_pana\/leciono_18\/","title":{"rendered":"Ana Pana &#8211; 18 \u2013 Longa voja\u011do"},"content":{"rendered":"<p><img decoding=\"async\" loading=\"lazy\" class=\"alignnone \" src=\"https:\/\/reto.cn\/parola_lingvo\/ana_pana\/18.png\" width=\"354\" height=\"268\" \/><\/p>\n<p><audio style=\"width: 8.5cm; height: 0.5cm;\" controls=\"controls\"><span data-mce-type=\"bookmark\" style=\"display: inline-block; width: 0px; overflow: hidden; line-height: 0;\" class=\"mce_SELRES_start\">\ufeff<\/span><span data-mce-type=\"bookmark\" style=\"display: inline-block; width: 0px; overflow: hidden; line-height: 0;\" class=\"mce_SELRES_start\">\ufeff<\/span><source src=\"https:\/\/reto.cn\/parola_lingvo\/ana_pana\/18.mp3\" type=\"audio\/mpeg\" \/><span data-mce-type=\"bookmark\" style=\"display: inline-block; width: 0px; overflow: hidden; line-height: 0;\" class=\"mce_SELRES_end\">\ufeff<\/span><span data-mce-type=\"bookmark\" style=\"display: inline-block; width: 0px; overflow: hidden; line-height: 0;\" class=\"mce_SELRES_end\">\ufeff<\/span><\/audio><\/p>\n<p>Anta\u016d iom da tempo mi faris longan kaj interesan voja\u011don kun amiko. Ni ekveturis de \u0109i tie per trajno al la flughaveno. Poste ni flugis dum dek kvar (14) horoj! Kiam ni alvenis ni estis lacaj sed tre gajaj. Ni devis stari en longa vico por montri la pasporton kaj vizon. La kontrolado pasis senprobleme. Finfine en Pekino, la \u0109efurbo de \u0108inio \u2013 kia mirinda urbego! Ial nia \u0109ina amikino ne estis en la flughaveno por renkonti nin. \u201cKion fari nun?\u201d ni pensis. Multaj viroj kriis \u201cTaksio, taksio?!\u201d \u0108ar ni ne vidis iujn busojn, ni decidis preni taksion. Ni montris adreson al unu taksi\u015doforo kaj li afable helpis pri la paka\u0135o. Beda\u016drinde ni ne komprenis, kion li diris, kaj li ne komprenis nin\u2026 Post preska\u016d unu horo en la taksio ni alvenis, kaj nia amikino salutis nin kun granda rideto. Montri\u011dis, ke \u015di ne povis veni al la flughaveno, \u0109ar \u015dia frateto estis iom malsana kaj \u015diaj gepatroj laboris. Ho, mi havis vere bonan tempon en Pekino kun miaj geamikoj!<\/p>\n<p><a href=\"https:\/\/reto.cn\/php\/hanyu\/parola_lingvo\/ana_pana\/\">Reveni al Ana Pana<\/a><\/p>\n<p><a href=\"https:\/\/reto.cn\/php\/hanyu\/parola_lingvo\/ana_pana\/\">\u8fd4\u56de Ana Pana<\/a><\/p>\n","protected":false},"excerpt":{"rendered":"<p>\ufeff\ufeff\ufeff\ufeff Anta\u016d iom da tempo mi faris longan kaj interesan v\u2026 <span class=\"read-more\"><a href=\"https:\/\/reto.cn\/php\/hanyu\/parola_lingvo\/ana_pana\/leciono_18\/\">\u7ee7\u7eed\u9605\u8bfb Legi pli &raquo;<\/a><\/span><\/p>\n","protected":false},"author":1,"featured_media":0,"parent":17005,"menu_order":0,"comment_status":"open","ping_status":"closed","template":"","meta":{"footnotes":""},"_links":{"self":[{"href":"https:\/\/reto.cn\/php\/hanyu\/wp-json\/wp\/v2\/pages\/17067"}],"collection":[{"href":"https:\/\/reto.cn\/php\/hanyu\/wp-json\/wp\/v2\/pages"}],"about":[{"href":"https:\/\/reto.cn\/php\/hanyu\/wp-json\/wp\/v2\/types\/page"}],"author":[{"embeddable":true,"href":"https:\/\/reto.cn\/php\/hanyu\/wp-json\/wp\/v2\/users\/1"}],"replies":[{"embeddable":true,"href":"https:\/\/reto.cn\/php\/hanyu\/wp-json\/wp\/v2\/comments?post=17067"}],"version-history":[{"count":0,"href":"https:\/\/reto.cn\/php\/hanyu\/wp-json\/wp\/v2\/pages\/17067\/revisions"}],"up":[{"embeddable":true,"href":"https:\/\/reto.cn\/php\/hanyu\/wp-json\/wp\/v2\/pages\/17005"}],"wp:attachment":[{"href":"https:\/\/reto.cn\/php\/hanyu\/wp-json\/wp\/v2\/media?parent=17067"}],"curies":[{"name":"wp","href":"https:\/\/api.w.org\/{rel}","templated":true}]}}