{"id":17087,"date":"2024-10-21T23:58:58","date_gmt":"2024-10-21T15:58:58","guid":{"rendered":"https:\/\/reto.cn\/php\/hanyu\/parola_lingvo\/ana_pana\/leciono_18-2\/"},"modified":"2024-10-22T19:07:42","modified_gmt":"2024-10-22T11:07:42","slug":"leciono_21","status":"publish","type":"page","link":"https:\/\/reto.cn\/php\/hanyu\/parola_lingvo\/ana_pana\/leciono_21\/","title":{"rendered":"Ana Pana &#8211; 21 \u2013 \u0108u anka\u016d vi?"},"content":{"rendered":"<p><img decoding=\"async\" class=\"alignnone \" src=\"https:\/\/reto.cn\/parola_lingvo\/ana_pana\/21.png\" \/><\/p>\n<p><audio style=\"width: 8.5cm; height: 0.5cm;\" controls=\"controls\"><span data-mce-type=\"bookmark\" style=\"display: inline-block; width: 0px; overflow: hidden; line-height: 0;\" class=\"mce_SELRES_start\">\ufeff<\/span><span data-mce-type=\"bookmark\" style=\"display: inline-block; width: 0px; overflow: hidden; line-height: 0;\" class=\"mce_SELRES_start\">\ufeff<\/span><span data-mce-type=\"bookmark\" style=\"display: inline-block; width: 0px; overflow: hidden; line-height: 0;\" class=\"mce_SELRES_start\">\ufeff<\/span><source src=\"https:\/\/reto.cn\/parola_lingvo\/ana_pana\/21.mp3\" type=\"audio\/mpeg\" \/><span data-mce-type=\"bookmark\" style=\"display: inline-block; width: 0px; overflow: hidden; line-height: 0;\" class=\"mce_SELRES_end\">\ufeff<\/span><span data-mce-type=\"bookmark\" style=\"display: inline-block; width: 0px; overflow: hidden; line-height: 0;\" class=\"mce_SELRES_end\">\ufeff<\/span><span data-mce-type=\"bookmark\" style=\"display: inline-block; width: 0px; overflow: hidden; line-height: 0;\" class=\"mce_SELRES_end\">\ufeff<\/span><\/audio><\/p>\n<p>Ana: \u2013 \u0108u anka\u016d vi \u015datus lerni Esperanton?<br \/>\nMark: \u2013 Mi ne scias. Mi jam scipovas paroli en tri lingvoj.<br \/>\nAna: \u2013 \u0108u vi ne \u015datus scipovi paroli en kvar lingvoj?<br \/>\nMark: \u2013 Jes, sed mi ne havas multe da tempo nun.<br \/>\nAna: \u2013 Tempo por kio?<br \/>\nMark: \u2013 Por lerni novan lingvon. Oni ja bezonas multe da<br \/>\ntempo por lerni novan lingvon.<br \/>\nAna: \u2013 Prave, sed la bazon de Esperanto vi povus sufi\u0109e<br \/>\nrapide lerni.<br \/>\nMark: \u2013 \u0108u?<br \/>\nAna: \u2013 Jes, dank\u2019 al la strukturo de Esperanto eblas relative<br \/>\nrapide eniri tiun lingvon.<br \/>\nMark: \u2013 Tion mi ne sciis. Sed kiel poste uzi la lingvon?<br \/>\nAna: \u2013 Unue per Interreto. Facile vi trovos<br \/>\nleter-amikojn el diversaj landoj.<br \/>\nMark: \u2013 Tio eblas anka\u016d per ekzemple la angla.<br \/>\nAna: \u2013 Jes, certe, sed estas pli amuze per Esperanto, la\u016d mi.<br \/>\nMark: \u2013 Pli amuze, \u0109u?<br \/>\nAna: \u2013 \u011custe kaj anka\u016d pli juste.<br \/>\nMark: \u2013 Kion vi celas?<br \/>\nAna: \u2013 Ke \u0109iuj havas similan \u015dancon lerni la lingvon, sendepende de gepatraj lingvoj.<br \/>\nMark: \u2013 Mi komprenas. Tiel neniu popolo havas grandan avanta\u011don super aliaj popoloj.<br \/>\nAna: \u2013 Do, kion vi pensas?<br \/>\nMark: \u2013 Bone, mi provos.<br \/>\nAna: \u2013 Bonege! Poste ni povus kune voja\u011di en multaj landoj kaj ekkoni novan mondon\u2026<br \/>\nMark: \u2013 Sonas bone. Sed mi havas unu kondi\u0109on.<br \/>\nAna: \u2013 Kiun?<br \/>\nMark: \u2013 Ke vi estos mia privata Esperanto-instruisto.<br \/>\nAna: \u2013 Volonte! Mia plezuro!<br \/>\nMark: \u2013 Dankon!<\/p>\n<p><a href=\"https:\/\/reto.cn\/php\/hanyu\/parola_lingvo\/ana_pana\/\">Reveni al Ana Pana<\/a><\/p>\n<p><a href=\"https:\/\/reto.cn\/php\/hanyu\/parola_lingvo\/ana_pana\/\">\u8fd4\u56de Ana Pana<\/a><\/p>\n","protected":false},"excerpt":{"rendered":"<p>\ufeff\ufeff\ufeff\ufeff\ufeff\ufeff Ana: \u2013 \u0108u anka\u016d vi \u015datus lerni Esperanton? Mark:\u2026 <span class=\"read-more\"><a href=\"https:\/\/reto.cn\/php\/hanyu\/parola_lingvo\/ana_pana\/leciono_21\/\">\u7ee7\u7eed\u9605\u8bfb Legi pli &raquo;<\/a><\/span><\/p>\n","protected":false},"author":1,"featured_media":0,"parent":17005,"menu_order":0,"comment_status":"open","ping_status":"closed","template":"","meta":{"footnotes":""},"_links":{"self":[{"href":"https:\/\/reto.cn\/php\/hanyu\/wp-json\/wp\/v2\/pages\/17087"}],"collection":[{"href":"https:\/\/reto.cn\/php\/hanyu\/wp-json\/wp\/v2\/pages"}],"about":[{"href":"https:\/\/reto.cn\/php\/hanyu\/wp-json\/wp\/v2\/types\/page"}],"author":[{"embeddable":true,"href":"https:\/\/reto.cn\/php\/hanyu\/wp-json\/wp\/v2\/users\/1"}],"replies":[{"embeddable":true,"href":"https:\/\/reto.cn\/php\/hanyu\/wp-json\/wp\/v2\/comments?post=17087"}],"version-history":[{"count":0,"href":"https:\/\/reto.cn\/php\/hanyu\/wp-json\/wp\/v2\/pages\/17087\/revisions"}],"up":[{"embeddable":true,"href":"https:\/\/reto.cn\/php\/hanyu\/wp-json\/wp\/v2\/pages\/17005"}],"wp:attachment":[{"href":"https:\/\/reto.cn\/php\/hanyu\/wp-json\/wp\/v2\/media?parent=17087"}],"curies":[{"name":"wp","href":"https:\/\/api.w.org\/{rel}","templated":true}]}}