{"id":19646,"date":"2025-12-29T18:11:18","date_gmt":"2025-12-29T10:11:18","guid":{"rendered":"https:\/\/reto.cn\/php\/hanyu\/?page_id=19646"},"modified":"2025-12-29T18:18:46","modified_gmt":"2025-12-29T10:18:46","slug":"wengeyunie","status":"publish","type":"page","link":"https:\/\/reto.cn\/php\/hanyu\/esperantologio\/wengeyunie\/","title":{"rendered":"\u201c\u6587\u9769\u4f59\u5b7d\u201d\u7528\u4e16\u754c\u8bed\u600e\u4e48\u8bf4\uff1f"},"content":{"rendered":"<p>\u5728\u5fae\u4fe1\u7fa4\u8ba8\u8bba\u201c\u6587\u9769\u4f59\u5b7d\u201d\u7528\u4e16\u754c\u8bed\u600e\u4e48\u8bf4\u3002\u56e0\u4e3a\u61d2\u5f97\u7ffb\u5b57\u5178\uff0c\u5c31\u968f\u624b\u95ee DeepSeek\uff0c\u6ca1\u60f3\u5230\u5b83\u4e0d\u6562\u56de\u7b54\uff1a\u201c\u5bf9\u4e0d\u8d77\uff0c\u6211\u8fd8\u6ca1\u6709\u5b66\u4f1a\u56de\u7b54\u8fd9\u4e2a\u95ee\u9898\u3002\u5982\u679c\u4f60\u6709\u5176\u4ed6\u95ee\u9898\uff0c\u6211\u975e\u5e38\u4e50\u610f\u4e3a\u4f60\u63d0\u4f9b\u5e2e\u52a9\u3002\u201d<\/p>\n<p>\u7ffb\u4e86\u738b\u5d07\u82b3\u5927\u8bcd\u5178\uff0c\u5c01\u5efa\u4f59\u5b7d\u662f fe\u0109o de fe\u016ddismo\u3002\u53c8\u67e5 PIV\uff0cfe\u0109o\u7684\u672c\u4e49\u662f \u015dlimeca substanco, kiu formi\u011das en likvo, precipe alkohola, k malrapide surfundi\u011das\u3002\u5f15\u7533\u4e49\u662fplej malbona malestiminda parto de io\u3002\u89c9\u5f97\u8fd9\u4e2a\u8bcd\u53ef\u7528\u3002<\/p>\n<p>\u60f3\u8ba9 ChatGPT \u9a8c\u8bc1\u4e00\u4e0b\uff0c\u5c31\u95ee\u5b83\u201c\u6587\u9769\u4f59\u5b7d\u201d\u600e\u4e48\u8bf4\u3002\u4e0b\u9762\u662f\u5b83\u7684\u56de\u7b54\u3002<\/p>\n<p>\u201c\u6587\u9769\u4f59\u5b7d\u201d\u5728\u6c49\u8bed\u91cc\u5e26\u6709\u660e\u663e\u7684\u8d2c\u4e49\u548c\u653f\u6cbb\u6307\u63a7\u8272\u5f69\uff0c\u201c\u4f59\u5b7d\u201d\u5f3a\u8c03\u201c\u5e94\u5f53\u88ab\u6e05\u9664\u4f46\u4ecd\u6b8b\u7559\u7684\u4eba\u6216\u52bf\u529b\u201d\u3002\u7ffb\u8bd1\u6210\u4e16\u754c\u8bed\u65f6\uff0c\u901a\u5e38\u9700\u8981\u9760\u540d\u8bcd + \u4fee\u9970\u8bed\u6765\u8868\u8fbe\u8fd9\u79cd\u8bc4\u4ef7\u3002<\/p>\n<p>\u4e0b\u9762\u7ed9\u4f60\u51e0\u79cd\u5e38\u89c1\u3001\u81ea\u7136\u3001\u7a0b\u5ea6\u4e0d\u540c\u7684\u8bd1\u6cd5\uff0c\u4f60\u53ef\u4ee5\u6309\u8bed\u5883\u9009\u62e9\uff1a<\/p>\n<p><strong>1. \u4e2d\u6027\u504f\u8d2c\uff08\u6700\u5e38\u7528\u3001\u6700\u7a33\u59a5\uff09<\/strong><\/p>\n<p>la resta\u0135oj de la Kultura Revolucio\u00a0\u6587\u9769\u7684\u6b8b\u4f59 \/ \u6587\u9769\u4f59\u7559\u52bf\u529b\u3002resta\u0135oj = \u6b8b\u4f59\u3001\u4f59\u7559<\/p>\n<p>\u8fd9\u662f\u6700\u6807\u51c6\u3001\u6700\u5bb9\u6613\u88ab\u7406\u89e3\u7684\u8bf4\u6cd5\uff0c\u8d2c\u4e49\u4e3b\u8981\u6765\u81ea\u8bed\u5883\uff0c\u800c\u4e0d\u662f\u8bcd\u672c\u8eab\u3002\u63a8\u8350\u7528\u6cd5\uff0c\u5c24\u5176\u662f\u4e66\u9762\u8bed\u3001\u8bc4\u8bba\u6027\u6587\u5b57\u3002<\/p>\n<p><strong>2. \u8d2c\u4e49\u7a0d\u5f3a\uff08\u66f4\u8d34\u8fd1\u201c\u4f59\u5b7d\u201d\uff09<\/strong><\/p>\n<p>la postresta\u0135oj de la Kultura Revolucio<\/p>\n<p>postresta\u0135oj* = \u4e8b\u540e\u6b8b\u7559\u7269\u3001\u4f59\u5b7d\uff0c\u6bd4 *resta\u0135oj* \u66f4\u5f3a\u8c03\u201c\u672c\u8be5\u6d88\u5931\u5374\u4ecd\u5b58\u5728\u201d\uff0c\u5e26\u4e00\u5b9a\u6279\u5224\u610f\u5473\uff0c\u4f46\u4ecd\u7136\u662f\u89c4\u8303\u4e16\u754c\u8bed\u3002<\/p>\n<p><strong>3. \u660e\u786e\u5e26\u653f\u6cbb\u6279\u5224\u8272\u5f69<\/strong><\/p>\n<p>la reakciaj resta\u0135oj de la Kultura Revolucio \u6587\u9769\u7684\u53cd\u52a8\u4f59\u5b7d\uff0c\u6216 la malbonaj resta\u0135oj de la Kultura Revolucio\uff0c\u901a\u8fc7\u5f62\u5bb9\u8bcd\u8865\u8db3\u201c\u4f59\u5b7d\u201d\u7684\u4ef7\u503c\u5224\u65ad\u3002\u9002\u5408\u653f\u6cbb\u8bc4\u8bba\u3001\u8bba\u6218\u6027\u8bed\u5883<\/p>\n<p><strong>4. \u5982\u679c\u5f3a\u8c03\u201c\u4eba\u201d\uff08\u800c\u975e\u73b0\u8c61\uff09<\/strong><\/p>\n<p>la homoj restintaj el la Kultura Revolucio\u6587\u9769\u9057\u7559\u4e0b\u6765\u7684\u4eba\u3002\u8bed\u6c14\u76f8\u5bf9\u7f13\u548c\uff0c\u4e0d\u5b8c\u5168\u7b49\u540c\u4e8e\u201c\u4f59\u5b7d\u201d\uff0c\u4f46\u5728\u67d0\u4e9b\u8bed\u5883\u53ef\u7528\u3002<\/p>\n<p><strong>\u603b\u7ed3\u63a8\u8350<\/strong><\/p>\n<p>\u5982\u679c\u4f60\u60f3\u65e2\u51c6\u786e\u53c8\u7b26\u5408\u4e16\u754c\u8bed\u4e60\u60ef\uff1ala resta\u0135oj de la Kultura Revolucio<\/p>\n<p>\u5982\u679c\u4f60\u60f3\u66f4\u63a5\u8fd1\u6c49\u8bed\u201c\u4f59\u5b7d\u201d\u7684\u8d2c\u4e49\uff1ala postresta\u0135oj de la Kultura Revolucio<\/p>\n<p>\u6211\u53c8\u95eeChatGPT\uff1a<strong>\u4f59\u5b7d\uff0c\u7528 fe\u0109o \u53ef\u4ee5\u5417\uff1f<\/strong>\u5b83\u4e0d\u5efa\u8bae\u7528 fe\u0109o\u3002\u8fd9\u662f\u5b83\u7684\u56de\u7b54\uff1a<\/p>\n<p>\u7b80\u77ed\u7ed3\u8bba\uff1a\u53ef\u4ee5\uff0c\u4f46\u8981\u975e\u5e38\u614e\u91cd\u3002<\/p>\n<p><strong>1. fe\u0109o \u7684\u672c\u4e49\u548c\u5f15\u7533\u4e49\uff1a<\/strong>fe\u0109o \u7684\u672c\u4e49\u662f\u6c89\u6e23\u3001\u6e23\u6ed3\uff08\u9152\u6e23\u3001\u6c61\u7269\uff09\uff0c\u5f15\u7533\u4e49\u5728\u4e16\u754c\u8bed\u91cc\u786e\u5b9e\u5b58\u5728\uff1a\u793e\u4f1a\u6e23\u6ed3\u3001\u8d25\u7c7b\u3001\u6700\u5351\u52a3\u7684\u4e00\u7fa4\u4eba\u3002\u4f8b\u5982\uff08\u5728\u5f3a\u70c8\u8d2c\u635f\u8bed\u5883\u4e2d\uff09\uff1ala fe\u0109o de la socio \u793e\u4f1a\u6e23\u6ed3\u3002\u6240\u4ee5\uff0c\u4ece\u8bed\u4e49\u4e0a\u8bf4\uff0c\u7528\u00a0fe\u0109o\u00a0\u6765\u5bf9\u5e94\u6c49\u8bed\u201c\u4f59\u5b7d\u201d\u662f\u8bf4\u5f97\u901a\u7684\u3002<\/p>\n<p><strong>2. \u4f46\u95ee\u9898\u5728\u4e8e\uff1a<\/strong>\u8bed\u6c14\u975e\u5e38\u91cd\uff0c\u548c resta\u0135oj \/ postresta\u0135oj \u76f8\u6bd4\uff0cfe\u0109o\u4e0d\u662f\u201c\u6b8b\u7559\u201d\uff0c\u800c\u662f\u201c\u6c61\u79fd\u3001\u8d25\u7c7b\u201d\uff0c\u662f\u5f3a\u70c8\u7684\u4eba\u8eab\u8d2c\u635f\uff0c\u5e38\u89c1\u4e8e\u6fc0\u70c8\u653f\u6cbb\u653b\u51fb\u3001\u8fb1\u9a82\u3001\u6781\u7aef\u7acb\u573a\u6587\u672c\u3002<\/p>\n<p>\u5982\u679c\u4f60\u8bf4\uff1ala fe\u0109o de la Kultura Revolucio\uff0c\u4e16\u754c\u8bed\u8bfb\u8005\u4f1a\u7406\u89e3\u4e3a\uff1a\u6587\u9769\u4ea7\u751f\u7684\u90a3\u6279\u793e\u4f1a\u6e23\u6ed3 \/ \u6700\u5351\u52a3\u7684\u4eba\u201d\uff0c\u8fd9\u6bd4\u6c49\u8bed\u201c\u6587\u9769\u4f59\u5b7d\u201d\u5728\u5f88\u591a\u8bed\u5883\u4e2d\u8fd8\u8981\u72e0\u3002<\/p>\n<p><strong>3. \u5bf9\u6bd4\u51e0\u79cd\u8bd1\u6cd5\u7684\u529b\u5ea6<\/strong>\uff0c\u4ece\u5f31 \u2192 \u5f3a\u5927\u81f4\u662f\uff1a<\/p>\n<p>\u2460 \u00a0la resta\u0135oj de la Kultura Revolucio \u4e2d\u6027\u504f\u8d2c\uff08\u6700\u5e38\u7528\u3001\u6700\u5b89\u5168\uff09<\/p>\n<p>\u2461 \u00a0la postresta\u0135oj de la Kultura Revolucio \u660e\u663e\u8d2c\u4e49\uff0c\u63a5\u8fd1\u201c\u4f59\u5b7d\u201d<\/p>\n<p>\u2462\u00a0la reakciaj resta\u0135oj \u2026\u660e\u786e\u653f\u6cbb\u6279\u5224<\/p>\n<p>\u2463 la fe\u0109o de la Kultura Revolucio \u5f3a\u70c8\u8fb1\u9a82\u7ea7\u522b\uff08\u201c\u6e23\u6ed3\u201d\uff09<\/p>\n<p><strong>4. \u5b9e\u9645\u5efa\u8bae\uff1a<\/strong>\u8bf4\u660e\u6027\u3001\u8bc4\u8bba\u6027\u3001\u5b66\u672f\u6027\u6587\u672c\u4e0d\u5efa\u8bae\u7528 fe\u0109o\u3002\u60c5\u7eea\u5316\u8bc4\u8bba\u3001\u8bba\u6218\u3001\u5f15\u8bed\u3001\u7acb\u573a\u6781\u7aef\u7684\u6587\u7ae0\u53ef\u4ee5\u7528 fe\u0109o\u3002\u7ffb\u8bd1\u65f6\u60f3\u4fdd\u6301\u201c\u6c49\u8bed\u90a3\u79cd\u653f\u6cbb\u8d2c\u635f\u4f46\u4e0d\u5b8c\u5168\u9a82\u4eba\uff0cpostresta\u0135oj \u6bd4 fe\u0109o \u66f4\u5408\u9002<\/p>\n<p><strong>\u603b\u7ed3<\/strong><\/p>\n<p>fe\u0109o \u53ef\u4ee5\u8bd1\u201c\u4f59\u5b7d\u201d\uff0c\u4f46\u8bed\u6c14\u6781\u91cd\uff0c\u76f8\u5f53\u4e8e\u201c\u6e23\u6ed3\u201d\uff0c\u53ea\u9002\u5408\u5f3a\u70c8\u653b\u51fb\u6027\u8bed\u5883\u3002<\/p>\n<p><a href=\"https:\/\/reto.cn\/php\/hanyu\/esperantologio\">reveni al rubriko Esperantologio<br \/>\n\u8fd4\u56de\u4e16\u754c\u8bed\u7814\u7a76\u680f\u76ee\u76ee\u5f55<\/a><\/p>\n","protected":false},"excerpt":{"rendered":"<p>\u5728\u5fae\u4fe1\u7fa4\u8ba8\u8bba\u201c\u6587\u9769\u4f59\u5b7d\u201d\u7528\u4e16\u754c\u8bed\u600e\u4e48\u8bf4\u3002\u56e0\u4e3a\u61d2\u5f97\u7ffb\u5b57\u5178\uff0c\u5c31\u968f\u624b\u95ee DeepSeek\uff0c\u6ca1\u60f3\u5230\u5b83\u4e0d\u6562\u56de\u7b54\uff1a\u201c\u5bf9\u4e0d\u8d77\u2026 <span class=\"read-more\"><a href=\"https:\/\/reto.cn\/php\/hanyu\/esperantologio\/wengeyunie\/\">\u7ee7\u7eed\u9605\u8bfb Legi pli &raquo;<\/a><\/span><\/p>\n","protected":false},"author":1,"featured_media":0,"parent":3204,"menu_order":0,"comment_status":"open","ping_status":"closed","template":"","meta":{"footnotes":""},"_links":{"self":[{"href":"https:\/\/reto.cn\/php\/hanyu\/wp-json\/wp\/v2\/pages\/19646"}],"collection":[{"href":"https:\/\/reto.cn\/php\/hanyu\/wp-json\/wp\/v2\/pages"}],"about":[{"href":"https:\/\/reto.cn\/php\/hanyu\/wp-json\/wp\/v2\/types\/page"}],"author":[{"embeddable":true,"href":"https:\/\/reto.cn\/php\/hanyu\/wp-json\/wp\/v2\/users\/1"}],"replies":[{"embeddable":true,"href":"https:\/\/reto.cn\/php\/hanyu\/wp-json\/wp\/v2\/comments?post=19646"}],"version-history":[{"count":0,"href":"https:\/\/reto.cn\/php\/hanyu\/wp-json\/wp\/v2\/pages\/19646\/revisions"}],"up":[{"embeddable":true,"href":"https:\/\/reto.cn\/php\/hanyu\/wp-json\/wp\/v2\/pages\/3204"}],"wp:attachment":[{"href":"https:\/\/reto.cn\/php\/hanyu\/wp-json\/wp\/v2\/media?parent=19646"}],"curies":[{"name":"wp","href":"https:\/\/api.w.org\/{rel}","templated":true}]}}