{"id":19949,"date":"2026-03-24T13:04:51","date_gmt":"2026-03-24T05:04:51","guid":{"rendered":"https:\/\/reto.cn\/php\/hanyu\/?page_id=19949"},"modified":"2026-03-24T23:31:40","modified_gmt":"2026-03-24T15:31:40","slug":"kulture-fremda-enmigrado-sangas-germanion","status":"publish","type":"page","link":"https:\/\/reto.cn\/php\/hanyu\/rigardi-la-mondon-per-esperanto\/kulture-fremda-enmigrado-sangas-germanion\/","title":{"rendered":"Kulture fremda enmigrado \u015dan\u011das Germanion<br>\u5916\u6765\u79fb\u6c11\u6587\u5316\u6539\u53d8\u5fb7\u56fd"},"content":{"rendered":"<p><span style=\"font-size: 10pt;\">Ji\u0159\u00ed Pro\u0161kovec<\/span><br \/>\n<span style=\"font-size: 10pt;\">korespondanto de Monato en Germanio<\/span><\/p>\n<p><span style=\"font-size: 10pt;\">Ji\u0159\u00ed Pro\u0161kovec<\/span><br \/>\n<span style=\"font-size: 10pt;\">\u300aMonato\u300b\u5fb7\u56fd\u901a\u8baf\u5458<\/span><\/p>\n<p><img decoding=\"async\" loading=\"lazy\" class=\"alignnone size-medium\" src=\"https:\/\/reto.cn\/rigardi-la-mondon\/bildoj\/germanio.jpg\" width=\"789\" height=\"160\" \/><\/p>\n<blockquote><p>Imagu, ke homoj el liberalaj okcidentaj landoj amase enmigradas en Saudan Arabion kaj vivas tie, kiel ili kutimas. Gejunuloj okazigos festojn kun alkoholumado, drogumado kaj seksumado, virinoj banos kaj sunumos sin sen mamzonoj, gejoj okazigos frivolajn fiermar\u015dojn sur stratoj de Rijado. \u0108iu certe povas (a\u016d ne povas) imagi, kio okazos. Eblas nur teoria pripenso kompreneble, \u0109ar saud-arabaj regantoj tian enmigradon neniam permesus. Sed en Germanio \u011duste tio \u2013 inverse \u2013 okazas.<br \/>\n\u8bd5\u60f3\uff0c\u6765\u81ea\u897f\u65b9\u81ea\u7531\u4e3b\u4e49\u56fd\u5bb6\u7684\u4eba\u4eec\u5927\u91cf\u79fb\u6c11\u5230\u6c99\u7279\u963f\u62c9\u4f2f\uff0c\u5e76\u6309\u7167\u4ed6\u4eec\u539f\u672c\u7684\u751f\u6d3b\u65b9\u5f0f\u751f\u6d3b\uff1a\u5e74\u8f7b\u4eba\u4e3e\u529e\u7eb5\u9152\u3001\u5438\u6bd2\u548c\u6027\u4ea4\u7684\u6d3e\u5bf9\uff0c\u5973\u6027\u4e0d\u6234\u80f8\u7f69\u8fdb\u884c\u6c90\u6d74\u548c\u65e5\u5149\u6d74\uff0c\u540c\u6027\u604b\u8005\u5728\u5229\u96c5\u5f97\u8857\u5934\u9a84\u50b2\u5730\u4e3e\u529e\u8f7b\u6d6e\u7684\u6e38\u884c\u3002\u4efb\u4f55\u4eba\u90fd\u53ef\u4ee5\uff08\u6216\u65e0\u6cd5\uff09\u60f3\u8c61\u4f1a\u53d1\u751f\u4ec0\u4e48\u3002\u5f53\u7136\uff0c\u8fd9\u53ea\u662f\u7406\u8bba\u4e0a\u7684\u8bbe\u60f3\uff0c\u56e0\u4e3a\u6c99\u7279\u7edf\u6cbb\u8005\u7edd\u4e0d\u4f1a\u5141\u8bb8\u8fd9\u6837\u7684\u79fb\u6c11\u3002\u4f46\u5728\u5fb7\u56fd\uff0c\u6070\u6070\u53d1\u751f\u4e86\u7c7b\u4f3c\u7684\u4e8b\u60c5\u2014\u2014\u53ea\u662f\u65b9\u5411\u76f8\u53cd\u3002<\/p><\/blockquote>\n<p>Sociologoj diras, ke enmigrintoj pliri\u0109igas socion, se la amplekso de enmigrado restas limigita. Pli granda kulture fremda enmigrado ka\u016dzas sociajn problemojn, \u0109ar enmigrintoj tiam formas paralelajn sociojn, kiuj altiras pliajn migrantojn. \u015ctatoj kun multaj enmigrintoj fari\u011das anka\u016d malpli socialaj, \u0109ar enmigrintoj pro diversaj kialoj misproporcie profitas de socialaj helpoj.<\/p>\n<p>\u793e\u4f1a\u5b66\u5bb6\u8ba4\u4e3a\uff0c\u5982\u679c\u79fb\u6c11\u89c4\u6a21\u4fdd\u6301\u5728\u6709\u9650\u8303\u56f4\u5185\uff0c\u79fb\u6c11\u80fd\u4f7f\u793e\u4f1a\u66f4\u52a0\u4e30\u5bcc\u3002\u66f4\u5927\u89c4\u6a21\u7684\u6587\u5316\u76f8\u5f02\u79fb\u6c11\u5219\u4f1a\u5bfc\u81f4\u793e\u4f1a\u95ee\u9898\uff0c\u56e0\u4e3a\u79fb\u6c11\u4f1a\u5f62\u6210\u5e73\u884c\u793e\u4f1a\uff0c\u8fdb\u800c\u5438\u5f15\u66f4\u591a\u79fb\u6c11\u3002\u62e5\u6709\u5927\u91cf\u79fb\u6c11\u7684\u56fd\u5bb6\uff0c\u5176\u793e\u4f1a\u798f\u5229\u6027\u4e5f\u4f1a\u964d\u4f4e\uff0c\u56e0\u4e3a\u79fb\u6c11\u7531\u4e8e\u5404\u79cd\u539f\u56e0\uff0c\u4f1a\u4e0d\u6210\u6bd4\u4f8b\u5730\u4eab\u53d7\u66f4\u591a\u793e\u4f1a\u798f\u5229\u3002<\/p>\n<p><strong>Postmateriisma socio<\/strong><\/p>\n<p>Germanio (almena\u016d \u011dia okcidenta parto) estas socio, kiun sociologoj nomas postmateriisma. Kiam iu socio atingas certan bonfarton, tiam unuopaj homoj a\u016d tutaj sociaj grupoj ne plu strebas al plia materia ri\u0109eco, sed komencas doni pli grandan gravecon al aliaj valoroj, kiel medioprotektado, homaj rajtoj, internacia solidareco. Oni taksas, ke \u011dis 40 % de la germanoj estas postmateriistoj. Hodia\u016d oni ilin trovas en \u0109iuj politikaj partioj, sed plej fervoraj advokatoj de postmateriismaj ideologioj trovi\u011das \u0109e \u201eVerduloj\u201d, sed anka\u016d en \u201eMaldekstra Partio\u201d kaj en parto de \u201eSocialdemokratoj\u201d. Tial ne surprizas, ke Verduloj kaj iliaj balotantoj havas la plej grandan avera\u011dan enspezon kompare kun aliaj partioj, kaj ke germanaj laboristoj plejparte ne plu balotas por Socialdemokratoj, kiel ili faris dum jardekoj, sed por popolisma Af D 1 . La postmateriisma ideologio havisMODERNA VIVO novembro 2025 17 gravegan efikon en la germana enmigrada politiko.<\/p>\n<p><strong>\u540e\u7269\u8d28\u4e3b\u4e49\u793e\u4f1a<\/strong><\/p>\n<p>\u5fb7\u56fd\uff08\u81f3\u5c11\u5176\u897f\u90e8\u5730\u533a\uff09\u88ab\u793e\u4f1a\u5b66\u5bb6\u79f0\u4e3a\u540e\u7269\u8d28\u4e3b\u4e49\u793e\u4f1a\u3002\u5f53\u4e00\u4e2a\u793e\u4f1a\u8fbe\u5230\u4e00\u5b9a\u7684\u5bcc\u88d5\u7a0b\u5ea6\u540e\uff0c\u4e2a\u4eba\u6216\u6574\u4e2a\u793e\u4f1a\u7fa4\u4f53\u4e0d\u518d\u8ffd\u6c42\u66f4\u591a\u7684\u7269\u8d28\u8d22\u5bcc\uff0c\u800c\u662f\u5f00\u59cb\u8d4b\u4e88\u5176\u4ed6\u4ef7\u503c\u89c2\u66f4\u5927\u7684\u91cd\u8981\u6027\uff0c\u5982\u73af\u5883\u4fdd\u62a4\u3001\u4eba\u6743\u3001\u56fd\u9645\u56e2\u7ed3\u3002\u636e\u4f30\u8ba1\uff0c\u9ad8\u8fbe40%\u7684\u5fb7\u56fd\u4eba\u5c5e\u4e8e\u540e\u7269\u8d28\u4e3b\u4e49\u8005\u3002\u5982\u4eca\uff0c\u4ed6\u4eec\u5b58\u5728\u4e8e\u6240\u6709\u653f\u515a\u4e2d\uff0c\u4f46\u6700\u70ed\u8877\u4e8e\u540e\u7269\u8d28\u4e3b\u4e49\u610f\u8bc6\u5f62\u6001\u7684\u4e3b\u8981\u5728\u201c\u7eff\u515a\u201d\uff0c\u4ee5\u53ca\u201c\u5de6\u7ffc\u515a\u201d\u548c\u90e8\u5206\u201c\u793e\u4f1a\u6c11\u4e3b\u515a\u201d\u4e2d\u3002\u56e0\u6b64\uff0c\u7eff\u515a\u53ca\u5176\u9009\u6c11\u7684\u5e73\u5747\u6536\u5165\u4e0e\u5176\u4ed6\u653f\u515a\u76f8\u6bd4\u6700\u9ad8\uff0c\u800c\u5fb7\u56fd\u5de5\u4eba\u5927\u591a\u4e0d\u518d\u50cf\u51e0\u5341\u5e74\u6765\u90a3\u6837\u6295\u7968\u7ed9\u793e\u6c11\u515a\uff0c\u800c\u662f\u6295\u7ed9\u6c11\u7cb9\u4e3b\u4e49\u7684\u5fb7\u56fd\u9009\u62e9\u515a\uff0c\u4e5f\u5c31\u4e0d\u8db3\u4e3a\u5947\u4e86\u3002\u540e\u7269\u8d28\u4e3b\u4e49\u610f\u8bc6\u5f62\u6001\u5bf9\u5fb7\u56fd\u7684\u79fb\u6c11\u653f\u7b56\u4ea7\u751f\u4e86\u91cd\u5927\u7684\u5f71\u54cd\u3002<\/p>\n<p><strong>Angela Merkel \u2013 la patrino de \u0109iuj problemoj<\/strong><\/p>\n<p>La rifu\u011dpolitiko de Angela Merkel estis tre naiva. \u015cia decido donadi al \u0109iu enmigranto el Sirio protekton en Germanio signifis, ke venis kontra\u016duloj de Asad kaj anka\u016d liaj subtenantoj, venis homoj el la disbombita Aleppo same kiel el la paca Damasko, venis viktimoj de \u201eIslama \u015ctato\u201d kaj anka\u016d \u011diaj membroj, venis honestaj homoj kaj anka\u016d krimuloj kaj teroristoj. Plie, Merkel per memfotoj kun enmigrintoj kaj per la proklamata \u201ekulturo de bonvenigado\u201d signalis al la tuta mondo, ke Germanio estas akceptema al enmigrintoj. Sirianoj balda\u016d formis malpli ol 30 % de la enmigrintoj . En la jaroj 2015 kaj 2016 transpasadis la germanan limon tute senkontrole \u011dis dek mil homoj tage (plejparte junaj viroj). Enmigrontoj detruadis siajn dokumentojn sciante, ke tiel kreskegos ilia \u015danco povi da\u016dre resti en Germanio. Balda\u016d ekaperadis diversaj problemoj. La fifamaj kolonjaj eventoj dum la novjara nokto 2015-2016 estis nur la komenco. Nun la liberala, sekulara, tolerema kaj sekse permesema germana socio alfrontas paralelan, patriarkan, tre konservativan, tre religian, maltolereman, prudan socion de enmigrintoj. Esti\u011das konfliktoj kaj problemoj, kiaj anta\u016d kelkaj jaroj ne estis imageblaj. Sa\u011daj homoj pripensadas sekvojn de sia agado. Merkel tion \u015dajne ne faris.<\/p>\n<p><strong>\u5b89\u683c\u62c9\u00b7\u9ed8\u514b\u5c14\u2014\u2014\u6240\u6709\u95ee\u9898\u7684\u6e90\u5934<\/strong><\/p>\n<p>\u5b89\u683c\u62c9\u00b7\u9ed8\u514b\u5c14\u7684\u96be\u6c11\u653f\u7b56\u975e\u5e38\u5929\u771f\u3002\u5979\u51b3\u5b9a\u5411\u6240\u6709\u6765\u81ea\u53d9\u5229\u4e9a\u7684\u79fb\u6c11\u63d0\u4f9b\u4fdd\u62a4\uff0c\u8fd9\u610f\u5473\u7740\u6765\u5230\u5fb7\u56fd\u7684\u65e2\u6709\u53cd\u5bf9\u963f\u8428\u5fb7\u7684\u4eba\uff0c\u4e5f\u6709\u5176\u652f\u6301\u8005\uff1b\u65e2\u6709\u6765\u81ea\u88ab\u8f70\u70b8\u7684\u963f\u52d2\u9887\u7684\u4eba\uff0c\u4e5f\u6709\u6765\u81ea\u548c\u5e73\u7684\u5927\u9a6c\u58eb\u9769\u7684\u4eba\uff1b\u65e2\u6709\u201c\u4f0a\u65af\u5170\u56fd\u201d\u7684\u53d7\u5bb3\u8005\uff0c\u4e5f\u6709\u5176\u6210\u5458\uff1b\u65e2\u6709\u8bda\u5b9e\u7684\u4eba\uff0c\u4e5f\u6709\u7f6a\u72af\u548c\u6050\u6016\u5206\u5b50\u3002\u6b64\u5916\uff0c\u9ed8\u514b\u5c14\u901a\u8fc7\u81ea\u62cd\u4e0e\u79fb\u6c11\u5408\u5f71\u4ee5\u53ca\u5ba3\u626c\u7684\u201d\u6b22\u8fce\u6587\u5316\u201d\uff0c\u5411\u5168\u4e16\u754c\u53d1\u51fa\u4fe1\u53f7\uff1a\u5fb7\u56fd\u5bf9\u79fb\u6c11\u6301\u5f00\u653e\u6001\u5ea6\u3002\u5f88\u5feb\uff0c\u53d9\u5229\u4e9a\u4eba\u5728\u79fb\u6c11\u4e2d\u6240\u5360\u6bd4\u4f8b\u4f4e\u4e8e\u4e8630%\u3002\u57282015\u5e74\u548c2016\u5e74\uff0c\u6bcf\u5929\u6709\u591a\u8fbe\u4e00\u4e07\u4eba\u5b8c\u5168\u4e0d\u53d7\u63a7\u5236\u5730\u8d8a\u8fc7\u5fb7\u56fd\u8fb9\u5883\uff08\u5176\u4e2d\u5927\u90e8\u5206\u662f\u5e74\u8f7b\u7537\u6027\uff09\u3002\u79fb\u6c11\u4eec\u9500\u6bc1\u81ea\u5df1\u7684\u8bc1\u4ef6\uff0c\u56e0\u4e3a\u4ed6\u4eec\u77e5\u9053\u8fd9\u6837\u505a\u4f1a\u5927\u5927\u589e\u52a0\u4ed6\u4eec\u80fd\u591f\u7559\u5728\u5fb7\u56fd\u7684\u673a\u4f1a\u3002\u5f88\u5feb\uff0c\u5404\u79cd\u95ee\u9898\u5f00\u59cb\u51fa\u73b0\u3002\u81ed\u540d\u662d\u8457\u76842015-2016\u5e74\u79d1\u9686\u8de8\u5e74\u591c\u4e8b\u4ef6\u4ec5\u4ec5\u662f\u4e2a\u5f00\u59cb\u3002\u5982\u4eca\uff0c\u81ea\u7531\u3001\u4e16\u4fd7\u3001\u5bbd\u5bb9\u3001\u6027\u5f00\u653e\u7684\u5fb7\u56fd\u793e\u4f1a\u6b63\u9762\u5bf9\u7740\u4e00\u4e2a\u5e73\u884c\u7684\u3001\u7236\u6743\u7684\u3001\u6781\u5ea6\u4fdd\u5b88\u3001\u6781\u5ea6\u5b97\u6559\u5316\u3001\u4e0d\u5bbd\u5bb9\u3001\u4fdd\u5b88\u7684\u79fb\u6c11\u793e\u4f1a\u3002\u51b2\u7a81\u4e0e\u95ee\u9898\u4e0d\u65ad\u4ea7\u751f\uff0c\u8fd9\u5728\u51e0\u5e74\u524d\u662f\u65e0\u6cd5\u60f3\u8c61\u7684\u3002\u7406\u6027\u7684\u4eba\u4f1a\u8003\u8651\u81ea\u5df1\u884c\u4e3a\u7684\u540e\u679c\uff0c\u800c\u9ed8\u514b\u5c14\u663e\u7136\u6ca1\u6709\u8fd9\u6837\u505a\u3002<\/p>\n<p><strong>Postmateriistoj dividas la socion<\/strong><\/p>\n<p>La rifu\u011dpolitikon de Merkel komence subtenis 56 % de la germanoj. Poste, kiam montri\u011dis, ke nur malgranda parto de la enmigrintoj estas militrifu\u011dintoj kaj problemoj kreskadis, 80 % kontra\u016dis. Tamen, nenio \u015dan\u011di\u011dis; Merkel e\u0109 diris, ke \u015di nenion povas fari, \u0109ar \u201eazil-le\u011do ne havas limigon\u201d, kaj pli poste Verduloj kaj Socialdemokratoj malhelpadis \u015dan\u011dojn. La moraliga ideologio de postmateriistoj malhelpas pragmatajn, sur politikaj kompromisoj bazitajn solvojn de problemoj. Postmateriistoj relativigas a\u016d tute neas problemojn pri enmigrado kaj enmigrintoj. En ilia ideologia mondo enmigrintoj estas viktimoj; viktimoj de militoj, persekuto, postkoloniismo, klimat\u015dan\u011di\u011do ktp. E\u0109 la vorton \u201erifu\u011dinto\u201d ili ne plu uzas, \u0109ar la\u016d ilia opinio \u011di estas diskriminacia, kaj do ili kreis la e\u016dfemismon Schutzsuchender (protektoser\u0109anto). Postmateriistaj ideologoj ne volas konfesi, ke migrantoj faras nur tion \u2013 la plej kompreneblan kaj homan agon \u2013 ke ili migras por havi pli bonan materian vivon.<\/p>\n<p><strong>\u540e\u7269\u8d28\u4e3b\u4e49\u8005\u5272\u88c2\u793e\u4f1a<\/strong><\/p>\n<p>\u6700\u521d\uff0c\u670956%\u7684\u5fb7\u56fd\u4eba\u652f\u6301\u9ed8\u514b\u5c14\u7684\u96be\u6c11\u653f\u7b56\u3002\u4f46\u540e\u6765\uff0c\u5f53\u4eba\u4eec\u53d1\u73b0\u53ea\u6709\u4e00\u5c0f\u90e8\u5206\u79fb\u6c11\u662f\u771f\u6b63\u7684\u6218\u4e89\u96be\u6c11\uff0c\u800c\u4e14\u95ee\u9898\u4e0d\u65ad\u589e\u52a0\u65f6\uff0c80%\u7684\u4eba\u8f6c\u800c\u53cd\u5bf9\u3002\u7136\u800c\uff0c\u60c5\u51b5\u5e76\u672a\u6539\u53d8\uff1b\u9ed8\u514b\u5c14\u751a\u81f3\u8868\u793a\u5979\u65e0\u80fd\u4e3a\u529b\uff0c\u56e0\u4e3a\u201c\u5e87\u62a4\u6cd5\u6ca1\u6709\u4e0a\u9650\u201d\uff0c\u4e4b\u540e\u7eff\u515a\u548c\u793e\u4f1a\u6c11\u4e3b\u515a\u4e5f\u963b\u788d\u4e86\u53d8\u9769\u3002\u540e\u7269\u8d28\u4e3b\u4e49\u8005\u90a3\u5957\u9053\u5fb7\u5316\u7684\u610f\u8bc6\u5f62\u6001\u963b\u788d\u4e86\u57fa\u4e8e\u653f\u6cbb\u59a5\u534f\u7684\u3001\u52a1\u5b9e\u7684\u89e3\u51b3\u65b9\u6848\u3002\u540e\u7269\u8d28\u4e3b\u4e49\u8005\u5bf9\u79fb\u6c11\u548c\u79fb\u6c11\u5e26\u6765\u7684\u95ee\u9898\u8981\u4e48\u52a0\u4ee5\u76f8\u5bf9\u5316\uff0c\u8981\u4e48\u5168\u76d8\u5426\u8ba4\u3002\u5728\u4ed6\u4eec\u7684\u610f\u8bc6\u5f62\u6001\u4e16\u754c\u91cc\uff0c\u79fb\u6c11\u90fd\u662f\u53d7\u5bb3\u8005\u2014\u2014\u6218\u4e89\u3001\u8feb\u5bb3\u3001\u540e\u6b96\u6c11\u4e3b\u4e49\u3001\u6c14\u5019\u53d8\u5316\u7b49\u7b49\u7684\u53d7\u5bb3\u8005\u3002\u4ed6\u4eec\u751a\u81f3\u4e0d\u518d\u4f7f\u7528\u201d\u96be\u6c11\u201d\u8fd9\u4e2a\u8bcd\uff0c\u56e0\u4e3a\u5728\u4ed6\u4eec\u770b\u6765\u8fd9\u4e2a\u8bcd\u5e26\u6709\u6b67\u89c6\u6027\uff0c\u4e8e\u662f\u4ed6\u4eec\u521b\u9020\u4e86\u4e00\u4e2a\u59d4\u5a49\u8bf4\u6cd5\u00a0Schutzsuchender\uff08\u5bfb\u6c42\u4fdd\u62a4\u8005\uff09\u3002\u540e\u7269\u8d28\u4e3b\u4e49\u610f\u8bc6\u5f62\u6001\u8005\u4e0d\u613f\u627f\u8ba4\uff0c\u79fb\u6c11\u4eec\u53ea\u662f\u5728\u505a\u6700\u5408\u4e4e\u5e38\u7406\u548c\u4eba\u6027\u7684\u4e8b\u2014\u2014\u4ed6\u4eec\u8fc1\u79fb\uff0c\u662f\u4e3a\u4e86\u83b7\u5f97\u66f4\u597d\u7684\u7269\u8d28\u751f<\/p>\n<p><strong>La dilemo de la germana politiko<\/strong><\/p>\n<p>En Monato 2025\/0809, p.5 aperis artikolo de s-ro Fuss pri la postbalota Germanio. S-ro Fuss interalie opinias, ke la kontra\u016deksterlandana Af D akiris multajn balotvo\u0109ojn pro tio, ke aliaj partioj transprenis \u011diajn postulojn, kio pravigis homojn baloti por Af D. S-ro Fuss efektive pravas. Sed aliflanke, \u0109u la malatento de tiaj postuloj (pri limigo de enmigrado) malhelpus al Af D gajni? Nu, anka\u016d \u0109i-okaze homoj balotus por Af D; \u0109u pro pravigo, \u0109u pro protesto. Jen la dilemo de la nuna germana politiko. Kion ajn oni faras, Af D \u0109iam gajnas.<\/p>\n<p><strong>\u5fb7\u56fd\u653f\u6cbb\u7684\u4e24\u96be\u56f0\u5883<\/strong><\/p>\n<p>\u5728\u300aMonato\u300b2025\u5e74\u7b2c8\/9\u671f\u7b2c5\u9875\uff0c\u520a\u767b\u4e86Fuss\u5148\u751f\u5173\u4e8e\u5fb7\u56fd\u5927\u9009\u540e\u7684\u6587\u7ae0\u3002Fuss\u5148\u751f\u8ba4\u4e3a\uff0c\u53cd\u5bf9\u53cd\u5916\u6765\u79fb\u6c11\u7684\u5fb7\u56fd\u9009\u62e9\u515a\u4e4b\u6240\u4ee5\u83b7\u5f97\u5927\u91cf\u9009\u7968\uff0c\u662f\u56e0\u4e3a\u5176\u4ed6\u653f\u515a\u91c7\u7eb3\u4e86\u5b83\u7684\u8bc9\u6c42\uff0c\u8fd9\u53cd\u800c\u8ba9\u4eba\u4eec\u6709\u7406\u7531\u6295\u7968\u7ed9\u5fb7\u56fd\u9009\u62e9\u515a\u3002Fuss\u5148\u751f\u8bf4\u5f97\u786e\u5b9e\u6ca1\u9519\u3002\u4f46\u53e6\u4e00\u65b9\u9762\uff0c\u5ffd\u89c6\u8fd9\u7c7b\u8bc9\u6c42\uff08\u5173\u4e8e\u9650\u5236\u79fb\u6c11\uff09\u5c31\u80fd\u963b\u6b62\u5fb7\u56fd\u9009\u62e9\u515a\u83b7\u80dc\u5417\uff1f\u55ef\uff0c\u5728\u8fd9\u79cd\u60c5\u51b5\u4e0b\uff0c\u4eba\u4eec\u8fd8\u662f\u4f1a\u6295\u7968\u7ed9\u5fb7\u56fd\u9009\u62e9\u515a\uff1b\u4e5f\u8bb8\u662f\u51fa\u4e8e\u8ba4\u540c\uff0c\u4e5f\u8bb8\u662f\u51fa\u4e8e\u6297\u8bae\u3002\u8fd9\u5c31\u662f\u5f53\u524d\u5fb7\u56fd\u653f\u6cbb\u7684\u4e24\u96be\u56f0\u5883\u3002\u65e0\u8bba\u600e\u4e48\u505a\uff0c\u5fb7\u56fd\u9009\u62e9\u515a\u90fd\u4f1a\u83b7\u76ca\u3002<\/p>\n<p>\u0108u enmigrado kaj postmateriistoj dividos la germanan socion tiome, ke la popolisma AfD*\u00a0iam fari\u011dos la plej forta partio en Germanio? Mi esperas ke ne, sed \u0109iuokaze Germanio restos por sociologoj interesa studobjekto pri tio kiel malbona enmigrada politiko influas kaj dama\u011das socian evoluon.<\/p>\n<p>\u79fb\u6c11\u548c\u540e\u7269\u8d28\u4e3b\u4e49\u8005\u4f1a\u8ba9\u5fb7\u56fd\u793e\u4f1a\u5206\u88c2\u5230\u4f55\u79cd\u7a0b\u5ea6\uff0c\u4ee5\u81f3\u4e8e\u6c11\u7cb9\u4e3b\u4e49\u7684\u5fb7\u56fd\u9009\u62e9\u515a\u6709\u4e00\u5929\u4f1a\u6210\u4e3a\u5fb7\u56fd\u6700\u5f3a\u5927\u7684\u653f\u515a\uff1f\u6211\u5e0c\u671b\u4e0d\u4f1a\u3002\u4f46\u65e0\u8bba\u5982\u4f55\uff0c\u5bf9\u4e8e\u793e\u4f1a\u5b66\u5bb6\u6765\u8bf4\uff0c\u5fb7\u56fd\u4ecd\u5c06\u662f\u4e00\u4e2a\u5173\u4e8e\u7cdf\u7cd5\u7684\u79fb\u6c11\u653f\u7b56\u5982\u4f55\u5f71\u54cd\u548c\u635f\u5bb3\u793e\u4f1a\u53d1\u5c55\u7684\u6709\u8da3\u7814\u7a76\u5bf9\u8c61\u3002<\/p>\n<p><span style=\"font-size: 10pt;\">* AfD (Alternative f\u00fcr Deutschland) estas dekstra popolisma politika partio en Germanio.<\/span><\/p>\n<p><span style=\"font-size: 10pt;\">\u5fb7\u56fd\u9009\u62e9\u515a\u662f\u5fb7\u56fd\u7684\u4e00\u4e2a\u53f3\u7ffc\u6c11\u7cb9\u4e3b\u4e49\u653f\u515a\u3002<\/span><\/p>\n<p><img decoding=\"async\" loading=\"lazy\" class=\"alignnone size-medium\" src=\"https:\/\/reto.cn\/rigardi-la-mondon\/bildoj\/ji%C5%99%C3%AD-pro%C5%A1kovec.jpg\" width=\"74\" height=\"78\" \/><span style=\"font-size: 10pt;\"><br \/>\nJi\u0159\u00ed Pro\u0161kovec estas in\u011deniero pri materiala teknologio. Li esperantisti\u011dis en 1981.<\/span><br \/>\n<span style=\"font-size: 10pt;\">\u4f0a\u65e5\u00b7\u666e\u7f57\u4ec0\u79d1\u97e6\u8328\uff0c\u6750\u6599\u6280\u672f\u5de5\u7a0b\u5e08\uff0c1981\u5e74\u6210\u4e3a\u4e16\u754c\u8bed\u8005\u3002<\/span><\/p>\n<p>\u6458\u81ea <a href=\"https:\/\/monato.be\/\" target=\"_blank\" rel=\"noopener\">Monato<\/a> 2025\u5e74\u7b2c11\u671f<\/p>\n<p><a href=\"https:\/\/reto.cn\/php\/hanyu\/rigardi-la-mondon-per-esperanto\">\u8fd4\u56de\u7eff\u7f51\u770b\u4e16\u754c\u680f\u76ee\u76ee\u5f55<br \/>\nreveni al la listo de tiu \u0109i rubriko<\/a><\/p>\n","protected":false},"excerpt":{"rendered":"<p>Ji\u0159\u00ed Pro\u0161kovec korespondanto de Monato en Germanio Ji\u0159\u00ed\u2026 <span class=\"read-more\"><a href=\"https:\/\/reto.cn\/php\/hanyu\/rigardi-la-mondon-per-esperanto\/kulture-fremda-enmigrado-sangas-germanion\/\">\u7ee7\u7eed\u9605\u8bfb Legi pli &raquo;<\/a><\/span><\/p>\n","protected":false},"author":1,"featured_media":0,"parent":4915,"menu_order":0,"comment_status":"open","ping_status":"closed","template":"","meta":{"footnotes":""},"_links":{"self":[{"href":"https:\/\/reto.cn\/php\/hanyu\/wp-json\/wp\/v2\/pages\/19949"}],"collection":[{"href":"https:\/\/reto.cn\/php\/hanyu\/wp-json\/wp\/v2\/pages"}],"about":[{"href":"https:\/\/reto.cn\/php\/hanyu\/wp-json\/wp\/v2\/types\/page"}],"author":[{"embeddable":true,"href":"https:\/\/reto.cn\/php\/hanyu\/wp-json\/wp\/v2\/users\/1"}],"replies":[{"embeddable":true,"href":"https:\/\/reto.cn\/php\/hanyu\/wp-json\/wp\/v2\/comments?post=19949"}],"version-history":[{"count":11,"href":"https:\/\/reto.cn\/php\/hanyu\/wp-json\/wp\/v2\/pages\/19949\/revisions"}],"predecessor-version":[{"id":19976,"href":"https:\/\/reto.cn\/php\/hanyu\/wp-json\/wp\/v2\/pages\/19949\/revisions\/19976"}],"up":[{"embeddable":true,"href":"https:\/\/reto.cn\/php\/hanyu\/wp-json\/wp\/v2\/pages\/4915"}],"wp:attachment":[{"href":"https:\/\/reto.cn\/php\/hanyu\/wp-json\/wp\/v2\/media?parent=19949"}],"curies":[{"name":"wp","href":"https:\/\/api.w.org\/{rel}","templated":true}]}}