{"id":240,"date":"2015-05-10T23:37:53","date_gmt":"2015-05-10T15:37:53","guid":{"rendered":"http:\/\/reto.cn\/php\/blog\/wordpress\/?page_id=240"},"modified":"2024-04-11T09:11:04","modified_gmt":"2024-04-11T01:11:04","slug":"paso_al_plena_posedo","status":"publish","type":"page","link":"https:\/\/reto.cn\/php\/hanyu\/paso_al_plena_posedo\/","title":{"rendered":"\u4e16\u754c\u8bed\u9ad8\u7ea7\u6559\u7a0b Pa\u015doj al plena posedo"},"content":{"rendered":"<h2 style=\"text-align: center;\"><\/h2>\n<h1 style=\"text-align: center;\"><i>Pa\u015doj al plena posedo<\/i><\/h1>\n<h1 style=\"text-align: center;\">\u4e16\u754c\u8bed\u9ad8\u7ea7\u6559\u7a0b<\/h1>\n<p style=\"text-align: center;\">Progresiga legolibro de Esperanto kun lingvaj ekzercoj<\/p>\n<p style=\"text-align: center;\">\u4f5c\u8005\uff1aWilliam Auld \uff08\u82f1\u56fd\uff09<\/p>\n<p style=\"text-align: center;\">\u7f51\u7edc\u7248\u5236\u4f5c\uff1a<i>Jerzy Wa\u0142aszek<\/i><\/p>\n<p><img decoding=\"async\" loading=\"lazy\" class=\" aligncenter\" src=\"https:\/\/eduinf.waw.pl\/esp\/lern\/librejo\/0032\/images\/0000_01.jpg\" width=\"220\" height=\"276\" \/><\/p>\n<p>Enhavo \u76ee\u5f55<\/p>\n<p><a href=\"https:\/\/reto.cn\/php\/hanyu\/paso_al_plena_posedo\/antauklarigo\">Anta\u016dklarigo \u524d\u8a00<\/a><\/p>\n<p>pa\u015doj, sume 30 lecionoj \u8bfe\u7a0b\uff0c\u517130\u8bfe<br \/>\n<a href=\"https:\/\/reto.cn\/php\/hanyu\/paso_al_plena_posedo\/paso-unua\">01<\/a> <a href=\"https:\/\/reto.cn\/php\/hanyu\/paso_al_plena_posedo\/paso-dua\">02<\/a> <a href=\"https:\/\/reto.cn\/php\/hanyu\/paso_al_plena_posedo\/paso-tria\">03<\/a> <a href=\"https:\/\/reto.cn\/php\/hanyu\/paso_al_plena_posedo\/paso-kvara\">04<\/a> <a href=\"https:\/\/reto.cn\/php\/hanyu\/paso_al_plena_posedo\/paso-kvina\">05<\/a> <a href=\"https:\/\/reto.cn\/php\/hanyu\/paso_al_plena_posedo\/paso-sesa\">06<\/a> <a href=\"https:\/\/reto.cn\/php\/hanyu\/paso_al_plena_posedo\/paso-sepa\">07<\/a> <a href=\"https:\/\/reto.cn\/php\/hanyu\/paso_al_plena_posedo\/paso-oka\">08<\/a> <a href=\"https:\/\/reto.cn\/php\/hanyu\/paso_al_plena_posedo\/paso-naua\">09<\/a> <a href=\"https:\/\/reto.cn\/php\/hanyu\/paso_al_plena_posedo\/paso-deka\">10<\/a> <a href=\"https:\/\/reto.cn\/php\/hanyu\/paso_al_plena_posedo\/paso-dekunua\">11<\/a> <a href=\"https:\/\/reto.cn\/php\/hanyu\/paso_al_plena_posedo\/paso-dekdua\">12<\/a> <a href=\"https:\/\/reto.cn\/php\/hanyu\/paso_al_plena_posedo\/paso-dektria\">13<\/a> <a href=\"https:\/\/reto.cn\/php\/hanyu\/paso_al_plena_posedo\/paso-dekkvara\">14<\/a> <a href=\"https:\/\/reto.cn\/php\/hanyu\/paso_al_plena_posedo\/paso-dekkvina\">15<\/a> <a href=\"https:\/\/reto.cn\/php\/hanyu\/paso_al_plena_posedo\/paso-deksesa\">16<\/a> <a href=\"https:\/\/reto.cn\/php\/hanyu\/paso_al_plena_posedo\/paso-deksepa\">17<\/a> <a href=\"https:\/\/reto.cn\/php\/hanyu\/paso_al_plena_posedo\/paso-dekoka\">18<\/a> <a href=\"https:\/\/reto.cn\/php\/hanyu\/paso_al_plena_posedo\/paso-deknaua\">19<\/a> <a href=\"https:\/\/reto.cn\/php\/hanyu\/paso_al_plena_posedo\/paso-dudeka\">20<\/a> <a href=\"https:\/\/reto.cn\/php\/hanyu\/paso_al_plena_posedo\/paso-dudukunua\">21<\/a> <a href=\"https:\/\/reto.cn\/php\/hanyu\/paso_al_plena_posedo\/paso-dudekdua\">22<\/a> <a href=\"https:\/\/reto.cn\/php\/hanyu\/paso_al_plena_posedo\/paso-dudektria\">23<\/a> <a href=\"https:\/\/reto.cn\/php\/hanyu\/paso_al_plena_posedo\/paso-dudekkvara\">24<\/a> <a href=\"https:\/\/reto.cn\/php\/hanyu\/paso_al_plena_posedo\/paso-dudekkvina\">25<\/a> <a href=\"https:\/\/reto.cn\/php\/hanyu\/paso_al_plena_posedo\/paso-dudeksesa\">26<\/a> <a href=\"https:\/\/reto.cn\/php\/hanyu\/paso_al_plena_posedo\/paso-dudeksepa\">27<\/a> <a href=\"https:\/\/reto.cn\/php\/hanyu\/paso_al_plena_posedo\/paso-dudekoka\">28<\/a> <a href=\"https:\/\/reto.cn\/php\/hanyu\/paso_al_plena_posedo\/paso-dudeknaua\">29<\/a> <a href=\"https:\/\/reto.cn\/php\/hanyu\/paso_al_plena_posedo\/paso-trideka\">30<\/a><\/p>\n<p><a href=\"https:\/\/reto.cn\/php\/hanyu\/paso_al_plena_posedo\/solvoj\">\u4e60\u9898\u7b54\u6848 SOLVOJ<\/a><\/p>\n<p><a href=\"https:\/\/reto.cn\/php\/hanyu\/paso_al_plena_posedo\/por-pasi-pluen\/\">\u8fdb\u4e00\u6b65\u5b66\u4e60\u63d0\u9ad8 POR PA\u015cI PLUEN<\/a><\/p>\n<p>el https:\/\/eduinf.waw.pl\/esp\/lern\/librejo\/0032\/index.php<\/p>\n<hr \/>\n<p><span style=\"color: #008000;\">\u6559\u6750\u7b80\u4ecb<\/span><\/p>\n<p><span style=\"color: #008000;\">Prezento<\/span><\/p>\n<p><span style=\"color: #008000;\">Pa\u015doj al plena posedo estis legolibro kun ekzercoj kaj anta\u016dparolo (nomata \u201cAnta\u016dklarigo\u201d en la libro) verkitaj de William Auld kaj publikigita de Heroldo de Esperanto en 1968 (ISBN 84-499-4305-1).<\/span><\/p>\n<p><span style=\"color: #008000;\">La libro enhavas 30 lega\u0135ojn sekvatajn de ekzercoj, plejparte demandoj pri la lega\u0135o sed anka\u016d pri gramatikaj punktoj. Vortoj estas klarigitaj per difinoj anta\u016d la lega\u0135o. La\u016d la anta\u016dparolo, 1.682 vortoj estas tiel difinitaj, kaj S-ro AULD supozis ke la lernanto jam posedas facilecon kun 700 bazaj radikoj (tiuj en Esperanto\u2014A New Approach). La lega\u0135oj estas noveloj, poemoj, kaj eseoj kaj \u201c\u2026 estas aran\u011ditaj progresige\u2026\u201d la\u016d malfacileco. Sume, estas 180 ekzercoj kun solvoj por 7.<a style=\"color: #ffffff; text-decoration: none;\" href=\"https:\/\/www.east-inflatables.co.nz\/e101-bouncy-castle.html\">bouncy castle<\/a><\/span><\/p>\n<p><span style=\"color: #008000;\">La libro estis plurfoje reeldonita,\u00a0<a style=\"color: #008000;\" href=\"http:\/\/katalogo.uea.org\/katalogo.php?retrovo=plena+posedo&amp;trovu=Trovu+en+la+reta+katalogo\" target=\"_blank\" rel=\"noopener noreferrer\">aktuale haveblas du diversaj eldonoj<\/a>\u00a0en la katalogo de UEA.<\/span><\/p>\n<p><span style=\"color: #008000;\">el Vikipedio, la Libera enciklopedio<\/span><\/p>\n<p>\u8fd4\u56de<a href=\"https:\/\/reto.cn\/php\/hanyu\/lernado-de-esperanto\/\">\u4e16\u754c\u8bed\u5b66\u4e60<\/a><br \/>\nReveni al\u00a0\u00a0<a href=\"https:\/\/reto.cn\/php\/hanyu\/lernado-de-esperanto\/\">Lernado de Esperanto<\/a><\/p>\n","protected":false},"excerpt":{"rendered":"<p>Pa\u015doj al plena posedo \u4e16\u754c\u8bed\u9ad8\u7ea7\u6559\u7a0b Progresiga legolibro de E\u2026 <span class=\"read-more\"><a href=\"https:\/\/reto.cn\/php\/hanyu\/paso_al_plena_posedo\/\">\u7ee7\u7eed\u9605\u8bfb Legi pli &raquo;<\/a><\/span><\/p>\n","protected":false},"author":1,"featured_media":0,"parent":0,"menu_order":0,"comment_status":"open","ping_status":"closed","template":"","meta":{"footnotes":""},"_links":{"self":[{"href":"https:\/\/reto.cn\/php\/hanyu\/wp-json\/wp\/v2\/pages\/240"}],"collection":[{"href":"https:\/\/reto.cn\/php\/hanyu\/wp-json\/wp\/v2\/pages"}],"about":[{"href":"https:\/\/reto.cn\/php\/hanyu\/wp-json\/wp\/v2\/types\/page"}],"author":[{"embeddable":true,"href":"https:\/\/reto.cn\/php\/hanyu\/wp-json\/wp\/v2\/users\/1"}],"replies":[{"embeddable":true,"href":"https:\/\/reto.cn\/php\/hanyu\/wp-json\/wp\/v2\/comments?post=240"}],"version-history":[{"count":0,"href":"https:\/\/reto.cn\/php\/hanyu\/wp-json\/wp\/v2\/pages\/240\/revisions"}],"wp:attachment":[{"href":"https:\/\/reto.cn\/php\/hanyu\/wp-json\/wp\/v2\/media?parent=240"}],"curies":[{"name":"wp","href":"https:\/\/api.w.org\/{rel}","templated":true}]}}